{"id":32,"date":"2025-03-27T09:32:39","date_gmt":"2025-03-27T08:32:39","guid":{"rendered":"https:\/\/www.fh-joanneum.at\/finanzmanagement\/master\/?page_id=32"},"modified":"2025-11-17T10:07:08","modified_gmt":"2025-11-17T09:07:08","slug":"voraussetzungen","status":"publish","type":"page","link":"https:\/\/www.fh-joanneum.at\/finanzmanagement\/master\/vor-dem-studium\/voraussetzungen\/","title":{"rendered":"Voraussetzungen"},"content":{"rendered":"<div id=\"\" class=\"wp-block-text-content margin-bottom-normal\">\n    <div class=\"container-lg\">\n        <div class=\"row\">\n            <div class=\"col\">\n                <h3>Voraussetzungen f&uuml;r das Studium<\/h3>\n<p>Wenn Sie einen Studienabschluss<\/p>\n<ul>\n<li>eines facheinschl&auml;gigen Bachelorstudiums oder<\/li>\n<li>einer gleichwertigen Ausbildung an einer anerkannten inl&auml;ndischen oder ausl&auml;ndischen postsekund&auml;ren Bildungseinrichtung<\/li>\n<\/ul>\n<p>nachweisen k&ouml;nnen, erf&uuml;llen Sie die formalen Voraussetzungen f&uuml;r das Masterstudium.<\/p>\n<p>&nbsp;<\/p>\n<h4>Details zu den Zugangsvoraussetzungen<\/h4>\n<h6>1. Abschluss eines Hochschulstudiums (Bachelor, Diplom oder &auml;quivalent) in einem der Bereiche:<\/h6>\n<ul>\n<li>Wirtschaft<\/li>\n<li>Recht<\/li>\n<li>Technik \/ Naturwissenschaften mit Bezug zu finanzwirtschaftlichen Themenfeldern, beispielsweise Finanz&#8208; oder Versicherungsmathematik, Statistik, etc.<\/li>\n<\/ul>\n<p>Dazu z&auml;hlen etwa:<\/p>\n<p>Universit&auml;tsstudieng&auml;nge:<\/p>\n<ul>\n<li>Betriebswirtschaft<\/li>\n<li>Volkswirtschaft<\/li>\n<li>Umweltsystemwissenschaft mit Schwerpunkt BWL<\/li>\n<li>Rechtswissenschaften<\/li>\n<li>Mathematik mit Vertiefung Finanz- und Versicherungsmathematik<\/li>\n<li>Wirtschaftsinformatik \/ Softwareentwicklung-Wirtschaft<\/li>\n<\/ul>\n<p>Fachhochschulstudieng&auml;nge mit den Schwerpunkten:<\/p>\n<ul>\n<li>Rechnungswesen<\/li>\n<li>Controlling<\/li>\n<li>Bankwirtschaft<\/li>\n<li>Betriebswirtschaft \/ Business Administration<\/li>\n<li>Business Consultancy<\/li>\n<li>Business Management<\/li>\n<li>Digital Business Management<\/li>\n<li>Industriewirtschaft<\/li>\n<li>Internationale Betriebswirtschaft<\/li>\n<li>Finanzmanagement<\/li>\n<li>Management und Recht<\/li>\n<li>Produktmanagement<\/li>\n<li>Steuerwesen<\/li>\n<li>Wirtschaft und Management<\/li>\n<li>Wirtschaftsberatung<\/li>\n<\/ul>\n<p>Studieng&auml;nge der FH JOANNEUM<\/p>\n<ul>\n<li>Bauplanung und Bauwirtschaft<\/li>\n<li>Elektronik und Computer Engineering<\/li>\n<li>Energie-, Mobilit&auml;ts- und Umweltmanagement<\/li>\n<li>Fahrzeugtechnik \/ Automotive Engineering<\/li>\n<li>Gesundheitsinformatik \/ eHealth<\/li>\n<li>Gesundheitsmanagement im Tourismus<\/li>\n<li>Industriewirtschaft \/ Industrial Management<\/li>\n<li>Informationsmanagement<\/li>\n<li>Internettechnik<\/li>\n<li>Luftfahrt \/ Aviation<\/li>\n<li>Management internationaler Gesch&auml;ftsprozesse<\/li>\n<li>Mobile Software Development<\/li>\n<li>Nachhaltiges Lebensmittelmanagement<\/li>\n<li>Produktionstechnik und Organisation<\/li>\n<li>Software Design<\/li>\n<\/ul>\n<p>Bei Hochschulabschl&uuml;ssen aus anderen Disziplinen sind entsprechende Nachweise beziehungsweise Zusatzpr&uuml;fungen erforderlich.<\/p>\n<p>Auch bei Abschluss eines inhaltlich &auml;quivalenten oder gleichwertigen Studiums von anderen Hochschulen oder aus anderen L&auml;ndern freuen wir uns &uuml;ber Ihre Bewerbung.<\/p>\n<h6>2. Nachweis &uuml;ber eine mindestens einj&auml;hrige qualifizierte Berufserfahrung.<\/h6>\n<p>In fraglichen F&auml;llen obliegt es der Studiengangsleitung zu entscheiden, ob die Zugangsvoraussetzungen erf&uuml;llt sind. Eine verbindliche Auskunft dar&uuml;ber erhalten Sie nach Einlangen Ihrer vollst&auml;ndigen Bewerbungsunterlagen.<\/p>\n\n            <\/div>\n        <\/div>\n            <\/div>\n<\/div>\n\n\n<div\n    id=\"\"\n    class=\"wp-block-tipp-box margin-bottom-normal\"\n>\n    <div class=\"container-lg\">\n        <div class=\"row\">\n            <div class=\"col\">\n                <div class=\"tipp-box border border-warning\">\n                    <div class=\"tipp-box-inner p-2 p-md-3\">\n                        <h4 class=\"\">Tipp<\/h4>\n                        <p>Das Masterstudium eignet sich auch ideal f\u00fcr Juristeninnen und Juristen, die sich in Managementpositionen der Bank- oder Versicherungswirtschaft weiterentwickeln m\u00f6chten. Die berufsgeleitende Organisationsform erm\u00f6glicht beispielsweise den Studienstart w\u00e4hrend der Gerichtspraxis. \u00dcberdies k\u00f6nnen einzelne Lehrveranstaltungen an der FH JOANNEUM angerechnet werden.<\/p>\n\n                    <\/div>\n                <\/div>\n            <\/div>\n        <\/div>\n    <\/div>\n<\/div>\n\n\n<div id=\"\" class=\"wp-block-text-content margin-bottom-normal\">\n    <div class=\"container-lg\">\n        <div class=\"row\">\n            <div class=\"col\">\n                <h4>Sprachkenntnisse<\/h4>\n<p>Deutsch ist die Unterrichtssprache am Studiengang. Mit Sprachkenntnissen auf Level C1 k&ouml;nnen Sie den Studieninhalten ohne Probleme folgen. Best&auml;tigen Sie uns Ihre Sprachkenntnisse bitte mit einem Zertifikat sofern Sie nicht in Maturazeugnissen oder &auml;hnlichen Diplomen genannt sind.<\/p>\n<h4>Sie sind keine &ouml;sterreichische Staatsb&uuml;rgerin oder kein &ouml;sterreichischer Staatsb&uuml;rger?<\/h4>\n<p>F&uuml;r Sie gibt es einige Besonderheiten zu beachten. Mehr Informationen dazu finden Sie in unter dem Men&uuml;punkt <strong>Internationale Bewerber:innen<\/strong>.<\/p>\n\n            <\/div>\n        <\/div>\n            <\/div>\n<\/div>\n","protected":false},"excerpt":{"rendered":"<p>Diese Voraussetzungen m\u00fcssen Sie f\u00fcr das Studium erf\u00fcllen.<\/p>\n","protected":false},"author":143,"featured_media":0,"parent":6,"menu_order":20,"comment_status":"closed","ping_status":"closed","template":"","meta":{"_acf_changed":false,"footnotes":""},"acf":[],"aioseo_notices":[],"_links":{"self":[{"href":"https:\/\/www.fh-joanneum.at\/finanzmanagement\/master\/wp-json\/wp\/v2\/pages\/32"}],"collection":[{"href":"https:\/\/www.fh-joanneum.at\/finanzmanagement\/master\/wp-json\/wp\/v2\/pages"}],"about":[{"href":"https:\/\/www.fh-joanneum.at\/finanzmanagement\/master\/wp-json\/wp\/v2\/types\/page"}],"author":[{"embeddable":true,"href":"https:\/\/www.fh-joanneum.at\/finanzmanagement\/master\/wp-json\/wp\/v2\/users\/143"}],"replies":[{"embeddable":true,"href":"https:\/\/www.fh-joanneum.at\/finanzmanagement\/master\/wp-json\/wp\/v2\/comments?post=32"}],"version-history":[{"count":6,"href":"https:\/\/www.fh-joanneum.at\/finanzmanagement\/master\/wp-json\/wp\/v2\/pages\/32\/revisions"}],"predecessor-version":[{"id":262,"href":"https:\/\/www.fh-joanneum.at\/finanzmanagement\/master\/wp-json\/wp\/v2\/pages\/32\/revisions\/262"}],"up":[{"embeddable":true,"href":"https:\/\/www.fh-joanneum.at\/finanzmanagement\/master\/wp-json\/wp\/v2\/pages\/6"}],"wp:attachment":[{"href":"https:\/\/www.fh-joanneum.at\/finanzmanagement\/master\/wp-json\/wp\/v2\/media?parent=32"}],"curies":[{"name":"wp","href":"https:\/\/api.w.org\/{rel}","templated":true}]}}