{"id":34,"date":"2025-03-27T09:40:26","date_gmt":"2025-03-27T08:40:26","guid":{"rendered":"https:\/\/www.fh-joanneum.at\/finanzmanagement\/master\/?page_id=34"},"modified":"2026-03-03T11:30:29","modified_gmt":"2026-03-03T10:30:29","slug":"bewerbung","status":"publish","type":"page","link":"https:\/\/www.fh-joanneum.at\/finanzmanagement\/master\/vor-dem-studium\/bewerbung\/","title":{"rendered":"Bewerbung"},"content":{"rendered":"<div id=\"\" class=\"wp-block-text-content margin-bottom-normal\">\n    <div class=\"container-lg\">\n        <div class=\"row\">\n            <div class=\"col\">\n                <h3>Bewerbung<\/h3>\n<p>Wenn Sie die Voraussetzungen erf&uuml;llen, k&ouml;nnen Sie sich f&uuml;r das Studium bewerben.<\/p>\n\n            <\/div>\n        <\/div>\n            <\/div>\n<\/div>\n\n\n<div\n    id=\"\"\n    class=\"wp-block-tipp-box margin-bottom-normal\"\n>\n    <div class=\"container-lg\">\n        <div class=\"row\">\n            <div class=\"col\">\n                <div class=\"tipp-box border border-info\">\n                    <div class=\"tipp-box-inner p-2 p-md-3\">\n                        <h4 class=\"\">Hinweis<\/h4>\n                        <p>Bewerben Sie sich beim Studiengang \u201eBank-, Versicherungs- und Finanzmanagement\u201c f\u00fcr die Studienrichtung \u201eFinanzmanagement\u201c.<\/p>\n\n                    <\/div>\n                <\/div>\n            <\/div>\n        <\/div>\n    <\/div>\n<\/div>\n\n\n<div id=\"\" class=\"wp-block-text-content margin-bottom-normal\">\n    <div class=\"container-lg\">\n        <div class=\"row\">\n            <div class=\"col\">\n                <h4>Step 1: Registrierung und Bewerbung<\/h4>\n<h5><a href=\"https:\/\/www.fh-joanneum.at\/studium\/online-bewerbung\/\">Hier geht es zur Onlinebewerbung.<\/a><\/h5>\n\n            <\/div>\n        <\/div>\n            <\/div>\n<\/div>\n\n\n<div id=\"\" class=\"wp-block-text-content margin-bottom-normal\">\n    <div class=\"container-lg\">\n        <div class=\"row\">\n            <div class=\"col\">\n                <h4>Step 2: N&ouml;tige Unterlagen<\/h4>\n<ul>\n<li><strong>Motivationsschreiben<\/strong><\/li>\n<li><strong>Lebenslauf<\/strong><\/li>\n<li><strong>Nachweis &uuml;ber den Abschluss eines facheinschl&auml;gigen Bachelorstudiums oder einer gleichwertigen Ausbildung<\/strong><br>\nDieser Nachweis ist von Absolvent:innen eines Studiums der FH JOANNEUM nicht zu erbringen.<\/li>\n<li><strong>Erfolgsnachweis (Transcript of Records) zur &Uuml;berpr&uuml;fung der Zugangsvoraussetzungen<\/strong><br>\nDieser Nachweis ist von Absolvent:innen eines Studiums der FH JOANNEUM nicht zu erbringen.<\/li>\n<\/ul>\n\n            <\/div>\n        <\/div>\n            <\/div>\n<\/div>\n\n\n<div\n    id=\"\"\n    class=\"wp-block-tipp-box margin-bottom-normal\"\n>\n    <div class=\"container-lg\">\n        <div class=\"row\">\n            <div class=\"col\">\n                <div class=\"tipp-box border border-warning\">\n                    <div class=\"tipp-box-inner p-2 p-md-3\">\n                        <h4 class=\"\">Tipp<\/h4>\n                        <p>Falls Sie inl\u00e4ndische Dokumente (Bachelor- oder Diplomurkunde) zum Zeitpunkt der Bewerbung noch nicht haben, k\u00f6nnen Sie diese bis zum Studienbeginn nachreichen. Der Studienerfolgsnachweis ist der Bewerbung beizulegen, dieser kann jederzeit w\u00e4hrend eines Studiums ausgestellt werden und gibt einen \u00dcberblick \u00fcber die bereits absolvierten Lehrveranstaltungen.<\/p>\n<p>F\u00fcr Dokumente von internationalen Bewerber:innen gelten eigene Richtlinien. Bei Fragen dazu senden Sie diese per Mail an <a href=\"mailto:bewerbung@fh-joanneum.at\">bewerbung@fh-joanneum.at<\/a>.<\/p>\n\n                    <\/div>\n                <\/div>\n            <\/div>\n        <\/div>\n    <\/div>\n<\/div>\n\n\n<div id=\"\" class=\"wp-block-text-content margin-bottom-normal\">\n    <div class=\"container-lg\">\n        <div class=\"row\">\n            <div class=\"col\">\n                <ul>\n<li><strong>Nachweis der Allgemeinen Universit&auml;tsreife oder Studienberechtigung<\/strong><br>\nDieser Nachweis ist von Absolvent:innen eines Studiums der FH JOANNEUM nicht zu erbringen.<\/li>\n<li><strong>Staatsb&uuml;rgerschaftsnachweis oder eine Kopie des Reisepasses<\/strong><br>\nDieser Nachweis ist von Absolvent:innen eines Studiums der FH JOANNEUM nicht zu erbringen.<\/li>\n<\/ul>\n\n            <\/div>\n        <\/div>\n            <\/div>\n<\/div>\n\n\n<div id=\"\" class=\"wp-block-text-content margin-bottom-normal\">\n    <div class=\"container-lg\">\n        <div class=\"row\">\n            <div class=\"col\">\n                <h5>Sie haben internationale Dokumente und\/oder Sie sind kein:e &ouml;sterreichische:r Staatsb&uuml;rger:in?<\/h5>\n<p>F&uuml;r Sie gibt es einige Besonderheiten zu beachten. Mehr Informationen dazu finden Sie unter dem Men&uuml;punkt <strong>Internationale Bewerber:innen.<\/strong><\/p>\n\n            <\/div>\n        <\/div>\n            <\/div>\n<\/div>\n\n\n<div id=\"\" class=\"wp-block-text-content margin-bottom-normal\">\n    <div class=\"container-lg\">\n        <div class=\"row\">\n            <div class=\"col\">\n                <h4>Step 3: Einladung zum Aufnahmeverfahren<\/h4>\n<p>Ihre Bewerbung wird von der Studierendenadministration &uuml;berpr&uuml;ft. Alle Bewerber:innen, die die formalen Voraussetzungen erf&uuml;llen, werden zu einem Aufnahmeverfahren eingeladen. Informationen mit allen Details zum Aufnahmeverfahren bekommen Sie zeitnah zum Termin per E-Mail.<\/p>\n\n            <\/div>\n        <\/div>\n            <\/div>\n<\/div>\n","protected":false},"excerpt":{"rendered":"<p>Alle Informationen \u00fcber Bewerbung und ben\u00f6tigte Unterlagen.<\/p>\n","protected":false},"author":143,"featured_media":0,"parent":6,"menu_order":30,"comment_status":"closed","ping_status":"closed","template":"","meta":{"_acf_changed":false,"footnotes":""},"acf":[],"aioseo_notices":[],"_links":{"self":[{"href":"https:\/\/www.fh-joanneum.at\/finanzmanagement\/master\/wp-json\/wp\/v2\/pages\/34"}],"collection":[{"href":"https:\/\/www.fh-joanneum.at\/finanzmanagement\/master\/wp-json\/wp\/v2\/pages"}],"about":[{"href":"https:\/\/www.fh-joanneum.at\/finanzmanagement\/master\/wp-json\/wp\/v2\/types\/page"}],"author":[{"embeddable":true,"href":"https:\/\/www.fh-joanneum.at\/finanzmanagement\/master\/wp-json\/wp\/v2\/users\/143"}],"replies":[{"embeddable":true,"href":"https:\/\/www.fh-joanneum.at\/finanzmanagement\/master\/wp-json\/wp\/v2\/comments?post=34"}],"version-history":[{"count":2,"href":"https:\/\/www.fh-joanneum.at\/finanzmanagement\/master\/wp-json\/wp\/v2\/pages\/34\/revisions"}],"predecessor-version":[{"id":263,"href":"https:\/\/www.fh-joanneum.at\/finanzmanagement\/master\/wp-json\/wp\/v2\/pages\/34\/revisions\/263"}],"up":[{"embeddable":true,"href":"https:\/\/www.fh-joanneum.at\/finanzmanagement\/master\/wp-json\/wp\/v2\/pages\/6"}],"wp:attachment":[{"href":"https:\/\/www.fh-joanneum.at\/finanzmanagement\/master\/wp-json\/wp\/v2\/media?parent=34"}],"curies":[{"name":"wp","href":"https:\/\/api.w.org\/{rel}","templated":true}]}}