{"id":40,"date":"2025-03-27T09:48:42","date_gmt":"2025-03-27T08:48:42","guid":{"rendered":"https:\/\/www.fh-joanneum.at\/finanzmanagement\/master\/?page_id=40"},"modified":"2025-03-27T09:51:56","modified_gmt":"2025-03-27T08:51:56","slug":"aufnahmeverfahren","status":"publish","type":"page","link":"https:\/\/www.fh-joanneum.at\/finanzmanagement\/master\/vor-dem-studium\/aufnahmeverfahren\/","title":{"rendered":"Aufnahmeverfahren"},"content":{"rendered":"<div id=\"\" class=\"wp-block-text-content margin-bottom-normal\">\n    <div class=\"container-lg\">\n        <div class=\"row\">\n            <div class=\"col\">\n                <h3>Aufnahmeverfahren<\/h3>\n<p>Das Aufnahmeverfahren setzt sich zusammen aus:<\/p>\n<ul>\n<li>einer vollst&auml;ndigen Bewerbung,<\/li>\n<li>einem schriftlichen Test,<\/li>\n<li>einem Gespr&auml;ch mit der Aufnahmekommission,<\/li>\n<li>der Bewertung der vorangegangenen Ausbildung sowie<\/li>\n<li>Nachweis und Ausma&szlig; relevanter beruflicher T&auml;tigkeit.<\/li>\n<\/ul>\n<p>Die Form der Bewerbung flie&szlig;t in die Beurteilung ein.<\/p>\n<p>Informationen mit allen Details zum Aufnahmeverfahren erhalten Sie zeitgerecht vor dem Termin per E-Mail.<\/p>\n<p>&nbsp;<\/p>\n<h4>Der Aufnahmetest<\/h4>\n<p>Sie werden zum schriftlichen Test eingeladen, wenn Sie die Voraussetzungen f&uuml;r die Zulassung erf&uuml;llen und Ihre Bewerbung vollst&auml;ndig und fristgerecht eingereicht haben. Der Test zeigt, ob Sie sich f&uuml;r das Studium eignen, und findet an einem festgesetzten Termin statt.<\/p>\n<p>&nbsp;<\/p>\n<h4>Das pers&ouml;nliche Gespr&auml;ch<\/h4>\n<p>Alle Teilnehmer:innen am Aufnahmeverfahren werden zum pers&ouml;nlichen Gespr&auml;ch eingeladen.<\/p>\n<p>Sie f&uuml;hren das Gespr&auml;ch mit der Studiengangsleitung und einer oder einem Lehrenden des Studiengangs. Es dauert in etwa 20 Minuten.<\/p>\n\n            <\/div>\n        <\/div>\n            <\/div>\n<\/div>\n\n\n<div\n    id=\"\"\n    class=\"wp-block-tipp-box margin-bottom-normal\"\n>\n    <div class=\"container-lg\">\n        <div class=\"row\">\n            <div class=\"col\">\n                <div class=\"tipp-box border border-warning\">\n                    <div class=\"tipp-box-inner p-2 p-md-3\">\n                        <h4 class=\"\">Tipp<\/h4>\n                        <p>Im Gespr\u00e4ch haben Sie die M\u00f6glichkeit, Ihr Fachwissen sowie Ihre Motivation, Eignung und Begabung f\u00fcr das Studium und den Beruf darzulegen. \u00dcberzeugen Sie durch Ihren Lebenslauf, Ihr Interesse an den Studieninhalten und Ihre Pers\u00f6nlichkeit.<\/p>\n\n                    <\/div>\n                <\/div>\n            <\/div>\n        <\/div>\n    <\/div>\n<\/div>\n\n\n<div id=\"\" class=\"wp-block-text-content margin-bottom-normal\">\n    <div class=\"container-lg\">\n        <div class=\"row\">\n            <div class=\"col\">\n                <h4>Bewertung der vorangegangenen Ausbildung und der beruflichen Erfahrung<\/h4>\n<p>Als zus&auml;tzliche Kriterien f&uuml;r die Aufnahmeentscheidung werden berufliche Erfahrungen und die berufsqualifizierende Aus- und Weiterbildung ber&uuml;cksichtigt.<\/p>\n\n            <\/div>\n        <\/div>\n            <\/div>\n<\/div>\n","protected":false},"excerpt":{"rendered":"<p>Im Zuge des Aufnahmeverfahrens ermitteln wir Ihre pers\u00f6nlichen F\u00e4higkeiten und Potenziale f\u00fcr das Studium. Was Sie genau erwartet, und wie Sie sich darauf vorbereiten k\u00f6nnen.<\/p>\n","protected":false},"author":143,"featured_media":0,"parent":6,"menu_order":40,"comment_status":"closed","ping_status":"closed","template":"","meta":{"_acf_changed":false,"footnotes":""},"acf":[],"aioseo_notices":[],"_links":{"self":[{"href":"https:\/\/www.fh-joanneum.at\/finanzmanagement\/master\/wp-json\/wp\/v2\/pages\/40"}],"collection":[{"href":"https:\/\/www.fh-joanneum.at\/finanzmanagement\/master\/wp-json\/wp\/v2\/pages"}],"about":[{"href":"https:\/\/www.fh-joanneum.at\/finanzmanagement\/master\/wp-json\/wp\/v2\/types\/page"}],"author":[{"embeddable":true,"href":"https:\/\/www.fh-joanneum.at\/finanzmanagement\/master\/wp-json\/wp\/v2\/users\/143"}],"replies":[{"embeddable":true,"href":"https:\/\/www.fh-joanneum.at\/finanzmanagement\/master\/wp-json\/wp\/v2\/comments?post=40"}],"version-history":[{"count":1,"href":"https:\/\/www.fh-joanneum.at\/finanzmanagement\/master\/wp-json\/wp\/v2\/pages\/40\/revisions"}],"predecessor-version":[{"id":41,"href":"https:\/\/www.fh-joanneum.at\/finanzmanagement\/master\/wp-json\/wp\/v2\/pages\/40\/revisions\/41"}],"up":[{"embeddable":true,"href":"https:\/\/www.fh-joanneum.at\/finanzmanagement\/master\/wp-json\/wp\/v2\/pages\/6"}],"wp:attachment":[{"href":"https:\/\/www.fh-joanneum.at\/finanzmanagement\/master\/wp-json\/wp\/v2\/media?parent=40"}],"curies":[{"name":"wp","href":"https:\/\/api.w.org\/{rel}","templated":true}]}}