{"id":42,"date":"2025-03-27T09:56:28","date_gmt":"2025-03-27T08:56:28","guid":{"rendered":"https:\/\/www.fh-joanneum.at\/finanzmanagement\/master\/?page_id=42"},"modified":"2025-05-09T08:06:31","modified_gmt":"2025-05-09T06:06:31","slug":"nach-dem-aufnahmeverfahren","status":"publish","type":"page","link":"https:\/\/www.fh-joanneum.at\/finanzmanagement\/master\/vor-dem-studium\/nach-dem-aufnahmeverfahren\/","title":{"rendered":"Nach dem Aufnahmeverfahren"},"content":{"rendered":"<div id=\"\" class=\"wp-block-text-content margin-bottom-normal\">\n    <div class=\"container-lg\">\n        <div class=\"row\">\n            <div class=\"col\">\n                <h3>Nach dem Aufnahmeverfahren<\/h3>\n<h4>Auswertung des Aufnahmeverfahrens<\/h4>\n<p>Jeder Teil des Aufnahmeverfahrens wird einzeln ausgewertet. Ihr Gesamtergebnis bestimmt, ob Sie als Studierende:r aufgenommen werden.<\/p>\n<p>&nbsp;<\/p>\n<h4>Ihr Ergebnis<\/h4>\n<p>Einige Tage nach dem Aufnahmegespr&auml;ch erfahren Sie hier, ob Sie aufgenommen sind oder nicht bzw. auf die Warteliste gesetzt wurden.<\/p>\n<p>Dies gilt f&uuml;r alle Bewerbungstermine.<\/p>\n<p>&nbsp;<\/p>\n<h4>Ergebnis: Aufnahme.<\/h4>\n<p>Gratulation zu Ihrem Studienplatz! Mit der schriftlichen Verst&auml;ndigung &uuml;ber ihre Aufnahme informieren wir Sie auch, was Sie bis zur Einschreibung als Student:in unserer Hochschule beachten m&uuml;ssen.<\/p>\n\n            <\/div>\n        <\/div>\n            <\/div>\n<\/div>\n\n\n<div\n    id=\"\"\n    class=\"wp-block-tipp-box margin-bottom-normal\"\n>\n    <div class=\"container-lg\">\n        <div class=\"row\">\n            <div class=\"col\">\n                <div class=\"tipp-box border border-warning\">\n                    <div class=\"tipp-box-inner p-2 p-md-3\">\n                        <h4 class=\"\">Tipp<\/h4>\n                        <p>Neu in der Stadt? N\u00fctzen Sie die Zeit bis zum Studienbeginn, um sich rechtzeitig \u00fcber Wohnm\u00f6glichkeiten und Campus-Leben am Standort zu informieren. Mehr Details dazu finden Sie auf den Seiten zum <a title=\"FH JOANNEUM Graz\/\" href=\"https:\/\/www.fh-joanneum.at\/hochschule\/standorte\/graz\/\">Campus Graz<\/a>, <a title=\"FH JOANNEUM Kapfenberg\" href=\"https:\/\/www.fh-joanneum.at\/hochschule\/standorte\/kapfenberg\/\">Campus Kapfenberg<\/a> und <a title=\"FH JOANNEUM Bad Gleichenberg\" href=\"https:\/\/www.fh-joanneum.at\/hochschule\/standorte\/bad-gleichenberg\/\">Campus Bad Gleichenberg<\/a>.<\/p>\n\n                    <\/div>\n                <\/div>\n            <\/div>\n        <\/div>\n    <\/div>\n<\/div>\n\n\n<div id=\"\" class=\"wp-block-text-content margin-bottom-normal\">\n    <div class=\"container-lg\">\n        <div class=\"row\">\n            <div class=\"col\">\n                <h4>Ergebnis: Warteliste.<\/h4>\n<p>In der Warteliste sind jene Bewerber:innen gereiht, die die Aufnahme nur knapp verfehlt haben. Die Bewerber:innen werden dar&uuml;ber informiert, welchen Rang der Warteliste sie einnehmen. Sind Sie darunter, haben Sie noch immer eine Chance: Nimmt eine:r Aufgenommene:r den Studienplatz nicht in Anspruch, wird er neu vergeben. Die Kandidat:innen von der Warteliste r&uuml;cken nach.<\/p>\n\n            <\/div>\n        <\/div>\n            <\/div>\n<\/div>\n\n\n<div\n    id=\"\"\n    class=\"wp-block-tipp-box margin-bottom-normal\"\n>\n    <div class=\"container-lg\">\n        <div class=\"row\">\n            <div class=\"col\">\n                <div class=\"tipp-box border border-warning\">\n                    <div class=\"tipp-box-inner p-2 p-md-3\">\n                        <h4 class=\"\">Tipp<\/h4>\n                        <p>Bitte seien Sie geduldig, wenn Sie auf der Warteliste stehen. Sollte ein Studienplatz frei werden, werden Sie umgehend telefonisch informiert. Das kann bis zum Ende der ersten Studienwoche der Fall sein.<\/p>\n\n                    <\/div>\n                <\/div>\n            <\/div>\n        <\/div>\n    <\/div>\n<\/div>\n\n\n<div id=\"\" class=\"wp-block-text-content margin-bottom-normal\">\n    <div class=\"container-lg\">\n        <div class=\"row\">\n            <div class=\"col\">\n                <h4>Ergebnis: Absage.<\/h4>\n<p>Sie wurden nicht aufgenommen. Das ist kein Grund, an sich selbst zu zweifeln. Nehmen Sie sich Zeit und denken Sie in Ruhe &uuml;ber Ihre Optionen nach.<\/p>\n<h5>M&ouml;chten Sie sich im n&auml;chsten Studienjahr erneut f&uuml;r dasselbe Studium bewerben?<\/h5>\n<p>Versuchen Sie es! Es gibt einige Studierende, die erst bei ihrem zweiten Anlauf aufgenommen wurden. Oft sind sie es, die ihr Studium besonders motiviert und engagiert angehen. Denn sie wissen genau, was sie wollen. Eine neuerliche Bewerbung wird gern gesehen und Sie haben dadurch keinen Nachteil.<\/p>\n<h5>Gibt es noch andere Studienrichtungen, die Sie interessieren?<\/h5>\n<p>In diesem Fall haben Sie die M&ouml;glichkeit, Ihre Bewerbung auf einen anderen Studiengang, der einen sp&auml;teren Termin f&uuml;r das Aufnahmeverfahren anbietet, umzu&auml;ndern.<\/p>\n<p>Bitte senden Sie im Falle einer Um&auml;nderung Ihrer Bewerbung eine E-Mail mit Ihrem neuen Studienwunsch an <a title=\"FH JOANNEUM per E-Mail kontaktieren\" href=\"mailto:bewerbung@fh-joanneum.at\">bewerbung@fh-joanneum.at<\/a>.<\/p>\n<p>&nbsp;<\/p>\n<h5>Weitere Informationen<\/h5>\n<p>Die Mitarbeiter:innen unserer <strong>Studienberatung<\/strong> beantworten gerne Ihre Fragen und helfen Ihnen bei der Orientierung.<\/p>\n<p>Alle<strong> Informationen zu den Beratungszeiten<\/strong> sowie die <strong>Kontaktdaten<\/strong> unserer Studienberatung <a href=\"https:\/\/www.fh-joanneum.at\/hochschule\/services\/studienberatung\/\">finden Sie hier.<\/a><\/p>\n\n            <\/div>\n        <\/div>\n            <\/div>\n<\/div>\n","protected":false},"excerpt":{"rendered":"<p>Nach dem Aufnahmeverfahren werden Ihre Teilergebnisse ausgewertet und die Reihung aller Bewerber:innen ermittelt. Wann und wie Sie \u00fcber das Ergebnis Ihres Aufnahmeverfahrens informiert werden.<\/p>\n","protected":false},"author":143,"featured_media":0,"parent":6,"menu_order":50,"comment_status":"closed","ping_status":"closed","template":"","meta":{"_acf_changed":false,"footnotes":""},"acf":[],"aioseo_notices":[],"_links":{"self":[{"href":"https:\/\/www.fh-joanneum.at\/finanzmanagement\/master\/wp-json\/wp\/v2\/pages\/42"}],"collection":[{"href":"https:\/\/www.fh-joanneum.at\/finanzmanagement\/master\/wp-json\/wp\/v2\/pages"}],"about":[{"href":"https:\/\/www.fh-joanneum.at\/finanzmanagement\/master\/wp-json\/wp\/v2\/types\/page"}],"author":[{"embeddable":true,"href":"https:\/\/www.fh-joanneum.at\/finanzmanagement\/master\/wp-json\/wp\/v2\/users\/143"}],"replies":[{"embeddable":true,"href":"https:\/\/www.fh-joanneum.at\/finanzmanagement\/master\/wp-json\/wp\/v2\/comments?post=42"}],"version-history":[{"count":3,"href":"https:\/\/www.fh-joanneum.at\/finanzmanagement\/master\/wp-json\/wp\/v2\/pages\/42\/revisions"}],"predecessor-version":[{"id":214,"href":"https:\/\/www.fh-joanneum.at\/finanzmanagement\/master\/wp-json\/wp\/v2\/pages\/42\/revisions\/214"}],"up":[{"embeddable":true,"href":"https:\/\/www.fh-joanneum.at\/finanzmanagement\/master\/wp-json\/wp\/v2\/pages\/6"}],"wp:attachment":[{"href":"https:\/\/www.fh-joanneum.at\/finanzmanagement\/master\/wp-json\/wp\/v2\/media?parent=42"}],"curies":[{"name":"wp","href":"https:\/\/api.w.org\/{rel}","templated":true}]}}