{"id":63,"date":"2025-03-27T12:58:29","date_gmt":"2025-03-27T11:58:29","guid":{"rendered":"https:\/\/www.fh-joanneum.at\/finanzmanagement\/master\/?page_id=63"},"modified":"2025-03-27T12:58:31","modified_gmt":"2025-03-27T11:58:31","slug":"bewerberinnen-und-bewerber-mit-behinderung","status":"publish","type":"page","link":"https:\/\/www.fh-joanneum.at\/finanzmanagement\/master\/vor-dem-studium\/bewerberinnen-und-bewerber-mit-behinderung\/","title":{"rendered":"Bewerberinnen und Bewerber mit Behinderung"},"content":{"rendered":"<div id=\"\" class=\"wp-block-text-content margin-bottom-normal\">\n    <div class=\"container-lg\">\n        <div class=\"row\">\n            <div class=\"col\">\n                <h3>Bewerberinnen und Bewerber mit Behinderung<\/h3>\n<p>Die Gleichstellung von Bewerberinnen und Bewerbern mit Behinderung(en) ist der FH JOANNEUM ein Anliegen. Dabei ist es wichtig, faire Rahmenbedingungen zu schaffen, um Ihnen die gleichberechtigte Teilnahme am Aufnahmeverfahren und Studium zu erm&ouml;glichen.<\/p>\n\n            <\/div>\n        <\/div>\n            <\/div>\n<\/div>\n\n\n<div\n    id=\"\"\n    class=\"wp-block-tipp-box margin-bottom-normal\"\n>\n    <div class=\"container-lg\">\n        <div class=\"row\">\n            <div class=\"col\">\n                <div class=\"tipp-box border border-warning\">\n                    <div class=\"tipp-box-inner p-2 p-md-3\">\n                        <h4 class=\"\">Tipp<\/h4>\n                        <p>Nehmen Sie m\u00f6glichst fr\u00fch Kontakt mit der Stelle f\u00fcr <a href=\"https:\/\/www.fh-joanneum.at\/hochschule\/services\/gleichbehandlung-vielfalt\/\">Gleichbehandlung und Vielfalt<\/a> an der FH JOANNEUM auf. Damit geben Sie uns die M\u00f6glichkeit, eventuelle Ma\u00dfnahmen und Vorkehrungen bestm\u00f6glich umsetzen zu k\u00f6nnen.<\/p>\n\n                    <\/div>\n                <\/div>\n            <\/div>\n        <\/div>\n    <\/div>\n<\/div>\n\n\n<div id=\"\" class=\"wp-block-text-content margin-bottom-normal\">\n    <div class=\"container-lg\">\n        <div class=\"row\">\n            <div class=\"col\">\n                <h4>Ben&ouml;tigen Sie bestimmte Voraussetzungen, um am Aufnahmeverfahren oder Studium teilnehmen zu k&ouml;nnen?<\/h4>\n<p>Die Stelle f&uuml;r Gleichbehandlung und Vielfalt beantwortet gerne Ihre Fragen zu Barrierefreiheit und Diversit&auml;t und unterst&uuml;tzt Sie bei Ihren Anliegen.<\/p>\n<p><strong>Gleichbehandlung und Vielfalt<\/strong><br>\nE: <a title=\"die Stelle f&uuml;r Gleichbehandlung und Vielfalt per E-Mail Kontaktieren\" href=\"mailto:diversity@fh-joanneum.at\">diversity@fh-joanneum.at<\/a><\/p>\n\n            <\/div>\n        <\/div>\n            <\/div>\n<\/div>\n","protected":false},"excerpt":{"rendered":"","protected":false},"author":143,"featured_media":0,"parent":6,"menu_order":70,"comment_status":"closed","ping_status":"closed","template":"","meta":{"_acf_changed":false,"footnotes":""},"acf":[],"aioseo_notices":[],"_links":{"self":[{"href":"https:\/\/www.fh-joanneum.at\/finanzmanagement\/master\/wp-json\/wp\/v2\/pages\/63"}],"collection":[{"href":"https:\/\/www.fh-joanneum.at\/finanzmanagement\/master\/wp-json\/wp\/v2\/pages"}],"about":[{"href":"https:\/\/www.fh-joanneum.at\/finanzmanagement\/master\/wp-json\/wp\/v2\/types\/page"}],"author":[{"embeddable":true,"href":"https:\/\/www.fh-joanneum.at\/finanzmanagement\/master\/wp-json\/wp\/v2\/users\/143"}],"replies":[{"embeddable":true,"href":"https:\/\/www.fh-joanneum.at\/finanzmanagement\/master\/wp-json\/wp\/v2\/comments?post=63"}],"version-history":[{"count":1,"href":"https:\/\/www.fh-joanneum.at\/finanzmanagement\/master\/wp-json\/wp\/v2\/pages\/63\/revisions"}],"predecessor-version":[{"id":64,"href":"https:\/\/www.fh-joanneum.at\/finanzmanagement\/master\/wp-json\/wp\/v2\/pages\/63\/revisions\/64"}],"up":[{"embeddable":true,"href":"https:\/\/www.fh-joanneum.at\/finanzmanagement\/master\/wp-json\/wp\/v2\/pages\/6"}],"wp:attachment":[{"href":"https:\/\/www.fh-joanneum.at\/finanzmanagement\/master\/wp-json\/wp\/v2\/media?parent=63"}],"curies":[{"name":"wp","href":"https:\/\/api.w.org\/{rel}","templated":true}]}}