{"id":10000055,"date":"2016-06-10T14:49:37","date_gmt":"2016-06-10T12:49:37","guid":{"rendered":"https:\/\/www.fh-joanneum.at\/general-management\/postgraduate\/?page_id=55"},"modified":"2024-11-08T08:35:11","modified_gmt":"2024-11-08T07:35:11","slug":"voraussetzungen","status":"publish","type":"page","link":"https:\/\/www.fh-joanneum.at\/general-management\/postgraduate\/vor-dem-studium\/voraussetzungen\/","title":{"rendered":"Voraussetzungen"},"content":{"rendered":"<div id=\"\" class=\"wp-block-text-content margin-bottom-none\">\n    <div class=\"container-lg\">\n        <div class=\"row\">\n            <div class=\"col\">\n                <div class=\"module-migration-headline\">\n<h3>Voraussetzungen<\/h3>\n<\/div>\n\n            <\/div>\n        <\/div>\n            <\/div>\n<\/div>\n\n\n<div id=\"\" class=\"wp-block-text-content margin-bottom-normal\">\n    <div class=\"container-lg\">\n        <div class=\"row\">\n            <div class=\"col\">\n                <p>Die Zulassungsvoraussetzungen f&uuml;r das MBA-Studium sind :<\/p>\n<ul>\n<li>ein absolviertes facheinschl&auml;giges Studium im Ausma&szlig; von mindestens 180 ETCS-Punkten und<\/li>\n<li>eine einschl&auml;gige Berufserfahrung von mindestens drei Jahren.<\/li>\n<\/ul>\n<p>F&uuml;r Personen ohne Studium-Abschluss gilt die allgemeine Hochschulreife, eine zumindest f&uuml;nfj&auml;hrige fachspezifische F&uuml;hrungserfahrung sowie das positive Absolvieren einer Eignungspr&uuml;fung (Case Study im General Management Kontext) als Mindestzugangsvoraussetzung.<\/p>\n<p>&Uuml;ber die Eignung der Bewerberin beziehungsweise des Bewerbers entscheidet eine Kommission im Einzelfall.<\/p>\n\n            <\/div>\n        <\/div>\n            <\/div>\n<\/div>\n","protected":false},"excerpt":{"rendered":"<p>Welche Voraussetzungen m\u00fcssen Sie f\u00fcr das Studium erf\u00fcllen?  Die Antwort auf diese Frage geben wir Ihnen hier.<\/p>\n","protected":false},"author":14,"featured_media":0,"parent":10000034,"menu_order":12,"comment_status":"closed","ping_status":"closed","template":"","meta":{"_acf_changed":false,"footnotes":""},"acf":[],"aioseo_notices":[],"_links":{"self":[{"href":"https:\/\/www.fh-joanneum.at\/general-management\/postgraduate\/wp-json\/wp\/v2\/pages\/10000055"}],"collection":[{"href":"https:\/\/www.fh-joanneum.at\/general-management\/postgraduate\/wp-json\/wp\/v2\/pages"}],"about":[{"href":"https:\/\/www.fh-joanneum.at\/general-management\/postgraduate\/wp-json\/wp\/v2\/types\/page"}],"author":[{"embeddable":true,"href":"https:\/\/www.fh-joanneum.at\/general-management\/postgraduate\/wp-json\/wp\/v2\/users\/14"}],"replies":[{"embeddable":true,"href":"https:\/\/www.fh-joanneum.at\/general-management\/postgraduate\/wp-json\/wp\/v2\/comments?post=10000055"}],"version-history":[{"count":1,"href":"https:\/\/www.fh-joanneum.at\/general-management\/postgraduate\/wp-json\/wp\/v2\/pages\/10000055\/revisions"}],"predecessor-version":[{"id":10000252,"href":"https:\/\/www.fh-joanneum.at\/general-management\/postgraduate\/wp-json\/wp\/v2\/pages\/10000055\/revisions\/10000252"}],"up":[{"embeddable":true,"href":"https:\/\/www.fh-joanneum.at\/general-management\/postgraduate\/wp-json\/wp\/v2\/pages\/10000034"}],"wp:attachment":[{"href":"https:\/\/www.fh-joanneum.at\/general-management\/postgraduate\/wp-json\/wp\/v2\/media?parent=10000055"}],"curies":[{"name":"wp","href":"https:\/\/api.w.org\/{rel}","templated":true}]}}