{"id":10000019,"date":"2016-06-08T14:01:18","date_gmt":"2016-06-08T12:01:18","guid":{"rendered":"https:\/\/www.fh-joanneum.at\/gesundheits-und-krankenpflege\/bachelor\/?page_id=19"},"modified":"2026-02-10T13:20:43","modified_gmt":"2026-02-10T12:20:43","slug":"voraussetzungen","status":"publish","type":"page","link":"https:\/\/www.fh-joanneum.at\/gesundheits-und-krankenpflege\/bachelor\/vor-dem-studium\/voraussetzungen\/","title":{"rendered":"Voraussetzungen"},"content":{"rendered":"<div id=\"\" class=\"wp-block-text-content margin-bottom-none\">\n    <div class=\"container-lg\">\n        <div class=\"row\">\n            <div class=\"col\">\n                <div class=\"module-migration-headline\">\n<h3>Erf&uuml;lle ich die Voraussetzungen f&uuml;r das Studium?<\/h3>\n<\/div>\n\n            <\/div>\n        <\/div>\n            <\/div>\n<\/div>\n\n\n<div id=\"\" class=\"wp-block-text-content margin-bottom-normal\">\n    <div class=\"container-lg\">\n        <div class=\"row\">\n            <div class=\"col\">\n                <p>Deutsch ist Unterrichtssprache und deren Kenntnis (zumindest auf dem Level B2) wird als erforderlich vorausgesetzt.<\/p>\n\n            <\/div>\n        <\/div>\n            <\/div>\n<\/div>\n\n\n<div id=\"\" class=\"wp-block-text-content margin-bottom-normal\">\n    <div class=\"container-lg\">\n        <div class=\"row\">\n            <div class=\"col\">\n                <h4>Studieren mit Matura<\/h4>\n<p>Sie k&ouml;nnen sich f&uuml;r das Studium bewerben, wenn Sie<\/p>\n<ul>\n<li>die Matura einer Allgemeinbildenden oder Berufsbildenden H&ouml;heren Schule,<\/li>\n<li>eine Berufsreifepr&uuml;fung oder<\/li>\n<li>eine Lehre mit Matura<\/li>\n<\/ul>\n<p>haben.<\/p>\n\n            <\/div>\n        <\/div>\n            <\/div>\n<\/div>\n\n\n<div id=\"\" class=\"wp-block-text-content margin-bottom-normal\">\n    <div class=\"container-lg\">\n        <div class=\"row\">\n            <div class=\"col\">\n                <h4>Studieren ohne Matura<\/h4>\n<p>Haben Sie keine Matura oder Berufsreifepr&uuml;fung, brauchen Sie<\/p>\n<ul>\n<li>eine Studienberechtigungspr&uuml;fung oder<\/li>\n<li>eine einschl&auml;gige berufliche Qualifikation mit Zusatzpr&uuml;fungen.<\/li>\n<\/ul>\n<p>Bis zum Studienbeginn weisen Sie Ihre Pr&uuml;fungen nach.<\/p>\n\n            <\/div>\n        <\/div>\n            <\/div>\n<\/div>\n\n\n<div id=\"\" class=\"wp-block-text-content margin-bottom-normal\">\n    <div class=\"container-lg\">\n        <div class=\"row\">\n            <div class=\"col\">\n                <h5>Studienberechtigungspr&uuml;fung<\/h5>\n<p>Eine Studienberechtigungspr&uuml;fung besteht immer aus f&uuml;nf Teilpr&uuml;fungen. <\/p>\n<p>F&uuml;r das Studium &bdquo;Gesundheits- und Krankenpflege&ldquo; wird eine Studienberechtigungspr&uuml;fung der Studienrichtungsgruppe Medizinische und Veterin&auml;rmedizinische Studien zur G&auml;nze anerkannt.<\/p>\n\n            <\/div>\n        <\/div>\n            <\/div>\n<\/div>\n\n\n\n\n<div id=\"\" class=\"wp-block-text-content margin-bottom-normal\">\n    <div class=\"container-lg\">\n        <div class=\"row\">\n            <div class=\"col\">\n                <h5>Relevante einschl&auml;gige berufliche Qualifikationen<\/h5>\n\n            <\/div>\n        <\/div>\n            <\/div>\n<\/div>\n\n\n<div\n    id=\"\"\n    class=\"wp-block-content-image margin-bottom-normal\"\n>\n    <div class=\"container-lg\">\n        <div class=\"row\">\n            <div class=\"col-12\">\n                <div  x-data=\"{ modal: false }\" >\n\n                    <div class=\"image-wrapper\">\n                        <picture>\n                        <source\n                media=\"(max-width: 576px)\"\n                srcset=\"https:\/\/cdn3.fh-joanneum.at\/media\/sites\/62\/2023\/07\/voraussetzungen-2.png, https:\/\/cdn3.fh-joanneum.at\/media\/sites\/62\/2023\/07\/voraussetzungen-2-768x474.png 2x\"\n            \/>\n                    <source\n                media=\"(max-width: 768px)\"\n                srcset=\"https:\/\/cdn3.fh-joanneum.at\/media\/sites\/62\/2023\/07\/voraussetzungen-2-768x474.png, https:\/\/cdn3.fh-joanneum.at\/media\/sites\/62\/2023\/07\/voraussetzungen-2-1024x633.png 2x\"\n            \/>\n                    <source\n                media=\"(max-width: 1024px)\"\n                srcset=\"https:\/\/cdn3.fh-joanneum.at\/media\/sites\/62\/2023\/07\/voraussetzungen-2-1024x633.png, https:\/\/cdn3.fh-joanneum.at\/media\/sites\/62\/2023\/07\/voraussetzungen-2-1536x949.png 2x\"\n            \/>\n                    <source\n                media=\"(max-width: 1536px)\"\n                srcset=\"https:\/\/cdn3.fh-joanneum.at\/media\/sites\/62\/2023\/07\/voraussetzungen-2-1536x949.png, https:\/\/cdn3.fh-joanneum.at\/media\/sites\/62\/2023\/07\/voraussetzungen-2.png 2x\"\n            \/>\n                    <source\n                media=\"(max-width: 1583px)\"\n                srcset=\"https:\/\/cdn3.fh-joanneum.at\/media\/sites\/62\/2023\/07\/voraussetzungen-2.png, https:\/\/cdn3.fh-joanneum.at\/media\/sites\/62\/2023\/07\/voraussetzungen-2.png 2x\"\n            \/>\n                <img decoding=\"async\"\n        class=\"img-fluid @if ($image_credit || $media_subtitle) mb-2 @endif @if ($lightbox) modal-trigger @endif\" @click=\"modal = !modal\" aria-expanded=\"false\"\n        src=\"https:\/\/cdn3.fh-joanneum.at\/media\/sites\/62\/2023\/07\/voraussetzungen-2.png\"\n        alt=\"Voraussetzungen\"\n        title=\"\"\n         loading=\"lazy\"             >\n<\/picture>\n\n                                                                    <\/div>\n\n                                            <div\n                            class=\"modal-wrapper\"\n                            :class=\"{ 'active': modal }\"\n                        >\n                            <div\n                                class=\"backdrop\"\n                                x-show.transition.opacity.duration.600ms=\"modal\"\n                                @click=\"modal = false\"\n                                style=\"display: none;\"\n                            ><\/div>\n                            <button\n                                class=\"close-btn\"\n                                @click=\"modal = false\"\n                            >\n                                <svg class=\"fill\" id=\"icon-close\" viewBox=\"0 0 512 512\" xmlns=\"http:\/\/www.w3.org\/2000\/svg\">\n  <path d=\"m308 256l193-194c15-14 15-37 0-51-14-15-37-15-51 0l-194 193-194-193c-14-15-37-15-51 0-15 14-15 37 0 51l193 194-193 194c-15 14-15 37 0 51 7 7 16 11 26 11 9 0 18-4 25-11l194-193 194 193c7 7 16 11 25 11 10 0 19-4 26-11 15-14 15-37 0-51z\"\/>\n<\/svg>                            <\/button>\n                            <div class=\"modal-panel\">\n                                <picture>\n                        <source\n                media=\"(max-width: 576px)\"\n                srcset=\"https:\/\/cdn3.fh-joanneum.at\/media\/sites\/62\/2023\/07\/voraussetzungen-2.png, https:\/\/cdn3.fh-joanneum.at\/media\/sites\/62\/2023\/07\/voraussetzungen-2-768x474.png 2x\"\n            \/>\n                    <source\n                media=\"(max-width: 768px)\"\n                srcset=\"https:\/\/cdn3.fh-joanneum.at\/media\/sites\/62\/2023\/07\/voraussetzungen-2-768x474.png, https:\/\/cdn3.fh-joanneum.at\/media\/sites\/62\/2023\/07\/voraussetzungen-2-1024x633.png 2x\"\n            \/>\n                    <source\n                media=\"(max-width: 1024px)\"\n                srcset=\"https:\/\/cdn3.fh-joanneum.at\/media\/sites\/62\/2023\/07\/voraussetzungen-2-1024x633.png, https:\/\/cdn3.fh-joanneum.at\/media\/sites\/62\/2023\/07\/voraussetzungen-2-1536x949.png 2x\"\n            \/>\n                    <source\n                media=\"(max-width: 1536px)\"\n                srcset=\"https:\/\/cdn3.fh-joanneum.at\/media\/sites\/62\/2023\/07\/voraussetzungen-2-1536x949.png, https:\/\/cdn3.fh-joanneum.at\/media\/sites\/62\/2023\/07\/voraussetzungen-2.png 2x\"\n            \/>\n                    <source\n                media=\"(max-width: 1583px)\"\n                srcset=\"https:\/\/cdn3.fh-joanneum.at\/media\/sites\/62\/2023\/07\/voraussetzungen-2.png, https:\/\/cdn3.fh-joanneum.at\/media\/sites\/62\/2023\/07\/voraussetzungen-2.png 2x\"\n            \/>\n                <img decoding=\"async\"\n        class=\"img-fluid\"\n        src=\"https:\/\/cdn3.fh-joanneum.at\/media\/sites\/62\/2023\/07\/voraussetzungen-2.png\"\n        alt=\"Voraussetzungen\"\n        title=\"\"\n         loading=\"lazy\"             >\n<\/picture>\n\n                            <\/div>\n                        <\/div>\n                                    <\/div>\n\n            <\/div>\n        <\/div>\n    <\/div>\n<\/div>\n\n\n<div id=\"\" class=\"wp-block-text-content margin-bottom-normal\">\n    <div class=\"container-lg\">\n        <div class=\"row\">\n            <div class=\"col\">\n                <p><sup>1<\/sup>Schriftliche Arbeiten im Fachbereich, die mit &bdquo;Sehr gut&ldquo; beurteilt sind, k&ouml;nnen f&uuml;r die Zusatzpr&uuml;fung Deutsch im Rahmen der Zugangsvoraussetzungen anerkannt werden.<\/p>\n<p><sup>2<\/sup>Mit Ihrer Berufsberechtigung in der Pflegeassistenz ist ein Einstieg in das 2. Semester des FH-Bachelor-Studienganges &bdquo;Gesundheits- und Krankenpflege&ldquo; unter Anerkennung nachgewiesener Kenntnisse m&ouml;glich.<\/p>\n<p><sup>3<\/sup>Mit Ihrer Berufsberechtigung in der Pflegefachassistenz ist ein Einstieg in das 3. Semester des FH-Bachelor-Studienganges &bdquo;Gesundheits- und Krankenpflege&ldquo; unter Anerkennung nachgewiesener Kenntnisse m&ouml;glich.<\/p>\n\n            <\/div>\n        <\/div>\n            <\/div>\n<\/div>\n\n\n<div\n    id=\"\"\n    class=\"wp-block-tipp-box margin-bottom-normal\"\n>\n    <div class=\"container-lg\">\n        <div class=\"row\">\n            <div class=\"col\">\n                <div class=\"tipp-box border border-info\">\n                    <div class=\"tipp-box-inner p-2 p-md-3\">\n                        <h4 class=\"\">Hinweis<\/h4>\n                        <p>F\u00fcr Absolvent:innen einer Fachschule f\u00fcr wirtschaftliche Berufe kann der Abschluss ber\u00fccksichtigt werden, sofern er in der Vertiefung \u201eGesundheit\/Soziales\u201c erworben wurde.<\/p>\n\n                    <\/div>\n                <\/div>\n            <\/div>\n        <\/div>\n    <\/div>\n<\/div>\n\n\n<div\n    id=\"\"\n    class=\"wp-block-tipp-box margin-bottom-normal\"\n>\n    <div class=\"container-lg\">\n        <div class=\"row\">\n            <div class=\"col\">\n                <div class=\"tipp-box border border-warning\">\n                    <div class=\"tipp-box-inner p-2 p-md-3\">\n                        <h4 class=\"\">Tipp<\/h4>\n                        <p>Die Zusatzpr\u00fcfungen k\u00f6nnen Sie an der FH JOANNEUM im Rahmen des <a href=\"https:\/\/www.fh-joanneum.at\/studienbefaehigungslehrgang\/certificate_programme\/\">Studienbef\u00e4higungslehrgangs<\/a> ablegen. Alle Informationen zu den einzelnen Zusatzpr\u00fcfungen <a href=\"https:\/\/www.fh-joanneum.at\/studienbefaehigungslehrgang\/certificate_programme\/im-lehrgang\/zusatzpruefungen\/\">finden Sie hier<\/a>. Sie haben auch die M\u00f6glichkeit, Zusatzpr\u00fcfungen im Selbststudium an der FH JOANNEUM abzulegen. Kontakt unter <a title=\"Weiterbildung und Studierendenadministration per E-Mail kontaktieren\" href=\"mailto:sbl@fh-joanneum.at\">sbl@fh-joanneum.at<\/a> oder <a title=\"Weiterbildung und Studierendenadministration anrufen\" href=\"tel:+4331654538846\">+43 316 5453 \u2013 8846<\/a><\/p>\n\n                    <\/div>\n                <\/div>\n            <\/div>\n        <\/div>\n    <\/div>\n<\/div>\n\n\n<div id=\"\" class=\"wp-block-text-content margin-bottom-normal\">\n    <div class=\"container-lg\">\n        <div class=\"row\">\n            <div class=\"col\">\n                <p><strong>Deutsche Fachhochschulreife:<\/strong><br>\nDie deutsche Fachhochschulreife gilt nur dann als Erf&uuml;llung der Zugangsvoraussetzungen, wenn sie auch eine facheinschl&auml;gige berufliche Qualifikation vermittelt. Die Pr&uuml;fung der Facheinschl&auml;gigkeit erfolgt durch die Studiengangsleitung. Eine verbindliche Auskunft dar&uuml;ber erhalten Sie nach Einlangen Ihrer vollst&auml;ndigen Bewerbungsunterlagen.<\/p>\n<h4>Sie sind kein:e &ouml;sterreichische:r Staatsb&uuml;rger:in?<\/h4>\n<p>F&uuml;r Sie gibt es einige Besonderheiten zu beachten. Mehr Informationen dazu finden Sie in unter dem Men&uuml;punkt <a href=\"https:\/\/fh-joanneum.at\/gesundheits-und-krankenpflege\/bachelor\/vor-dem-studium\/internationale-bewerberinnen\/\"><strong>Internationale Bewerber:innen.<\/strong><\/a><\/p>\n\n            <\/div>\n        <\/div>\n            <\/div>\n<\/div>\n\n\n<div id=\"\" class=\"wp-block-text-content margin-bottom-normal\">\n    <div class=\"container-lg\">\n        <div class=\"row\">\n            <div class=\"col\">\n                <h4>Spezifische Voraussetzungen f&uuml;r gesundheitswissenschaftliche Studieng&auml;nge<\/h4>\n<p>Nach erfolgter Aufnahme m&uuml;ssen Sie die Erf&uuml;llung der gesundheitlichen Voraussetzungen f&uuml;r dieses Studium anhand folgender Unterlagen nachweisen:<\/p>\n<ul>\n<li>&Auml;rztliches Attest zum Nachweis der gesundheitlichen Eignung<\/li>\n<li>Nachweis f&uuml;r vorgeschriebene Impfungen laut <a href=\"https:\/\/www.sozialministerium.at\/Themen\/Gesundheit\/Impfen\/Impfempfehlungen-Allgemein\/Empfehlung-f%C3%BCr-Gesundheitspersonal.html\" target=\"_blank\" rel=\"noopener noreferrer\">Impfempfehlung des Bundesministeriums f&uuml;r Gesundheit f&uuml;r das Gesundheitspersonal in &Ouml;sterreich<\/a>. <\/li>\n<\/ul>\n<p>Die letztendliche Beurteilung &uuml;ber die Erf&uuml;llung der gesundheitlichen Voraussetzungen und Eignung obliegt der Leitung des Studiengangs.<\/p>\n\n            <\/div>\n        <\/div>\n            <\/div>\n<\/div>\n\n\n<div id=\"\" class=\"wp-block-text-content margin-bottom-normal\">\n    <div class=\"container-lg\">\n        <div class=\"row\">\n            <div class=\"col\">\n                <h5>Neues Impfblatt f&uuml;r Gesundheitsstudien<\/h5>\n<p>Alle zuk&uuml;nftigen Studierenden von &bdquo;Gesundheits- und Krankenpflege&rdquo; m&uuml;ssen bei der Inskription eine Best&auml;tigung der von der FH JOANNEUM vorgeschriebenen Impfungen vorlegen. Dabei handelt es sich um Vorgaben von diversen Praktikumsstellen, damit ein patientennaher Kontakt gepflegt werden kann. Das Vorlegen des vollst&auml;ndigen Impfblattes stellt somit eine Zulassungsvoraussetzung f&uuml;r das Studium &bdquo;Gesundheits- und Krankenpflege&rdquo; dar.<\/p>\n\n            <\/div>\n        <\/div>\n            <\/div>\n<\/div>\n\n\n","protected":false},"excerpt":{"rendered":"<p>Welche Voraussetzungen m\u00fcssen Sie f\u00fcr das Studium erf\u00fcllen? Welche Nachweise m\u00fcssen Sie f\u00fcr Ihre Studienberechtigung erbringen? K\u00f6nnen Sie auch ohne Matura studieren? Die Antworten auf diese Fragen geben wir Ihnen hier.<\/p>\n","protected":false},"author":14,"featured_media":0,"parent":10000010,"menu_order":39,"comment_status":"closed","ping_status":"closed","template":"","meta":{"_acf_changed":false,"footnotes":""},"acf":[],"aioseo_notices":[],"_links":{"self":[{"href":"https:\/\/www.fh-joanneum.at\/gesundheits-und-krankenpflege\/bachelor\/wp-json\/wp\/v2\/pages\/10000019"}],"collection":[{"href":"https:\/\/www.fh-joanneum.at\/gesundheits-und-krankenpflege\/bachelor\/wp-json\/wp\/v2\/pages"}],"about":[{"href":"https:\/\/www.fh-joanneum.at\/gesundheits-und-krankenpflege\/bachelor\/wp-json\/wp\/v2\/types\/page"}],"author":[{"embeddable":true,"href":"https:\/\/www.fh-joanneum.at\/gesundheits-und-krankenpflege\/bachelor\/wp-json\/wp\/v2\/users\/14"}],"replies":[{"embeddable":true,"href":"https:\/\/www.fh-joanneum.at\/gesundheits-und-krankenpflege\/bachelor\/wp-json\/wp\/v2\/comments?post=10000019"}],"version-history":[{"count":8,"href":"https:\/\/www.fh-joanneum.at\/gesundheits-und-krankenpflege\/bachelor\/wp-json\/wp\/v2\/pages\/10000019\/revisions"}],"predecessor-version":[{"id":10001072,"href":"https:\/\/www.fh-joanneum.at\/gesundheits-und-krankenpflege\/bachelor\/wp-json\/wp\/v2\/pages\/10000019\/revisions\/10001072"}],"up":[{"embeddable":true,"href":"https:\/\/www.fh-joanneum.at\/gesundheits-und-krankenpflege\/bachelor\/wp-json\/wp\/v2\/pages\/10000010"}],"wp:attachment":[{"href":"https:\/\/www.fh-joanneum.at\/gesundheits-und-krankenpflege\/bachelor\/wp-json\/wp\/v2\/media?parent=10000019"}],"curies":[{"name":"wp","href":"https:\/\/api.w.org\/{rel}","templated":true}]}}