{"id":10000024,"date":"2016-06-08T14:19:31","date_gmt":"2016-06-08T12:19:31","guid":{"rendered":"https:\/\/www.fh-joanneum.at\/gesundheits-und-krankenpflege\/bachelor\/?page_id=24"},"modified":"2024-03-04T12:16:12","modified_gmt":"2024-03-04T11:16:12","slug":"aufnahmeverfahren","status":"publish","type":"page","link":"https:\/\/www.fh-joanneum.at\/gesundheits-und-krankenpflege\/bachelor\/vor-dem-studium\/aufnahmeverfahren\/","title":{"rendered":"Aufnahmeverfahren"},"content":{"rendered":"<div id=\"\" class=\"wp-block-text-content margin-bottom-none\">\n    <div class=\"container-lg\">\n        <div class=\"row\">\n            <div class=\"col\">\n                <div class=\"module-migration-headline\">\n<h3>Wie absolviere ich das Aufnahmeverfahren?<\/h3>\n<\/div>\n\n            <\/div>\n        <\/div>\n            <\/div>\n<\/div>\n\n\n\n\n\n\n\n\n\n\n\n\n\n<div id=\"\" class=\"wp-block-text-content margin-bottom-normal\">\n    <div class=\"container-lg\">\n        <div class=\"row\">\n            <div class=\"col\">\n                <p>Das Aufnahmeverfahren besteht aus zwei Teilen:<\/p>\n<ul>\n<li>Bewerbung<\/li>\n<li>Pers&ouml;nliches Gespr&auml;ch<\/li>\n<\/ul>\n\n            <\/div>\n        <\/div>\n            <\/div>\n<\/div>\n\n<div\n    id=\"\"\n    class=\"wp-block-content-image margin-bottom-normal\"\n>\n    <div class=\"container-lg\">\n        <div class=\"row\">\n            <div class=\"col-12\">\n                <div >\n\n                    <div class=\"image-wrapper\">\n                        <picture>\n                        <source\n                media=\"(max-width: 576px)\"\n                srcset=\"https:\/\/cdn3.fh-joanneum.at\/media\/sites\/62\/2022\/09\/das-studium-4-scaled.jpg, https:\/\/cdn3.fh-joanneum.at\/media\/sites\/62\/2022\/09\/das-studium-4-768x512.jpg 2x\"\n            \/>\n                    <source\n                media=\"(max-width: 768px)\"\n                srcset=\"https:\/\/cdn3.fh-joanneum.at\/media\/sites\/62\/2022\/09\/das-studium-4-768x512.jpg, https:\/\/cdn3.fh-joanneum.at\/media\/sites\/62\/2022\/09\/das-studium-4-1024x683.jpg 2x\"\n            \/>\n                    <source\n                media=\"(max-width: 1024px)\"\n                srcset=\"https:\/\/cdn3.fh-joanneum.at\/media\/sites\/62\/2022\/09\/das-studium-4-1024x683.jpg, https:\/\/cdn3.fh-joanneum.at\/media\/sites\/62\/2022\/09\/das-studium-4-1536x1024.jpg 2x\"\n            \/>\n                    <source\n                media=\"(max-width: 1536px)\"\n                srcset=\"https:\/\/cdn3.fh-joanneum.at\/media\/sites\/62\/2022\/09\/das-studium-4-1536x1024.jpg, https:\/\/cdn3.fh-joanneum.at\/media\/sites\/62\/2022\/09\/das-studium-4-2048x1366.jpg 2x\"\n            \/>\n                    <source\n                media=\"(max-width: 2048px)\"\n                srcset=\"https:\/\/cdn3.fh-joanneum.at\/media\/sites\/62\/2022\/09\/das-studium-4-2048x1366.jpg, https:\/\/cdn3.fh-joanneum.at\/media\/sites\/62\/2022\/09\/das-studium-4-scaled.jpg 2x\"\n            \/>\n                <img decoding=\"async\"\n        class=\"img-fluid @if ($image_credit || $media_subtitle) mb-2 @endif @if ($lightbox) modal-trigger @endif\" @click=\"modal = !modal\" aria-expanded=\"false\"\n        src=\"https:\/\/cdn3.fh-joanneum.at\/media\/sites\/62\/2022\/09\/das-studium-4-scaled.jpg\"\n        alt=\"Das Studium 2\"\n        title=\"\"\n         loading=\"lazy\"             >\n<\/picture>\n\n                                                    <p class=\"text-muted fst-italic\">Photo: \u00a9 FH JOANNEUM \/ Sarah Raiser<\/p>\n                                                                    <\/div>\n\n                                    <\/div>\n\n            <\/div>\n        <\/div>\n    <\/div>\n<\/div>\n\n<div id=\"\" class=\"wp-block-text-content margin-bottom-normal\">\n    <div class=\"container-lg\">\n        <div class=\"row\">\n            <div class=\"col\">\n                <h4>Das pers&ouml;nliche Gespr&auml;ch<\/h4>\n<p>Sie werden zum Gespr&auml;ch eingeladen, wenn Sie die Voraussetzungen f&uuml;r die Zulassung erf&uuml;llen und Ihre Bewerbung vollst&auml;ndig und fristgerecht eingereicht haben.<\/p>\n<p>Sie f&uuml;hren das Gespr&auml;ch mit der Studiengangsleitung und \/ oder einer bzw. einem Lehrenden des Instituts. Das Gespr&auml;ch erfolgt online via MS TEAMS und dauert rund 20 Minuten.<\/p>\n<p>Alle Details &uuml;ber die konkrete Durchf&uuml;hrung des Gespr&auml;chs erhalten Sie zeitgerecht vor dem Termin.<\/p>\n\n            <\/div>\n        <\/div>\n            <\/div>\n<\/div>\n\n<div\n    id=\"\"\n    class=\"wp-block-tipp-box margin-bottom-normal\"\n>\n    <div class=\"container-lg\">\n        <div class=\"row\">\n            <div class=\"col\">\n                <div class=\"tipp-box border border-info\">\n                    <div class=\"tipp-box-inner p-2 p-md-3\">\n                        <h4 class=\"\">Hinweis<\/h4>\n                        <p>Tipps f\u00fcr die Vorbereitung auf das Online-Aufnahmegespr\u00e4ch von der technischen Ausr\u00fcsting \u00fcber Setting und Recherche bis hin zum Ablauf finden Sie <a href=\"https:\/\/www.fh-joanneum.at\/blog\/tipps-fuer-das-online-aufnahmegespraech\/\">hier<\/a>.<\/p>\n\n                    <\/div>\n                <\/div>\n            <\/div>\n        <\/div>\n    <\/div>\n<\/div>\n\n\n<div\n    id=\"\"\n    class=\"wp-block-tipp-box margin-bottom-normal\"\n>\n    <div class=\"container-lg\">\n        <div class=\"row\">\n            <div class=\"col\">\n                <div class=\"tipp-box border border-warning\">\n                    <div class=\"tipp-box-inner p-2 p-md-3\">\n                        <h4 class=\"\">Tipp<\/h4>\n                        <p>Das Aufnahmegespr\u00e4ch ist Ihre Chance, sich zu pr\u00e4sentieren. Nutzen Sie diese M\u00f6glichkeit und zeigen Sie, warum genau Sie einen Studienplatz bekommen sollten. Die Lehrenden des Instituts wollen erfahren, wer Sie sind und ob das Studium zu Ihnen passt. \u00dcberzeugen Sie sie durch Ihren Lebenslauf, Ihr Interesse an den Studieninhalten und Ihre Pers\u00f6nlichkeit. Dass Sie aufgeregt sind, ist klar. Aber das Gespr\u00e4ch ist keine Pr\u00fcfung! Seien Sie ehrlich und verstellen Sie sich nicht.<\/p>\n\n                    <\/div>\n                <\/div>\n            <\/div>\n        <\/div>\n    <\/div>\n<\/div>\n\n\n","protected":false},"excerpt":{"rendered":"<p>Im Zuge des Aufnahmeverfahrens ermitteln wir Ihre pers\u00f6nlichen F\u00e4higkeiten und Potenziale f\u00fcr das Studium. Was Sie genau erwartet, und wie Sie sich darauf vorbereiten k\u00f6nnen, erfahren Sie hier.<\/p>\n","protected":false},"author":14,"featured_media":0,"parent":10000010,"menu_order":51,"comment_status":"closed","ping_status":"closed","template":"","meta":{"_acf_changed":false,"footnotes":""},"acf":[],"aioseo_notices":[],"_links":{"self":[{"href":"https:\/\/www.fh-joanneum.at\/gesundheits-und-krankenpflege\/bachelor\/wp-json\/wp\/v2\/pages\/10000024"}],"collection":[{"href":"https:\/\/www.fh-joanneum.at\/gesundheits-und-krankenpflege\/bachelor\/wp-json\/wp\/v2\/pages"}],"about":[{"href":"https:\/\/www.fh-joanneum.at\/gesundheits-und-krankenpflege\/bachelor\/wp-json\/wp\/v2\/types\/page"}],"author":[{"embeddable":true,"href":"https:\/\/www.fh-joanneum.at\/gesundheits-und-krankenpflege\/bachelor\/wp-json\/wp\/v2\/users\/14"}],"replies":[{"embeddable":true,"href":"https:\/\/www.fh-joanneum.at\/gesundheits-und-krankenpflege\/bachelor\/wp-json\/wp\/v2\/comments?post=10000024"}],"version-history":[{"count":0,"href":"https:\/\/www.fh-joanneum.at\/gesundheits-und-krankenpflege\/bachelor\/wp-json\/wp\/v2\/pages\/10000024\/revisions"}],"up":[{"embeddable":true,"href":"https:\/\/www.fh-joanneum.at\/gesundheits-und-krankenpflege\/bachelor\/wp-json\/wp\/v2\/pages\/10000010"}],"wp:attachment":[{"href":"https:\/\/www.fh-joanneum.at\/gesundheits-und-krankenpflege\/bachelor\/wp-json\/wp\/v2\/media?parent=10000024"}],"curies":[{"name":"wp","href":"https:\/\/api.w.org\/{rel}","templated":true}]}}