{"id":10000046,"date":"2016-06-08T14:49:40","date_gmt":"2016-06-08T12:49:40","guid":{"rendered":"https:\/\/www.fh-joanneum.at\/gesundheits-und-krankenpflege\/bachelor\/?page_id=46"},"modified":"2022-09-26T15:52:41","modified_gmt":"2022-09-26T13:52:41","slug":"studienabschluss","status":"publish","type":"page","link":"https:\/\/www.fh-joanneum.at\/gesundheits-und-krankenpflege\/bachelor\/im-studium\/studienabschluss\/","title":{"rendered":"Studienabschluss"},"content":{"rendered":"<div id=\"\" class=\"wp-block-text-content margin-bottom-none\">\n    <div class=\"container-lg\">\n        <div class=\"row\">\n            <div class=\"col\">\n                <div class=\"module-migration-headline\">\n<h3>Voraussetzungen f&uuml;r den Studienabschluss<\/h3>\n<\/div>\n\n            <\/div>\n        <\/div>\n            <\/div>\n<\/div>\n\n<div id=\"\" class=\"wp-block-text-content margin-bottom-normal\">\n    <div class=\"container-lg\">\n        <div class=\"row\">\n            <div class=\"col\">\n                <p>Um das Bachelorstudium &bdquo;Gesundheits- und Krankenpflege&ldquo; erfolgreich abzuschlie&szlig;en, m&uuml;ssen unsere Absolvent:innen:<\/p>\n<ul>\n<li>alle Lehrveranstaltungen positiv absolvieren<\/li>\n<li>alle Praktika positiv absolvieren<\/li>\n<li>eine Bachelorarbeit verfassen, die positiv bewertet werden muss<\/li>\n<li>die Bachelorpr&uuml;fung positiv ablegen<\/li>\n<\/ul>\n<p>Als Absolvent:in schlie&szlig;en Sie mit dem Titel &bdquo;Bachelor of Science in Health Studies (BSc)&ldquo;, mit der Berufsberechtigung in der gehobenen Gesundheits- und Krankenpflege, ab.<\/p>\n\n            <\/div>\n        <\/div>\n            <\/div>\n<\/div>\n\n<div\n    id=\"\"\n    class=\"wp-block-content-image margin-bottom-normal\"\n>\n    <div class=\"container-lg\">\n        <div class=\"row\">\n            <div class=\"col-12\">\n                <div >\n\n                    <div class=\"image-wrapper\">\n                        <picture>\n                        <source\n                media=\"(max-width: 576px)\"\n                srcset=\"https:\/\/cdn3.fh-joanneum.at\/media\/sites\/62\/2022\/09\/studienabschluss-2-scaled.jpg, https:\/\/cdn3.fh-joanneum.at\/media\/sites\/62\/2022\/09\/studienabschluss-2-768x512.jpg 2x\"\n            \/>\n                    <source\n                media=\"(max-width: 768px)\"\n                srcset=\"https:\/\/cdn3.fh-joanneum.at\/media\/sites\/62\/2022\/09\/studienabschluss-2-768x512.jpg, https:\/\/cdn3.fh-joanneum.at\/media\/sites\/62\/2022\/09\/studienabschluss-2-1024x683.jpg 2x\"\n            \/>\n                    <source\n                media=\"(max-width: 1024px)\"\n                srcset=\"https:\/\/cdn3.fh-joanneum.at\/media\/sites\/62\/2022\/09\/studienabschluss-2-1024x683.jpg, https:\/\/cdn3.fh-joanneum.at\/media\/sites\/62\/2022\/09\/studienabschluss-2-1536x1024.jpg 2x\"\n            \/>\n                    <source\n                media=\"(max-width: 1536px)\"\n                srcset=\"https:\/\/cdn3.fh-joanneum.at\/media\/sites\/62\/2022\/09\/studienabschluss-2-1536x1024.jpg, https:\/\/cdn3.fh-joanneum.at\/media\/sites\/62\/2022\/09\/studienabschluss-2-2048x1366.jpg 2x\"\n            \/>\n                    <source\n                media=\"(max-width: 2048px)\"\n                srcset=\"https:\/\/cdn3.fh-joanneum.at\/media\/sites\/62\/2022\/09\/studienabschluss-2-2048x1366.jpg, https:\/\/cdn3.fh-joanneum.at\/media\/sites\/62\/2022\/09\/studienabschluss-2-scaled.jpg 2x\"\n            \/>\n                <img decoding=\"async\"\n        class=\"img-fluid @if ($image_credit || $media_subtitle) mb-2 @endif @if ($lightbox) modal-trigger @endif\" @click=\"modal = !modal\" aria-expanded=\"false\"\n        src=\"https:\/\/cdn3.fh-joanneum.at\/media\/sites\/62\/2022\/09\/studienabschluss-2-scaled.jpg\"\n        alt=\"Studienabschluss\"\n        title=\"\"\n         loading=\"lazy\"             >\n<\/picture>\n\n                                                    <p class=\"text-muted fst-italic\">Photo: \u00a9 FH JOANNEUM \/ Sarah Raiser<\/p>\n                                                                    <\/div>\n\n                                    <\/div>\n\n            <\/div>\n        <\/div>\n    <\/div>\n<\/div>\n\n<div id=\"\" class=\"wp-block-text-content margin-bottom-none\">\n    <div class=\"container-lg\">\n        <div class=\"row\">\n            <div class=\"col\">\n                <div class=\"module-migration-headline\">\n<h4>Bachelorarbeit<\/h4>\n<\/div>\n\n            <\/div>\n        <\/div>\n            <\/div>\n<\/div>\n\n<div id=\"\" class=\"wp-block-text-content margin-bottom-normal\">\n    <div class=\"container-lg\">\n        <div class=\"row\">\n            <div class=\"col\">\n                <p>Mit dem Verfassen der Bachelorarbeit wird eine Fragestellung aus der pflegerischen Praxis anhand einer strukturierten Literaturrecherche bearbeitet. Die Bachelorarbeit soll Absolvent:innen vermitteln, wie wichtig wissenschaftliche Kompetenzen f&uuml;r Versorgung von Patient:innen und Qualit&auml;tssicherung im Gesundheitswesen sind.<\/p>\n<p>Daher wird im Zuge der Bachelorarbeit, ausgehend von den Ergebnissen der strukturierten Literaturrecherche, auch der Punkt &bdquo;Implementation in die Praxis&ldquo; behandelt, wo Absolvent:innen sich mit dem Theorie-Praxis-Transfer besch&auml;ftigen. Alle Themen m&uuml;ssen eine klare Relevanz f&uuml;r die Gesundheits- und Krankenpflege aufweisen. <\/p>\n<p>Die Bachelorarbeit selbst wird im sechsten Semester verfasst, wobei der Arbeitsprozess bereits im Bachelorseminar im f&uuml;nften Semester beginnt und auch im sechsten Semester durch ein weiteres Seminar begleitet wird. Zus&auml;tzlich unterst&uuml;tzen Lehrende aus dem Studiengang als pers&ouml;nliche Betreuungspersonen den Erarbeitungsprozess.<\/p>\n\n            <\/div>\n        <\/div>\n            <\/div>\n<\/div>\n\n<div id=\"\" class=\"wp-block-text-content margin-bottom-none\">\n    <div class=\"container-lg\">\n        <div class=\"row\">\n            <div class=\"col\">\n                <div class=\"module-migration-headline\">\n<h4>Bachelorpr&uuml;fung<\/h4>\n<\/div>\n\n            <\/div>\n        <\/div>\n            <\/div>\n<\/div>\n\n<div id=\"\" class=\"wp-block-text-content margin-bottom-normal\">\n    <div class=\"container-lg\">\n        <div class=\"row\">\n            <div class=\"col\">\n                <p>Die Bachelorpr&uuml;fung findet an zwei Terminen statt, meist im Juli beziehungsweise September. Die Kommission besteht aus mindestens drei Personen. Die Pr&uuml;fer:nnen sind Vortragende des Studiengangs.<\/p>\n<p>Durch die Bachelorpr&uuml;fung soll festgestellt werden, ob Studierende die grundlegende Handlungskompetenz f&uuml;r den berufsspezifischen Bereich der Gesundheits- und Krankenpflege in unterschiedlichen Settings im Studiengang erworben haben, um den definierten Kompetenzen der Module aus dem Akkreditierungsantrag, der FH-GUK-AV und dem Gesundheits- und Krankenpflegegesetz gerecht zu werden. Es wird erwartet, dass die Studierenden im Pr&uuml;fungsgespr&auml;ch auf Basiswissen aus allen Bereichen der Gesundheits- und Krankenpflege zur&uuml;ckgreifen und Querverbindungen zu allen Lehrveranstaltungen herstellen k&ouml;nnen.<\/p>\n\n            <\/div>\n        <\/div>\n            <\/div>\n<\/div>\n\n<div id=\"\" class=\"wp-block-text-content margin-bottom-none\">\n    <div class=\"container-lg\">\n        <div class=\"row\">\n            <div class=\"col\">\n                <div class=\"module-migration-headline\">\n<h3>Nach dem Bachelorabschluss<\/h3>\n<\/div>\n\n            <\/div>\n        <\/div>\n            <\/div>\n<\/div>\n\n<div id=\"\" class=\"wp-block-text-content margin-bottom-normal\">\n    <div class=\"container-lg\">\n        <div class=\"row\">\n            <div class=\"col\">\n                <p>Nach dem Abschluss Ihres Bachelorstudiums k&ouml;nnen Sie direkt ins Berufsleben im gehobenen Dienst der Gesundheits- und Krankenpflege starten. Zus&auml;tzlich besteht die M&ouml;glichkeit einen konsekutiven Masterstudiengang anzuschlie&szlig;en, beispielsweise in den Bereichen Pflegewissenschaft, Public Health oder Management im Gesundheitswesen.<\/p>\n\n            <\/div>\n        <\/div>\n            <\/div>\n<\/div>\n\n","protected":false},"excerpt":{"rendered":"<p>Mit Ihrem Abschluss legen Sie den Grundstein f\u00fcr Ihre berufliche Zukunft. Welche Voraussetzungen Sie f\u00fcr den erfolgreichen Abschluss Ihres Studiums ben\u00f6tigen und alles, was Sie sonst noch wissen sollten, verraten wir Ihnen hier.<\/p>\n","protected":false},"author":14,"featured_media":0,"parent":10000012,"menu_order":75,"comment_status":"closed","ping_status":"closed","template":"","meta":{"_acf_changed":false,"footnotes":""},"acf":[],"aioseo_notices":[],"_links":{"self":[{"href":"https:\/\/www.fh-joanneum.at\/gesundheits-und-krankenpflege\/bachelor\/wp-json\/wp\/v2\/pages\/10000046"}],"collection":[{"href":"https:\/\/www.fh-joanneum.at\/gesundheits-und-krankenpflege\/bachelor\/wp-json\/wp\/v2\/pages"}],"about":[{"href":"https:\/\/www.fh-joanneum.at\/gesundheits-und-krankenpflege\/bachelor\/wp-json\/wp\/v2\/types\/page"}],"author":[{"embeddable":true,"href":"https:\/\/www.fh-joanneum.at\/gesundheits-und-krankenpflege\/bachelor\/wp-json\/wp\/v2\/users\/14"}],"replies":[{"embeddable":true,"href":"https:\/\/www.fh-joanneum.at\/gesundheits-und-krankenpflege\/bachelor\/wp-json\/wp\/v2\/comments?post=10000046"}],"version-history":[{"count":0,"href":"https:\/\/www.fh-joanneum.at\/gesundheits-und-krankenpflege\/bachelor\/wp-json\/wp\/v2\/pages\/10000046\/revisions"}],"up":[{"embeddable":true,"href":"https:\/\/www.fh-joanneum.at\/gesundheits-und-krankenpflege\/bachelor\/wp-json\/wp\/v2\/pages\/10000012"}],"wp:attachment":[{"href":"https:\/\/www.fh-joanneum.at\/gesundheits-und-krankenpflege\/bachelor\/wp-json\/wp\/v2\/media?parent=10000046"}],"curies":[{"name":"wp","href":"https:\/\/api.w.org\/{rel}","templated":true}]}}