{"id":10000380,"date":"2022-02-16T07:20:58","date_gmt":"2022-02-16T06:20:58","guid":{"rendered":"https:\/\/www.fh-joanneum.at\/gesundheits-und-krankenpflege\/bachelor\/?page_id=380"},"modified":"2025-11-03T17:46:51","modified_gmt":"2025-11-03T16:46:51","slug":"quereinstieg-pfa","status":"publish","type":"page","link":"https:\/\/www.fh-joanneum.at\/gesundheits-und-krankenpflege\/bachelor\/vor-dem-studium\/quereinstieg-pfa\/","title":{"rendered":"Quereinstieg PFA"},"content":{"rendered":"<div id=\"\" class=\"wp-block-text-content margin-bottom-none\">\n    <div class=\"container-lg\">\n        <div class=\"row\">\n            <div class=\"col\">\n                <div class=\"module-migration-headline\">\n<h3>Quereinstieg Pflegefachassistenz (PFA)<\/h3>\n<\/div>\n\n            <\/div>\n        <\/div>\n            <\/div>\n<\/div>\n\n\n<div id=\"\" class=\"wp-block-text-content margin-bottom-normal\">\n    <div class=\"container-lg\">\n        <div class=\"row\">\n            <div class=\"col\">\n                <p>Mit Ihrer Ausbildung als Pflegefachassistent:in k&ouml;nnen Sie in das 3. Semester des Vollzeit-Bachelorstudiengangs &bdquo;Gesundheits- und Krankenpflege&ldquo; einsteigen. Nach positiver Absolvierung des Studiums schlie&szlig;en Sie mit dem Bachelor of Science (BSc) ab.<\/p>\n<h4>Voraussetzungen:<\/h4>\n<ul>\n<li>positive Absolvierung des Aufnahmeverfahrens am Studiengang<\/li>\n<li>alle zus&auml;tzlichen Voraussetzungen finden Sie <a href=\"https:\/\/www.fh-joanneum.at\/gesundheits-und-krankenpflege\/bachelor\/vor-dem-studium\/voraussetzungen\/\">hier<\/a><\/li>\n<\/ul>\n\n            <\/div>\n        <\/div>\n            <\/div>\n<\/div>\n\n\n<div\n    id=\"\"\n    class=\"wp-block-akkordeon margin-bottom-normal\"\n>\n    <div class=\"container-lg\">\n        <div class=\"row\">\n                                                <div class=\"col-12\">\n                        <h3 class=\"mb-0\">Bewerbungsfrist:<\/h3>\n\n                                                                                                                    <div class=\"accordion-element-accordion\">\n                                    <a\n                                        data-bs-toggle=\"collapse\"\n                                        class=\"arrow-link large-arrow py-3 pe-1 d-block border-bottom collapsed\"\n                                        href=\"#accordion-1178339884\"\n                                    >\n                                        <h4\n                                            class=\"accordion-title mb-0 d-flex align-items-center justify-content-between\">\n                                            <span>Einstieg in das Wintersemester<\/span>\n                                            <svg width=\"12\" height=\"24\" viewBox=\"0 0 9 15\" fill=\"none\" xmlns=\"http:\/\/www.w3.org\/2000\/svg\">\n<path id=\"accordion_chevron\" d=\"M1.5 1.5L7.5 7.5L1.5 13.5\" stroke=\"currentColor\" stroke-width=\"1.5\" stroke-linecap=\"round\"\/>\n<\/svg>                                            <\/h5>\n                                    <\/a>\n                                    <div\n                                        class=\"collapse content-wrapper mt-4\"\n                                        id=\"accordion-1178339884\"\n                                    >\n                                        <p class=\"x_MsoNormal\"><span data-olk-copy-source=\"MessageBody\">Studieninteressierte k\u00f6nnen sich laufend f\u00fcr einen Quereinstieg bewerben. Alle notwendigen Unterlagen (inklusive der Zusatzpr\u00fcfungen) m\u00fcssen bis sp\u00e4testens Ende Juni vorgelegt werden, ansonsten verschiebt sich der Einstieg um ein weiteres Semester. Sollten Sie eine Zusatzpr\u00fcfung an der FH JOANNEUM absolvieren wollen, so ist eine Bewerbung bis sp\u00e4testens Ende April notwendig, da die Pr\u00fcfungen im Mai stattfinden.<\/span><\/p>\n<p class=\"x_MsoNormal\">Die Zusatzpr\u00fcfungen k\u00f6nnen auch vor Studienbeginn innerhalb des 2-semestrigen Studienbef\u00e4higungslehrgangs absolviert werden.<br \/>\nWichtig: Zusatzpr\u00fcfungen k\u00f6nnen auch extern abgelegt werden \u2013 in diesem Fall muss der Nachweis ebenfalls bis sp\u00e4testens Ende Juni vorliegen.<\/p>\n<p><span data-olk-copy-source=\"MessageBody\">Bei Fragen zu den Zusatzpr\u00fcfungen wenden Sie sich bitte an \u00a0<\/span><a title=\"mailto:sbl@fh-joanneum.at\" href=\"mailto:sbl@fh-joanneum.at\" data-linkindex=\"2\">sbl@fh-joanneum.at<\/a>\u00a0oder\u00a0<a title=\"tel:+4331654538846\" href=\"tel:+4331654538846\" data-auth=\"NotApplicable\" data-linkindex=\"3\">+43 316 5453 \u2013 8846<\/a>. Voraussetzung f\u00fcr den Antritt zu einer Zusatzpr\u00fcfung ist eine Bewerbung.<\/p>\n\n                                    <\/div>\n                                <\/div>\n                                                                                            <div class=\"accordion-element-accordion\">\n                                    <a\n                                        data-bs-toggle=\"collapse\"\n                                        class=\"arrow-link large-arrow py-3 pe-1 d-block border-bottom collapsed\"\n                                        href=\"#accordion-1663165038\"\n                                    >\n                                        <h4\n                                            class=\"accordion-title mb-0 d-flex align-items-center justify-content-between\">\n                                            <span>Einstieg in das Sommersemester<\/span>\n                                            <svg width=\"12\" height=\"24\" viewBox=\"0 0 9 15\" fill=\"none\" xmlns=\"http:\/\/www.w3.org\/2000\/svg\">\n<path id=\"accordion_chevron\" d=\"M1.5 1.5L7.5 7.5L1.5 13.5\" stroke=\"currentColor\" stroke-width=\"1.5\" stroke-linecap=\"round\"\/>\n<\/svg>                                            <\/h5>\n                                    <\/a>\n                                    <div\n                                        class=\"collapse content-wrapper mt-4\"\n                                        id=\"accordion-1663165038\"\n                                    >\n                                        <p class=\"x_MsoNormal\"><span data-olk-copy-source=\"MessageBody\">Studieninteressierte k\u00f6nnen sich laufend f\u00fcr einen Quereinstieg bewerben. Alle notwendigen Unterlagen (inklusive der Zusatzpr\u00fcfungen) m\u00fcssen bis sp\u00e4testens Ende November vorgelegt werden, ansonsten verschiebt sich der Einstieg um ein weiteres Semester. Sollten Sie eine Zusatzpr\u00fcfung an der FH JOANNEUM absolvieren wollen, so ist eine Bewerbung bis sp\u00e4testens Ende Juli notwendig, da die Pr\u00fcfungen im September stattfinden.<br \/>\nDie Zusatzpr\u00fcfungen k\u00f6nnen auch vor Studienbeginn innerhalb des 2-semestrigen Studienbef\u00e4higungslehrgangs absolviert werden.<\/span><\/p>\n<p class=\"x_MsoNormal\">Wichtig: Zusatzpr\u00fcfungen k\u00f6nnen auch extern abgelegt werden \u2013 in diesem Fall muss der Nachweis ebenfalls bis sp\u00e4testens Ende November vorliegen.<\/p>\n<p><span data-olk-copy-source=\"MessageBody\">Bei Fragen zu den Zusatzpr\u00fcfungen wenden Sie sich bitte an \u00a0<\/span><a title=\"mailto:sbl@fh-joanneum.at\" href=\"mailto:sbl@fh-joanneum.at\" data-linkindex=\"2\">sbl@fh-joanneum.at<\/a>\u00a0oder\u00a0<a title=\"tel:+4331654538846\" href=\"tel:+4331654538846\" data-auth=\"NotApplicable\" data-linkindex=\"3\">+43 316 5453 \u2013 8846<\/a>. Voraussetzung f\u00fcr den Antritt zu einer Zusatzpr\u00fcfung ist eine Bewerbung.<\/p>\n\n                                    <\/div>\n                                <\/div>\n                                                                        <\/div>\n                                    <\/div>\n    <\/div>\n<\/div>\n\n\n<div id=\"\" class=\"wp-block-text-content margin-bottom-normal\">\n    <div class=\"container-lg\">\n        <div class=\"row\">\n            <div class=\"col\">\n                <h4>Bewerbungsunterlagen:<\/h4>\n<ul>\n<li>Auszug aus dem Gesundheitsberuferegister<\/li>\n<li>Bewerbungsschreiben, signiert<\/li>\n<li>Lebenslauf, signiert<\/li>\n<li>Reifepr&uuml;fungszeugnis und Abschlussklassenzeugnis einer facheinschl&auml;gigen AHS oder BHS<\/li>\n<li>Abschlussklassenzeugnisse Ihrer PFA-Ausbildung<\/li>\n<li>Praktikumsnachweise Ihrer PFA-Ausbildung<\/li>\n<li>Staatsb&uuml;rgerschaftsnachweis oder eine Kopie des Reisepasses<\/li>\n<li><a href=\"https:\/\/cdn3.fh-joanneum.at\/media\/sites\/62\/2025\/10\/FO-Antrag-auf-Quereinstieg-bzw.-Wiedereinstieg-in-ein-hoeheres-Semester-Deutsch.pdf\" target=\"_blank\" rel=\"noopener noreferrer\">Antrag auf Quereinstieg<\/a><\/li>\n<\/ul>\n<p>Bitte senden Sie Ihre Bewerbungsunterlagen unter dem Betreff <strong>&bdquo;Quereinstieg PFA&ldquo;<\/strong> an <a href=\"mailto:Quereinstieg-guk@fh-joanneum.at\">Quereinstieg-guk@fh-joanneum.at<\/a>.<\/p>\n<p>Im Anschluss werden Ihre Unterlagen gepr&uuml;ft. Wenn Ihre Bewerbung vollst&auml;ndig ist und Sie die Zugangsvoraussetzungen erf&uuml;llen, werden Sie zum Aufnahmeverfahren f&uuml;r PFA eingeladen.<\/p>\n\n            <\/div>\n        <\/div>\n            <\/div>\n<\/div>\n","protected":false},"excerpt":{"rendered":"<p>Mit Ihrer Ausbildung als Pflegefachassistenz k\u00f6nnen Sie in das 3. Semester des Bachelorstudiengangs \u201eGesundheits- und Krankenpflege\u201c einsteigen. <\/p>\n","protected":false},"author":11,"featured_media":0,"parent":10000010,"menu_order":41,"comment_status":"closed","ping_status":"closed","template":"","meta":{"_acf_changed":false,"footnotes":""},"acf":[],"aioseo_notices":[],"_links":{"self":[{"href":"https:\/\/www.fh-joanneum.at\/gesundheits-und-krankenpflege\/bachelor\/wp-json\/wp\/v2\/pages\/10000380"}],"collection":[{"href":"https:\/\/www.fh-joanneum.at\/gesundheits-und-krankenpflege\/bachelor\/wp-json\/wp\/v2\/pages"}],"about":[{"href":"https:\/\/www.fh-joanneum.at\/gesundheits-und-krankenpflege\/bachelor\/wp-json\/wp\/v2\/types\/page"}],"author":[{"embeddable":true,"href":"https:\/\/www.fh-joanneum.at\/gesundheits-und-krankenpflege\/bachelor\/wp-json\/wp\/v2\/users\/11"}],"replies":[{"embeddable":true,"href":"https:\/\/www.fh-joanneum.at\/gesundheits-und-krankenpflege\/bachelor\/wp-json\/wp\/v2\/comments?post=10000380"}],"version-history":[{"count":5,"href":"https:\/\/www.fh-joanneum.at\/gesundheits-und-krankenpflege\/bachelor\/wp-json\/wp\/v2\/pages\/10000380\/revisions"}],"predecessor-version":[{"id":10001008,"href":"https:\/\/www.fh-joanneum.at\/gesundheits-und-krankenpflege\/bachelor\/wp-json\/wp\/v2\/pages\/10000380\/revisions\/10001008"}],"up":[{"embeddable":true,"href":"https:\/\/www.fh-joanneum.at\/gesundheits-und-krankenpflege\/bachelor\/wp-json\/wp\/v2\/pages\/10000010"}],"wp:attachment":[{"href":"https:\/\/www.fh-joanneum.at\/gesundheits-und-krankenpflege\/bachelor\/wp-json\/wp\/v2\/media?parent=10000380"}],"curies":[{"name":"wp","href":"https:\/\/api.w.org\/{rel}","templated":true}]}}