{"id":10000375,"date":"2015-08-10T12:56:07","date_gmt":"2015-08-10T10:56:07","guid":{"rendered":"https:\/\/www.fh-joanneum.at\/gesundheitsinformatik\/bachelor\/?page_id=375"},"modified":"2022-02-03T13:18:11","modified_gmt":"2022-02-03T11:18:11","slug":"studienabschluss","status":"publish","type":"page","link":"https:\/\/www.fh-joanneum.at\/gesundheitsinformatik\/bachelor\/im-studium\/studienabschluss\/","title":{"rendered":"Studienabschluss"},"content":{"rendered":"<div id=\"\" class=\"wp-block-text-content margin-bottom-none\">\n    <div class=\"container-lg\">\n        <div class=\"row\">\n            <div class=\"col\">\n                <div class=\"module-migration-headline\">\n<h3>Voraussetzungen f&uuml;r den Studienabschluss<\/h3>\n<\/div>\n\n            <\/div>\n        <\/div>\n            <\/div>\n<\/div>\n\n<div id=\"\" class=\"wp-block-text-content margin-bottom-normal\">\n    <div class=\"container-lg\">\n        <div class=\"row\">\n            <div class=\"col\">\n                <p>Um das Studium erfolgreich abzuschlie&szlig;en, m&uuml;ssen Sie:<\/p>\n<ul>\n<li>alle Lehrveranstaltungen und das Pflichtpraktikum positiv absolvieren<\/li>\n<li>eine Bachelorarbeit verfassen, die beide positiv bewertet werden muss<\/li>\n<li>die kommissionelle Bachelorpr&uuml;fung positiv ablegen<\/li>\n<\/ul>\n<p>Ihr Titel nach dem Studienabschluss lautet &bdquo;Bachelor of Science in Engineering (BSc)&ldquo;.<\/p>\n\n            <\/div>\n        <\/div>\n            <\/div>\n<\/div>\n\n<div id=\"\" class=\"wp-block-text-content margin-bottom-none\">\n    <div class=\"container-lg\">\n        <div class=\"row\">\n            <div class=\"col\">\n                <div class=\"module-migration-headline\">\n<h4>Bachelorarbeit<\/h4>\n<\/div>\n\n            <\/div>\n        <\/div>\n            <\/div>\n<\/div>\n\n<div id=\"\" class=\"wp-block-text-content margin-bottom-normal\">\n    <div class=\"container-lg\">\n        <div class=\"row\">\n            <div class=\"col\">\n                <p>Durch die Bachelorarbeit wird festgestellt, ob die Studierenden in der Lage sind, innerhalb einer vorgegebenen Frist ein Problem aus einem Fachbereich zu bearbeiten und sachgerecht darzustellen. Im Bachelorstudium &bdquo;Gesundheitsinformatik \/ eHealth&ldquo; ist eine schriftliche Arbeit im sechsten Semester zu erstellen.<\/p>\n<p>Die Studierenden k&ouml;nnen selbst das Thema f&uuml;r ihre Bachelorarbeit vorschlagen oder aus einem Pool interner Forschungsthemen w&auml;hlen. Wir empfehlen, den Themenschwerpunkt der Bachelorarbeit auf das Berufspraktikum abzustimmen. Die Arbeit kann auch in Zusammenarbeit mit Unternehmen, Partnern aus der Wirtschaft oder mit Gesundheitseinrichtungen verfasst werden. Wir erhalten regelm&auml;&szlig;ig interessante Themenstellungen von unseren Partnern, die wir an die Studierenden weiterleiten. <\/p>\n<p>In der Lehrveranstaltung &bdquo;Theorien und Methoden des wissenschaftlichen Arbeitens&ldquo; k&ouml;nnen sich die Studierenden im f&uuml;nften Semester auf ihre Bachelorarbeit vorbereiten. Im Rahmen eines Seminars im sechsten Semester unterst&uuml;tzen wir sie beim Verfassen ihrer Bachelorarbeit. <\/p>\n\n            <\/div>\n        <\/div>\n            <\/div>\n<\/div>\n\n<div id=\"\" class=\"wp-block-text-content margin-bottom-none\">\n    <div class=\"container-lg\">\n        <div class=\"row\">\n            <div class=\"col\">\n                <div class=\"module-migration-headline\">\n<h4>Bachelorpr&uuml;fung<\/h4>\n<\/div>\n\n            <\/div>\n        <\/div>\n            <\/div>\n<\/div>\n\n<div id=\"\" class=\"wp-block-text-content margin-bottom-normal\">\n    <div class=\"container-lg\">\n        <div class=\"row\">\n            <div class=\"col\">\n                <p><strong>Fr&uuml;htermin:<\/strong> Ende des sechsten Sommersemesters, in der Regel Anfang Juli <br>\n<strong>Haupttermin:<\/strong> vor Start des Wintersemesters, in der Regel im September <br>\n<strong>Sp&auml;ttermin:<\/strong> im Februar des darauffolgenden Jahres<\/p>\n<p>Die Pr&uuml;fung wird vor einer Kommission abgelegt und umfasst drei Teile:<\/p>\n<ul>\n<li>die Pr&auml;sentation der Bachelorarbeit in Englisch und ein Pr&uuml;fungsgespr&auml;ch &uuml;ber die Bachelorarbeit in Deutsch<\/li>\n<li>eine Pr&uuml;fung &uuml;ber ein Fachgebiet<\/li>\n<li>eine Pr&uuml;fung &uuml;ber ein zweites Fachgebiet <\/li>\n<\/ul>\n\n            <\/div>\n        <\/div>\n            <\/div>\n<\/div>\n\n<div id=\"\" class=\"wp-block-text-content margin-bottom-none\">\n    <div class=\"container-lg\">\n        <div class=\"row\">\n            <div class=\"col\">\n                <div class=\"module-migration-headline\">\n<h3>Nach dem Bachelorabschluss<\/h3>\n<\/div>\n\n            <\/div>\n        <\/div>\n            <\/div>\n<\/div>\n\n<div id=\"\" class=\"wp-block-text-content margin-bottom-normal\">\n    <div class=\"container-lg\">\n        <div class=\"row\">\n            <div class=\"col\">\n                <p>Neben dem sofortigen Berufseinstieg kann an das Bachelorstudium das Masterstudium <a href=\"https:\/\/fh-joanneum.at\/ehealth\/master\/\">&bdquo;eHealth&ldquo;<\/a> angeschlossen werden. Die Vorteile dabei sind:<\/p>\n<ul>\n<li>Im Masterstudium erweitern und vertiefen unsere Studierenden ihre Kenntnisse und F&auml;higkeiten.<\/li>\n<li>Mit dem Masterabschluss ergeben sich noch bessere Berufs- und Karrierechancen, wie auch die M&ouml;glichkeit innerhalb kurzer Zeit, F&uuml;hrungsaufgaben zu &uuml;bernehmen.<\/li>\n<li>Nach dem Masterstudium kann an vielen Universit&auml;ten ein Doktoratsstudium absolviert werden.<\/li>\n<li>Die berufserm&ouml;glichende Organisationsform erm&ouml;glicht den Studierenden neben dem Studium einer Teilbesch&auml;ftigung nachzugehen.<\/li>\n<\/ul>\n\n            <\/div>\n        <\/div>\n            <\/div>\n<\/div>\n\n","protected":false},"excerpt":{"rendered":"<p>Mit Ihrem Abschluss legen Sie den Grundstein f\u00fcr Ihre berufliche Zukunft. Welche Voraussetzungen Sie f\u00fcr den erfolgreichen Abschluss Ihres Studiums ben\u00f6tigen und alles, was Sie sonst noch wissen sollten, verraten wir Ihnen hier.<\/p>\n","protected":false},"author":12,"featured_media":0,"parent":10000339,"menu_order":91,"comment_status":"closed","ping_status":"closed","template":"","meta":{"_acf_changed":false,"footnotes":""},"acf":[],"aioseo_notices":[],"_links":{"self":[{"href":"https:\/\/www.fh-joanneum.at\/gesundheitsinformatik\/bachelor\/wp-json\/wp\/v2\/pages\/10000375"}],"collection":[{"href":"https:\/\/www.fh-joanneum.at\/gesundheitsinformatik\/bachelor\/wp-json\/wp\/v2\/pages"}],"about":[{"href":"https:\/\/www.fh-joanneum.at\/gesundheitsinformatik\/bachelor\/wp-json\/wp\/v2\/types\/page"}],"author":[{"embeddable":true,"href":"https:\/\/www.fh-joanneum.at\/gesundheitsinformatik\/bachelor\/wp-json\/wp\/v2\/users\/12"}],"replies":[{"embeddable":true,"href":"https:\/\/www.fh-joanneum.at\/gesundheitsinformatik\/bachelor\/wp-json\/wp\/v2\/comments?post=10000375"}],"version-history":[{"count":0,"href":"https:\/\/www.fh-joanneum.at\/gesundheitsinformatik\/bachelor\/wp-json\/wp\/v2\/pages\/10000375\/revisions"}],"up":[{"embeddable":true,"href":"https:\/\/www.fh-joanneum.at\/gesundheitsinformatik\/bachelor\/wp-json\/wp\/v2\/pages\/10000339"}],"wp:attachment":[{"href":"https:\/\/www.fh-joanneum.at\/gesundheitsinformatik\/bachelor\/wp-json\/wp\/v2\/media?parent=10000375"}],"curies":[{"name":"wp","href":"https:\/\/api.w.org\/{rel}","templated":true}]}}