{"id":10000796,"date":"2022-02-03T14:15:10","date_gmt":"2022-02-03T12:15:10","guid":{"rendered":"https:\/\/www.fh-joanneum.at\/gesundheitsinformatik\/bachelor\/?page_id=796"},"modified":"2025-09-03T17:24:25","modified_gmt":"2025-09-03T15:24:25","slug":"kooperation-mit-kolaido","status":"publish","type":"page","link":"https:\/\/www.fh-joanneum.at\/gesundheitsinformatik\/bachelor\/im-studium\/ehealth-unternehmen\/kooperation-mit-kolaido\/","title":{"rendered":"Kooperation mit KOLAIDO"},"content":{"rendered":"<div id=\"\" class=\"wp-block-text-content margin-bottom-normal\">\n    <div class=\"container-lg\">\n        <div class=\"row\">\n            <div class=\"col\">\n                <h4>&Uuml;ber KOLAIDO<\/h4>\n<p><a href=\"https:\/\/www.kolaido.com\/\" target=\"_blank\" rel=\"noopener noreferrer\"><strong>KOLAIDO<\/strong><\/a> ist ein junges DeepTech Unternehmen, das sich auf <strong>KI-gest&uuml;tzte Bildanalyse<\/strong> in der biomedizinischen Forschung spezialisiert hat. Mit unserer <strong>IKOSA<\/strong> Plattform unterst&uuml;tzen wir Forschungsteams in akademischen Organisationen und Unternehmen bei der <strong>automatisierten Auswertung<\/strong> mikroskopischer Bilddaten. Die <strong>Einsatzgebiete sind vielf&auml;ltig<\/strong> und reichen von der Wirkstoff- und Biomaterialforschung bis hin zu spezialisierten Fragestellungen in der Krebsforschung.<\/p>\n\n            <\/div>\n        <\/div>\n            <\/div>\n<\/div>\n\n\n<div\n    id=\"\"\n    class=\"wp-block-content-image margin-bottom-normal\"\n>\n    <div class=\"container-lg\">\n        <div class=\"row\">\n            <div class=\"col-12\">\n                <div  x-data=\"{ modal: false }\" >\n\n                    <div class=\"image-wrapper\">\n                        <picture>\n                        <source\n                media=\"(max-width: 576px)\"\n                srcset=\"https:\/\/cdn3.fh-joanneum.at\/media\/sites\/3\/2025\/09\/1-IKOSA-Webpres-Joanneum-576x324.png, https:\/\/cdn3.fh-joanneum.at\/media\/sites\/3\/2025\/09\/1-IKOSA-Webpres-Joanneum-768x432.png 2x\"\n            \/>\n                    <source\n                media=\"(max-width: 768px)\"\n                srcset=\"https:\/\/cdn3.fh-joanneum.at\/media\/sites\/3\/2025\/09\/1-IKOSA-Webpres-Joanneum-768x432.png, https:\/\/cdn3.fh-joanneum.at\/media\/sites\/3\/2025\/09\/1-IKOSA-Webpres-Joanneum-1024x576.png 2x\"\n            \/>\n                    <source\n                media=\"(max-width: 1024px)\"\n                srcset=\"https:\/\/cdn3.fh-joanneum.at\/media\/sites\/3\/2025\/09\/1-IKOSA-Webpres-Joanneum-1024x576.png, https:\/\/cdn3.fh-joanneum.at\/media\/sites\/3\/2025\/09\/1-IKOSA-Webpres-Joanneum-1536x864.png 2x\"\n            \/>\n                    <source\n                media=\"(max-width: 1536px)\"\n                srcset=\"https:\/\/cdn3.fh-joanneum.at\/media\/sites\/3\/2025\/09\/1-IKOSA-Webpres-Joanneum-1536x864.png, https:\/\/cdn3.fh-joanneum.at\/media\/sites\/3\/2025\/09\/1-IKOSA-Webpres-Joanneum.png 2x\"\n            \/>\n                    <source\n                media=\"(max-width: 1920px)\"\n                srcset=\"https:\/\/cdn3.fh-joanneum.at\/media\/sites\/3\/2025\/09\/1-IKOSA-Webpres-Joanneum.png, https:\/\/cdn3.fh-joanneum.at\/media\/sites\/3\/2025\/09\/1-IKOSA-Webpres-Joanneum.png 2x\"\n            \/>\n                <img decoding=\"async\"\n        class=\"img-fluid @if ($image_credit || $media_subtitle) mb-2 @endif @if ($lightbox) modal-trigger @endif\" @click=\"modal = !modal\" aria-expanded=\"false\"\n        src=\"https:\/\/cdn3.fh-joanneum.at\/media\/sites\/3\/2025\/09\/1-IKOSA-Webpres-Joanneum.png\"\n        alt=\"\"\n        title=\"\"\n         loading=\"lazy\"             >\n<\/picture>\n\n                                                    <p class=\"text-muted fst-italic\">Photo: \u00a9 KOLAIDO GmbH<\/p>\n                                                                    <\/div>\n\n                                            <div\n                            class=\"modal-wrapper\"\n                            :class=\"{ 'active': modal }\"\n                        >\n                            <div\n                                class=\"backdrop\"\n                                x-show.transition.opacity.duration.600ms=\"modal\"\n                                @click=\"modal = false\"\n                                style=\"display: none;\"\n                            ><\/div>\n                            <button\n                                class=\"close-btn\"\n                                @click=\"modal = false\"\n                            >\n                                <svg class=\"fill\" id=\"icon-close\" viewBox=\"0 0 512 512\" xmlns=\"http:\/\/www.w3.org\/2000\/svg\">\n  <path d=\"m308 256l193-194c15-14 15-37 0-51-14-15-37-15-51 0l-194 193-194-193c-14-15-37-15-51 0-15 14-15 37 0 51l193 194-193 194c-15 14-15 37 0 51 7 7 16 11 26 11 9 0 18-4 25-11l194-193 194 193c7 7 16 11 25 11 10 0 19-4 26-11 15-14 15-37 0-51z\"\/>\n<\/svg>                            <\/button>\n                            <div class=\"modal-panel\">\n                                <picture>\n                        <source\n                media=\"(max-width: 576px)\"\n                srcset=\"https:\/\/cdn3.fh-joanneum.at\/media\/sites\/3\/2025\/09\/1-IKOSA-Webpres-Joanneum-576x324.png, https:\/\/cdn3.fh-joanneum.at\/media\/sites\/3\/2025\/09\/1-IKOSA-Webpres-Joanneum-768x432.png 2x\"\n            \/>\n                    <source\n                media=\"(max-width: 768px)\"\n                srcset=\"https:\/\/cdn3.fh-joanneum.at\/media\/sites\/3\/2025\/09\/1-IKOSA-Webpres-Joanneum-768x432.png, https:\/\/cdn3.fh-joanneum.at\/media\/sites\/3\/2025\/09\/1-IKOSA-Webpres-Joanneum-1024x576.png 2x\"\n            \/>\n                    <source\n                media=\"(max-width: 1024px)\"\n                srcset=\"https:\/\/cdn3.fh-joanneum.at\/media\/sites\/3\/2025\/09\/1-IKOSA-Webpres-Joanneum-1024x576.png, https:\/\/cdn3.fh-joanneum.at\/media\/sites\/3\/2025\/09\/1-IKOSA-Webpres-Joanneum-1536x864.png 2x\"\n            \/>\n                    <source\n                media=\"(max-width: 1536px)\"\n                srcset=\"https:\/\/cdn3.fh-joanneum.at\/media\/sites\/3\/2025\/09\/1-IKOSA-Webpres-Joanneum-1536x864.png, https:\/\/cdn3.fh-joanneum.at\/media\/sites\/3\/2025\/09\/1-IKOSA-Webpres-Joanneum.png 2x\"\n            \/>\n                    <source\n                media=\"(max-width: 1920px)\"\n                srcset=\"https:\/\/cdn3.fh-joanneum.at\/media\/sites\/3\/2025\/09\/1-IKOSA-Webpres-Joanneum.png, https:\/\/cdn3.fh-joanneum.at\/media\/sites\/3\/2025\/09\/1-IKOSA-Webpres-Joanneum.png 2x\"\n            \/>\n                <img decoding=\"async\"\n        class=\"img-fluid\"\n        src=\"https:\/\/cdn3.fh-joanneum.at\/media\/sites\/3\/2025\/09\/1-IKOSA-Webpres-Joanneum.png\"\n        alt=\"\"\n        title=\"\"\n         loading=\"lazy\"             >\n<\/picture>\n\n                            <\/div>\n                        <\/div>\n                                    <\/div>\n\n            <\/div>\n        <\/div>\n    <\/div>\n<\/div>\n\n\n<div id=\"\" class=\"wp-block-text-content margin-bottom-normal\">\n    <div class=\"container-lg\">\n        <div class=\"row\">\n            <div class=\"col\">\n                <h4>Unsere Plattform: IKOSA<\/h4>\n<p><strong>IKOSA<\/strong> ist eine intuitive, webbasierte Plattform f&uuml;r die <strong>automatisierte Bildanalyse<\/strong>. Sie bietet modernste Tools zur Quantifizierung, Segmentierung und Klassifizierung biologischer Bilddaten unterst&uuml;tzt durch <strong>K&uuml;nstliche Intelligenz<\/strong>. Nutzer k&ouml;nnen auf <strong>ready-to-use Applikationen<\/strong> zur&uuml;ckgreifen oder <strong>eigene KI-Modelle trainieren<\/strong>, ganz ohne Programmierkenntnisse.<\/p>\n<p>Mehr zur Plattform: <a href=\"https:\/\/app.ikosa.ai\/\" target=\"_blank\" rel=\"noopener noreferrer\">https:\/\/app.ikosa.ai\/<\/a><\/p>\n\n            <\/div>\n        <\/div>\n            <\/div>\n<\/div>\n\n\n<div\n    id=\"\"\n    class=\"wp-block-content-image margin-bottom-normal\"\n>\n    <div class=\"container-lg\">\n        <div class=\"row\">\n            <div class=\"col-12\">\n                <div  x-data=\"{ modal: false }\" >\n\n                    <div class=\"image-wrapper\">\n                        <picture>\n                        <source\n                media=\"(max-width: 576px)\"\n                srcset=\"https:\/\/cdn3.fh-joanneum.at\/media\/sites\/3\/2025\/09\/2-IKOSA-Webpres-Joanneum-576x324.png, https:\/\/cdn3.fh-joanneum.at\/media\/sites\/3\/2025\/09\/2-IKOSA-Webpres-Joanneum-768x432.png 2x\"\n            \/>\n                    <source\n                media=\"(max-width: 768px)\"\n                srcset=\"https:\/\/cdn3.fh-joanneum.at\/media\/sites\/3\/2025\/09\/2-IKOSA-Webpres-Joanneum-768x432.png, https:\/\/cdn3.fh-joanneum.at\/media\/sites\/3\/2025\/09\/2-IKOSA-Webpres-Joanneum-1024x576.png 2x\"\n            \/>\n                    <source\n                media=\"(max-width: 1024px)\"\n                srcset=\"https:\/\/cdn3.fh-joanneum.at\/media\/sites\/3\/2025\/09\/2-IKOSA-Webpres-Joanneum-1024x576.png, https:\/\/cdn3.fh-joanneum.at\/media\/sites\/3\/2025\/09\/2-IKOSA-Webpres-Joanneum-1536x864.png 2x\"\n            \/>\n                    <source\n                media=\"(max-width: 1536px)\"\n                srcset=\"https:\/\/cdn3.fh-joanneum.at\/media\/sites\/3\/2025\/09\/2-IKOSA-Webpres-Joanneum-1536x864.png, https:\/\/cdn3.fh-joanneum.at\/media\/sites\/3\/2025\/09\/2-IKOSA-Webpres-Joanneum-2048x1152.png 2x\"\n            \/>\n                    <source\n                media=\"(max-width: 2048px)\"\n                srcset=\"https:\/\/cdn3.fh-joanneum.at\/media\/sites\/3\/2025\/09\/2-IKOSA-Webpres-Joanneum-2048x1152.png, https:\/\/cdn3.fh-joanneum.at\/media\/sites\/3\/2025\/09\/2-IKOSA-Webpres-Joanneum.png 2x\"\n            \/>\n                <img decoding=\"async\"\n        class=\"img-fluid @if ($image_credit || $media_subtitle) mb-2 @endif @if ($lightbox) modal-trigger @endif\" @click=\"modal = !modal\" aria-expanded=\"false\"\n        src=\"https:\/\/cdn3.fh-joanneum.at\/media\/sites\/3\/2025\/09\/2-IKOSA-Webpres-Joanneum.png\"\n        alt=\"\"\n        title=\"\"\n         loading=\"lazy\"             >\n<\/picture>\n\n                                                    <p class=\"text-muted fst-italic\">Photo: \u00a9 KOLAIDO GmbH<\/p>\n                                                                    <\/div>\n\n                                            <div\n                            class=\"modal-wrapper\"\n                            :class=\"{ 'active': modal }\"\n                        >\n                            <div\n                                class=\"backdrop\"\n                                x-show.transition.opacity.duration.600ms=\"modal\"\n                                @click=\"modal = false\"\n                                style=\"display: none;\"\n                            ><\/div>\n                            <button\n                                class=\"close-btn\"\n                                @click=\"modal = false\"\n                            >\n                                <svg class=\"fill\" id=\"icon-close\" viewBox=\"0 0 512 512\" xmlns=\"http:\/\/www.w3.org\/2000\/svg\">\n  <path d=\"m308 256l193-194c15-14 15-37 0-51-14-15-37-15-51 0l-194 193-194-193c-14-15-37-15-51 0-15 14-15 37 0 51l193 194-193 194c-15 14-15 37 0 51 7 7 16 11 26 11 9 0 18-4 25-11l194-193 194 193c7 7 16 11 25 11 10 0 19-4 26-11 15-14 15-37 0-51z\"\/>\n<\/svg>                            <\/button>\n                            <div class=\"modal-panel\">\n                                <picture>\n                        <source\n                media=\"(max-width: 576px)\"\n                srcset=\"https:\/\/cdn3.fh-joanneum.at\/media\/sites\/3\/2025\/09\/2-IKOSA-Webpres-Joanneum-576x324.png, https:\/\/cdn3.fh-joanneum.at\/media\/sites\/3\/2025\/09\/2-IKOSA-Webpres-Joanneum-768x432.png 2x\"\n            \/>\n                    <source\n                media=\"(max-width: 768px)\"\n                srcset=\"https:\/\/cdn3.fh-joanneum.at\/media\/sites\/3\/2025\/09\/2-IKOSA-Webpres-Joanneum-768x432.png, https:\/\/cdn3.fh-joanneum.at\/media\/sites\/3\/2025\/09\/2-IKOSA-Webpres-Joanneum-1024x576.png 2x\"\n            \/>\n                    <source\n                media=\"(max-width: 1024px)\"\n                srcset=\"https:\/\/cdn3.fh-joanneum.at\/media\/sites\/3\/2025\/09\/2-IKOSA-Webpres-Joanneum-1024x576.png, https:\/\/cdn3.fh-joanneum.at\/media\/sites\/3\/2025\/09\/2-IKOSA-Webpres-Joanneum-1536x864.png 2x\"\n            \/>\n                    <source\n                media=\"(max-width: 1536px)\"\n                srcset=\"https:\/\/cdn3.fh-joanneum.at\/media\/sites\/3\/2025\/09\/2-IKOSA-Webpres-Joanneum-1536x864.png, https:\/\/cdn3.fh-joanneum.at\/media\/sites\/3\/2025\/09\/2-IKOSA-Webpres-Joanneum-2048x1152.png 2x\"\n            \/>\n                    <source\n                media=\"(max-width: 2048px)\"\n                srcset=\"https:\/\/cdn3.fh-joanneum.at\/media\/sites\/3\/2025\/09\/2-IKOSA-Webpres-Joanneum-2048x1152.png, https:\/\/cdn3.fh-joanneum.at\/media\/sites\/3\/2025\/09\/2-IKOSA-Webpres-Joanneum.png 2x\"\n            \/>\n                <img decoding=\"async\"\n        class=\"img-fluid\"\n        src=\"https:\/\/cdn3.fh-joanneum.at\/media\/sites\/3\/2025\/09\/2-IKOSA-Webpres-Joanneum.png\"\n        alt=\"\"\n        title=\"\"\n         loading=\"lazy\"             >\n<\/picture>\n\n                            <\/div>\n                        <\/div>\n                                    <\/div>\n\n            <\/div>\n        <\/div>\n    <\/div>\n<\/div>\n\n\n<div id=\"\" class=\"wp-block-text-content margin-bottom-normal\">\n    <div class=\"container-lg\">\n        <div class=\"row\">\n            <div class=\"col\">\n                <h4>Angebote f&uuml;r Studierende<\/h4>\n<p>Wir bieten Studierenden spannende M&ouml;glichkeiten, erste Einblicke in ein innovatives DeepTech-Unternehmen zu bekommen:<\/p>\n<ul>\n<li><strong>Praktika<\/strong> in den Bereichen KI, Bildanalyse, Softwareentwicklung oder Marketing<\/li>\n<li><strong>Bachelor- und Masterarbeiten<\/strong> mit individueller Betreuung und Bezug zu echten Projekten<\/li>\n<li><strong>Werkstudentenstellen<\/strong> f&uuml;r Studierende, die langfristig Praxiserfahrung sammeln m&ouml;chten<\/li>\n<\/ul>\n<p>Du arbeitest bei uns in einem offenen, unterst&uuml;tzenden Team und bekommst die Chance, mit modernen Technologien an realen Herausforderungen zu arbeiten.<\/p>\n\n            <\/div>\n        <\/div>\n            <\/div>\n<\/div>\n\n\n<div\n    id=\"\"\n    class=\"wp-block-image-text variant-2 margin-bottom-small\"\n>\n    <div class=\"container-lg\">\n        <div class=\"row align-items-center\">\n            <div\n                class=\"text-col mb-3 mb-md-0 col-12 col-md-5\n         offset-md-1 \">\n                <h5>Pers\u00f6nliche Betreuung und enge Verbindung zur Hochschule<\/h5>\n                <p><strong>KOLAIDO-Gesch\u00e4ftsf\u00fchrer<\/strong> <span style=\"text-decoration: underline;\"><a href=\"https:\/\/at.linkedin.com\/in\/philipp-kainz\">Dr. Philipp Kainz<\/a><\/span> betreut gemeinsam mit seinem Team die Studierenden pers\u00f6nlich. Er ist selbst erfolgreicher Absolvent des Bachelor- und Masterstudiengangs <strong>\u201eeHealth\u201c<\/strong> und kennt daher sowohl die Anforderungen als auch die Chancen, die ein praxisnahes Studium bietet. Durch regelm\u00e4\u00dfige Vortr\u00e4ge an der Fachhochschule und aktiven Know-how-Austausch unterst\u00fctzt er zuk\u00fcnftige Absolvent:innen auf ihrem Weg in die Berufspraxis.<\/p>\n<h4><\/h4>\n\n                            <\/div>\n            <div class=\"img-col col-12 col-md-6 \">\n                <picture>\n                        <source\n                media=\"(max-width: 576px)\"\n                srcset=\"https:\/\/cdn3.fh-joanneum.at\/media\/sites\/3\/2025\/09\/Philipp_Kainz-576x288.jpg, https:\/\/cdn3.fh-joanneum.at\/media\/sites\/3\/2025\/09\/Philipp_Kainz-768x384.jpg 2x\"\n            \/>\n                    <source\n                media=\"(max-width: 768px)\"\n                srcset=\"https:\/\/cdn3.fh-joanneum.at\/media\/sites\/3\/2025\/09\/Philipp_Kainz-768x384.jpg, https:\/\/cdn3.fh-joanneum.at\/media\/sites\/3\/2025\/09\/Philipp_Kainz-1024x512.jpg 2x\"\n            \/>\n                    <source\n                media=\"(max-width: 1024px)\"\n                srcset=\"https:\/\/cdn3.fh-joanneum.at\/media\/sites\/3\/2025\/09\/Philipp_Kainz-1024x512.jpg, https:\/\/cdn3.fh-joanneum.at\/media\/sites\/3\/2025\/09\/Philipp_Kainz-1536x768.jpg 2x\"\n            \/>\n                    <source\n                media=\"(max-width: 1536px)\"\n                srcset=\"https:\/\/cdn3.fh-joanneum.at\/media\/sites\/3\/2025\/09\/Philipp_Kainz-1536x768.jpg, https:\/\/cdn3.fh-joanneum.at\/media\/sites\/3\/2025\/09\/Philipp_Kainz-2048x1024.jpg 2x\"\n            \/>\n                    <source\n                media=\"(max-width: 2048px)\"\n                srcset=\"https:\/\/cdn3.fh-joanneum.at\/media\/sites\/3\/2025\/09\/Philipp_Kainz-2048x1024.jpg, https:\/\/cdn3.fh-joanneum.at\/media\/sites\/3\/2025\/09\/Philipp_Kainz-scaled.jpg 2x\"\n            \/>\n                <img decoding=\"async\"\n        class=\"img-fluid\" size=\"full\"\n        src=\"https:\/\/cdn3.fh-joanneum.at\/media\/sites\/3\/2025\/09\/Philipp_Kainz-scaled.jpg\"\n        alt=\"\"\n        title=\"\"\n         loading=\"lazy\"             >\n<\/picture>\n\n            <\/div>\n        <\/div>\n    <\/div>\n<\/div>\n\n\n<div id=\"\" class=\"wp-block-text-content margin-bottom-normal\">\n    <div class=\"container-lg\">\n        <div class=\"row\">\n            <div class=\"col\">\n                <h4>Deine Chancen bei KOLAIDO<\/h4>\n<p>Als wachsendes Unternehmen mit flachen Hierarchien und viel Gestaltungsspielraum bieten wir ideale Bedingungen f&uuml;r Pers&ouml;nlichkeitsentwicklung und Mitgestaltung. Wir f&ouml;rdern Eigeninitiative, kreative Ideen und eigenverantwortliches Arbeiten &ndash; ganz gleich, ob du am Anfang deiner Karriere stehst oder bereits Erfahrung mitbringst.<\/p>\n<p>&nbsp;<\/p>\n<h4>Melde dich gerne bei uns<\/h4>\n<p>&#127760; <a href=\"http:\/\/www.kolaido.com\" target=\"_blank\" rel=\"noopener noreferrer\">www.kolaido.com<\/a><\/p>\n<p>&#128233; <a href=\"mailto:office@kolaido.com\">office@kolaido.com<\/a><\/p>\n<p>Wir freuen uns auf den Austausch mit dir!<\/p>\n\n            <\/div>\n        <\/div>\n            <\/div>\n<\/div>\n\n\n<div id=\"\" class=\"wp-block-text-content margin-bottom-normal\">\n    <div class=\"container-lg\">\n        <div class=\"row\">\n            <div class=\"col\">\n                \n            <\/div>\n        <\/div>\n            <\/div>\n<\/div>\n\n\n<div id=\"\" class=\"wp-block-text-content margin-bottom-normal\">\n    <div class=\"container-lg\">\n        <div class=\"row\">\n            <div class=\"col\">\n                \n            <\/div>\n        <\/div>\n            <\/div>\n<\/div>\n","protected":false},"excerpt":{"rendered":"<p>KOLAIDO ist ein DeepTech-Unternehmen mit Fokus auf KI-gest\u00fctzte Bildanalyse. Mit unserer IKOSA Plattform bringen wir modernste Technologie in die biomedizinische Forschung und schaffen praxisnahe Ankn\u00fcpfungspunkte f\u00fcr Kooperation, Anwendung und Innovation.<\/p>\n","protected":false},"author":11,"featured_media":10001663,"parent":10000794,"menu_order":106,"comment_status":"closed","ping_status":"closed","template":"template-absolvent.blade.php","meta":{"_acf_changed":false,"footnotes":""},"acf":[],"aioseo_notices":[],"_links":{"self":[{"href":"https:\/\/www.fh-joanneum.at\/gesundheitsinformatik\/bachelor\/wp-json\/wp\/v2\/pages\/10000796"}],"collection":[{"href":"https:\/\/www.fh-joanneum.at\/gesundheitsinformatik\/bachelor\/wp-json\/wp\/v2\/pages"}],"about":[{"href":"https:\/\/www.fh-joanneum.at\/gesundheitsinformatik\/bachelor\/wp-json\/wp\/v2\/types\/page"}],"author":[{"embeddable":true,"href":"https:\/\/www.fh-joanneum.at\/gesundheitsinformatik\/bachelor\/wp-json\/wp\/v2\/users\/11"}],"replies":[{"embeddable":true,"href":"https:\/\/www.fh-joanneum.at\/gesundheitsinformatik\/bachelor\/wp-json\/wp\/v2\/comments?post=10000796"}],"version-history":[{"count":16,"href":"https:\/\/www.fh-joanneum.at\/gesundheitsinformatik\/bachelor\/wp-json\/wp\/v2\/pages\/10000796\/revisions"}],"predecessor-version":[{"id":10001666,"href":"https:\/\/www.fh-joanneum.at\/gesundheitsinformatik\/bachelor\/wp-json\/wp\/v2\/pages\/10000796\/revisions\/10001666"}],"up":[{"embeddable":true,"href":"https:\/\/www.fh-joanneum.at\/gesundheitsinformatik\/bachelor\/wp-json\/wp\/v2\/pages\/10000794"}],"wp:featuredmedia":[{"embeddable":true,"href":"https:\/\/www.fh-joanneum.at\/gesundheitsinformatik\/bachelor\/wp-json\/wp\/v2\/media\/10001663"}],"wp:attachment":[{"href":"https:\/\/www.fh-joanneum.at\/gesundheitsinformatik\/bachelor\/wp-json\/wp\/v2\/media?parent=10000796"}],"curies":[{"name":"wp","href":"https:\/\/api.w.org\/{rel}","templated":true}]}}