{"id":10001005,"date":"2023-03-24T14:52:01","date_gmt":"2023-03-24T12:52:01","guid":{"rendered":"https:\/\/www.fh-joanneum.at\/gesundheitsinformatik\/bachelor\/?page_id=1005"},"modified":"2023-03-27T10:21:14","modified_gmt":"2023-03-27T08:21:14","slug":"viktoria-hohenbichler-bsc-msc","status":"publish","type":"page","link":"https:\/\/www.fh-joanneum.at\/gesundheitsinformatik\/bachelor\/nach-dem-studium\/absolventinnen-absolventen\/viktoria-hohenbichler-bsc-msc\/","title":{"rendered":"Viktoria Hohenbichler, BSc MSc"},"content":{"rendered":"<div id=\"\" class=\"wp-block-text-content margin-bottom-normal\">\n    <div class=\"container-lg\">\n        <div class=\"row\">\n            <div class=\"col\">\n                <h6>Eckdaten<\/h6>\n<p><strong>Jobbezeichnung:<\/strong> Infrastructure Coordinator e-card (Produkt- und Servicemanagerin)  <br>\n<strong>Unternehmen:<\/strong> <a href=\"https:\/\/www.svc.co.at\" target=\"_blank\" rel=\"noopener noreferrer\">SVC<\/a>  <br>\n<strong>Ich arbeite in:<\/strong> Wien, &Ouml;sterreich  <br>\n<strong>Ich arbeite hier seit:<\/strong> Dezember 2022  <br>\n<a href=\"mailto:Viktoria.hohenbichler@svc.co.at\">Mein Kontakt<\/a><\/p>\n<p><strong>Sie haben Gesundheitsinformatik bzw. eHealth im Bachelor und Master studiert, in welchem Jahrgang waren Sie?<\/strong><\/p>\n<p>Ich war im Jahrgang 2017 des Bachelorstudiums &bdquo;Gesundheitsinformatik \/ eHealth&ldquo; und im Jahrgang 2020 des Masterstudiums &bdquo;eHealth&ldquo;.<\/p>\n<p><strong>Wie hat Ihnen das Studium an der FH JOANNEUM gefallen? Was hat Ihnen besonders gefallen?<\/strong><\/p>\n<p>Besonders das Bachelorstudium hat mir gut gutgefallen. Ich hatte bereits von meinen Eltern ein medizinisches Hintergrundwissen, aber im Studium habe ich viele neue Bestandteile des Gesundheitswesens und dessen Digitalisierung kennen und anwenden gelernt. Das Studium war ein guter Mix aus den verschiedensten Anwendungsbereichen und legte eine stabile, umfangreiche Basis.<\/p>\n<p>Wenn ich an das Studium und meine Zeit an der FH JOANNEUM denke, fallen mir sofort meine T&auml;tigkeiten als Studierendenvertreterin ein. Ich war in den gesamten f&uuml;nf Jahren in der Jahrgangsvertretung t&auml;tig und bin dadurch auch zur &Ouml;H-T&auml;tigkeit gekommen (Vorsitzende der Studienvertretung Informatik, studentisches Mitglied in der Arbeitsgruppe Evaluierung und Kollegium, Hochschulmandatarin, &Ouml;ffentlichkeitsreferentin und 2. stv. Vorsitzende der &ouml;h joanneum). Da bin ich wirklich angekommen und es war das Highlight meiner FH-Zeit. Einer der Gr&uuml;nde f&uuml;r meine f&uuml;nfj&auml;hrige Jahrgangsvertretungsperiode war, dass ich so bei Fragen, Anliegen und Problemen im Studienbetrieb st&auml;ndig im Kontakt mit den Lehrenden und der Studiengangsleitung sein konnte. <\/p>\n<p>Nach dem absolvierten Bachelorstudium bestand f&uuml;r mich kein Zweifel an der Fortsetzung im Master am selben Institut. Die drei Studientage pro Woche waren lang und intensiv, jedoch vergingen die zwei Jahre im Master wie im Flug. <\/p>\n<p><strong>Wie w&uuml;rden Sie das Studium in einem Satz beschreiben?<\/strong><\/p>\n<p>Im Laufe des Studiums lernt man die einzelnen Puzzle-Teile des Gesundheitswesens und die vielf&auml;ltigen Herausforderungen zu verstehen und L&ouml;sungsm&ouml;glichkeiten praxisnah zu entwickeln und anzuwenden.<\/p>\n<p><strong>War es von Anfang an klar, dass Sie etwas in diese Richtung studieren werden? Wof&uuml;r haben Sie sich als Jugendliche interessiert?<\/strong><\/p>\n<p>Da in meiner Familie Medizinberufe stark vertreten sind, war f&uuml;r mich klar, dass ich auch ins Gesundheitswesen m&ouml;chte, jedoch auf keinen Fall Medizin studieren will. Durch eine Beratung auf der BeSt&sup3; in Wien stie&szlig; ich auf das Studium Gesundheitsinformatik in Graz. Ohne &bdquo;Plan B&ldquo; bewarb ich mich bei der FH JOANNEUM und wurde gl&uuml;cklicherweise sofort aufgenommen.<\/p>\n<p><strong>Wie hat Sie das Studium auf Ihren Beruf vorbereitet? Welche F&auml;higkeiten und welches Know-how k&ouml;nnen Sie aus dem Studium mitnehmen?<\/strong><\/p>\n<p>Das breite Wissen &uuml;ber medizinische Standards (HL7, IHE, SNOMED, CDA etc.) konnte ich in meiner T&auml;tigkeit bereits anwenden. Die erworbenen Kompetenzen aus den vielen Projektmanagement-Lehrveranstaltungen helfen mir in meiner Firma bei Projekten zu unterst&uuml;tzen. <\/p>\n<p><strong>Worum geht es in Ihrem aktuellen Job? Was kann man sich genau darunter vorstellen?<\/strong><\/p>\n<p>Infrastructure Coordinator ist eine Firmen-interne Bezeichnung, genauer gesagt bin ich Produkt- und Servicemanagerin f&uuml;r die e-card. Meine Definition vom Studium eHealth ist: &bdquo;Wir sind das Bindeglied zwischen &bdquo;hardcore&ldquo; Medizinproduktentwickler:innen und dem medizinischen Fachpersonal&ldquo;, das spiegelt sich in meiner T&auml;tigkeit bei der SVC ganz gut wider. Als Infrastructure Coordinator bin ich Anlaufstelle f&uuml;r drei interne Teams, aber haupts&auml;chlich Bindeglied zwischen Betrieb der e-card (Infrastructure Services) und den jeweiligen Teams (Business Services).<\/p>\n<p><strong>Wie schaut ein typischer Arbeitsalltag f&uuml;r Sie aus? An welchen Projekten arbeiten Sie zurzeit?<\/strong><\/p>\n<p>Meine T&auml;tigkeit besteht zu einem gro&szlig;en Teil aus Meetings, wo der aktuelle Status von Weiterentwicklungen, Verbesserungspotenzial und Herausforderungen im e-card-System besprochen werden. Dadurch habe ich mit vielen Personen aus anderen Teams zu tun. Derzeit arbeiten wir an der europaweiten elektronischen Verschreibung und Einl&ouml;sung von Medikamenten (ePrescription) und der mobilen Nutzung der e-card am Smartphone, zum Beispiel f&uuml;r die E-Rezept-Einl&ouml;sung f&uuml;r eine andere Person.<\/p>\n<p><strong>Wie hat sich Ihre Karriere durch das Studium ver&auml;ndert?<\/strong><\/p>\n<p>Nach nur sechs Bewerbungen bin ich bei zwei Firmen zum pers&ouml;nlichen Gespr&auml;ch eingeladen worden. Durch den Begriff eHealth bin ich auf den Slogan der SVC &bdquo;SVC designing ehealth&ldquo; gesto&szlig;en. Ohne mein Studium und das Kennenlernen des Begriffs eHealth w&auml;re ich nicht bei der SVC gelandet.<\/p>\n<p><strong>Was gef&auml;llt Ihnen am besten an Ihrem Job? Was ist besonders interessant? Was sind die Herausforderungen in Ihrem Job?<\/strong><\/p>\n<p>Es gef&auml;llt mir, dass ich t&auml;glich mit meinen Kolleg:innen das e-card-System verbessern kann. Da ich erst seit 1. Dezember arbeite, ist es jetzt noch schwierig, den komplexen gewachsenen Aufbau des e-card-Systems zu verstehen. Auf jeden Fall ist es ein interessant zusammenh&auml;ngendes System. Technisch gesehen ist mir vieles noch nicht klar, was manchmal noch herausfordernd und schwierig ist, die Fragen verst&auml;ndlich zu formulieren.<\/p>\n<p><strong>Welche F&auml;higkeiten braucht es in diesem Beruf? Was muss man k&ouml;nnen, um in Ihrem Berufsfeld arbeiten zu k&ouml;nnen?<\/strong><\/p>\n<p>Ganz klar Organisationsf&auml;higkeit, um den &Uuml;berblick &uuml;ber das gesamte System und dessen Auswirkungen zu bewahren und &bdquo;Sitzfleisch&ldquo; f&uuml;r die vielen Meetings. Es ist wichtig, dass man auf die Teams selbstst&auml;ndig zugeht und die &bdquo;Baustellen&ldquo; anspricht, also man darf nicht konfliktscheu sein.<\/p>\n<p><strong>Welche Tipps w&uuml;rden Sie Berufseinsteigerinnen und Berufseinsteiger mitgeben?<\/strong><\/p>\n<p>Nicht aufh&ouml;ren Fragen zu stellen, wenn irgendetwas unklar ist. Am Anfang sind Fehler nat&uuml;rlich, einfach dazu stehen und daraus lernen.<\/p>\n<p><strong>Haben Sie noch Kontakt zu ihren Studienkolleg:innen?<\/strong><\/p>\n<p>Es gibt einige Studienkolleginnen, die zu Freundinnen geworden sind. Zu diesen habe ich noch Kontakt und sie freuen sich sehr mich zu sehen, wenn ich ab und zu in Graz bin.<\/p>\n<p><strong>Was w&uuml;nschen Sie sich f&uuml;r die Zukunft? Was m&ouml;chten Sie beruflich noch erreichen?<\/strong><\/p>\n<p>F&uuml;r die nahe Zukunft bin ich wunschlos gl&uuml;cklich. Da ich aber gut mit &auml;lteren Personen kann, habe ich im Hinterkopf, dass ich mir irgendwann vorstellen kann, ein Seniorenheim zu leiten. Da ist dann aber sicherlich eine weitere Ausbildung neben dem absolvierten Bachelor und Masterstudium notwendig.<\/p>\n<p><strong>Warum w&uuml;rden Sie jungen Maturant:innen empfehlen, &bdquo;eHealth&ldquo; an der FH JOANNEUM zu studieren?<\/strong><br>\neHealth und die Digitalisierung des Gesundheitswesens sind die Zukunft! Besonders in der Corona-Pandemie sah man deutlich, wie wichtig die Digitalisierung besonders im Gesundheitswesen ist.<\/p>\n<p><em>Das Interview mit Viktoria Hohenbichler f&uuml;hrte Robert Mischak, Leiter des Instituts eHealth.<\/em><\/p>\n\n            <\/div>\n        <\/div>\n            <\/div>\n<\/div>\n\n","protected":false},"excerpt":{"rendered":"<p>Viktoria Hohenbichler ist in Wien als Infrastructure Coordinator bei der SVC, der Sozialversicherungs-Chipkarten Betriebs- und Errichtungsges.m.b.H. t\u00e4tig. Im Interview erz\u00e4hlt sie \u00fcber ihr Studium \u201eGesundheitsinformatik\u201c und \u201eeHealth\u201c, ihren Job und was sie sich in Zukunft w\u00fcnscht.<\/p>\n","protected":false},"author":11,"featured_media":10001006,"parent":10000381,"menu_order":47,"comment_status":"closed","ping_status":"closed","template":"template-absolvent.blade.php","meta":{"_acf_changed":false,"footnotes":""},"acf":[],"aioseo_notices":[],"_links":{"self":[{"href":"https:\/\/www.fh-joanneum.at\/gesundheitsinformatik\/bachelor\/wp-json\/wp\/v2\/pages\/10001005"}],"collection":[{"href":"https:\/\/www.fh-joanneum.at\/gesundheitsinformatik\/bachelor\/wp-json\/wp\/v2\/pages"}],"about":[{"href":"https:\/\/www.fh-joanneum.at\/gesundheitsinformatik\/bachelor\/wp-json\/wp\/v2\/types\/page"}],"author":[{"embeddable":true,"href":"https:\/\/www.fh-joanneum.at\/gesundheitsinformatik\/bachelor\/wp-json\/wp\/v2\/users\/11"}],"replies":[{"embeddable":true,"href":"https:\/\/www.fh-joanneum.at\/gesundheitsinformatik\/bachelor\/wp-json\/wp\/v2\/comments?post=10001005"}],"version-history":[{"count":0,"href":"https:\/\/www.fh-joanneum.at\/gesundheitsinformatik\/bachelor\/wp-json\/wp\/v2\/pages\/10001005\/revisions"}],"up":[{"embeddable":true,"href":"https:\/\/www.fh-joanneum.at\/gesundheitsinformatik\/bachelor\/wp-json\/wp\/v2\/pages\/10000381"}],"wp:featuredmedia":[{"embeddable":true,"href":"https:\/\/www.fh-joanneum.at\/gesundheitsinformatik\/bachelor\/wp-json\/wp\/v2\/media\/10001006"}],"wp:attachment":[{"href":"https:\/\/www.fh-joanneum.at\/gesundheitsinformatik\/bachelor\/wp-json\/wp\/v2\/media?parent=10001005"}],"curies":[{"name":"wp","href":"https:\/\/api.w.org\/{rel}","templated":true}]}}