{"id":10000298,"date":"2015-08-11T10:42:40","date_gmt":"2015-08-11T08:42:40","guid":{"rendered":"https:\/\/www.fh-joanneum.at\/gesundheitsmanagement-im-tourismus\/bachelor\/?page_id=298"},"modified":"2025-05-07T12:20:15","modified_gmt":"2025-05-07T10:20:15","slug":"nach-dem-aufnahmeverfahren","status":"publish","type":"page","link":"https:\/\/www.fh-joanneum.at\/gesundheitsmanagement-im-tourismus\/bachelor\/vor-dem-studium\/nach-dem-aufnahmeverfahren\/","title":{"rendered":"Nach dem Aufnahmeverfahren"},"content":{"rendered":"<div id=\"\" class=\"wp-block-text-content margin-bottom-none\">\n    <div class=\"container-lg\">\n        <div class=\"row\">\n            <div class=\"col\">\n                <div class=\"module-migration-headline\">\n<h3>Was passiert nach dem Aufnahmeverfahren?<\/h3>\n<\/div>\n\n            <\/div>\n        <\/div>\n            <\/div>\n<\/div>\n\n\n<div id=\"\" class=\"wp-block-text-content margin-bottom-normal\">\n    <div class=\"container-lg\">\n        <div class=\"row\">\n            <div class=\"col\">\n                <h4>Wie wird das Aufnahmeverfahren ausgewertet?<\/h4>\n<p>Jeder Teil des Aufnahmeverfahrens wird einzeln ausgewertet. Ihr Gesamtergebnis bestimmt, ob Sie als Studierende:r aufgenommen werden.<\/p>\n\n            <\/div>\n        <\/div>\n            <\/div>\n<\/div>\n\n\n<div\n    id=\"\"\n    class=\"wp-block-tipp-box margin-bottom-normal\"\n>\n    <div class=\"container-lg\">\n        <div class=\"row\">\n            <div class=\"col\">\n                <div class=\"tipp-box border border-warning\">\n                    <div class=\"tipp-box-inner p-2 p-md-3\">\n                        <h4 class=\"\">Tipp<\/h4>\n                        <p>Ihr Abschlussklassenzeugnis, die Form Ihrer Bewerbung und berufliche Erfahrungen, die Sie vielleicht schon gemacht haben, z\u00e4hlen ebenso. Sie k\u00f6nnen Ihnen ein kleines Zusatzplus bei der Gesamtbewertung verschaffen. <\/p>\n\n                    <\/div>\n                <\/div>\n            <\/div>\n        <\/div>\n    <\/div>\n<\/div>\n\n\n<div id=\"\" class=\"wp-block-text-content margin-bottom-normal\">\n    <div class=\"container-lg\">\n        <div class=\"row\">\n            <div class=\"col\">\n                <h4>Sind Sie aufgenommen oder nicht?<\/h4>\n<p>Einige Tage nach dem Aufnahmegespr&auml;ch erfahren Sie, ob Sie aufgenommen sind oder nicht bzw. auf die Evidenz- oder Warteliste gesetzt wurden.<\/p>\n<p>Dies gilt f&uuml;r alle Bewerbungstermine. <\/p>\n\n            <\/div>\n        <\/div>\n            <\/div>\n<\/div>\n\n\n\n\n\n\n<div id=\"\" class=\"wp-block-text-content margin-bottom-normal\">\n    <div class=\"container-lg\">\n        <div class=\"row\">\n            <div class=\"col\">\n                <h4>Ich wurde aufgenommen. Wie geht es weiter?<\/h4>\n<p>Gratulation zu Ihrem Studienplatz! Mit der schriftlichen Verst&auml;ndigung &uuml;ber ihre Aufnahme informieren wir Sie auch, was Sie bis zur Einschreibung als Student:in unserer Hochschule beachten m&uuml;ssen.<\/p>\n\n            <\/div>\n        <\/div>\n            <\/div>\n<\/div>\n\n\n<div\n    id=\"\"\n    class=\"wp-block-tipp-box margin-bottom-normal\"\n>\n    <div class=\"container-lg\">\n        <div class=\"row\">\n            <div class=\"col\">\n                <div class=\"tipp-box border border-warning\">\n                    <div class=\"tipp-box-inner p-2 p-md-3\">\n                        <h4 class=\"\">Tipp<\/h4>\n                        <p>Neu in der Stadt? N\u00fctzen Sie die Zeit bis zum Studienbeginn, um sich rechtzeitig \u00fcber Wohnm\u00f6glichkeiten und Campus-Leben am Standort zu informieren. Mehr Details dazu finden Sie auf den Seiten zum <a href=\"https:\/\/www.fh-joanneum.at\/hochschule\/standorte\/graz\/\" title=\"FH JOANNEUM Graz\/\">Campus Graz<\/a>, <a href=\"https:\/\/www.fh-joanneum.at\/hochschule\/standorte\/kapfenberg\/\" title=\"FH JOANNEUM Kapfenberg\">Campus Kapfenberg<\/a> und <a href=\"https:\/\/www.fh-joanneum.at\/hochschule\/standorte\/bad-gleichenberg\/\" title=\"FH JOANNEUM Bad Gleichenberg\">Campus Bad Gleichenberg<\/a>.<\/p>\n\n                    <\/div>\n                <\/div>\n            <\/div>\n        <\/div>\n    <\/div>\n<\/div>\n\n\n<div id=\"\" class=\"wp-block-text-content margin-bottom-normal\">\n    <div class=\"container-lg\">\n        <div class=\"row\">\n            <div class=\"col\">\n                <h4>Ich habe ein Evidenzschreiben erhalten. Was bedeutet das?<\/h4>\n<p>Studieng&auml;nge, die weitere Termine f&uuml;r das Aufnahmeverfahren anbieten, k&ouml;nnen derzeit keine Wartelistenpl&auml;tze vergeben, da sich die Reihung durch einen weiteren Termin noch &auml;ndern kann. Sie haben daher ein Evidenzschreiben erhalten und werden nach dem n&auml;chsten Termin schriftlich dar&uuml;ber informiert, ob Sie einen Studienplatz erhalten oder nicht.<\/p>\n<h4>Ich stehe auf der Warteliste. Was bedeutet das?<\/h4>\n<p>In der Warteliste sind jene Bewerber:innen gereiht, die die Aufnahme nur knapp verfehlt haben. Die Bewerber:innen werden dar&uuml;ber informiert, welchen Rang der Warteliste sie einnehmen. Sind Sie darunter, haben Sie noch immer eine Chance: Nimmt eine:r Aufgenommene:r den Studienplatz nicht in Anspruch, wird er neu vergeben. Die Kandidat:innen von der Warteliste r&uuml;cken nach.<\/p>\n\n            <\/div>\n        <\/div>\n            <\/div>\n<\/div>\n\n\n<div\n    id=\"\"\n    class=\"wp-block-tipp-box margin-bottom-normal\"\n>\n    <div class=\"container-lg\">\n        <div class=\"row\">\n            <div class=\"col\">\n                <div class=\"tipp-box border border-warning\">\n                    <div class=\"tipp-box-inner p-2 p-md-3\">\n                        <h4 class=\"\">Tipp<\/h4>\n                        <p>Bitte seien Sie geduldig, wenn Sie auf der Warteliste stehen. Sollte ein Studienplatz frei werden, werden Sie umgehend telefonisch informiert. Das kann bis zum Ende der ersten Studienwoche der Fall sein.<\/p>\n\n                    <\/div>\n                <\/div>\n            <\/div>\n        <\/div>\n    <\/div>\n<\/div>\n\n\n<div id=\"\" class=\"wp-block-text-content margin-bottom-normal\">\n    <div class=\"container-lg\">\n        <div class=\"row\">\n            <div class=\"col\">\n                <h4>Ich wurde nicht aufgenommen. Was kann ich jetzt tun?<\/h4>\n<p>Sie wurden nicht aufgenommen. Das ist kein Grund, an sich selbst zu zweifeln. Nehmen Sie sich Zeit und denken Sie in Ruhe &uuml;ber Ihre Optionen nach.<\/p>\n<h5>Haben Sie eine Alternativbewerbung eingereicht?<\/h5>\n<p>In diesem Fall startet nun automatisch das Aufnahmeverfahren f&uuml;r Ihre Alternativbewerbung.<\/p>\n<h5>M&ouml;chten Sie sich im n&auml;chsten Studienjahr erneut f&uuml;r dasselbe Studium bewerben?<\/h5>\n<p>Versuchen Sie es! Es gibt einige Studierende, die erst bei ihrem zweiten Anlauf aufgenommen wurden. Oft sind sie es, die ihr Studium besonders motiviert und engagiert angehen. Denn sie wissen genau, was sie wollen. Eine neuerliche Bewerbung wird gern gesehen und Sie haben dadurch keinen Nachteil.<\/p>\n<h5>Gibt es noch andere Studienrichtungen, die Sie interessieren?<\/h5>\n<p>Denken Sie noch einmal dar&uuml;ber nach, ob das gew&auml;hlte Studium wirklich zu Ihnen passt. Vielleicht sind Sie in einem anderen Fachbereich viel besser aufgehoben. Informieren Sie sich &uuml;ber das Studienangebot anderer Institute und wagen Sie dabei den Blick &uuml;ber den Tellerrand.<\/p>\n\n            <\/div>\n        <\/div>\n            <\/div>\n<\/div>\n\n\n<div\n    id=\"\"\n    class=\"wp-block-tipp-box margin-bottom-normal\"\n>\n    <div class=\"container-lg\">\n        <div class=\"row\">\n            <div class=\"col\">\n                <div class=\"tipp-box border border-warning\">\n                    <div class=\"tipp-box-inner p-2 p-md-3\">\n                        <h4 class=\"\">Tipp<\/h4>\n                        <p>An den meisten Studieng\u00e4ngen ist es m\u00f6glich, auch im Sommer oder Herbst das Aufnahmeverfahren zu durchlaufen. In diesem Fall haben Sie die M\u00f6glichkeit, Ihre Bewerbung auf einen anderen Studiengang, der einen sp\u00e4teren Termin f\u00fcr das Aufnahmeverfahren anbietet, umzu\u00e4ndern. Bitte senden Sie im Falle einer Um\u00e4nderung Ihrer Bewerbung eine E-Mail mit Ihrem neuen Studienwunsch an <a href=\"mailto:bewerbung@fh-joanneum.at\" title=\"FH JOANNEUM per E-Mail kontaktieren\">bewerbung@fh-joanneum.at<\/a>.<\/p>\n\n                    <\/div>\n                <\/div>\n            <\/div>\n        <\/div>\n    <\/div>\n<\/div>\n\n\n<div id=\"\" class=\"wp-block-text-content margin-bottom-normal\">\n    <div class=\"container-lg\">\n        <div class=\"row\">\n            <div class=\"col\">\n                <h5>Brauchen Sie Beratung, eine Auskunft oder Hilfe?<\/h5>\n<p>Die Mitarbeiter:innen unserer <strong>Studienberatung<\/strong> beantworten gerne Ihre Fragen und helfen Ihnen bei der Orientierung.<\/p>\n<p>Alle<strong> Informationen zu den Beratungszeiten<\/strong> sowie die <strong>Kontaktdaten<\/strong> unserer Studienberatung <a href=\"https:\/\/www.fh-joanneum.at\/hochschule\/services\/studienberatung\/\">finden Sie hier.<\/a><\/p>\n\n            <\/div>\n        <\/div>\n            <\/div>\n<\/div>\n","protected":false},"excerpt":{"rendered":"<p>Nach dem Aufnahmeverfahren werden Ihre Teilergebnisse ausgewertet und die Reihung aller Bewerber:innen ermittelt. Wann und wie Sie \u00fcber das Ergebnis Ihres Aufnahmeverfahrens informiert werden, beantworten wir Ihnen hier.<\/p>\n","protected":false},"author":12,"featured_media":0,"parent":10000288,"menu_order":27,"comment_status":"closed","ping_status":"closed","template":"","meta":{"_acf_changed":false,"footnotes":""},"acf":[],"aioseo_notices":[],"_links":{"self":[{"href":"https:\/\/www.fh-joanneum.at\/gesundheitsmanagement-im-tourismus\/bachelor\/wp-json\/wp\/v2\/pages\/10000298"}],"collection":[{"href":"https:\/\/www.fh-joanneum.at\/gesundheitsmanagement-im-tourismus\/bachelor\/wp-json\/wp\/v2\/pages"}],"about":[{"href":"https:\/\/www.fh-joanneum.at\/gesundheitsmanagement-im-tourismus\/bachelor\/wp-json\/wp\/v2\/types\/page"}],"author":[{"embeddable":true,"href":"https:\/\/www.fh-joanneum.at\/gesundheitsmanagement-im-tourismus\/bachelor\/wp-json\/wp\/v2\/users\/12"}],"replies":[{"embeddable":true,"href":"https:\/\/www.fh-joanneum.at\/gesundheitsmanagement-im-tourismus\/bachelor\/wp-json\/wp\/v2\/comments?post=10000298"}],"version-history":[{"count":3,"href":"https:\/\/www.fh-joanneum.at\/gesundheitsmanagement-im-tourismus\/bachelor\/wp-json\/wp\/v2\/pages\/10000298\/revisions"}],"predecessor-version":[{"id":10001026,"href":"https:\/\/www.fh-joanneum.at\/gesundheitsmanagement-im-tourismus\/bachelor\/wp-json\/wp\/v2\/pages\/10000298\/revisions\/10001026"}],"up":[{"embeddable":true,"href":"https:\/\/www.fh-joanneum.at\/gesundheitsmanagement-im-tourismus\/bachelor\/wp-json\/wp\/v2\/pages\/10000288"}],"wp:attachment":[{"href":"https:\/\/www.fh-joanneum.at\/gesundheitsmanagement-im-tourismus\/bachelor\/wp-json\/wp\/v2\/media?parent=10000298"}],"curies":[{"name":"wp","href":"https:\/\/api.w.org\/{rel}","templated":true}]}}