{"id":10000314,"date":"2015-08-11T10:46:31","date_gmt":"2015-08-11T08:46:31","guid":{"rendered":"https:\/\/www.fh-joanneum.at\/gesundheitsmanagement-im-tourismus\/bachelor\/?page_id=314"},"modified":"2023-07-11T16:47:00","modified_gmt":"2023-07-11T14:47:00","slug":"praxisprojekte","status":"publish","type":"page","link":"https:\/\/www.fh-joanneum.at\/gesundheitsmanagement-im-tourismus\/bachelor\/im-studium\/praxisprojekte\/","title":{"rendered":"Praxisprojekte"},"content":{"rendered":"<div id=\"\" class=\"wp-block-text-content margin-bottom-none\">\n    <div class=\"container-lg\">\n        <div class=\"row\">\n            <div class=\"col\">\n                <div class=\"module-migration-headline\">\n<h3>Praxisprojekte im Studium<\/h3>\n<\/div>\n\n            <\/div>\n        <\/div>\n            <\/div>\n<\/div>\n\n<div id=\"\" class=\"wp-block-text-content margin-bottom-normal\">\n    <div class=\"container-lg\">\n        <div class=\"row\">\n            <div class=\"col\">\n                <p>Praxisprojekte, in denen man das Gelernte bereits w&auml;hrend der Studienzeit in die Tat umsetzen kann, spielen bei uns eine wichtige Rolle. Bereits im ersten Semester werden die Studierenden in ein reales Projekt eingebunden, das von den Masterstudierenden geleitet und f&uuml;r namhafte Unternehmen abgewickelt wird. Auch Studierende des f&uuml;nften Semesters sind Teil dieses Organisationsteams. In den Teammeetings k&ouml;nnen die Mitglieder der verschiedenen Jahrg&auml;nge gegenseitig voneinander profitieren: Sie wenden bereits Gelerntes an und liefern Input aus verschiedenen Perspektiven &ndash; abgeleitet vom unterschiedlichen Wissensstand der Studierenden. Auch au&szlig;erhalb der Lehrveranstaltungen betreuen wir am Studiengang verschiedene Forschungsprojekte im Tourismus- und Gesundheitssektor. <\/p>\n\n            <\/div>\n        <\/div>\n            <\/div>\n<\/div>\n\n<div id=\"\" class=\"wp-block-text-content margin-bottom-none\">\n    <div class=\"container-lg\">\n        <div class=\"row\">\n            <div class=\"col\">\n                <div class=\"module-migration-headline\">\n<h3>Aktuelle Projekte von Studierenden<\/h3>\n<\/div>\n\n            <\/div>\n        <\/div>\n            <\/div>\n<\/div>\n\n<div id=\"\" class=\"wp-block-text-content margin-bottom-none\">\n    <div class=\"container-lg\">\n        <div class=\"row\">\n            <div class=\"col\">\n                <div class=\"module-migration-headline\">\n<h4> CHARITY-Wasserkrug-Challenge<\/h4>\n<\/div>\n\n            <\/div>\n        <\/div>\n            <\/div>\n<\/div>\n\n<div id=\"\" class=\"wp-block-text-content margin-bottom-normal\">\n    <div class=\"container-lg\">\n        <div class=\"row\">\n            <div class=\"col\">\n                <p>Die CHARITY-Wasserkrug-Challenge ist &uuml;ber die letzten Jahre hinweg zum festen Bestandteil des Eventkalenders der Region um Bad Gleichenberg geworden. Organisiert von den Studierenden der FH JOANNEUM finden sich j&auml;hrlich Sportbegeisterte aus der Umgebung zusammen, um am Lauf durch den Kurpark mit verschiedenen Challenges teilzunehmen. Von der theoretischen Planung &uuml;ber die Sponsorensuche bis hin zum eigentlichen Durchf&uuml;hren des Events obliegt die Verantwortung nicht nur bei den Masterstudierenden, die als Projektleiterinnen und Projektleiter fungieren, sondern auch bei den Studierenden des Bachelorstudiengangs. <\/p>\n<ul>\n<li>Dauer: zwei Semester  <\/li>\n<li>Semester: erstes und zweites beziehungsweise f&uuml;nftes und sechstes Semester <\/li>\n<li>Links: <a href=\"https:\/\/www.fh-joanneum.at\/blog\/gruppenskifahren-fuer-den-guten-zweck\/\">Blogbeitrag<\/a><\/li>\n<\/ul>\n\n            <\/div>\n        <\/div>\n            <\/div>\n<\/div>\n\n<div\n    id=\"\"\n    class=\"wp-block-project-cards margin-bottom-normal\"\n>\n    <div class=\"container-lg\">\n        <div class=\"row\">\n                                                            <div class=\"col-12 col-sm-6 col-md-6 col-lg-6 col-xl-4 mb-4\">\n                        <a href=\"https:\/\/www.fh-joanneum.at\/projekt\/oesterreichische-konferenz-fuer-athletiktraining-im-fussball\/\"\n      class=\"project-card\">\n      <div class=\"border border-light h-100\">\n\n          <div class=\"image-wrapper\">\n              <picture>\n                        <source\n                media=\"(max-width: 576px)\"\n                srcset=\"https:\/\/cdn3.fh-joanneum.at\/media\/2019\/06\/evaluierung-der-genusscard-copy.jpg, https:\/\/cdn3.fh-joanneum.at\/media\/2019\/06\/evaluierung-der-genusscard-copy-768x384.jpg 2x\"\n            \/>\n                    <source\n                media=\"(max-width: 768px)\"\n                srcset=\"https:\/\/cdn3.fh-joanneum.at\/media\/2019\/06\/evaluierung-der-genusscard-copy-768x384.jpg, https:\/\/cdn3.fh-joanneum.at\/media\/2019\/06\/evaluierung-der-genusscard-copy-1024x512.jpg 2x\"\n            \/>\n                    <source\n                media=\"(max-width: 1024px)\"\n                srcset=\"https:\/\/cdn3.fh-joanneum.at\/media\/2019\/06\/evaluierung-der-genusscard-copy-1024x512.jpg, https:\/\/cdn3.fh-joanneum.at\/media\/2019\/06\/evaluierung-der-genusscard-copy.jpg 2x\"\n            \/>\n                    <source\n                media=\"(max-width: 1200px)\"\n                srcset=\"https:\/\/cdn3.fh-joanneum.at\/media\/2019\/06\/evaluierung-der-genusscard-copy.jpg, https:\/\/cdn3.fh-joanneum.at\/media\/2019\/06\/evaluierung-der-genusscard-copy.jpg 2x\"\n            \/>\n                    <source\n                media=\"(max-width: 1200px)\"\n                srcset=\"https:\/\/cdn3.fh-joanneum.at\/media\/2019\/06\/evaluierung-der-genusscard-copy.jpg, https:\/\/cdn3.fh-joanneum.at\/media\/2019\/06\/evaluierung-der-genusscard-copy.jpg 2x\"\n            \/>\n                <img decoding=\"async\"\n        class=\"img-fluid\"\n        src=\"https:\/\/cdn3.fh-joanneum.at\/media\/2019\/06\/evaluierung-der-genusscard-copy.jpg\"\n        alt=\"Evaluierung der GenussCard (Copy)\"\n        title=\"\"\n         loading=\"lazy\"             >\n<\/picture>\n\n          <\/div>\n          <div class=\"p-2 p-xl-3\">\n                                    <p class=\"mb-1\">Projekt<\/p>\n                                <h6 class=\"\">\u00d6sterreichische Konferenz f\u00fcr Athletiktraining im Fu\u00dfball<\/h6>\n                                    <p class=\"mb-0\">Am 15. Mai 2019 fand die von Studierenden des Instituts Gesundheits- und Tourismusmanagement organisierte 1. \u00d6sterreichische Konferenz f\u00fcr Athletiktraining im Fu\u00dfball an der FH JOANNEUM in Graz statt. <\/p>\n                          <\/div>\n      <\/div>\n  <\/a>\n                    <\/div>\n                                    <div class=\"col-12 col-sm-6 col-md-6 col-lg-6 col-xl-4 mb-4\">\n                        <a href=\"https:\/\/www.fh-joanneum.at\/projekt\/marketingteilkonzept-fuer-frauenkrebshilfe-suedoststeiermark\/\"\n      class=\"project-card\">\n      <div class=\"border border-light h-100\">\n\n          <div class=\"image-wrapper\">\n              <picture>\n                        <source\n                media=\"(max-width: 576px)\"\n                srcset=\"https:\/\/cdn3.fh-joanneum.at\/media\/2019\/05\/marketingteilkonzept-fuer-frauenkrebshilfe-suedoststeiermark.jpg, https:\/\/cdn3.fh-joanneum.at\/media\/2019\/05\/marketingteilkonzept-fuer-frauenkrebshilfe-suedoststeiermark-768x514.jpg 2x\"\n            \/>\n                    <source\n                media=\"(max-width: 768px)\"\n                srcset=\"https:\/\/cdn3.fh-joanneum.at\/media\/2019\/05\/marketingteilkonzept-fuer-frauenkrebshilfe-suedoststeiermark-768x514.jpg, https:\/\/cdn3.fh-joanneum.at\/media\/2019\/05\/marketingteilkonzept-fuer-frauenkrebshilfe-suedoststeiermark-1024x685.jpg 2x\"\n            \/>\n                    <source\n                media=\"(max-width: 1024px)\"\n                srcset=\"https:\/\/cdn3.fh-joanneum.at\/media\/2019\/05\/marketingteilkonzept-fuer-frauenkrebshilfe-suedoststeiermark-1024x685.jpg, https:\/\/cdn3.fh-joanneum.at\/media\/2019\/05\/marketingteilkonzept-fuer-frauenkrebshilfe-suedoststeiermark.jpg 2x\"\n            \/>\n                    <source\n                media=\"(max-width: 1385px)\"\n                srcset=\"https:\/\/cdn3.fh-joanneum.at\/media\/2019\/05\/marketingteilkonzept-fuer-frauenkrebshilfe-suedoststeiermark.jpg, https:\/\/cdn3.fh-joanneum.at\/media\/2019\/05\/marketingteilkonzept-fuer-frauenkrebshilfe-suedoststeiermark.jpg 2x\"\n            \/>\n                    <source\n                media=\"(max-width: 1385px)\"\n                srcset=\"https:\/\/cdn3.fh-joanneum.at\/media\/2019\/05\/marketingteilkonzept-fuer-frauenkrebshilfe-suedoststeiermark.jpg, https:\/\/cdn3.fh-joanneum.at\/media\/2019\/05\/marketingteilkonzept-fuer-frauenkrebshilfe-suedoststeiermark.jpg 2x\"\n            \/>\n                <img decoding=\"async\"\n        class=\"img-fluid\"\n        src=\"https:\/\/cdn3.fh-joanneum.at\/media\/2019\/05\/marketingteilkonzept-fuer-frauenkrebshilfe-suedoststeiermark.jpg\"\n        alt=\"Marketingteilkonzept f\u00fcr Frauenkrebshilfe S\u00fcdoststeiermark\"\n        title=\"\"\n         loading=\"lazy\"             >\n<\/picture>\n\n          <\/div>\n          <div class=\"p-2 p-xl-3\">\n                                    <p class=\"mb-1\">Projekt<\/p>\n                                <h6 class=\"\">Marketingteilkonzept f\u00fcr Frauenkrebshilfe S\u00fcdoststeiermark<\/h6>\n                                    <p class=\"mb-0\">Studierende des Instituts Gesundheits- und Tourismusmanagement der FH JOANNEUM haben ein Marketingteilkonzept f\u00fcr die Frauenkrebshilfe S\u00fcdoststeiermark entwickelt.<\/p>\n                          <\/div>\n      <\/div>\n  <\/a>\n                    <\/div>\n                                    <div class=\"col-12 col-sm-6 col-md-6 col-lg-6 col-xl-4 mb-4\">\n                        <a href=\"https:\/\/www.fh-joanneum.at\/projekt\/fachkraeftemangel-im-tourismus\/\"\n      class=\"project-card\">\n      <div class=\"border border-light h-100\">\n\n          <div class=\"image-wrapper\">\n              <picture>\n                        <source\n                media=\"(max-width: 576px)\"\n                srcset=\"https:\/\/cdn3.fh-joanneum.at\/media\/2019\/05\/fachkraeftemangel-im-tourismus.jpg, https:\/\/cdn3.fh-joanneum.at\/media\/2019\/05\/fachkraeftemangel-im-tourismus-768x513.jpg 2x\"\n            \/>\n                    <source\n                media=\"(max-width: 768px)\"\n                srcset=\"https:\/\/cdn3.fh-joanneum.at\/media\/2019\/05\/fachkraeftemangel-im-tourismus-768x513.jpg, https:\/\/cdn3.fh-joanneum.at\/media\/2019\/05\/fachkraeftemangel-im-tourismus-1024x683.jpg 2x\"\n            \/>\n                    <source\n                media=\"(max-width: 1024px)\"\n                srcset=\"https:\/\/cdn3.fh-joanneum.at\/media\/2019\/05\/fachkraeftemangel-im-tourismus-1024x683.jpg, https:\/\/cdn3.fh-joanneum.at\/media\/2019\/05\/fachkraeftemangel-im-tourismus.jpg 2x\"\n            \/>\n                    <source\n                media=\"(max-width: 1536px)\"\n                srcset=\"https:\/\/cdn3.fh-joanneum.at\/media\/2019\/05\/fachkraeftemangel-im-tourismus.jpg, https:\/\/cdn3.fh-joanneum.at\/media\/2019\/05\/fachkraeftemangel-im-tourismus.jpg 2x\"\n            \/>\n                    <source\n                media=\"(max-width: 2048px)\"\n                srcset=\"https:\/\/cdn3.fh-joanneum.at\/media\/2019\/05\/fachkraeftemangel-im-tourismus.jpg, https:\/\/cdn3.fh-joanneum.at\/media\/2019\/05\/fachkraeftemangel-im-tourismus.jpg 2x\"\n            \/>\n                <img decoding=\"async\"\n        class=\"img-fluid\"\n        src=\"https:\/\/cdn3.fh-joanneum.at\/media\/2019\/05\/fachkraeftemangel-im-tourismus.jpg\"\n        alt=\"Fachkr\u00e4ftemangel im Tourismus\"\n        title=\"\"\n         loading=\"lazy\"             >\n<\/picture>\n\n          <\/div>\n          <div class=\"p-2 p-xl-3\">\n                                    <p class=\"mb-1\">Projekt<\/p>\n                                <h6 class=\"\">Fachkr\u00e4ftemangel im Tourismus<\/h6>\n                                    <p class=\"mb-0\">Studierende des Instituts Gesundheits- und Tourismusmanagement der FH JOANNEUM erheben die Motive von Sch\u00fclerinnen und Sch\u00fclern f\u00fcr eine Ausbildung im Tourismus. <\/p>\n                          <\/div>\n      <\/div>\n  <\/a>\n                    <\/div>\n                                    <div class=\"col-12 col-sm-6 col-md-6 col-lg-6 col-xl-4 mb-4\">\n                        <a href=\"https:\/\/www.fh-joanneum.at\/projekt\/evaluierung-der-genusscard\/\"\n      class=\"project-card\">\n      <div class=\"border border-light h-100\">\n\n          <div class=\"image-wrapper\">\n              <picture>\n                        <source\n                media=\"(max-width: 576px)\"\n                srcset=\"https:\/\/cdn3.fh-joanneum.at\/media\/2019\/06\/evaluierung-der-genusscard-2.jpg, https:\/\/cdn3.fh-joanneum.at\/media\/2019\/06\/evaluierung-der-genusscard-2-768x500.jpg 2x\"\n            \/>\n                    <source\n                media=\"(max-width: 768px)\"\n                srcset=\"https:\/\/cdn3.fh-joanneum.at\/media\/2019\/06\/evaluierung-der-genusscard-2-768x500.jpg, https:\/\/cdn3.fh-joanneum.at\/media\/2019\/06\/evaluierung-der-genusscard-2-1024x667.jpg 2x\"\n            \/>\n                    <source\n                media=\"(max-width: 1024px)\"\n                srcset=\"https:\/\/cdn3.fh-joanneum.at\/media\/2019\/06\/evaluierung-der-genusscard-2-1024x667.jpg, https:\/\/cdn3.fh-joanneum.at\/media\/2019\/06\/evaluierung-der-genusscard-2.jpg 2x\"\n            \/>\n                    <source\n                media=\"(max-width: 1536px)\"\n                srcset=\"https:\/\/cdn3.fh-joanneum.at\/media\/2019\/06\/evaluierung-der-genusscard-2.jpg, https:\/\/cdn3.fh-joanneum.at\/media\/2019\/06\/evaluierung-der-genusscard-2.jpg 2x\"\n            \/>\n                    <source\n                media=\"(max-width: 2048px)\"\n                srcset=\"https:\/\/cdn3.fh-joanneum.at\/media\/2019\/06\/evaluierung-der-genusscard-2.jpg, https:\/\/cdn3.fh-joanneum.at\/media\/2019\/06\/evaluierung-der-genusscard-2.jpg 2x\"\n            \/>\n                <img decoding=\"async\"\n        class=\"img-fluid\"\n        src=\"https:\/\/cdn3.fh-joanneum.at\/media\/2019\/06\/evaluierung-der-genusscard-2.jpg\"\n        alt=\"Evaluierung der GenussCard\"\n        title=\"\"\n         loading=\"lazy\"             >\n<\/picture>\n\n          <\/div>\n          <div class=\"p-2 p-xl-3\">\n                                    <p class=\"mb-1\">Projekt<\/p>\n                                <h6 class=\"\">Evaluierung der GenussCard<\/h6>\n                                    <p class=\"mb-0\">Studierende des Instituts Gesundheits- und Tourismusmanagement der FH JOANNEUM Bad Gleichenberg f\u00fchrten eine Evaluierung der steirischen GenussCard durch.<\/p>\n                          <\/div>\n      <\/div>\n  <\/a>\n                    <\/div>\n                                    <div class=\"col-12 col-sm-6 col-md-6 col-lg-6 col-xl-4 mb-4\">\n                        <a href=\"https:\/\/www.fh-joanneum.at\/projekt\/sicher-gsund\/\"\n      class=\"project-card\">\n      <div class=\"border border-light h-100\">\n\n          <div class=\"image-wrapper\">\n              <picture>\n                        <source\n                media=\"(max-width: 576px)\"\n                srcset=\"https:\/\/cdn3.fh-joanneum.at\/media\/2019\/06\/eingangsuntersuchung-im-sportwissenschaftlichen-labor-copy-4.jpg, https:\/\/cdn3.fh-joanneum.at\/media\/2019\/06\/eingangsuntersuchung-im-sportwissenschaftlichen-labor-copy-4-768x384.jpg 2x\"\n            \/>\n                    <source\n                media=\"(max-width: 768px)\"\n                srcset=\"https:\/\/cdn3.fh-joanneum.at\/media\/2019\/06\/eingangsuntersuchung-im-sportwissenschaftlichen-labor-copy-4-768x384.jpg, https:\/\/cdn3.fh-joanneum.at\/media\/2019\/06\/eingangsuntersuchung-im-sportwissenschaftlichen-labor-copy-4-1024x512.jpg 2x\"\n            \/>\n                    <source\n                media=\"(max-width: 1024px)\"\n                srcset=\"https:\/\/cdn3.fh-joanneum.at\/media\/2019\/06\/eingangsuntersuchung-im-sportwissenschaftlichen-labor-copy-4-1024x512.jpg, https:\/\/cdn3.fh-joanneum.at\/media\/2019\/06\/eingangsuntersuchung-im-sportwissenschaftlichen-labor-copy-4.jpg 2x\"\n            \/>\n                    <source\n                media=\"(max-width: 1200px)\"\n                srcset=\"https:\/\/cdn3.fh-joanneum.at\/media\/2019\/06\/eingangsuntersuchung-im-sportwissenschaftlichen-labor-copy-4.jpg, https:\/\/cdn3.fh-joanneum.at\/media\/2019\/06\/eingangsuntersuchung-im-sportwissenschaftlichen-labor-copy-4.jpg 2x\"\n            \/>\n                    <source\n                media=\"(max-width: 1200px)\"\n                srcset=\"https:\/\/cdn3.fh-joanneum.at\/media\/2019\/06\/eingangsuntersuchung-im-sportwissenschaftlichen-labor-copy-4.jpg, https:\/\/cdn3.fh-joanneum.at\/media\/2019\/06\/eingangsuntersuchung-im-sportwissenschaftlichen-labor-copy-4.jpg 2x\"\n            \/>\n                <img decoding=\"async\"\n        class=\"img-fluid\"\n        src=\"https:\/\/cdn3.fh-joanneum.at\/media\/2019\/06\/eingangsuntersuchung-im-sportwissenschaftlichen-labor-copy-4.jpg\"\n        alt=\"Eingangsuntersuchung im Sportwissenschaftlichen Labor (Copy) 3\"\n        title=\"\"\n         loading=\"lazy\"             >\n<\/picture>\n\n          <\/div>\n          <div class=\"p-2 p-xl-3\">\n                                    <p class=\"mb-1\">Projekt<\/p>\n                                <h6 class=\"\">Sicher g\u2019sund!<\/h6>\n                                    <p class=\"mb-0\">Studierende des Instituts Gesundheits- und Tourismusmanagement der FH JOANNEUM Bad Gleichenberg besch\u00e4ftigen sich mit der Unfallpr\u00e4vention von Kindern im Alter zwischen drei und sechs Jahren.<\/p>\n                          <\/div>\n      <\/div>\n  <\/a>\n                    <\/div>\n                                    <\/div>\n    <\/div>\n<\/div>\n\n\n\n\n","protected":false},"excerpt":{"rendered":"<p>Die vielseitige Ausbildung erm\u00f6glicht Ihnen, im Studium an interessanten und spannenden Projekten zu arbeiten. Was dabei entstehen kann, wenn Sie ihr theoretisches Wissen in die Praxis umsetzen, erfahren Sie hier.<\/p>\n","protected":false},"author":12,"featured_media":10000944,"parent":10000306,"menu_order":51,"comment_status":"closed","ping_status":"closed","template":"","meta":{"_acf_changed":false,"footnotes":""},"acf":[],"aioseo_notices":[],"_links":{"self":[{"href":"https:\/\/www.fh-joanneum.at\/gesundheitsmanagement-im-tourismus\/bachelor\/wp-json\/wp\/v2\/pages\/10000314"}],"collection":[{"href":"https:\/\/www.fh-joanneum.at\/gesundheitsmanagement-im-tourismus\/bachelor\/wp-json\/wp\/v2\/pages"}],"about":[{"href":"https:\/\/www.fh-joanneum.at\/gesundheitsmanagement-im-tourismus\/bachelor\/wp-json\/wp\/v2\/types\/page"}],"author":[{"embeddable":true,"href":"https:\/\/www.fh-joanneum.at\/gesundheitsmanagement-im-tourismus\/bachelor\/wp-json\/wp\/v2\/users\/12"}],"replies":[{"embeddable":true,"href":"https:\/\/www.fh-joanneum.at\/gesundheitsmanagement-im-tourismus\/bachelor\/wp-json\/wp\/v2\/comments?post=10000314"}],"version-history":[{"count":0,"href":"https:\/\/www.fh-joanneum.at\/gesundheitsmanagement-im-tourismus\/bachelor\/wp-json\/wp\/v2\/pages\/10000314\/revisions"}],"up":[{"embeddable":true,"href":"https:\/\/www.fh-joanneum.at\/gesundheitsmanagement-im-tourismus\/bachelor\/wp-json\/wp\/v2\/pages\/10000306"}],"wp:featuredmedia":[{"embeddable":true,"href":"https:\/\/www.fh-joanneum.at\/gesundheitsmanagement-im-tourismus\/bachelor\/wp-json\/wp\/v2\/media\/10000944"}],"wp:attachment":[{"href":"https:\/\/www.fh-joanneum.at\/gesundheitsmanagement-im-tourismus\/bachelor\/wp-json\/wp\/v2\/media?parent=10000314"}],"curies":[{"name":"wp","href":"https:\/\/api.w.org\/{rel}","templated":true}]}}