{"id":10000320,"date":"2015-08-11T10:47:14","date_gmt":"2015-08-11T08:47:14","guid":{"rendered":"https:\/\/www.fh-joanneum.at\/gesundheitsmanagement-im-tourismus\/bachelor\/?page_id=320"},"modified":"2024-09-10T13:26:35","modified_gmt":"2024-09-10T11:26:35","slug":"studienabschluss","status":"publish","type":"page","link":"https:\/\/www.fh-joanneum.at\/gesundheitsmanagement-im-tourismus\/bachelor\/im-studium\/studienabschluss\/","title":{"rendered":"Studienabschluss"},"content":{"rendered":"<div id=\"\" class=\"wp-block-text-content margin-bottom-none\">\n    <div class=\"container-lg\">\n        <div class=\"row\">\n            <div class=\"col\">\n                <div class=\"module-migration-headline\">\n<h3>Voraussetzungen f&uuml;r den Studienabschluss<\/h3>\n<\/div>\n\n            <\/div>\n        <\/div>\n            <\/div>\n<\/div>\n\n\n<div id=\"\" class=\"wp-block-text-content margin-bottom-normal\">\n    <div class=\"container-lg\">\n        <div class=\"row\">\n            <div class=\"col\">\n                <p>Um das Studium erfolgreich abzuschlie&szlig;en, m&uuml;ssen Sie:<\/p>\n<ul>\n<li>alle Lehrveranstaltungen positiv absolvieren<\/li>\n<li>eine Bachelorarbeit verfassen, die positiv bewertet werden muss<\/li>\n<li>die kommissionelle Bachelorpr&uuml;fung positiv ablegen<\/li>\n<\/ul>\n<p>Ihr Titel nach dem Studienabschluss lautet &bdquo;Bachelor of Arts in Business (BA)&ldquo;.<\/p>\n\n            <\/div>\n        <\/div>\n            <\/div>\n<\/div>\n\n\n<div id=\"\" class=\"wp-block-text-content margin-bottom-none\">\n    <div class=\"container-lg\">\n        <div class=\"row\">\n            <div class=\"col\">\n                <div class=\"module-migration-headline\">\n<h4>Bachelorarbeit<\/h4>\n<\/div>\n\n            <\/div>\n        <\/div>\n            <\/div>\n<\/div>\n\n\n<div id=\"\" class=\"wp-block-text-content margin-bottom-normal\">\n    <div class=\"container-lg\">\n        <div class=\"row\">\n            <div class=\"col\">\n                <p>Im 5. Semester werden unsere Studierenden im Vorbereitungsseminar auf den Prozess zur Erstellung der Bachelorarbeit vorbereitet. Die Arbeit selbst wird im 6. Semester verfasst und von internen Lehrenden und wissenschaftlichen Mitarbeiter:innen betreut. Das Thema der Arbeit kann von der:dem Studierenden bzw. von der:dem Betreuer:in vorgeschlagen werden.<\/p>\n<p>Im Rahmen der Bachelorarbeit wird eine Fragestellung definiert und der aktuelle Stand der Wissenschaft dazu dargestellt. Literaturrecherche und -kritik und die Diskussion der Ergebnisse stehen dabei im Mittelpunkt.<\/p>\n<p>F&uuml;r Studierende, die ihre Bachelorarbeit im Ausland verfassen, gelten die gleichen Deadlines wie f&uuml;r Studierende, die sich nicht im Ausland befinden.<\/p>\n\n            <\/div>\n        <\/div>\n            <\/div>\n<\/div>\n\n\n<div id=\"\" class=\"wp-block-text-content margin-bottom-none\">\n    <div class=\"container-lg\">\n        <div class=\"row\">\n            <div class=\"col\">\n                <div class=\"module-migration-headline\">\n<h4>Bachelorpr&uuml;fung<\/h4>\n<\/div>\n\n            <\/div>\n        <\/div>\n            <\/div>\n<\/div>\n\n\n<div id=\"\" class=\"wp-block-text-content margin-bottom-normal\">\n    <div class=\"container-lg\">\n        <div class=\"row\">\n            <div class=\"col\">\n                <p>Der Pr&uuml;fungssenat besteht aus drei Personen, eine:r fungiert als Pr&uuml;fungsvorsitzende:r. Den Pr&uuml;fungsvorsitz &uuml;bernimmt die Studiengangsleitung oder ein:e hauptberuflich Lehrende:r. Pr&uuml;fer:innen k&ouml;nnen alle fachlich befugten Lehrenden aus den Bereichen &bdquo;Gesundheit&ldquo;, &bdquo;Tourismus&ldquo; und &bdquo;Management&ldquo; sein. Der Pr&uuml;fungsstoff deckt alle drei Fachgebiete ab und wird fr&uuml;hzeitig bekannt gegeben. Die Inhalte der Lehrveranstaltungsskripten werden vorausgesetzt.<\/p>\n<p>F&uuml;r die Pr&auml;sentation der Bachelorarbeit ist im Vorfeld der Pr&uuml;fung ein Poster in englischer Sprache anzufertigen. Der Ablauf der Pr&uuml;fung gestaltet sich wie folgt:<\/p>\n<ul>\n<li>Posterpr&auml;sentation &uuml;ber die Bachelorarbeit in englischer Sprache. Dauer: circa sieben Minuten.<\/li>\n<li>Besprechung des Posters in englischer oder deutscher Sprache. Die Sprache k&ouml;nnen die Studierenden w&auml;hlen. Dauer: circa acht Minuten.<\/li>\n<li>Pr&uuml;fungsgespr&auml;ch zu den drei Fachbereichen des Curriculums in deutscher Sprache. Dauer: circa 20 Minuten.<\/li>\n<\/ul>\n\n            <\/div>\n        <\/div>\n            <\/div>\n<\/div>\n\n\n<div id=\"\" class=\"wp-block-text-content margin-bottom-none\">\n    <div class=\"container-lg\">\n        <div class=\"row\">\n            <div class=\"col\">\n                <div class=\"module-migration-headline\">\n<h3>Nach dem Bachelorabschluss<\/h3>\n<\/div>\n\n            <\/div>\n        <\/div>\n            <\/div>\n<\/div>\n\n\n<div id=\"\" class=\"wp-block-text-content margin-bottom-normal\">\n    <div class=\"container-lg\">\n        <div class=\"row\">\n            <div class=\"col\">\n                <p>Als Absolvent:in des praxisbezogenen und wissenschaftsbasierten Bachelorstudiums &bdquo;Gesundheits- und Tourismusmanagement&ldquo; k&ouml;nnen Sie sich zum Beispiel im weiterf&uuml;hrenden Masterstudium &bdquo;Gesundheits-, Tourismus- und Sportmanagement&ldquo; in einer der drei Vertiefungsrichtungen <a href=\"https:\/\/www.fh-joanneum.at\/gesundheitsmanagement-und-public-health\/master\/\">Gesundheitsmanagement und Public Health<\/a>, <a href=\"https:\/\/www.fh-joanneum.at\/gesundheitstourismus-und-freizeitmanagement\/master\/\">Geundheitstourismus und Freizeitmanagement<\/a> oder <a href=\"https:\/\/www.fh-joanneum.at\/sport-und-eventmanagement\/master\/\">Sport- und Eventmanagement<\/a> der FH JOANNEUM spezialisieren oder gleich in die Berufswelt einsteigen.<\/p>\n\n            <\/div>\n        <\/div>\n            <\/div>\n<\/div>\n","protected":false},"excerpt":{"rendered":"<p>Mit Ihrem Abschluss legen Sie den Grundstein f\u00fcr Ihre berufliche Zukunft. Welche Voraussetzungen Sie f\u00fcr den erfolgreichen Abschluss Ihres Studiums ben\u00f6tigen und alles, was Sie sonst noch wissen sollten, verraten wir Ihnen hier.<\/p>\n","protected":false},"author":12,"featured_media":0,"parent":10000306,"menu_order":57,"comment_status":"closed","ping_status":"closed","template":"","meta":{"_acf_changed":false,"footnotes":""},"acf":[],"aioseo_notices":[],"_links":{"self":[{"href":"https:\/\/www.fh-joanneum.at\/gesundheitsmanagement-im-tourismus\/bachelor\/wp-json\/wp\/v2\/pages\/10000320"}],"collection":[{"href":"https:\/\/www.fh-joanneum.at\/gesundheitsmanagement-im-tourismus\/bachelor\/wp-json\/wp\/v2\/pages"}],"about":[{"href":"https:\/\/www.fh-joanneum.at\/gesundheitsmanagement-im-tourismus\/bachelor\/wp-json\/wp\/v2\/types\/page"}],"author":[{"embeddable":true,"href":"https:\/\/www.fh-joanneum.at\/gesundheitsmanagement-im-tourismus\/bachelor\/wp-json\/wp\/v2\/users\/12"}],"replies":[{"embeddable":true,"href":"https:\/\/www.fh-joanneum.at\/gesundheitsmanagement-im-tourismus\/bachelor\/wp-json\/wp\/v2\/comments?post=10000320"}],"version-history":[{"count":1,"href":"https:\/\/www.fh-joanneum.at\/gesundheitsmanagement-im-tourismus\/bachelor\/wp-json\/wp\/v2\/pages\/10000320\/revisions"}],"predecessor-version":[{"id":10000993,"href":"https:\/\/www.fh-joanneum.at\/gesundheitsmanagement-im-tourismus\/bachelor\/wp-json\/wp\/v2\/pages\/10000320\/revisions\/10000993"}],"up":[{"embeddable":true,"href":"https:\/\/www.fh-joanneum.at\/gesundheitsmanagement-im-tourismus\/bachelor\/wp-json\/wp\/v2\/pages\/10000306"}],"wp:attachment":[{"href":"https:\/\/www.fh-joanneum.at\/gesundheitsmanagement-im-tourismus\/bachelor\/wp-json\/wp\/v2\/media?parent=10000320"}],"curies":[{"name":"wp","href":"https:\/\/api.w.org\/{rel}","templated":true}]}}