{"id":10000008,"date":"2017-10-19T11:58:39","date_gmt":"2017-10-19T09:58:39","guid":{"rendered":"https:\/\/www.fh-joanneum.at\/gesundheitsmanagement-und-public-health\/master\/?page_id=8"},"modified":"2024-03-21T10:28:35","modified_gmt":"2024-03-21T09:28:35","slug":"voraussetzungen","status":"publish","type":"page","link":"https:\/\/www.fh-joanneum.at\/gesundheitsmanagement-und-public-health\/master\/vor-dem-studium\/voraussetzungen\/","title":{"rendered":"Voraussetzungen"},"content":{"rendered":"<div id=\"\" class=\"wp-block-text-content margin-bottom-none\">\n    <div class=\"container-lg\">\n        <div class=\"row\">\n            <div class=\"col\">\n                <div class=\"module-migration-headline\">\n<h3>Voraussetzungen f&uuml;r das Studium<\/h3>\n<\/div>\n\n            <\/div>\n        <\/div>\n            <\/div>\n<\/div>\n\n<div id=\"\" class=\"wp-block-text-content margin-bottom-normal\">\n    <div class=\"container-lg\">\n        <div class=\"row\">\n            <div class=\"col\">\n                <p>Wenn Sie einen Studienabschluss<\/p>\n<ul>\n<li>eines facheinschl&auml;gigen Bachelorstudiums oder<\/li>\n<li>einer gleichwertigen Ausbildung<\/li>\n<\/ul>\n<p>nachweisen k&ouml;nnen, erf&uuml;llen Sie die Voraussetzungen f&uuml;r das Masterstudium. <\/p>\n<p>Als facheinschl&auml;gige Studienabschl&uuml;sse gelten<\/p>\n<ul>\n<li>ein abgeschlossenes Bachelor- oder Diplomstudium der Fachrichtungen Tourismus, Freizeit, Gesundheitswissenschaften, Sport, Bewegung, Event oder Training<\/li>\n<li>ein facheinschl&auml;giges wirtschafts-, gesundheits- oder sozialwissenschaftliches Studium<\/li>\n<\/ul>\n\n            <\/div>\n        <\/div>\n            <\/div>\n<\/div>\n\n<div id=\"\" class=\"wp-block-text-content margin-bottom-normal\">\n    <div class=\"container-lg\">\n        <div class=\"row\">\n            <div class=\"col\">\n                <p>Der Zugang zum Masterstudium kann aus einem breiten Spektrum von Bachelorstudieng&auml;ngen an unterschiedlichen Universit&auml;ten und Hochschulen erfolgen. Wie zum Beispiel:<\/p>\n<ul>\n<li>Gesundheitsmanagement im Tourismus der FH JOANNEUM<\/li>\n<li>Gesundheitsstudieng&auml;nge der FH JOANNEUM. <a href=\"https:\/\/www.fh-joanneum.at\/gesundheitsmanagement-und-public-health\/master\/vor-dem-studium\/gesundheitsmanagement-und-public-health-fuer-absolventinnen-der-gesundheitsstudien\/\">Hier lesen Sie mehr<\/a>. <\/li>\n<li>Bachelor-Studieng&auml;nge von Fachhochschulen und Universit&auml;ten aus den Bereichen Tourismus, Gesundheit (<a href=\"https:\/\/www.fh-joanneum.at\/gesundheitsmanagement-und-public-health\/master\/vor-dem-studium\/gesundheitsmanagement-und-public-health-fuer-absolventinnen-der-gesundheitsstudien\/\">erfahren Sie hier mehr<\/a>), Freizeit, Sport, Bewegung, Event, Wirtschafts- und Sozialwissenschaften. Dazu z&auml;hlen beispielsweise:<\/li>\n<li>Pflegewissenschaften<\/li>\n<li>Tourismusmanagement<\/li>\n<li>Ern&auml;hrungsp&auml;dagogik<\/li>\n<li>Physiotherapie<\/li>\n<li>Ergotherapie<\/li>\n<li>Di&auml;tologie<\/li>\n<li>Marketing<\/li>\n<li>Betriebswirtschaftslehre<\/li>\n<li>Sportwissenschaft<\/li>\n<\/ul>\n<p>Auch bei Abschluss eines inhaltlich &auml;quivalenten Studiums von anderen Hochschulen oder aus anderen L&auml;ndern freuen wir uns &uuml;ber Ihre Bewerbung. Alle Ausbildungen m&uuml;ssen an einer anerkannten in- oder ausl&auml;ndischen postsekund&auml;ren Bildungseinrichtung abgelegt worden sein.<\/p>\n<p>Wenn die Zugangsvoraussetzungen nicht zur G&auml;nze erf&uuml;llt sind, k&ouml;nnen die notwendigen Erg&auml;nzungspr&uuml;fungen aus dem Bachelorstudium &bdquo;Gesundheitsmanagement im Tourismus&ldquo; parallel zum Masterstudium abgelegt werden.<\/p>\n<p>In nicht eindeutigen F&auml;llen obliegt es der Studiengangsleitung zu entscheiden, ob die Zugangsvoraussetzungen erf&uuml;llt sind. Eine verbindliche Auskunft dar&uuml;ber erhalten Sie nach Einlangen Ihrer vollst&auml;ndigen Bewerbungsunterlagen.<\/p>\n\n            <\/div>\n        <\/div>\n            <\/div>\n<\/div>\n\n<div id=\"\" class=\"wp-block-text-content margin-bottom-normal\">\n    <div class=\"container-lg\">\n        <div class=\"row\">\n            <div class=\"col\">\n                <h4>Sie sind keine &ouml;sterreichische Staatsb&uuml;rgerin oder kein &ouml;sterreichischer Staatsb&uuml;rger?<\/h4>\n<p>F&uuml;r Sie gibt es einige Besonderheiten zu beachten. Mehr Informationen dazu finden Sie in unter dem Men&uuml;punkt <a href=\"https:\/\/www.fh-joanneum.at\/gesundheitsmanagement-und-public-health\/master\/vor-dem-studium\/internationale-bewerberinnen-bewerber\/\"><strong>Internationale BewerberInnen<\/strong>.<\/a><\/p>\n\n            <\/div>\n        <\/div>\n            <\/div>\n<\/div>\n\n","protected":false},"excerpt":{"rendered":"<p>Diese Voraussetzungen m\u00fcssen Sie f\u00fcr das Studium erf\u00fcllen.<\/p>\n","protected":false},"author":11,"featured_media":0,"parent":10000006,"menu_order":11,"comment_status":"closed","ping_status":"closed","template":"","meta":{"_acf_changed":false,"footnotes":""},"acf":[],"aioseo_notices":[],"_links":{"self":[{"href":"https:\/\/www.fh-joanneum.at\/gesundheitsmanagement-und-public-health\/master\/wp-json\/wp\/v2\/pages\/10000008"}],"collection":[{"href":"https:\/\/www.fh-joanneum.at\/gesundheitsmanagement-und-public-health\/master\/wp-json\/wp\/v2\/pages"}],"about":[{"href":"https:\/\/www.fh-joanneum.at\/gesundheitsmanagement-und-public-health\/master\/wp-json\/wp\/v2\/types\/page"}],"author":[{"embeddable":true,"href":"https:\/\/www.fh-joanneum.at\/gesundheitsmanagement-und-public-health\/master\/wp-json\/wp\/v2\/users\/11"}],"replies":[{"embeddable":true,"href":"https:\/\/www.fh-joanneum.at\/gesundheitsmanagement-und-public-health\/master\/wp-json\/wp\/v2\/comments?post=10000008"}],"version-history":[{"count":0,"href":"https:\/\/www.fh-joanneum.at\/gesundheitsmanagement-und-public-health\/master\/wp-json\/wp\/v2\/pages\/10000008\/revisions"}],"up":[{"embeddable":true,"href":"https:\/\/www.fh-joanneum.at\/gesundheitsmanagement-und-public-health\/master\/wp-json\/wp\/v2\/pages\/10000006"}],"wp:attachment":[{"href":"https:\/\/www.fh-joanneum.at\/gesundheitsmanagement-und-public-health\/master\/wp-json\/wp\/v2\/media?parent=10000008"}],"curies":[{"name":"wp","href":"https:\/\/api.w.org\/{rel}","templated":true}]}}