{"id":10000038,"date":"2022-06-27T11:43:00","date_gmt":"2022-06-27T09:43:00","guid":{"rendered":"https:\/\/www.fh-joanneum.at\/gesundheitsoekonomie\/postgraduate\/?page_id=38"},"modified":"2022-06-27T13:49:56","modified_gmt":"2022-06-27T11:49:56","slug":"voraussetzungen","status":"publish","type":"page","link":"https:\/\/www.fh-joanneum.at\/gesundheitsoekonomie\/postgraduate\/vor-dem-studium\/voraussetzungen\/","title":{"rendered":"Voraussetzungen"},"content":{"rendered":"<div id=\"\" class=\"wp-block-text-content margin-bottom-none\">\n    <div class=\"container-lg\">\n        <div class=\"row\">\n            <div class=\"col\">\n                <div class=\"module-migration-headline\">\n<h3>Zugangsvoraussetzungen<\/h3>\n<\/div>\n\n            <\/div>\n        <\/div>\n            <\/div>\n<\/div>\n\n<div id=\"\" class=\"wp-block-text-content margin-bottom-normal\">\n    <div class=\"container-lg\">\n        <div class=\"row\">\n            <div class=\"col\">\n                <p>Voraussetzung f&uuml;r das MBA-Studium ist <\/p>\n<ul>\n<li>ein facheinschl&auml;giges Studium mit Bachelorabschluss (180 ECTS) an einer anerkannten inl&auml;ndischen oder ausl&auml;ndischen Bildungseinrichtung oder <\/li>\n<li>der Abschluss eines anderen fachlich in Frage kommenden Studiums auf zumindest desselben hochschulischen Bildungsniveaus an einer anerkannten inl&auml;ndischen oder ausl&auml;ndischen postsekund&auml;ren Bildungseinrichtung sowie <\/li>\n<li>eine zumindest zweij&auml;hrige einschl&auml;gige Berufserfahrung. <\/li>\n<\/ul>\n<p>Als facheinschl&auml;gige Studien gelten:<\/p>\n<ul>\n<li>\n<p>Public Health, Gesundheitsmanagement, Gesundheitswissenschaften, Epidemiologie, Medizin, Gesundheitsberufe mit Hochschulabschluss, E-Health, &Ouml;konomie, Wirtschaft, Management, etc.<\/p>\n<\/li>\n<li>\n<p>Dar&uuml;ber hinaus gelten folgende Studien als ebenfalls geeignet: Rechtswissenschaften, Public Management, Mathematik oder Statistik. <\/p>\n<\/li>\n<\/ul>\n<p>Als einschl&auml;gige Berufserfahrung gilt eine T&auml;tigkeit in den Bereichen Gesundheit und Wirtschaft. Die Einschl&auml;gigkeit kann sowohl inhaltlich als auch methodisch begr&uuml;ndet werden. F&uuml;r eine genaue Abkl&auml;rung ber&auml;t Sie die Lehrgangsleitung. <\/p>\n\n            <\/div>\n        <\/div>\n            <\/div>\n<\/div>\n\n<div\n    id=\"\"\n    class=\"wp-block-tipp-box margin-bottom-normal\"\n>\n    <div class=\"container-lg\">\n        <div class=\"row\">\n            <div class=\"col\">\n                <div class=\"tipp-box border border-info\">\n                    <div class=\"tipp-box-inner p-2 p-md-3\">\n                        <h4 class=\"\">Hinweis<\/h4>\n                        <p>Deutsch ist Unterrichtssprache und deren Kenntnis wird als erforderlich vorausgesetzt.<\/p>\n\n                    <\/div>\n                <\/div>\n            <\/div>\n        <\/div>\n    <\/div>\n<\/div>\n\n","protected":false},"excerpt":{"rendered":"<p>Diese Voraussetzungen m\u00fcssen Sie f\u00fcr die Teilnahme am Lehrgang erf\u00fcllen.<\/p>\n","protected":false},"author":11,"featured_media":0,"parent":10000036,"menu_order":9,"comment_status":"closed","ping_status":"closed","template":"","meta":{"_acf_changed":false,"footnotes":""},"acf":[],"aioseo_notices":[],"_links":{"self":[{"href":"https:\/\/www.fh-joanneum.at\/gesundheitsoekonomie\/postgraduate\/wp-json\/wp\/v2\/pages\/10000038"}],"collection":[{"href":"https:\/\/www.fh-joanneum.at\/gesundheitsoekonomie\/postgraduate\/wp-json\/wp\/v2\/pages"}],"about":[{"href":"https:\/\/www.fh-joanneum.at\/gesundheitsoekonomie\/postgraduate\/wp-json\/wp\/v2\/types\/page"}],"author":[{"embeddable":true,"href":"https:\/\/www.fh-joanneum.at\/gesundheitsoekonomie\/postgraduate\/wp-json\/wp\/v2\/users\/11"}],"replies":[{"embeddable":true,"href":"https:\/\/www.fh-joanneum.at\/gesundheitsoekonomie\/postgraduate\/wp-json\/wp\/v2\/comments?post=10000038"}],"version-history":[{"count":0,"href":"https:\/\/www.fh-joanneum.at\/gesundheitsoekonomie\/postgraduate\/wp-json\/wp\/v2\/pages\/10000038\/revisions"}],"up":[{"embeddable":true,"href":"https:\/\/www.fh-joanneum.at\/gesundheitsoekonomie\/postgraduate\/wp-json\/wp\/v2\/pages\/10000036"}],"wp:attachment":[{"href":"https:\/\/www.fh-joanneum.at\/gesundheitsoekonomie\/postgraduate\/wp-json\/wp\/v2\/media?parent=10000038"}],"curies":[{"name":"wp","href":"https:\/\/api.w.org\/{rel}","templated":true}]}}