{"id":10000010,"date":"2020-11-20T10:59:16","date_gmt":"2020-11-20T09:59:16","guid":{"rendered":"https:\/\/www.fh-joanneum.at\/global-leadership-and-hr-management\/master\/?page_id=10"},"modified":"2024-09-12T14:22:53","modified_gmt":"2024-09-12T12:22:53","slug":"voraussetzungen","status":"publish","type":"page","link":"https:\/\/www.fh-joanneum.at\/global-leadership-and-hr-management\/master\/vor-dem-studium\/voraussetzungen\/","title":{"rendered":"Voraussetzungen"},"content":{"rendered":"<div id=\"\" class=\"wp-block-text-content margin-bottom-none\">\n    <div class=\"container-lg\">\n        <div class=\"row\">\n            <div class=\"col\">\n                <div class=\"module-migration-headline\">\n<h3>Voraussetzungen f&uuml;r das Studium<\/h3>\n<\/div>\n\n            <\/div>\n        <\/div>\n            <\/div>\n<\/div>\n\n\n<div id=\"\" class=\"wp-block-text-content margin-bottom-normal\">\n    <div class=\"container-lg\">\n        <div class=\"row\">\n            <div class=\"col\">\n                <p>Wenn Sie einen qualifizierten Studienabschluss<\/p>\n<ul>\n<li>eines sozial- und\/oder wirtschaftswissenschaftlichen Bachelorstudiums mit wirtschaftlichem Schwerpunkt oder<\/li>\n<li>eines gleichwertigen Studiums an einer anerkannten inl&auml;ndischen oder ausl&auml;ndischen postsekund&auml;ren Bildungseinrichtung<\/li>\n<\/ul>\n<p>nachweisen k&ouml;nnen, erf&uuml;llen Sie die Zugangsvoraussetzungen f&uuml;r das Masterstudium.<\/p>\n<p>Der Zugang zum Masterstudium &bdquo;Global Strategic Management&ldquo; mit der Studienrichtung &bdquo;Global Leadership and HR Management&ldquo; kann aus einem breiten Spektrum von Bachelorstudieng&auml;ngen an unterschiedlichen Universit&auml;ten und Hochschulen erfolgen. Die folgende Liste zeigt exemplarisch diverse Bachelorstudien, mit deren Abschluss die Voraussetzungen grunds&auml;tzlich erf&uuml;llt sind:<\/p>\n<ul>\n<li>Angewandte Betriebswirtschaft<\/li>\n<li>Bank- und Finanzwirtschaft<\/li>\n<li>Bank- und Versicherungswirtschaft<\/li>\n<li>Betriebswirtschaft \/ Betriebswirtschaftslehre<\/li>\n<li>Gesundheitsmanagement im Tourismus<\/li>\n<li>Industriewirtschaft<\/li>\n<li>Innovations- und Produktmanagement<\/li>\n<li>International Management<\/li>\n<li>International Marketing and Sales Management<\/li>\n<li>Internationale Betriebswirtschaft<\/li>\n<li>Management<\/li>\n<li>Management und Recht<\/li>\n<li>Management internationaler Gesch&auml;ftsprozesse<\/li>\n<li>Marketing und Sales<\/li>\n<li>Produktion und Management<\/li>\n<li>Rechnungswesen und Controlling<\/li>\n<li>Recht und Wirtschaft<\/li>\n<li>Umweltsystemwissenschaften &ndash; Betriebswirtschaft<\/li>\n<li>Umweltsystemwissenschaften &ndash; Volkswirtschaftslehre<\/li>\n<li>Unternehmensf&uuml;hrung<\/li>\n<li>Volkswirtschaftslehre<\/li>\n<li>Wirtschaft und Recht<\/li>\n<\/ul>\n<p>Die Zugangsvoraussetzungen f&uuml;r das gegenst&auml;ndliche Masterstudium sind insbesondere durch einen Abschluss der am Department Management der FH JOANNEUM angebotenen Bachelorstudieng&auml;nge &bdquo;Bank- und Versicherungswirtschaft&ldquo;, &bdquo;Industriewirtschaft\/Industrial Management (Vollzeit)&ldquo;, &bdquo;Industriewirtschaft\/Industrial Management (berufsbegleitend)&ldquo;, &bdquo;Gesundheitsmanagement im Tourismus&ldquo; sowie &bdquo;Management internationaler Gesch&auml;ftsprozesse&ldquo; erf&uuml;llt.<\/p>\n<p>Wir freuen uns auch &uuml;ber Absolventinnen und Absolventen anderer Bachelorstudien im Ausma&szlig; von mindestens 180 ECTS beziehungsweise Absolventinnen und Absolventen mit mindestens gleichwertigen Abschl&uuml;ssen an anerkannten inl&auml;ndischen oder ausl&auml;ndischen postsekund&auml;ren Bildungseinrichtungen, die die Absolvierung von wirtschaftswissenschaftlichen F&auml;chern im Ausma&szlig; von <strong>mindestens 50 ECTS-Punkten<\/strong> nachweisen k&ouml;nnen. Darunter fallen auch wirtschaftsbezogene F&auml;cher wie Wirtschaftsrecht, Wirtschaftsstatistik, Wirtschaftsmathematik, Wirtschaftspsychologie, Wirtschaftsgeographie, etc., sofern diese &uuml;blicherweise Teil eines wirtschaftswissenschaftlichen Studiums sind oder einem solchen zugerechnet werden k&ouml;nnen. Sollten die diesbez&uuml;glich zu beurteilenden Vorleistungen nicht in Form von ECTS-Punkten dargestellt sein oder nicht in solche umrechenbar sein, so ist als Kriterium eine &bdquo;&auml;quivalente wirtschaftliche Basisausbildung&ldquo; heranzuziehen.<\/p>\n\n            <\/div>\n        <\/div>\n            <\/div>\n<\/div>\n\n\n<div\n    id=\"\"\n    class=\"wp-block-tipp-box margin-bottom-normal\"\n>\n    <div class=\"container-lg\">\n        <div class=\"row\">\n            <div class=\"col\">\n                <div class=\"tipp-box border border-info\">\n                    <div class=\"tipp-box-inner p-2 p-md-3\">\n                        <h4 class=\"\">Hinweis<\/h4>\n                        <p>Die Erf\u00fcllung der Zugangsvoraussetzungen wird im Zweifelsfall durch die Studiengangsleitung gepr\u00fcft. F\u00fcr den Fall, dass eine grunds\u00e4tzliche Gleichwertigkeit gegeben ist und nur einzelne Erg\u00e4nzungen auf die volle Gleichwertigkeit fehlen, ist die Feststellung der Gleichwertigkeit mit der Auflage von Pr\u00fcfungen verbunden, die im Zuge des vorliegenden Masterstudiums abzulegen sind. Diese abzulegenden Pr\u00fcfungen werden den betreffenden Bewerberinnen und Bewerbern im Zuge des Aufnahmeverfahrens im Detail schriftlich mitgeteilt \u2013 unter Angabe des Zeitpunktes, zu dem diese Pr\u00fcfungen sp\u00e4testens positiv abgeschlossen sein m\u00fcssen.<\/p>\n\n                    <\/div>\n                <\/div>\n            <\/div>\n        <\/div>\n    <\/div>\n<\/div>\n\n\n<div id=\"\" class=\"wp-block-text-content margin-bottom-normal\">\n    <div class=\"container-lg\">\n        <div class=\"row\">\n            <div class=\"col\">\n                <h4>Sprachkenntnisse<\/h4>\n<p>Englisch ist die Unterrichtssprache am Studiengang. Mit Sprachkenntnissen auf Level B2 k&ouml;nnen Sie den Studieninhalten ohne Probleme folgen. Best&auml;tigen Sie uns Ihre Sprachkenntnisse bitte mit einem Zertifikat sofern Sie nicht in Maturazeugnissen oder &auml;hnlichen Diplomen genannt sind.<\/p>\n\n            <\/div>\n        <\/div>\n            <\/div>\n<\/div>\n\n\n<div\n    id=\"\"\n    class=\"wp-block-tipp-box margin-bottom-normal\"\n>\n    <div class=\"container-lg\">\n        <div class=\"row\">\n            <div class=\"col\">\n                <div class=\"tipp-box border border-info\">\n                    <div class=\"tipp-box-inner p-2 p-md-3\">\n                        <h4 class=\"\">Hinweis<\/h4>\n                        <p>Es gelten die Bestimmungen der Studien- und Pr\u00fcfungsordnung der FH JOANNEUM in ihrer jeweils aktuellsten Fassung sowie die entsprechenden Bestimmungen des Fachhochschul-Studiengesetzes (FHG).<\/p>\n\n                    <\/div>\n                <\/div>\n            <\/div>\n        <\/div>\n    <\/div>\n<\/div>\n\n\n<div id=\"\" class=\"wp-block-text-content margin-bottom-normal\">\n    <div class=\"container-lg\">\n        <div class=\"row\">\n            <div class=\"col\">\n                <h4>Sie sind keine &ouml;sterreichische Staatsb&uuml;rgerin oder kein &ouml;sterreichischer Staatsb&uuml;rger?<\/h4>\n<p>F&uuml;r Sie gibt es einige Besonderheiten zu beachten. Mehr Informationen dazu finden Sie in unter dem Men&uuml;punkt <a href=\"https:\/\/www.fh-joanneum.at\/global-leadership-and-hr-management\/master\/vor-dem-studium\/internationale-bewerberinnen-bewerber\/\"><strong>Internationale Bewerberinnen und Bewerber<\/strong>.<\/a><\/p>\n\n            <\/div>\n        <\/div>\n            <\/div>\n<\/div>\n","protected":false},"excerpt":{"rendered":"<p>Diese Voraussetzungen m\u00fcssen Sie f\u00fcr das Studium erf\u00fcllen.<\/p>\n","protected":false},"author":11,"featured_media":0,"parent":10000008,"menu_order":13,"comment_status":"closed","ping_status":"closed","template":"","meta":{"_acf_changed":false,"footnotes":""},"acf":[],"aioseo_notices":[],"_links":{"self":[{"href":"https:\/\/www.fh-joanneum.at\/global-leadership-and-hr-management\/master\/wp-json\/wp\/v2\/pages\/10000010"}],"collection":[{"href":"https:\/\/www.fh-joanneum.at\/global-leadership-and-hr-management\/master\/wp-json\/wp\/v2\/pages"}],"about":[{"href":"https:\/\/www.fh-joanneum.at\/global-leadership-and-hr-management\/master\/wp-json\/wp\/v2\/types\/page"}],"author":[{"embeddable":true,"href":"https:\/\/www.fh-joanneum.at\/global-leadership-and-hr-management\/master\/wp-json\/wp\/v2\/users\/11"}],"replies":[{"embeddable":true,"href":"https:\/\/www.fh-joanneum.at\/global-leadership-and-hr-management\/master\/wp-json\/wp\/v2\/comments?post=10000010"}],"version-history":[{"count":1,"href":"https:\/\/www.fh-joanneum.at\/global-leadership-and-hr-management\/master\/wp-json\/wp\/v2\/pages\/10000010\/revisions"}],"predecessor-version":[{"id":10000186,"href":"https:\/\/www.fh-joanneum.at\/global-leadership-and-hr-management\/master\/wp-json\/wp\/v2\/pages\/10000010\/revisions\/10000186"}],"up":[{"embeddable":true,"href":"https:\/\/www.fh-joanneum.at\/global-leadership-and-hr-management\/master\/wp-json\/wp\/v2\/pages\/10000008"}],"wp:attachment":[{"href":"https:\/\/www.fh-joanneum.at\/global-leadership-and-hr-management\/master\/wp-json\/wp\/v2\/media?parent=10000010"}],"curies":[{"name":"wp","href":"https:\/\/api.w.org\/{rel}","templated":true}]}}