{"id":14,"date":"2025-06-25T15:45:02","date_gmt":"2025-06-25T13:45:02","guid":{"rendered":"https:\/\/www.fh-joanneum.at\/guideline-based-ultrasound-abdomen\/certificate_programme\/?page_id=14"},"modified":"2026-03-16T13:24:57","modified_gmt":"2026-03-16T12:24:57","slug":"startpage","status":"publish","type":"page","link":"https:\/\/www.fh-joanneum.at\/guideline-based-ultrasound-abdomen\/certificate_programme\/en\/","title":{"rendered":"Startpage"},"content":{"rendered":"<div\n    id=\"\"\n    class=\"wp-block-major-intro margin-bottom-normal gesundheitsstudien variant-overlap\"\n>\n    <div\n        class=\"container-fluid\"\n        style=\"--bs-gutter-x: 0\"\n    >\n        <div\n            class=\"row\"\n            style=\"--bs-gutter-x: 0\"\n        >\n            <div class=\"col-12\">\n                <div class=\"header-wrapper\">\n                    <picture>\n                        <source\n                media=\"(max-width: 576px)\"\n                srcset=\"https:\/\/cdn3.fh-joanneum.at\/media\/sites\/147\/2026\/01\/Guideline-Based-Ultrasound-\u2013-Abdomen_02-576x384.jpg, https:\/\/cdn3.fh-joanneum.at\/media\/sites\/147\/2026\/01\/Guideline-Based-Ultrasound-\u2013-Abdomen_02-768x512.jpg 2x\"\n            \/>\n                    <source\n                media=\"(max-width: 768px)\"\n                srcset=\"https:\/\/cdn3.fh-joanneum.at\/media\/sites\/147\/2026\/01\/Guideline-Based-Ultrasound-\u2013-Abdomen_02-768x512.jpg, https:\/\/cdn3.fh-joanneum.at\/media\/sites\/147\/2026\/01\/Guideline-Based-Ultrasound-\u2013-Abdomen_02-1024x683.jpg 2x\"\n            \/>\n                    <source\n                media=\"(max-width: 1024px)\"\n                srcset=\"https:\/\/cdn3.fh-joanneum.at\/media\/sites\/147\/2026\/01\/Guideline-Based-Ultrasound-\u2013-Abdomen_02-1024x683.jpg, https:\/\/cdn3.fh-joanneum.at\/media\/sites\/147\/2026\/01\/Guideline-Based-Ultrasound-\u2013-Abdomen_02-1536x1024.jpg 2x\"\n            \/>\n                    <source\n                media=\"(max-width: 1536px)\"\n                srcset=\"https:\/\/cdn3.fh-joanneum.at\/media\/sites\/147\/2026\/01\/Guideline-Based-Ultrasound-\u2013-Abdomen_02-1536x1024.jpg, https:\/\/cdn3.fh-joanneum.at\/media\/sites\/147\/2026\/01\/Guideline-Based-Ultrasound-\u2013-Abdomen_02-2048x1365.jpg 2x\"\n            \/>\n                    <source\n                media=\"(max-width: 2048px)\"\n                srcset=\"https:\/\/cdn3.fh-joanneum.at\/media\/sites\/147\/2026\/01\/Guideline-Based-Ultrasound-\u2013-Abdomen_02-2048x1365.jpg, https:\/\/cdn3.fh-joanneum.at\/media\/sites\/147\/2026\/01\/Guideline-Based-Ultrasound-\u2013-Abdomen_02-scaled.jpg 2x\"\n            \/>\n                <img decoding=\"async\"\n        class=\"img-fluid position-center\" size=\"full\"\n        src=\"https:\/\/cdn3.fh-joanneum.at\/media\/sites\/147\/2026\/01\/Guideline-Based-Ultrasound-\u2013-Abdomen_02-scaled.jpg\"\n        alt=\"Der Lehrgang Guideline Based Ultrasound \u2013 Abdomen eignet sich f\u00fcr \u00c4rzt:innen und Gesundheitsfachkr\u00e4fte\"\n        title=\"\"\n         loading=\"lazy\"             >\n<\/picture>\n\n                    <div class=\"glass-wrapper pb-0\">\n                        <h1 class=\"mb-0\">\n                                                            <span class=\"topline fs-5 lh-sm mb-1 fw-light\">Continuing education, Part-time<\/span>\n                            \n                                                            <div class=\"display-1 mb-1\">Guideline Based Ultrasound \u2013 Abdomen<\/div>\n                                                    <\/h1>\n\n                        \n                                                    <div class=\"apply-link-holder major-bg-color mt-1 w-100 py-2\">\n                                <a\n        class=\"arrow-link header-link fs-4 text-white\"\n        href=\"https:\/\/www.fh-joanneum.at\/en\/studies\/online-application\/\"\n        target=\"_blank\"\n    >\n                            \n            <span>Apply now!<\/span>\n                            <svg width=\"9\" height=\"15\" viewBox=\"0 0 9 15\" fill=\"none\" xmlns=\"http:\/\/www.w3.org\/2000\/svg\">\n    <path id=\"chevron_right\" d=\"M1.5 1.5L7.5 7.5L1.5 13.5\" stroke=\"\" stroke-width=\"1.5\" stroke-linecap=\"round\"\/>\n<\/svg>            <\/a>\n                            <\/div>\n                                            <\/div>\n                <\/div>\n            <\/div>\n        <\/div>\n    <\/div>\n    <div class=\"container-lg\">\n        <div class=\"row\">\n            <div class=\"col-12 col-md-8 order-1 order-md-0\">\n                <h2 class=\"major-intro-text fw-normal d-none d-md-block\">This certificate course in Guideline-Based Ultrasound \u2013 Abdomen provides in-depth knowledge of abdominal ultrasound diagnostics based on medical guidelines. The module focuses on clinically relevant pathologies, differential diagnosis and standardised reporting. The course is suitable for doctors and doctors in training from relevant specialisms, as well as healthcare professionals in medical-therapeutic and diagnostic healthcare professions (including radiology technology, physiotherapy and biomedical analysis), midwives, and senior healthcare and nursing staff.<\/h2>\n                <h2 class=\"h5 d-md-none\">This certificate course in Guideline-Based Ultrasound \u2013 Abdomen provides in-depth knowledge of abdominal ultrasound diagnostics based on medical guidelines. The module focuses on clinically relevant pathologies, differential diagnosis and standardised reporting. The course is suitable for doctors and doctors in training from relevant specialisms, as well as healthcare professionals in medical-therapeutic and diagnostic healthcare professions (including radiology technology, physiotherapy and biomedical analysis), midwives, and senior healthcare and nursing staff.<\/h2>\n            <\/div>\n            <div class=\"d-none d-md-flex col-md-1 seperator-column\"><\/div>\n            <div class=\"major-sidebar col-12 col-md-3 order-0 order-md-1 mb-4 mb-md-0\">\n                <div class=\"border border-light border-bottom-0 p-3\">\n                                            <div class=\"item\">\n                                                            <div class=\"label\">Certificate<\/div>\n                                                        <div class=\"content h5\">\n                                                                    Abschlusszertifikat der FH JOANNEUM\n                                                            <\/div>\n                        <\/div>\n                                            <div class=\"item\">\n                                                            <div class=\"label\">Mode of Study<\/div>\n                                                        <div class=\"content h5\">\n                                                                    Part-time \/ 1 Semesters \/ 24 ECTS\n                                                            <\/div>\n                        <\/div>\n                                            <div class=\"item\">\n                                                            <div class=\"label\">Language of instruction<\/div>\n                                                        <div class=\"content h5\">\n                                                                    English\n                                                            <\/div>\n                        <\/div>\n                                            <div class=\"item\">\n                                                            <div class=\"label\">Head of Degree Programme<\/div>\n                                                        <div class=\"content h5\">\n                                                                    <a href=\"https:\/\/www.fh-joanneum.at\/en\/university\/person\/helmut-ritschl\">\n                                        FH-Prof. Dr. Helmut Ritschl MA MSc\n                                    <\/a>\n                                                            <\/div>\n                        <\/div>\n                                            <div class=\"item\">\n                                                            <div class=\"label\">Campus<\/div>\n                                                        <div class=\"content h5\">\n                                                                    <a href='https:\/\/www.fh-joanneum.at\/en\/studies\/locations\/campus-graz\/'>Graz<\/a>\n                                                            <\/div>\n                        <\/div>\n                                            <div class=\"item\">\n                                                            <div class=\"label\">Department<\/div>\n                                                        <div class=\"content h5\">\n                                                                    <a href='https:\/\/www.fh-joanneum.at\/en\/university\/departments\/health-studies\/'>Health Studies<\/a>\n                                                            <\/div>\n                        <\/div>\n                                            <div class=\"item\">\n                                                            <div class=\"label\">Institute<\/div>\n                                                        <div class=\"content h5\">\n                                                                    <a href='https:\/\/www.fh-joanneum.at\/en\/institute\/radiography\/'>Radiography<\/a>\n                                                            <\/div>\n                        <\/div>\n                                            <div class=\"item\">\n                                                            <div class=\"label\">Current application period (for winter semester) until:<\/div>\n                                                        <div class=\"content h5\">\n                                                                    <a href=\"https:\/\/www.fh-joanneum.at\/guideline-based-ultrasound-abdomen\/certificate_programme\/vor-dem-lehrgang\/termine-fristen\/\">\n                                        20.07.2026\n                                    <\/a>\n                                                            <\/div>\n                        <\/div>\n                                            <div class=\"item\">\n                                                            <div class=\"label\">Tuition fee <\/div>\n                                                        <div class=\"content h5\">\n                                                                    \u20ac 2.880,00 in total\n                                                            <\/div>\n                        <\/div>\n                                    <\/div>\n                                    <ul class=\"bordered-menu\">\n                                                    <li>\n                                <a\n        class=\"arrow-link\"\n        href=\"https:\/\/www.fh-joanneum.at\/guideline-based-ultrasound-abdomen\/certificate_programme\/im-lehrgang\/studienplan\/\"\n        target=\"_self\"\n    >\n                            \n            <span>Curriculum<\/span>\n                            <svg width=\"9\" height=\"15\" viewBox=\"0 0 9 15\" fill=\"none\" xmlns=\"http:\/\/www.w3.org\/2000\/svg\">\n    <path id=\"chevron_right\" d=\"M1.5 1.5L7.5 7.5L1.5 13.5\" stroke=\"\" stroke-width=\"1.5\" stroke-linecap=\"round\"\/>\n<\/svg>            <\/a>\n                            <\/li>\n                                                    <li>\n                                <a\n        class=\"arrow-link\"\n        href=\"https:\/\/www.fh-joanneum.at\/guideline-based-ultrasound-abdomen\/certificate_programme\/vor-dem-lehrgang\/info-kontakt\/\"\n        target=\"_self\"\n    >\n                            \n            <span>Info &#038; Contact<\/span>\n                            <svg width=\"9\" height=\"15\" viewBox=\"0 0 9 15\" fill=\"none\" xmlns=\"http:\/\/www.w3.org\/2000\/svg\">\n    <path id=\"chevron_right\" d=\"M1.5 1.5L7.5 7.5L1.5 13.5\" stroke=\"\" stroke-width=\"1.5\" stroke-linecap=\"round\"\/>\n<\/svg>            <\/a>\n                            <\/li>\n                                                    <li>\n                                <a\n        class=\"arrow-link\"\n        href=\"https:\/\/www.fh-joanneum.at\/guideline-based-ultrasound-abdomen\/certificate_programme\/vor-dem-lehrgang\/\"\n        target=\"_self\"\n    >\n                            \n            <span>Application &#038; Admission<\/span>\n                            <svg width=\"9\" height=\"15\" viewBox=\"0 0 9 15\" fill=\"none\" xmlns=\"http:\/\/www.w3.org\/2000\/svg\">\n    <path id=\"chevron_right\" d=\"M1.5 1.5L7.5 7.5L1.5 13.5\" stroke=\"\" stroke-width=\"1.5\" stroke-linecap=\"round\"\/>\n<\/svg>            <\/a>\n                            <\/li>\n                                            <\/ul>\n                            <\/div>\n        <\/div>\n    <\/div>\n<\/div>\n","protected":false},"excerpt":{"rendered":"","protected":false},"author":143,"featured_media":0,"parent":0,"menu_order":0,"comment_status":"closed","ping_status":"closed","template":"","meta":{"_acf_changed":false,"footnotes":""},"acf":[],"aioseo_notices":[],"_links":{"self":[{"href":"https:\/\/www.fh-joanneum.at\/guideline-based-ultrasound-abdomen\/certificate_programme\/en\/wp-json\/wp\/v2\/pages\/14"}],"collection":[{"href":"https:\/\/www.fh-joanneum.at\/guideline-based-ultrasound-abdomen\/certificate_programme\/en\/wp-json\/wp\/v2\/pages"}],"about":[{"href":"https:\/\/www.fh-joanneum.at\/guideline-based-ultrasound-abdomen\/certificate_programme\/en\/wp-json\/wp\/v2\/types\/page"}],"author":[{"embeddable":true,"href":"https:\/\/www.fh-joanneum.at\/guideline-based-ultrasound-abdomen\/certificate_programme\/en\/wp-json\/wp\/v2\/users\/143"}],"replies":[{"embeddable":true,"href":"https:\/\/www.fh-joanneum.at\/guideline-based-ultrasound-abdomen\/certificate_programme\/en\/wp-json\/wp\/v2\/comments?post=14"}],"version-history":[{"count":4,"href":"https:\/\/www.fh-joanneum.at\/guideline-based-ultrasound-abdomen\/certificate_programme\/en\/wp-json\/wp\/v2\/pages\/14\/revisions"}],"predecessor-version":[{"id":60,"href":"https:\/\/www.fh-joanneum.at\/guideline-based-ultrasound-abdomen\/certificate_programme\/en\/wp-json\/wp\/v2\/pages\/14\/revisions\/60"}],"wp:attachment":[{"href":"https:\/\/www.fh-joanneum.at\/guideline-based-ultrasound-abdomen\/certificate_programme\/en\/wp-json\/wp\/v2\/media?parent=14"}],"curies":[{"name":"wp","href":"https:\/\/api.w.org\/{rel}","templated":true}]}}