{"id":23,"date":"2025-06-26T15:53:01","date_gmt":"2025-06-26T13:53:01","guid":{"rendered":"https:\/\/www.fh-joanneum.at\/guideline-based-ultrasound-abdomen\/certificate_programme\/?page_id=23"},"modified":"2025-06-26T15:53:03","modified_gmt":"2025-06-26T13:53:03","slug":"voraussetzungen","status":"publish","type":"page","link":"https:\/\/www.fh-joanneum.at\/guideline-based-ultrasound-abdomen\/certificate_programme\/vor-dem-lehrgang\/voraussetzungen\/","title":{"rendered":"Voraussetzungen"},"content":{"rendered":"<div id=\"\" class=\"wp-block-text-content margin-bottom-normal\">\n    <div class=\"container-lg\">\n        <div class=\"row\">\n            <div class=\"col\">\n                <h3>Voraussetzungen f&uuml;r die Zulassung<\/h3>\n<p>Der berufsbegleitende Zertifikatslehrgang Guideline Based Ultrasound &ndash; Abdomen (24 ECTS) richtet sich an &Auml;rzt:innen und Gesundheitsfachkr&auml;fte, die ihre diagnostischen F&auml;higkeiten im Abdominalbereich gezielt erweitern m&ouml;chten.<\/p>\n<p>F&uuml;r die Zulassung zum Studienplatz ist es erforderlich, dass Bewerber:innen bereits vor Studienbeginn den notwendigen Praktikumsplatz eigenst&auml;ndig organisieren und nachweisen k&ouml;nnen.<\/p>\n<h4>Zugangsvoraussetzungen<\/h4>\n<ul>\n<li>eine abgeschlossene Ausbildungsgang im Gesundheitswesen mit Berechtigung zur Aus&uuml;bung eines gesundheitsberuflichen T&auml;tigkeitsfelds (mind. 180 ECTS)<\/li>\n<li>ein geeigneter Praktikumsplatz<\/li>\n<li>Sprachkenntnisse auf den Niveau B2 in Englisch sowie Deutsch<\/li>\n<\/ul>\n\n            <\/div>\n        <\/div>\n            <\/div>\n<\/div>\n","protected":false},"excerpt":{"rendered":"<p>Welche Voraussetzungen m\u00fcssen Sie f\u00fcr den Lehrgang erf\u00fcllen? Die Antworten auf diese Frage geben wir Ihnen hier.<\/p>\n","protected":false},"author":143,"featured_media":0,"parent":5,"menu_order":20,"comment_status":"closed","ping_status":"closed","template":"","meta":{"_acf_changed":false,"footnotes":""},"acf":[],"aioseo_notices":[],"_links":{"self":[{"href":"https:\/\/www.fh-joanneum.at\/guideline-based-ultrasound-abdomen\/certificate_programme\/wp-json\/wp\/v2\/pages\/23"}],"collection":[{"href":"https:\/\/www.fh-joanneum.at\/guideline-based-ultrasound-abdomen\/certificate_programme\/wp-json\/wp\/v2\/pages"}],"about":[{"href":"https:\/\/www.fh-joanneum.at\/guideline-based-ultrasound-abdomen\/certificate_programme\/wp-json\/wp\/v2\/types\/page"}],"author":[{"embeddable":true,"href":"https:\/\/www.fh-joanneum.at\/guideline-based-ultrasound-abdomen\/certificate_programme\/wp-json\/wp\/v2\/users\/143"}],"replies":[{"embeddable":true,"href":"https:\/\/www.fh-joanneum.at\/guideline-based-ultrasound-abdomen\/certificate_programme\/wp-json\/wp\/v2\/comments?post=23"}],"version-history":[{"count":1,"href":"https:\/\/www.fh-joanneum.at\/guideline-based-ultrasound-abdomen\/certificate_programme\/wp-json\/wp\/v2\/pages\/23\/revisions"}],"predecessor-version":[{"id":24,"href":"https:\/\/www.fh-joanneum.at\/guideline-based-ultrasound-abdomen\/certificate_programme\/wp-json\/wp\/v2\/pages\/23\/revisions\/24"}],"up":[{"embeddable":true,"href":"https:\/\/www.fh-joanneum.at\/guideline-based-ultrasound-abdomen\/certificate_programme\/wp-json\/wp\/v2\/pages\/5"}],"wp:attachment":[{"href":"https:\/\/www.fh-joanneum.at\/guideline-based-ultrasound-abdomen\/certificate_programme\/wp-json\/wp\/v2\/media?parent=23"}],"curies":[{"name":"wp","href":"https:\/\/api.w.org\/{rel}","templated":true}]}}