{"id":21,"date":"2025-06-27T08:51:21","date_gmt":"2025-06-27T06:51:21","guid":{"rendered":"https:\/\/www.fh-joanneum.at\/guideline-based-ultrasound-for-internal-medicine\/academic_certificate_programme\/?page_id=21"},"modified":"2025-06-27T09:53:25","modified_gmt":"2025-06-27T07:53:25","slug":"voraussetzungen","status":"publish","type":"page","link":"https:\/\/www.fh-joanneum.at\/guideline-based-ultrasound-for-internal-medicine\/academic_certificate_programme\/vor-dem-lehrgang\/voraussetzungen\/","title":{"rendered":"Voraussetzungen"},"content":{"rendered":"<div id=\"\" class=\"wp-block-text-content margin-bottom-normal\">\n    <div class=\"container-lg\">\n        <div class=\"row\">\n            <div class=\"col\">\n                <h3>Voraussetzungen f&uuml;r die Zulassung<\/h3>\n<p>Der berufsbegleitende Akademische Lehrgang Guideline Based Ultrasound for Internal Medicine (60 ECTS) richtet sich an alle Absolvent:innen von facheinschl&auml;gigen Gesundheitsstudieng&auml;ngen, &Auml;rzt:innen in Ausbildung oder mit Berufsbefugnis sowie Angeh&ouml;rige anderer Gesundheitsberufe mit postsekund&auml;rer Ausbildung in einem einschl&auml;gigen Bereich.<\/p>\n<p>Als facheinschl&auml;gig gelten jedenfalls folgende Bachelorabschl&uuml;sse:<\/p>\n<ul>\n<li>Humanmedizin<\/li>\n<li>Zahnmedizin<\/li>\n<li>Radiologietechnologie<\/li>\n<li>Hebammenwissenschaft<\/li>\n<li>Physiotherapie<\/li>\n<li>Biomedizinische Analytik<\/li>\n<li>Gesundheits- und Krankenpflege<\/li>\n<li>Di&auml;tologie<\/li>\n<\/ul>\n<p>F&uuml;r die Zulassung zum Studienplatz ist es erforderlich, dass Bewerber:innen bereits vor Studienbeginn die notwendigen Praktikumspl&auml;tze eigenst&auml;ndig organisieren und nachweisen k&ouml;nnen.<\/p>\n<h4>Zugangsvoraussetzungen<\/h4>\n<ul>\n<li>ein abgeschlossenes facheinschl&auml;giges Studium (mind. 180 ECTS)<br>\nODER<\/li>\n<li>eine gleichwertige berufliche Qualifikation mit postsekund&auml;rem Abschluss, sofern ein inhaltlicher Bezug zur klinischen Ultraschallanwendung gegeben ist.<\/li>\n<li>Jeweils eine Praktikumsstelle im Ausma&szlig; von 2 Wochen (4 ECTS) f&uuml;r die Module:\n<ul>\n<li>Abdomen<\/li>\n<li>Blood vessels and Neck<\/li>\n<li>Echocardiography and Lung<\/li>\n<\/ul>\n<\/li>\n<li>Sprachkenntnisse auf dem Niveau B2 in Englisch sowie Deutsch<\/li>\n<\/ul>\n\n            <\/div>\n        <\/div>\n            <\/div>\n<\/div>\n","protected":false},"excerpt":{"rendered":"<p>Welche Voraussetzungen m\u00fcssen Sie f\u00fcr den Lehrgang erf\u00fcllen? Die Antworten auf diese Frage geben wir Ihnen hier.<\/p>\n","protected":false},"author":143,"featured_media":0,"parent":6,"menu_order":20,"comment_status":"closed","ping_status":"closed","template":"","meta":{"_acf_changed":false,"footnotes":""},"acf":[],"aioseo_notices":[],"_links":{"self":[{"href":"https:\/\/www.fh-joanneum.at\/guideline-based-ultrasound-for-internal-medicine\/academic_certificate_programme\/wp-json\/wp\/v2\/pages\/21"}],"collection":[{"href":"https:\/\/www.fh-joanneum.at\/guideline-based-ultrasound-for-internal-medicine\/academic_certificate_programme\/wp-json\/wp\/v2\/pages"}],"about":[{"href":"https:\/\/www.fh-joanneum.at\/guideline-based-ultrasound-for-internal-medicine\/academic_certificate_programme\/wp-json\/wp\/v2\/types\/page"}],"author":[{"embeddable":true,"href":"https:\/\/www.fh-joanneum.at\/guideline-based-ultrasound-for-internal-medicine\/academic_certificate_programme\/wp-json\/wp\/v2\/users\/143"}],"replies":[{"embeddable":true,"href":"https:\/\/www.fh-joanneum.at\/guideline-based-ultrasound-for-internal-medicine\/academic_certificate_programme\/wp-json\/wp\/v2\/comments?post=21"}],"version-history":[{"count":2,"href":"https:\/\/www.fh-joanneum.at\/guideline-based-ultrasound-for-internal-medicine\/academic_certificate_programme\/wp-json\/wp\/v2\/pages\/21\/revisions"}],"predecessor-version":[{"id":38,"href":"https:\/\/www.fh-joanneum.at\/guideline-based-ultrasound-for-internal-medicine\/academic_certificate_programme\/wp-json\/wp\/v2\/pages\/21\/revisions\/38"}],"up":[{"embeddable":true,"href":"https:\/\/www.fh-joanneum.at\/guideline-based-ultrasound-for-internal-medicine\/academic_certificate_programme\/wp-json\/wp\/v2\/pages\/6"}],"wp:attachment":[{"href":"https:\/\/www.fh-joanneum.at\/guideline-based-ultrasound-for-internal-medicine\/academic_certificate_programme\/wp-json\/wp\/v2\/media?parent=21"}],"curies":[{"name":"wp","href":"https:\/\/api.w.org\/{rel}","templated":true}]}}