{"id":10000079,"date":"2016-06-16T10:57:33","date_gmt":"2016-06-16T08:57:33","guid":{"rendered":"https:\/\/www.fh-joanneum.at\/health-care-and-hospital-management\/postgraduate\/?page_id=79"},"modified":"2021-05-12T12:30:39","modified_gmt":"2021-05-12T10:30:39","slug":"studienplan","status":"publish","type":"page","link":"https:\/\/www.fh-joanneum.at\/health-care-and-hospital-management\/postgraduate\/im-studium\/studienplan\/","title":{"rendered":"Studienplan"},"content":{"rendered":"\n\n\n<div id=\"\" class=\"wp-block-links-block margin-bottom-normal\">\n    <div class=\"container-lg\">\n        <div class=\"row\">\n            <div class=\"col-12\">\n                <div>\n                    <h4><\/h4>\n                    \n                <\/div>\n            <\/div>\n                            <div class=\"col-12\">\n                    <div class=\" border-bottom  border-top py-3\">\n                                                    <a href=\"https:\/\/postgraduate-school.medunigraz.at\/frontend\/user_upload\/themen-karriere\/postgraduate-school\/pdf\/curricula\/curriculum-health-care-hospital-management.pdf\" target=\"_blank\" class=\"link arrow-link large-arrow major-text-color-hover text-decoration-none\" data-analytics=\"\" rel=\"noopener noreferrer\">\n                                <div class=\"link-content w-100\">\n                                    <div class=\"d-flex align-items-center\">\n                                        <h5 class=\"w-100  mb-0 me-2 \">\n                                             Das gesamte Curriculum im Detail finden Sie hier <\/h5>\n                                        <svg width=\"9\" height=\"15\" viewbox=\"0 0 9 15\" fill=\"none\" xmlns=\"http:\/\/www.w3.org\/2000\/svg\">\n    <path id=\"chevron_right\" d=\"M1.5 1.5L7.5 7.5L1.5 13.5\" stroke=\"\" stroke-width=\"1.5\" stroke-linecap=\"round\"><\/path>\n<\/svg>                                    <\/div>\n                                    \n                                <\/div>\n                            <\/a>\n                                            <\/div>\n                <\/div>\n                    <\/div>\n    <\/div>\n<\/div>\n\n","protected":false},"excerpt":{"rendered":"<p>Um die vielseitige und praxisbezogene Ausbildung bestm\u00f6glich abzubilden, sind alle Inhalte des Lehrgangs in themenbezogene Module zusammengefasst. Eine \u00dcbersicht aller Module mit zugeh\u00f6rigen Lehrveranstaltungen finden Sie hier.<\/p>\n","protected":false},"author":12,"featured_media":0,"parent":10000033,"menu_order":24,"comment_status":"closed","ping_status":"closed","template":"","meta":{"_acf_changed":false,"footnotes":""},"acf":[],"aioseo_notices":[],"_links":{"self":[{"href":"https:\/\/www.fh-joanneum.at\/health-care-and-hospital-management\/postgraduate\/wp-json\/wp\/v2\/pages\/10000079"}],"collection":[{"href":"https:\/\/www.fh-joanneum.at\/health-care-and-hospital-management\/postgraduate\/wp-json\/wp\/v2\/pages"}],"about":[{"href":"https:\/\/www.fh-joanneum.at\/health-care-and-hospital-management\/postgraduate\/wp-json\/wp\/v2\/types\/page"}],"author":[{"embeddable":true,"href":"https:\/\/www.fh-joanneum.at\/health-care-and-hospital-management\/postgraduate\/wp-json\/wp\/v2\/users\/12"}],"replies":[{"embeddable":true,"href":"https:\/\/www.fh-joanneum.at\/health-care-and-hospital-management\/postgraduate\/wp-json\/wp\/v2\/comments?post=10000079"}],"version-history":[{"count":0,"href":"https:\/\/www.fh-joanneum.at\/health-care-and-hospital-management\/postgraduate\/wp-json\/wp\/v2\/pages\/10000079\/revisions"}],"up":[{"embeddable":true,"href":"https:\/\/www.fh-joanneum.at\/health-care-and-hospital-management\/postgraduate\/wp-json\/wp\/v2\/pages\/10000033"}],"wp:attachment":[{"href":"https:\/\/www.fh-joanneum.at\/health-care-and-hospital-management\/postgraduate\/wp-json\/wp\/v2\/media?parent=10000079"}],"curies":[{"name":"wp","href":"https:\/\/api.w.org\/{rel}","templated":true}]}}