{"id":10000295,"date":"2015-08-10T16:06:32","date_gmt":"2015-08-10T14:06:32","guid":{"rendered":"https:\/\/www.fh-joanneum.at\/hebammen\/bachelor\/?page_id=295"},"modified":"2018-06-18T16:07:46","modified_gmt":"2018-06-18T14:07:46","slug":"studienabschluss","status":"publish","type":"page","link":"https:\/\/www.fh-joanneum.at\/hebammen\/bachelor\/im-studium\/studienabschluss\/","title":{"rendered":"Studienabschluss"},"content":{"rendered":"<div id=\"\" class=\"wp-block-text-content margin-bottom-none\">\n    <div class=\"container-lg\">\n        <div class=\"row\">\n            <div class=\"col\">\n                <div class=\"module-migration-headline\">\n<h3>Voraussetzungen f&uuml;r den Studienabschluss<\/h3>\n<\/div>\n\n            <\/div>\n        <\/div>\n            <\/div>\n<\/div>\n\n<div id=\"\" class=\"wp-block-text-content margin-bottom-normal\">\n    <div class=\"container-lg\">\n        <div class=\"row\">\n            <div class=\"col\">\n                <p>Um das Studium &bdquo;Hebammen&ldquo; positiv abzuschlie&szlig;en, m&uuml;ssen Sie:<\/p>\n<ul>\n<li>alle Lehrveranstaltungen positiv absolvieren<\/li>\n<li>alle Praktika positiv absolvieren<\/li>\n<li>zwei Bachelorarbeiten verfassen, die beide positiv bewertet werden m&uuml;ssen<\/li>\n<li>die Bachelorpr&uuml;fung positiv ablegen<\/li>\n<\/ul>\n<p>Ihr Titel nach dem Studienabschluss lautet &bdquo;Bachelor of Science in Health Studies (BSc)&ldquo;.<\/p>\n\n            <\/div>\n        <\/div>\n            <\/div>\n<\/div>\n\n<div id=\"\" class=\"wp-block-text-content margin-bottom-none\">\n    <div class=\"container-lg\">\n        <div class=\"row\">\n            <div class=\"col\">\n                <div class=\"module-migration-headline\">\n<h4>Bachelorarbeiten<\/h4>\n<\/div>\n\n            <\/div>\n        <\/div>\n            <\/div>\n<\/div>\n\n<div id=\"\" class=\"wp-block-text-content margin-bottom-normal\">\n    <div class=\"container-lg\">\n        <div class=\"row\">\n            <div class=\"col\">\n                <p>Im f&uuml;nften und sechsten Semester schreiben unsere Studierenden jeweils eine Bachelorarbeit. Die Literaturanalysen werden zu Themen verfasst, die die Studierenden selbst w&auml;hlen. Aus folgenden Modulen m&uuml;ssen sich die Studierenden f&uuml;r zwei entscheiden:<\/p>\n<ul>\n<li>Schwangerschaft und Geburt<\/li>\n<li>Regelwidrigkeiten in der Geburtshilfe<\/li>\n<li>Geburtsmedizin<\/li>\n<li>Risikomanagement in der Geburtshilfe<\/li>\n<li>Wochenbett von Mutter und Kind<\/li>\n<li>Wochenbett Vertiefung<\/li>\n<li>Hebammengeleitete Geburtshilfe<\/li>\n<li>Qualit&auml;tssicherung in der freiberuflichen Hebamment&auml;tigkeit<\/li>\n<\/ul>\n<p>Ziel der Bachelorarbeit ist die Darstellung des aktuellen Stands der Wissenschaft zu einer definierten Fragestellung. F&uuml;r die erste Bachelorarbeit sollen die Studierenden eine Literaturstudie entweder zu quantitativen oder zu qualitativen Fragestellungen durchf&uuml;hren. F&uuml;r die zweite Bachelorarbeit ist auch eine theoriegest&uuml;tzte Projektarbeit m&ouml;glich.<\/p>\n<p>Unser Bachelorseminar begleitet den gesamten Entstehungsprozess der Arbeit. Wir helfen anfangs bei der Themenanalyse, -eingrenzung und -konkretisierung, kl&auml;ren die Rahmenbedingungen und Richtlinien ab und unterst&uuml;tzen bei der Entwicklung einer Struktur sowie bei konkreten Fragen. Im Seminar stellen die Studierenden ihre &Uuml;berlegungen, Ans&auml;tze und Schl&uuml;sse immer wieder zur Diskussion, wodurch der wissenschaftliche Entwicklungsprozess gef&ouml;rdert wird. <\/p>\n<p>Einer der H&ouml;hepunkte im Studium ist die &ouml;ffentliche Pr&auml;sentation der Bachelorarbeiten vor dem Fachpublikum der Hebammen. Die anschlie&szlig;ende Diskussion ist nicht nur f&uuml;r die Studierenden spannend.<\/p>\n\n            <\/div>\n        <\/div>\n            <\/div>\n<\/div>\n\n<div id=\"\" class=\"wp-block-text-content margin-bottom-none\">\n    <div class=\"container-lg\">\n        <div class=\"row\">\n            <div class=\"col\">\n                <div class=\"module-migration-headline\">\n<h4>Bachelorpr&uuml;fung<\/h4>\n<\/div>\n\n            <\/div>\n        <\/div>\n            <\/div>\n<\/div>\n\n<div id=\"\" class=\"wp-block-text-content margin-bottom-normal\">\n    <div class=\"container-lg\">\n        <div class=\"row\">\n            <div class=\"col\">\n                <p>Unsere Studierenden k&ouml;nnen ihre Bachelorpr&uuml;fung erst absolvieren, wenn alle Praktika und Pr&uuml;fungen positiv abgeschlossen sind. Zus&auml;tzlich m&uuml;ssen sie die EU-Mindetsanforderungen f&uuml;r Hebammen, beispielsweise 40 selbst&auml;ndig durchgef&uuml;hrte Geburten, vorab vollst&auml;ndig erf&uuml;llen.<\/p>\n<p>Die Studierenden pr&auml;sentieren Ihre beiden Bachelorarbeiten und analysieren eine geburtshilfliche Fallgeschichte aus geburtsmedizinischer- und kinderheilkundlicher Perspektive. Die Rolle der Hebammen wird immer in den Mittelpunkt gestellt.<\/p>\n<p>Die fachlichen Inhalte der Bachelorpr&uuml;fung konzentrieren sich auf die Kernthemen der Hebamment&auml;tigkeit: der Physiologie und Pathologie der Geburtshilfe, inklusive der Neugeborenenphysiologie und deren Abweichungen.<\/p>\n\n            <\/div>\n        <\/div>\n            <\/div>\n<\/div>\n\n<div id=\"\" class=\"wp-block-text-content margin-bottom-none\">\n    <div class=\"container-lg\">\n        <div class=\"row\">\n            <div class=\"col\">\n                <div class=\"module-migration-headline\">\n<h3>Nach dem Bachelorabschluss<\/h3>\n<\/div>\n\n            <\/div>\n        <\/div>\n            <\/div>\n<\/div>\n\n<div id=\"\" class=\"wp-block-text-content margin-bottom-normal\">\n    <div class=\"container-lg\">\n        <div class=\"row\">\n            <div class=\"col\">\n                <p>Die meisten Absolventinnen und Absolventen starten die Berufst&auml;tigkeit als Hebamme in einem Angestelltenverh&auml;ltnis in einem Krankenhaus oder geburtshilflichen Sanatorium. Einige entscheiden sich gleich f&uuml;r die Freiberuflichkeit und lassen sich als Wahl- oder Kassenhebamme nieder.<\/p>\n<p>Der Gro&szlig;teil der Masterstudien in diesem Bereich setzen Berufserfahrung voraus. Die Mehrzahl unserer Absolventinnen und Absolventen starten deshalb gleich nach dem Bachelorstudium ins Berufsleben.<\/p>\n\n            <\/div>\n        <\/div>\n            <\/div>\n<\/div>\n\n","protected":false},"excerpt":{"rendered":"<p>Mit Ihrem Abschluss legen Sie den Grundstein f\u00fcr Ihre berufliche Zukunft. Welche Voraussetzungen Sie f\u00fcr den erfolgreichen Abschluss Ihres Studiums ben\u00f6tigen und alles, was Sie sonst noch wissen sollten, verraten wir Ihnen hier.<\/p>\n","protected":false},"author":12,"featured_media":0,"parent":10000281,"menu_order":42,"comment_status":"closed","ping_status":"closed","template":"","meta":{"_acf_changed":false,"footnotes":""},"acf":[],"aioseo_notices":[],"_links":{"self":[{"href":"https:\/\/www.fh-joanneum.at\/hebammen\/bachelor\/wp-json\/wp\/v2\/pages\/10000295"}],"collection":[{"href":"https:\/\/www.fh-joanneum.at\/hebammen\/bachelor\/wp-json\/wp\/v2\/pages"}],"about":[{"href":"https:\/\/www.fh-joanneum.at\/hebammen\/bachelor\/wp-json\/wp\/v2\/types\/page"}],"author":[{"embeddable":true,"href":"https:\/\/www.fh-joanneum.at\/hebammen\/bachelor\/wp-json\/wp\/v2\/users\/12"}],"replies":[{"embeddable":true,"href":"https:\/\/www.fh-joanneum.at\/hebammen\/bachelor\/wp-json\/wp\/v2\/comments?post=10000295"}],"version-history":[{"count":0,"href":"https:\/\/www.fh-joanneum.at\/hebammen\/bachelor\/wp-json\/wp\/v2\/pages\/10000295\/revisions"}],"up":[{"embeddable":true,"href":"https:\/\/www.fh-joanneum.at\/hebammen\/bachelor\/wp-json\/wp\/v2\/pages\/10000281"}],"wp:attachment":[{"href":"https:\/\/www.fh-joanneum.at\/hebammen\/bachelor\/wp-json\/wp\/v2\/media?parent=10000295"}],"curies":[{"name":"wp","href":"https:\/\/api.w.org\/{rel}","templated":true}]}}