{"id":10000280,"date":"2015-08-10T16:41:30","date_gmt":"2015-08-10T14:41:30","guid":{"rendered":"https:\/\/www.fh-joanneum.at\/industrial-design\/bachelor\/?page_id=280"},"modified":"2020-11-26T16:44:47","modified_gmt":"2020-11-26T14:44:47","slug":"studienabschluss","status":"publish","type":"page","link":"https:\/\/www.fh-joanneum.at\/industrial-design\/bachelor\/im-studium\/studienabschluss\/","title":{"rendered":"Studienabschluss"},"content":{"rendered":"<div id=\"\" class=\"wp-block-text-content margin-bottom-none\">\n    <div class=\"container-lg\">\n        <div class=\"row\">\n            <div class=\"col\">\n                <div class=\"module-migration-headline\">\n<h3>Voraussetzungen f&uuml;r den Studienabschluss<\/h3>\n<\/div>\n\n            <\/div>\n        <\/div>\n            <\/div>\n<\/div>\n\n<div id=\"\" class=\"wp-block-text-content margin-bottom-normal\">\n    <div class=\"container-lg\">\n        <div class=\"row\">\n            <div class=\"col\">\n                <p>F&uuml;r den Studienabschluss sind alle Lehrveranstaltungen aus dem Bachelorstudium positiv abzulegen. Das verpflichtende Berufspraktikum ist erfolgreich zu beenden und die Studierenden konnten sich ein umfangreiches praktisches Wissen aneignen. Die Bachelorarbeiten liegen als gebundene Exemplare vor.<\/p>\n<p>Sie schlie&szlig;en das Studium mit dem akademischen Titel &bdquo;Bachelor of Arts in Arts and Design (BA)&ldquo; ab.<\/p>\n\n            <\/div>\n        <\/div>\n            <\/div>\n<\/div>\n\n<div id=\"\" class=\"wp-block-text-content margin-bottom-none\">\n    <div class=\"container-lg\">\n        <div class=\"row\">\n            <div class=\"col\">\n                <div class=\"module-migration-headline\">\n<h4>Bachelorarbeiten<\/h4>\n<\/div>\n\n            <\/div>\n        <\/div>\n            <\/div>\n<\/div>\n\n<div id=\"\" class=\"wp-block-text-content margin-bottom-normal\">\n    <div class=\"container-lg\">\n        <div class=\"row\">\n            <div class=\"col\">\n                <p>Im Laufe des Bachelorstudiums sind zwei eigenst&auml;ndige schriftliche Arbeiten in zwei unterschiedlichen Modulen im Rahmen von Lehrveranstaltungen zu verfassen. Diese Bachelorarbeiten sind Pr&uuml;fungsarbeiten, die zeigen, dass die oder der Studierende in der Lage ist, innerhalb einer vorgegebenen Frist ein Problem aus einem Fachbereich unter Anleitung einer Betreuerin oder eines Betreuers zu bearbeiten und die Ergebnisse sachgerecht darzustellen. <\/p>\n<p>Die erste Bachelorarbeit wird im f&uuml;nften Semester als &bdquo;Projektarbeit 3&ldquo; durchgef&uuml;hrt. Designarbeit bedeutet auch Teamarbeit. Aus diesem Grund wird die erste Recherche-Phase als Gruppenarbeit angeboten. Gleichzeitig vertiefen die Studierenden ihre Kenntnisse im Umgang mit Kreativit&auml;tstechniken, Recherche- und Analyse-Tools, pr&auml;zise Darstellungstechniken, der Erstellung von komplexen CAD-Modellen, Modellbaufertigkeiten oder 3D-Print.<\/p>\n<p>Die zweite Bachelorarbeit entsteht im Rahmen des praktikumsbegleitenden Seminars am Studienende im sechsten Semester und ist als theoretisch reflektierter Praktikumsbericht zu verstehen.<br>\nErg&auml;nzend wird eine Pr&auml;sentation &uuml;ber die beiden Bachelorarbeiten erstellt, die im Rahmen der Bachelorpr&uuml;fung gezeigt wird.<\/p>\n<p>Betreut werden die Arbeiten von Lehrenden der FH JOANNEUM oder von externen Designerinnen und Designern aus Unternehmen.<\/p>\n\n            <\/div>\n        <\/div>\n            <\/div>\n<\/div>\n\n<div id=\"\" class=\"wp-block-text-content margin-bottom-none\">\n    <div class=\"container-lg\">\n        <div class=\"row\">\n            <div class=\"col\">\n                <div class=\"module-migration-headline\">\n<h4>Bachelorpr&uuml;fung<\/h4>\n<\/div>\n\n            <\/div>\n        <\/div>\n            <\/div>\n<\/div>\n\n<div id=\"\" class=\"wp-block-text-content margin-bottom-normal\">\n    <div class=\"container-lg\">\n        <div class=\"row\">\n            <div class=\"col\">\n                <p>Die Bachelorpr&uuml;fung wird nach erfolgreichem Abschluss des verpflichtenden Berufspraktikums abgelegt. <\/p>\n<ul>\n<li>\n<p>Die Bachelorpr&uuml;fung besteht aus einer Pr&auml;sentation der zwei Bachelorarbeiten, ihrer Verteidigung vor einer Pr&uuml;fungskommission sowie Fragen zu den Querverbindungen des Themas zu relevanten F&auml;chern des Studienplans. <\/p>\n<\/li>\n<li>\n<p>Die Pr&uuml;fungskommission besteht aus dem \/ der Vorsitzenden (Studiengangleitung) und zwei weiteren Mitgliedern der Pr&uuml;fungskommission, meist den Betreuerinnen beziehungsweise Betreuern der Bachelorarbeit. Bei Kooperationsprojekten mit Unternehmen k&ouml;nnen auch Firmenvertreterinnen oder Firmenvertreter anwesend sein.<\/p>\n<\/li>\n<\/ul>\n\n            <\/div>\n        <\/div>\n            <\/div>\n<\/div>\n\n<div id=\"\" class=\"wp-block-text-content margin-bottom-none\">\n    <div class=\"container-lg\">\n        <div class=\"row\">\n            <div class=\"col\">\n                <div class=\"module-migration-headline\">\n<h3>Nach dem Bachelorabschluss<\/h3>\n<\/div>\n\n            <\/div>\n        <\/div>\n            <\/div>\n<\/div>\n\n<div id=\"\" class=\"wp-block-text-content margin-bottom-normal\">\n    <div class=\"container-lg\">\n        <div class=\"row\">\n            <div class=\"col\">\n                <p>Wir empfehlen unseren Bachelorabsolventinnen und Bachelorabsolventen, das weiterf&uuml;hrende Masterstudium <a href=\"https:\/\/fh-joanneum.at\/industrial-design\/master\/\">&bdquo;Industrial Design&ldquo;<\/a> der FH JOANNEUM zu absolvieren. <\/p>\n<p>Die Lehrinhalte und Studienpl&auml;ne des Bachelor- und Masterstudiums sind aufeinander abgestimmt. Absolventinnen und Absolventen des Bachelorstudiums erf&uuml;llen automatisch die Zugangsvoraussetzungen f&uuml;r das Aufnahmeverfahren des Masterstudiums &bdquo;Industrial Design&ldquo;. Bachelorabsolventinnen und Bachelorabsolventen anderer Ausbildungsst&auml;tten im Bereich Industrial Design k&ouml;nnen sich ebenfalls nach Erf&uuml;llung der Zugangskriterien f&uuml;r das Masterstudium an der FH JOANNEUM bewerben.<\/p>\n\n            <\/div>\n        <\/div>\n            <\/div>\n<\/div>\n\n\n","protected":false},"excerpt":{"rendered":"<p>Mit Ihrem Abschluss legen Sie den Grundstein f\u00fcr Ihre berufliche Zukunft. Welche Voraussetzungen Sie f\u00fcr den erfolgreichen Abschluss Ihres Studiums ben\u00f6tigen und alles, was Sie sonst noch wissen sollten, verraten wir Ihnen hier.<\/p>\n","protected":false},"author":12,"featured_media":0,"parent":10000266,"menu_order":55,"comment_status":"closed","ping_status":"closed","template":"","meta":{"_acf_changed":false,"footnotes":""},"acf":[],"aioseo_notices":[],"_links":{"self":[{"href":"https:\/\/www.fh-joanneum.at\/industrial-design\/bachelor\/wp-json\/wp\/v2\/pages\/10000280"}],"collection":[{"href":"https:\/\/www.fh-joanneum.at\/industrial-design\/bachelor\/wp-json\/wp\/v2\/pages"}],"about":[{"href":"https:\/\/www.fh-joanneum.at\/industrial-design\/bachelor\/wp-json\/wp\/v2\/types\/page"}],"author":[{"embeddable":true,"href":"https:\/\/www.fh-joanneum.at\/industrial-design\/bachelor\/wp-json\/wp\/v2\/users\/12"}],"replies":[{"embeddable":true,"href":"https:\/\/www.fh-joanneum.at\/industrial-design\/bachelor\/wp-json\/wp\/v2\/comments?post=10000280"}],"version-history":[{"count":0,"href":"https:\/\/www.fh-joanneum.at\/industrial-design\/bachelor\/wp-json\/wp\/v2\/pages\/10000280\/revisions"}],"up":[{"embeddable":true,"href":"https:\/\/www.fh-joanneum.at\/industrial-design\/bachelor\/wp-json\/wp\/v2\/pages\/10000266"}],"wp:attachment":[{"href":"https:\/\/www.fh-joanneum.at\/industrial-design\/bachelor\/wp-json\/wp\/v2\/media?parent=10000280"}],"curies":[{"name":"wp","href":"https:\/\/api.w.org\/{rel}","templated":true}]}}