{"id":10000926,"date":"2021-03-29T12:08:22","date_gmt":"2021-03-29T10:08:22","guid":{"rendered":"https:\/\/www.fh-joanneum.at\/industrial-design\/bachelor\/?page_id=926"},"modified":"2021-04-07T15:37:51","modified_gmt":"2021-04-07T13:37:51","slug":"sydney-eilbacher-ba","status":"publish","type":"page","link":"https:\/\/www.fh-joanneum.at\/industrial-design\/bachelor\/im-studium\/praktikum\/sydney-eilbacher-ba\/","title":{"rendered":"Sydney Eilbacher"},"content":{"rendered":"<div\n    id=\"\"\n    class=\"wp-block-blockquote margin-bottom-normal\"\n>\n    <div class=\"container-lg\">\n        <div class=\"row\">\n            <div class=\"col\">\n                <div class=\"d-block mb-2 fs-5 major-text-color\">\u201eDer H\u00f6hepunkt meines Praktikums war auf jeden Fall, an echten Projekten mitzuarbeiten. Es ist ein ganz anderes Gef\u00fchl, wenn man wei\u00df, dass das Projekt, an dem man arbeitet, wirklich in Produktion gehen wird. Ich habe meine F\u00e4higkeiten in vielen Bereichen verbessert, wie etwa in 2D-Design, Prototyping oder Storytelling. Dadurch bin ich wesentlich effektiver in meiner Arbeit geworden. Auch die Vielfalt der Projekte bei VanBerlo war f\u00fcr mich bereichernd, die mir zahlreiche Impulse lieferten, was f\u00fcr eine Designerin ich sein will.\u201c<br \/>\r\n<br \/>\r\n<\/div>\n                <span class=\"d-flex justify-content-end\">Sydney Eilbacher, Absolventin Bachelorstudium \u201eIndustrial Design\u201c<\/span>\n            <\/div>\n        <\/div>\n    <\/div>\n<\/div>\n\n","protected":false},"excerpt":{"rendered":"<p>Praktikum bei VanBerlo<\/p>\n","protected":false},"author":11,"featured_media":10000928,"parent":10000278,"menu_order":8,"comment_status":"closed","ping_status":"closed","template":"template-absolvent.blade.php","meta":{"_acf_changed":false,"footnotes":""},"acf":[],"aioseo_notices":[],"_links":{"self":[{"href":"https:\/\/www.fh-joanneum.at\/industrial-design\/bachelor\/wp-json\/wp\/v2\/pages\/10000926"}],"collection":[{"href":"https:\/\/www.fh-joanneum.at\/industrial-design\/bachelor\/wp-json\/wp\/v2\/pages"}],"about":[{"href":"https:\/\/www.fh-joanneum.at\/industrial-design\/bachelor\/wp-json\/wp\/v2\/types\/page"}],"author":[{"embeddable":true,"href":"https:\/\/www.fh-joanneum.at\/industrial-design\/bachelor\/wp-json\/wp\/v2\/users\/11"}],"replies":[{"embeddable":true,"href":"https:\/\/www.fh-joanneum.at\/industrial-design\/bachelor\/wp-json\/wp\/v2\/comments?post=10000926"}],"version-history":[{"count":0,"href":"https:\/\/www.fh-joanneum.at\/industrial-design\/bachelor\/wp-json\/wp\/v2\/pages\/10000926\/revisions"}],"up":[{"embeddable":true,"href":"https:\/\/www.fh-joanneum.at\/industrial-design\/bachelor\/wp-json\/wp\/v2\/pages\/10000278"}],"wp:featuredmedia":[{"embeddable":true,"href":"https:\/\/www.fh-joanneum.at\/industrial-design\/bachelor\/wp-json\/wp\/v2\/media\/10000928"}],"wp:attachment":[{"href":"https:\/\/www.fh-joanneum.at\/industrial-design\/bachelor\/wp-json\/wp\/v2\/media?parent=10000926"}],"curies":[{"name":"wp","href":"https:\/\/api.w.org\/{rel}","templated":true}]}}