{"id":10000079,"date":"2015-08-11T09:27:50","date_gmt":"2015-08-11T09:27:50","guid":{"rendered":"https:\/\/www.fh-joanneum.at\/industrial-design\/master\/?page_id=79"},"modified":"2018-07-10T06:34:30","modified_gmt":"2018-07-10T06:34:30","slug":"voraussetzungen","status":"publish","type":"page","link":"https:\/\/www.fh-joanneum.at\/industrial-design\/master\/vor-dem-studium\/voraussetzungen\/","title":{"rendered":"Voraussetzungen"},"content":{"rendered":"<div id=\"\" class=\"wp-block-text-content margin-bottom-none\">\n    <div class=\"container-lg\">\n        <div class=\"row\">\n            <div class=\"col\">\n                <div class=\"module-migration-headline\">\n<h3>Voraussetzungen f&uuml;r das Studium<\/h3>\n<\/div>\n\n            <\/div>\n        <\/div>\n            <\/div>\n<\/div>\n\n<div id=\"\" class=\"wp-block-text-content margin-bottom-normal\">\n    <div class=\"container-lg\">\n        <div class=\"row\">\n            <div class=\"col\">\n                <p>Als fachliche Zugangsvoraussetzung f&uuml;r das Masterstudium m&uuml;ssen Sie einen qualifizierten Studienabschluss<\/p>\n<ul>\n<li>eines facheinschl&auml;gigen Bachelorstudiums oder<\/li>\n<li>einer gleichwertigen Ausbildung<\/li>\n<\/ul>\n<p>nachweisen.<\/p>\n<p>Die Unterrichtssprachen sind Deutsch und Englisch. Deren Kenntnis wird als erforderlich vorausgesetzt.<\/p>\n\n            <\/div>\n        <\/div>\n            <\/div>\n<\/div>\n\n<div id=\"\" class=\"wp-block-text-content margin-bottom-none\">\n    <div class=\"container-lg\">\n        <div class=\"row\">\n            <div class=\"col\">\n                <div class=\"module-migration-headline\">\n<h3>Details zu den Zugangsvoraussetzungen<\/h3>\n<\/div>\n\n            <\/div>\n        <\/div>\n            <\/div>\n<\/div>\n\n<div id=\"\" class=\"wp-block-text-content margin-bottom-normal\">\n    <div class=\"container-lg\">\n        <div class=\"row\">\n            <div class=\"col\">\n                <p>Als Zugangsvoraussetzung muss ein Studienabschluss eines facheinschl&auml;gigen Bachelorstudiums an einer anerkannten in- oder ausl&auml;ndischen postsekund&auml;ren Bildungseinrichtung vorgewiesen werden. Dazu z&auml;hlen derzeit das Bachelorstudium &bdquo;Industrial Design&ldquo; der FH JOANNEUM sowie Abschl&uuml;sse an anderen Design-Ausbildungsst&auml;tten.<\/p>\n<p>Ein Bachelorstudienabschluss oder zumindest gleichwertiger postsekund&auml;rer Bildungsabschluss erm&ouml;glicht eine Teilnahme am Masterstudium, wenn die folgenden Kompetenzen in der angegebenen Mindestanzahl von ECTS-Punkten nachgewiesen werden:<\/p>\n<ul>\n<li><strong>Grundlagen und Methodenwissen<\/strong> (Gestalten \/ Formgebung, Produktsemantik, Strategic Design und Transportation Design): 35 ECTS-Punkte<\/li>\n<li><strong>Gestaltungskompetenz<\/strong> (Projektarbeiten mit Schwerpunkten &bdquo;Ergonomie, Innovation und Nachhaltigkeit&ldquo;): 30 ECTS-Punkte<\/li>\n<li><strong>Darstellungskompetenz<\/strong> (Zeichnen, Darstellungstechniken, Modellbau, Digital Design Tools und Virtual Modelling): 20 ECTS-Punkte<\/li>\n<li><strong>Technikkompetenz<\/strong> (Engineering, Fertigungstechnologien, Werkstoffkunde, Mechatronic und CAD): 15 ECTS-Punkte<\/li>\n<li><strong>Berufspraktikum<\/strong>: mindestens 15 Wochen<\/li>\n<\/ul>\n<p>In nicht eindeutigen F&auml;llen obliegt es der Studiengangsleitung zu entscheiden, ob die Zugangsvoraussetzungen erf&uuml;llt sind. Eine verbindliche Auskunft dar&uuml;ber erhalten Sie nach Einlangen Ihrer vollst&auml;ndigen Bewerbungsunterlagen. <\/p>\n\n            <\/div>\n        <\/div>\n            <\/div>\n<\/div>\n\n<div id=\"\" class=\"wp-block-text-content margin-bottom-normal\">\n    <div class=\"container-lg\">\n        <div class=\"row\">\n            <div class=\"col\">\n                <h4>Sie sind keine &ouml;sterreichische Staatsb&uuml;rgerin oder kein &ouml;sterreichischer Staatsb&uuml;rger?<\/h4>\n<p>F&uuml;r Sie gibt es einige Besonderheiten zu beachten. Mehr Informationen dazu finden Sie in unter dem Men&uuml;punkt <a href=\"https:\/\/fh-joanneum.at\/industrial-design\/master\/vor-dem-studium\/internationale-bewerberinnen\/\"><strong>Internationale BewerberInnen<\/strong>.<\/a><\/p>\n\n            <\/div>\n        <\/div>\n            <\/div>\n<\/div>\n\n","protected":false},"excerpt":{"rendered":"<p>Diese Voraussetzungen m\u00fcssen Sie f\u00fcr das Studium erf\u00fcllen.<\/p>\n","protected":false},"author":10,"featured_media":0,"parent":10000075,"menu_order":19,"comment_status":"closed","ping_status":"closed","template":"","meta":{"_acf_changed":false,"footnotes":""},"acf":[],"aioseo_notices":[],"_links":{"self":[{"href":"https:\/\/www.fh-joanneum.at\/industrial-design\/master\/wp-json\/wp\/v2\/pages\/10000079"}],"collection":[{"href":"https:\/\/www.fh-joanneum.at\/industrial-design\/master\/wp-json\/wp\/v2\/pages"}],"about":[{"href":"https:\/\/www.fh-joanneum.at\/industrial-design\/master\/wp-json\/wp\/v2\/types\/page"}],"author":[{"embeddable":true,"href":"https:\/\/www.fh-joanneum.at\/industrial-design\/master\/wp-json\/wp\/v2\/users\/10"}],"replies":[{"embeddable":true,"href":"https:\/\/www.fh-joanneum.at\/industrial-design\/master\/wp-json\/wp\/v2\/comments?post=10000079"}],"version-history":[{"count":0,"href":"https:\/\/www.fh-joanneum.at\/industrial-design\/master\/wp-json\/wp\/v2\/pages\/10000079\/revisions"}],"up":[{"embeddable":true,"href":"https:\/\/www.fh-joanneum.at\/industrial-design\/master\/wp-json\/wp\/v2\/pages\/10000075"}],"wp:attachment":[{"href":"https:\/\/www.fh-joanneum.at\/industrial-design\/master\/wp-json\/wp\/v2\/media?parent=10000079"}],"curies":[{"name":"wp","href":"https:\/\/api.w.org\/{rel}","templated":true}]}}