{"id":10000081,"date":"2015-08-11T09:28:11","date_gmt":"2015-08-11T09:28:11","guid":{"rendered":"https:\/\/www.fh-joanneum.at\/industrial-design\/master\/?page_id=81"},"modified":"2023-10-12T09:34:56","modified_gmt":"2023-10-12T09:34:56","slug":"bewerbung","status":"publish","type":"page","link":"https:\/\/www.fh-joanneum.at\/industrial-design\/master\/vor-dem-studium\/bewerbung\/","title":{"rendered":"Bewerbung"},"content":{"rendered":"<div id=\"\" class=\"wp-block-text-content margin-bottom-none\">\n    <div class=\"container-lg\">\n        <div class=\"row\">\n            <div class=\"col\">\n                <div class=\"module-migration-headline\">\n<h3>Bewerbung<\/h3>\n<\/div>\n\n            <\/div>\n        <\/div>\n            <\/div>\n<\/div>\n\n<div id=\"\" class=\"wp-block-text-content margin-bottom-normal\">\n    <div class=\"container-lg\">\n        <div class=\"row\">\n            <div class=\"col\">\n                <p>Wenn Sie die Voraussetzungen erf&uuml;llen, k&ouml;nnen Sie sich f&uuml;r das Studium bewerben. <\/p>\n\n            <\/div>\n        <\/div>\n            <\/div>\n<\/div>\n\n<div id=\"\" class=\"wp-block-text-content margin-bottom-normal\">\n    <div class=\"container-lg\">\n        <div class=\"row\">\n            <div class=\"col\">\n                <h4>Step 1: Registrierung und Bewerbung<\/h4>\n<h5><a href=\"https:\/\/www.fh-joanneum.at\/studium\/online-bewerbung\/\">Hier geht es zur Onlinebewerbung.<\/a><\/h5>\n\n            <\/div>\n        <\/div>\n            <\/div>\n<\/div>\n\n\n<div id=\"\" class=\"wp-block-text-content margin-bottom-normal\">\n    <div class=\"container-lg\">\n        <div class=\"row\">\n            <div class=\"col\">\n                <h4>Step 2: N&ouml;tige Unterlagen<\/h4>\n<ul>\n<li>\n<p><strong>Motivationsschreiben<\/strong><\/p>\n<\/li>\n<li>\n<p><strong>Lebenslauf<\/strong><\/p>\n<\/li>\n<li>\n<p><strong>Nachweis &uuml;ber den Abschluss eines facheinschl&auml;gigen Bachelorstudiums oder einer gleichwertigen Ausbildung<\/strong> <br>\nDieser Nachweis ist von Absolvent:innen eines Studiums der FH JOANNEUM nicht zu erbringen.<\/p>\n<\/li>\n<li>\n<p><strong>Erfolgsnachweis (Transcript of Records) zur &Uuml;berpr&uuml;fung der Zugangsvoraussetzungen<\/strong> <br>\nDieser Nachweis ist von Absolvent:innen eines Studiums der FH JOANNEUM nicht zu erbringen.<\/p>\n<\/li>\n<\/ul>\n\n            <\/div>\n        <\/div>\n            <\/div>\n<\/div>\n\n<div\n    id=\"\"\n    class=\"wp-block-tipp-box margin-bottom-normal\"\n>\n    <div class=\"container-lg\">\n        <div class=\"row\">\n            <div class=\"col\">\n                <div class=\"tipp-box border border-warning\">\n                    <div class=\"tipp-box-inner p-2 p-md-3\">\n                        <h4 class=\"\">Tipp<\/h4>\n                        <p>Falls Sie inl\u00e4ndische Dokumente (Bachelor- oder Diplomurkunde) zum Zeitpunkt der Bewerbung noch nicht haben, k\u00f6nnen Sie diese bis zum Studienbeginn nachreichen. Der Studienerfolgsnachweis ist der Bewerbung beizulegen, dieser kann jederzeit w\u00e4hrend eines Studiums ausgestellt werden und gibt einen \u00dcberblick \u00fcber die bereits absolvierten Lehrveranstaltungen. <\/p>\n<p>F\u00fcr Dokumente von internationalen Bewerber:innen gelten eigene Richtlinien. Bei Fragen dazu senden Sie diese per Mail an <a href=\"&#109;&#97;&#105;&#108;&#116;&#111;&#58;&#98;&#101;&#119;&#101;&#114;&#98;&#117;&#110;&#103;&#64;&#102;&#104;&#45;&#106;&#111;&#97;&#110;&#110;&#101;&#117;&#109;&#46;&#97;&#116;\">&#98;&#101;&#119;&#101;&#114;&#98;&#117;&#110;&#103;&#64;&#102;&#104;&#45;&#106;&#111;&#97;&#110;&#110;&#101;&#117;&#109;&#46;&#97;&#116;<\/a>.<\/p>\n\n                    <\/div>\n                <\/div>\n            <\/div>\n        <\/div>\n    <\/div>\n<\/div>\n\n<div id=\"\" class=\"wp-block-text-content margin-bottom-normal\">\n    <div class=\"container-lg\">\n        <div class=\"row\">\n            <div class=\"col\">\n                <ul>\n<li>\n<p><strong>Digitales Portfolio in PDF-Form<\/strong> <br>\nIm Portfolio in PDF-Form (maximal 20 MB) sind die wichtigsten Projektarbeiten und die Bachelor- beziehungsweise Diplomarbeit mit Bildern und Kurztexten zu dokumentieren. Es soll eine repr&auml;sentative Anzahl an selbstst&auml;ndig angefertigten Arbeiten enthalten. Bitte reichen Sie Ihr Portfolio in PDF-Form (maximal 20 MB, in kleinster Dateigr&ouml;&szlig;e abspeichern) bei Ihrer <strong>Onlinebewerbung<\/strong> ein.<\/p>\n<\/li>\n<li>\n<p><strong>Nachweis der Allgemeinen Universit&auml;tsreife oder Studienberechtigung<\/strong>    <br>\nDieser Nachweis ist von Absolvent:innen eines Studiums der FH JOANNEUM nicht zu erbringen.<\/p>\n<\/li>\n<li>\n<p><strong>Nachweis &uuml;ber ausreichende Kenntnisse der Sprache Englisch<\/strong>  <br>\nDieser Nachweis muss dem <strong>Niveau B2<\/strong> nach dem <a href=\"http:\/\/www.goethe.de\/referenzrahmen\/\" target=\"_blank\" rel=\"noopener noreferrer\">europ&auml;ischen Referenzrahmen<\/a> entsprechen und kann beispielsweise erbracht werden durch<\/p>\n<\/li>\n<li>\n<p>ein <a href=\"http:\/\/www.europaeischer-referenzrahmen.de\/toefl.php\" target=\"_blank\" rel=\"noopener noreferrer\">TOEFL-Zertifikat (mindestens 87 Punkte),<\/a><\/p>\n<\/li>\n<li>ein <a href=\"http:\/\/www.telc.net\/\" title=\"telc\" target=\"_blank\" rel=\"noopener noreferrer\">TELC-Zertifikat,<\/a><\/li>\n<li>ein <a href=\"http:\/\/www.cambridgeenglish.org\/exams\/first\/\" target=\"_blank\" rel=\"noopener noreferrer\">Cambridge-Zertifikat (First Certificate in English &ndash; FCE),<\/a><\/li>\n<li>ein <a href=\"http:\/\/www.europaeischer-referenzrahmen.de\/ielts.php\" target=\"_blank\" rel=\"noopener noreferrer\">IELTS-Zertifikat,<\/a><\/li>\n<li>ein PTE Academic Zertifikat (Pearson Test of English; mindestens 59 Punkte) <\/li>\n<li>ein &ouml;sterreichisches Maturazeugnis oder<\/li>\n<li>\n<p>einen sonstigen geeigneten Schulabschluss <\/p>\n<\/li>\n<li>\n<p><strong>Staatsb&uuml;rgerschaftsnachweis oder eine Kopie des Reisepasses<\/strong>  <br>\nDieser Nachweis ist von Absolvent:innen eines Studiums der FH JOANNEUM nicht zu erbringen.<\/p>\n<\/li>\n<\/ul>\n\n            <\/div>\n        <\/div>\n            <\/div>\n<\/div>\n\n<div\n    id=\"\"\n    class=\"wp-block-tipp-box margin-bottom-normal\"\n>\n    <div class=\"container-lg\">\n        <div class=\"row\">\n            <div class=\"col\">\n                <div class=\"tipp-box border border-warning\">\n                    <div class=\"tipp-box-inner p-2 p-md-3\">\n                        <h4 class=\"\">Tipp<\/h4>\n                        <p>Die Bewerbungsunterlagen (Ausnahme: Originaldokumente) k\u00f6nnen sowohl in deutscher als auch in englischer Sprache eingereicht werden.<\/p>\n\n                    <\/div>\n                <\/div>\n            <\/div>\n        <\/div>\n    <\/div>\n<\/div>\n\n<div id=\"\" class=\"wp-block-text-content margin-bottom-normal\">\n    <div class=\"container-lg\">\n        <div class=\"row\">\n            <div class=\"col\">\n                <h5>Sie haben internationale Dokumente und\/oder Sie sind kein:e &ouml;sterreichische:r Staatsb&uuml;rger:in?<\/h5>\n<p>F&uuml;r Sie gibt es einige Besonderheiten zu beachten. Mehr Informationen dazu finden Sie unter dem Men&uuml;punkt <a href=\"https:\/\/www.fh-joanneum.at\/industrial-design\/master\/vor-dem-studium\/internationale-bewerberinnen\/\"><strong>Internationale Bewerber:innen.<\/strong><\/a><\/p>\n\n            <\/div>\n        <\/div>\n            <\/div>\n<\/div>\n\n<div id=\"\" class=\"wp-block-text-content margin-bottom-normal\">\n    <div class=\"container-lg\">\n        <div class=\"row\">\n            <div class=\"col\">\n                <h4>Step 3: Einladung zum Aufnahmeverfahren<\/h4>\n<p>Ihre Bewerbung wird von der Studienadministration &uuml;berpr&uuml;ft. Innerhalb kurzer Zeit bekommen Sie eine E-Mail mit der Best&auml;tigung, ob Ihre Unterlagen vollst&auml;ndig sind und Sie die Voraussetzungen f&uuml;r die Zulassung erf&uuml;llen. Informationen mit allen Details zum Aufnahmeverfahren bekommen Sie zeitnah zum Termin ebenfalls per E-Mail.<\/p>\n\n            <\/div>\n        <\/div>\n            <\/div>\n<\/div>\n\n\n","protected":false},"excerpt":{"rendered":"<p>Alle Informationen \u00fcber Bewerbung und ben\u00f6tigte Unterlagen.<\/p>\n","protected":false},"author":10,"featured_media":0,"parent":10000075,"menu_order":22,"comment_status":"closed","ping_status":"closed","template":"","meta":{"_acf_changed":false,"footnotes":""},"acf":[],"aioseo_notices":[],"_links":{"self":[{"href":"https:\/\/www.fh-joanneum.at\/industrial-design\/master\/wp-json\/wp\/v2\/pages\/10000081"}],"collection":[{"href":"https:\/\/www.fh-joanneum.at\/industrial-design\/master\/wp-json\/wp\/v2\/pages"}],"about":[{"href":"https:\/\/www.fh-joanneum.at\/industrial-design\/master\/wp-json\/wp\/v2\/types\/page"}],"author":[{"embeddable":true,"href":"https:\/\/www.fh-joanneum.at\/industrial-design\/master\/wp-json\/wp\/v2\/users\/10"}],"replies":[{"embeddable":true,"href":"https:\/\/www.fh-joanneum.at\/industrial-design\/master\/wp-json\/wp\/v2\/comments?post=10000081"}],"version-history":[{"count":0,"href":"https:\/\/www.fh-joanneum.at\/industrial-design\/master\/wp-json\/wp\/v2\/pages\/10000081\/revisions"}],"up":[{"embeddable":true,"href":"https:\/\/www.fh-joanneum.at\/industrial-design\/master\/wp-json\/wp\/v2\/pages\/10000075"}],"wp:attachment":[{"href":"https:\/\/www.fh-joanneum.at\/industrial-design\/master\/wp-json\/wp\/v2\/media?parent=10000081"}],"curies":[{"name":"wp","href":"https:\/\/api.w.org\/{rel}","templated":true}]}}