{"id":10000113,"date":"2015-08-11T09:36:14","date_gmt":"2015-08-11T09:36:14","guid":{"rendered":"https:\/\/www.fh-joanneum.at\/industrial-design\/master\/?page_id=113"},"modified":"2023-02-14T09:59:57","modified_gmt":"2023-02-14T09:59:57","slug":"absolventinnen-absolventen","status":"publish","type":"page","link":"https:\/\/www.fh-joanneum.at\/industrial-design\/master\/nach-dem-studium\/absolventinnen-absolventen\/","title":{"rendered":"Absolvent:innen"},"content":{"rendered":"<div id=\"\" class=\"wp-block-text-content margin-bottom-none\">\n    <div class=\"container-lg\">\n        <div class=\"row\">\n            <div class=\"col\">\n                <div class=\"module-migration-headline\">\n<h3>Das machen unsere Absolvent:innen.<\/h3>\n<\/div>\n\n            <\/div>\n        <\/div>\n            <\/div>\n<\/div>\n\n<div id=\"\" class=\"wp-block-list-of-graduates margin-bottom-normal\">\n  <div class=\"container-lg\">\n    <div class=\"row\">\n                        <div class=\"col-6 col-sm-4 col-md-6 col-lg-4 col-xl-4 mb-4\">\n            <a\n    href=\"https:\/\/www.fh-joanneum.at\/industrial-design\/master\/nach-dem-studium\/absolventinnen-absolventen\/christina-wolf-ba-ma\/\"\n    class=\"graduate-card bg-light\"\n>\n    <div class=\"border border-light h-100\">\n        <div class=\"image-wrapper\">\n            <picture>\n                        <source\n                media=\"(max-width: 576px)\"\n                srcset=\"https:\/\/cdn3.fh-joanneum.at\/media\/sites\/41\/2020\/03\/absolventinnen-absolventen-2.jpg, https:\/\/cdn3.fh-joanneum.at\/media\/sites\/41\/2020\/03\/absolventinnen-absolventen-2.jpg 2x\"\n            \/>\n                    <source\n                media=\"(max-width: 600px)\"\n                srcset=\"https:\/\/cdn3.fh-joanneum.at\/media\/sites\/41\/2020\/03\/absolventinnen-absolventen-2.jpg, https:\/\/cdn3.fh-joanneum.at\/media\/sites\/41\/2020\/03\/absolventinnen-absolventen-2.jpg 2x\"\n            \/>\n                    <source\n                media=\"(max-width: 600px)\"\n                srcset=\"https:\/\/cdn3.fh-joanneum.at\/media\/sites\/41\/2020\/03\/absolventinnen-absolventen-2.jpg, https:\/\/cdn3.fh-joanneum.at\/media\/sites\/41\/2020\/03\/absolventinnen-absolventen-2.jpg 2x\"\n            \/>\n                    <source\n                media=\"(max-width: 600px)\"\n                srcset=\"https:\/\/cdn3.fh-joanneum.at\/media\/sites\/41\/2020\/03\/absolventinnen-absolventen-2.jpg, https:\/\/cdn3.fh-joanneum.at\/media\/sites\/41\/2020\/03\/absolventinnen-absolventen-2.jpg 2x\"\n            \/>\n                    <source\n                media=\"(max-width: 600px)\"\n                srcset=\"https:\/\/cdn3.fh-joanneum.at\/media\/sites\/41\/2020\/03\/absolventinnen-absolventen-2.jpg, https:\/\/cdn3.fh-joanneum.at\/media\/sites\/41\/2020\/03\/absolventinnen-absolventen-2.jpg 2x\"\n            \/>\n                <img decoding=\"async\"\n        class=\"img-fluid\"\n        src=\"https:\/\/cdn3.fh-joanneum.at\/media\/sites\/41\/2020\/03\/absolventinnen-absolventen-2.jpg\"\n        alt=\"Absolventinnen &amp;amp; Absolventen\"\n        title=\"\"\n         loading=\"lazy\"             >\n<\/picture>\n\n        <\/div>\n        <div class=\"p-2 p-xl-3\">\n            <h6>Christina Wolf, BA MA<\/h6>\n            <p class=\"mb-0 hyphens\">\n                Christina Wolf ist Designerin bei The Deep Bench in M\u00fcnchen. F\u00fcr sie war das Studium an der FH JOANNEUM das ideale Fundament f\u00fcr ihre berufliche Laufbahn.\n            <\/p>\n        <\/div>\n    <\/div>\n<\/a>\n          <\/div>\n                  <div class=\"col-6 col-sm-4 col-md-6 col-lg-4 col-xl-4 mb-4\">\n            <a\n    href=\"https:\/\/www.fh-joanneum.at\/industrial-design\/master\/nach-dem-studium\/absolventinnen-absolventen\/di-fh-sylvia-feichtinger\/\"\n    class=\"graduate-card bg-light\"\n>\n    <div class=\"border border-light h-100\">\n        <div class=\"image-wrapper\">\n            <picture>\n                        <source\n                media=\"(max-width: 576px)\"\n                srcset=\"https:\/\/cdn3.fh-joanneum.at\/media\/sites\/41\/2020\/03\/absolventinnen-absolventen-4.jpg, https:\/\/cdn3.fh-joanneum.at\/media\/sites\/41\/2020\/03\/absolventinnen-absolventen-4.jpg 2x\"\n            \/>\n                    <source\n                media=\"(max-width: 600px)\"\n                srcset=\"https:\/\/cdn3.fh-joanneum.at\/media\/sites\/41\/2020\/03\/absolventinnen-absolventen-4.jpg, https:\/\/cdn3.fh-joanneum.at\/media\/sites\/41\/2020\/03\/absolventinnen-absolventen-4.jpg 2x\"\n            \/>\n                    <source\n                media=\"(max-width: 600px)\"\n                srcset=\"https:\/\/cdn3.fh-joanneum.at\/media\/sites\/41\/2020\/03\/absolventinnen-absolventen-4.jpg, https:\/\/cdn3.fh-joanneum.at\/media\/sites\/41\/2020\/03\/absolventinnen-absolventen-4.jpg 2x\"\n            \/>\n                    <source\n                media=\"(max-width: 600px)\"\n                srcset=\"https:\/\/cdn3.fh-joanneum.at\/media\/sites\/41\/2020\/03\/absolventinnen-absolventen-4.jpg, https:\/\/cdn3.fh-joanneum.at\/media\/sites\/41\/2020\/03\/absolventinnen-absolventen-4.jpg 2x\"\n            \/>\n                    <source\n                media=\"(max-width: 600px)\"\n                srcset=\"https:\/\/cdn3.fh-joanneum.at\/media\/sites\/41\/2020\/03\/absolventinnen-absolventen-4.jpg, https:\/\/cdn3.fh-joanneum.at\/media\/sites\/41\/2020\/03\/absolventinnen-absolventen-4.jpg 2x\"\n            \/>\n                <img decoding=\"async\"\n        class=\"img-fluid\"\n        src=\"https:\/\/cdn3.fh-joanneum.at\/media\/sites\/41\/2020\/03\/absolventinnen-absolventen-4.jpg\"\n        alt=\"Absolventinnen &amp;amp; Absolventen 2\"\n        title=\"\"\n         loading=\"lazy\"             >\n<\/picture>\n\n        <\/div>\n        <div class=\"p-2 p-xl-3\">\n            <h6>DI (FH) Sylvia Feichtinger<\/h6>\n            <p class=\"mb-0 hyphens\">\n                Sylvia Feichtinger ist Creative Lead bei Peloton, New York City, in der Jury des IF Design Award und Austrian Design Award sowie Mitglied der Industrial Designers Society of America. Davor war sie Creative Director bei frog design, San Francisco Bay Area.\n            <\/p>\n        <\/div>\n    <\/div>\n<\/a>\n          <\/div>\n                  <div class=\"col-6 col-sm-4 col-md-6 col-lg-4 col-xl-4 mb-4\">\n            <a\n    href=\"https:\/\/www.fh-joanneum.at\/industrial-design\/master\/nach-dem-studium\/absolventinnen-absolventen\/lukas-fuchs\/\"\n    class=\"graduate-card bg-light\"\n>\n    <div class=\"border border-light h-100\">\n        <div class=\"image-wrapper\">\n            <picture>\n                        <source\n                media=\"(max-width: 576px)\"\n                srcset=\"https:\/\/cdn3.fh-joanneum.at\/media\/sites\/41\/2023\/01\/STUDIO-04-1.png, https:\/\/cdn3.fh-joanneum.at\/media\/sites\/41\/2023\/01\/STUDIO-04-1-768x432.png 2x\"\n            \/>\n                    <source\n                media=\"(max-width: 768px)\"\n                srcset=\"https:\/\/cdn3.fh-joanneum.at\/media\/sites\/41\/2023\/01\/STUDIO-04-1-768x432.png, https:\/\/cdn3.fh-joanneum.at\/media\/sites\/41\/2023\/01\/STUDIO-04-1-1024x576.png 2x\"\n            \/>\n                    <source\n                media=\"(max-width: 1024px)\"\n                srcset=\"https:\/\/cdn3.fh-joanneum.at\/media\/sites\/41\/2023\/01\/STUDIO-04-1-1024x576.png, https:\/\/cdn3.fh-joanneum.at\/media\/sites\/41\/2023\/01\/STUDIO-04-1-1536x864.png 2x\"\n            \/>\n                    <source\n                media=\"(max-width: 1536px)\"\n                srcset=\"https:\/\/cdn3.fh-joanneum.at\/media\/sites\/41\/2023\/01\/STUDIO-04-1-1536x864.png, https:\/\/cdn3.fh-joanneum.at\/media\/sites\/41\/2023\/01\/STUDIO-04-1-2048x1152.png 2x\"\n            \/>\n                    <source\n                media=\"(max-width: 2048px)\"\n                srcset=\"https:\/\/cdn3.fh-joanneum.at\/media\/sites\/41\/2023\/01\/STUDIO-04-1-2048x1152.png, https:\/\/cdn3.fh-joanneum.at\/media\/sites\/41\/2023\/01\/STUDIO-04-1.png 2x\"\n            \/>\n                <img decoding=\"async\"\n        class=\"img-fluid\"\n        src=\"https:\/\/cdn3.fh-joanneum.at\/media\/sites\/41\/2023\/01\/STUDIO-04-1.png\"\n        alt=\"Lukas Fuchs\"\n        title=\"\"\n         loading=\"lazy\"             >\n<\/picture>\n\n        <\/div>\n        <div class=\"p-2 p-xl-3\">\n            <h6>DI (FH) Lukas Fuchs<\/h6>\n            <p class=\"mb-0 hyphens\">\n                Nach einer vielf\u00e4ltigen Erfahrung in verschiedenen Designstudios rund um den Globus hat Lukas Fuchs seine eigene unabh\u00e4ngige Praxis namens SUPERSYSTEM in Amsterdam gegr\u00fcndet. \n            <\/p>\n        <\/div>\n    <\/div>\n<\/a>\n          <\/div>\n                  <div class=\"col-6 col-sm-4 col-md-6 col-lg-4 col-xl-4 mb-4\">\n            <a\n    href=\"https:\/\/www.fh-joanneum.at\/industrial-design\/master\/nach-dem-studium\/absolventinnen-absolventen\/christoph-andrejcic-ba-ma\/\"\n    class=\"graduate-card bg-light\"\n>\n    <div class=\"border border-light h-100\">\n        <div class=\"image-wrapper\">\n            <picture>\n                        <source\n                media=\"(max-width: 576px)\"\n                srcset=\"https:\/\/cdn3.fh-joanneum.at\/media\/sites\/41\/2023\/02\/christoph-andrejcic-ba-ma-6-scaled.jpg, https:\/\/cdn3.fh-joanneum.at\/media\/sites\/41\/2023\/02\/christoph-andrejcic-ba-ma-6-768x768.jpg 2x\"\n            \/>\n                    <source\n                media=\"(max-width: 768px)\"\n                srcset=\"https:\/\/cdn3.fh-joanneum.at\/media\/sites\/41\/2023\/02\/christoph-andrejcic-ba-ma-6-768x768.jpg, https:\/\/cdn3.fh-joanneum.at\/media\/sites\/41\/2023\/02\/christoph-andrejcic-ba-ma-6-1024x1024.jpg 2x\"\n            \/>\n                    <source\n                media=\"(max-width: 1024px)\"\n                srcset=\"https:\/\/cdn3.fh-joanneum.at\/media\/sites\/41\/2023\/02\/christoph-andrejcic-ba-ma-6-1024x1024.jpg, https:\/\/cdn3.fh-joanneum.at\/media\/sites\/41\/2023\/02\/christoph-andrejcic-ba-ma-6-1536x1536.jpg 2x\"\n            \/>\n                    <source\n                media=\"(max-width: 1536px)\"\n                srcset=\"https:\/\/cdn3.fh-joanneum.at\/media\/sites\/41\/2023\/02\/christoph-andrejcic-ba-ma-6-1536x1536.jpg, https:\/\/cdn3.fh-joanneum.at\/media\/sites\/41\/2023\/02\/christoph-andrejcic-ba-ma-6-2048x2048.jpg 2x\"\n            \/>\n                    <source\n                media=\"(max-width: 2048px)\"\n                srcset=\"https:\/\/cdn3.fh-joanneum.at\/media\/sites\/41\/2023\/02\/christoph-andrejcic-ba-ma-6-2048x2048.jpg, https:\/\/cdn3.fh-joanneum.at\/media\/sites\/41\/2023\/02\/christoph-andrejcic-ba-ma-6-scaled.jpg 2x\"\n            \/>\n                <img decoding=\"async\"\n        class=\"img-fluid\"\n        src=\"https:\/\/cdn3.fh-joanneum.at\/media\/sites\/41\/2023\/02\/christoph-andrejcic-ba-ma-6-scaled.jpg\"\n        alt=\"Christoph Andrejcic, BA MA 5\"\n        title=\"\"\n         loading=\"lazy\"             >\n<\/picture>\n\n        <\/div>\n        <div class=\"p-2 p-xl-3\">\n            <h6>Christoph Andrejcic, BA MA<\/h6>\n            <p class=\"mb-0 hyphens\">\n                Christoph Andrejcic ist Senior Industrial Designer bei Box Clever, einer preisgekr\u00f6nten Designagentur, die sich auf die Gestaltung durchdachter Kund:innenerlebnisse spezialisiert hat. \n            <\/p>\n        <\/div>\n    <\/div>\n<\/a>\n          <\/div>\n                  <\/div>\n  <\/div>\n<\/div>\n\n","protected":false},"excerpt":{"rendered":"<p>Wir haben einige unserer ehemaligen Studierenden portraitiert. So k\u00f6nnen Sie sich selbst ein Bild \u00fcber die Berufs- und Karrierem\u00f6glichkeiten machen.<\/p>\n","protected":false},"author":10,"featured_media":0,"parent":10000115,"menu_order":55,"comment_status":"closed","ping_status":"closed","template":"","meta":{"_acf_changed":false,"footnotes":""},"acf":[],"aioseo_notices":[],"_links":{"self":[{"href":"https:\/\/www.fh-joanneum.at\/industrial-design\/master\/wp-json\/wp\/v2\/pages\/10000113"}],"collection":[{"href":"https:\/\/www.fh-joanneum.at\/industrial-design\/master\/wp-json\/wp\/v2\/pages"}],"about":[{"href":"https:\/\/www.fh-joanneum.at\/industrial-design\/master\/wp-json\/wp\/v2\/types\/page"}],"author":[{"embeddable":true,"href":"https:\/\/www.fh-joanneum.at\/industrial-design\/master\/wp-json\/wp\/v2\/users\/10"}],"replies":[{"embeddable":true,"href":"https:\/\/www.fh-joanneum.at\/industrial-design\/master\/wp-json\/wp\/v2\/comments?post=10000113"}],"version-history":[{"count":0,"href":"https:\/\/www.fh-joanneum.at\/industrial-design\/master\/wp-json\/wp\/v2\/pages\/10000113\/revisions"}],"up":[{"embeddable":true,"href":"https:\/\/www.fh-joanneum.at\/industrial-design\/master\/wp-json\/wp\/v2\/pages\/10000115"}],"wp:attachment":[{"href":"https:\/\/www.fh-joanneum.at\/industrial-design\/master\/wp-json\/wp\/v2\/media?parent=10000113"}],"curies":[{"name":"wp","href":"https:\/\/api.w.org\/{rel}","templated":true}]}}