{"id":10000556,"date":"2020-03-26T17:15:11","date_gmt":"2020-03-26T17:15:11","guid":{"rendered":"https:\/\/www.fh-joanneum.at\/industrial-design\/master\/?page_id=556"},"modified":"2020-03-26T17:15:11","modified_gmt":"2020-03-26T17:15:11","slug":"christina-wolf-ba-ma","status":"publish","type":"page","link":"https:\/\/www.fh-joanneum.at\/industrial-design\/master\/nach-dem-studium\/absolventinnen-absolventen\/christina-wolf-ba-ma\/","title":{"rendered":"Christina Wolf, BA MA"},"content":{"rendered":"<div\n    id=\"\"\n    class=\"wp-block-blockquote margin-bottom-normal\"\n>\n    <div class=\"container-lg\">\n        <div class=\"row\">\n            <div class=\"col\">\n                <div class=\"d-block mb-2 fs-5 major-text-color\">\u201eDer enge Kontakt zur Wirtschaft, Semesterprojekte mit direktem Kundenkontakt und verpflichtende Berufspraktika, unter anderem in Seattle, waren das A und O der Ausbildung. Ich f\u00fchlte mich ab dem ersten Tag nach dem Studium sattelfest, startklar und voll motiviert f\u00fcr das Berufsleben.\u201c <br \/>\r\n<\/div>\n                <span class=\"d-flex justify-content-end\">Christina Wolf<\/span>\n            <\/div>\n        <\/div>\n    <\/div>\n<\/div>\n\n","protected":false},"excerpt":{"rendered":"<p>Christina Wolf ist Designerin bei The Deep Bench in M\u00fcnchen. F\u00fcr sie war das Studium an der FH JOANNEUM das ideale Fundament f\u00fcr ihre berufliche Laufbahn.<\/p>\n","protected":false},"author":11,"featured_media":10000553,"parent":10000113,"menu_order":4,"comment_status":"closed","ping_status":"closed","template":"template-absolvent.blade.php","meta":{"_acf_changed":false,"footnotes":""},"acf":[],"aioseo_notices":[],"_links":{"self":[{"href":"https:\/\/www.fh-joanneum.at\/industrial-design\/master\/wp-json\/wp\/v2\/pages\/10000556"}],"collection":[{"href":"https:\/\/www.fh-joanneum.at\/industrial-design\/master\/wp-json\/wp\/v2\/pages"}],"about":[{"href":"https:\/\/www.fh-joanneum.at\/industrial-design\/master\/wp-json\/wp\/v2\/types\/page"}],"author":[{"embeddable":true,"href":"https:\/\/www.fh-joanneum.at\/industrial-design\/master\/wp-json\/wp\/v2\/users\/11"}],"replies":[{"embeddable":true,"href":"https:\/\/www.fh-joanneum.at\/industrial-design\/master\/wp-json\/wp\/v2\/comments?post=10000556"}],"version-history":[{"count":0,"href":"https:\/\/www.fh-joanneum.at\/industrial-design\/master\/wp-json\/wp\/v2\/pages\/10000556\/revisions"}],"up":[{"embeddable":true,"href":"https:\/\/www.fh-joanneum.at\/industrial-design\/master\/wp-json\/wp\/v2\/pages\/10000113"}],"wp:featuredmedia":[{"embeddable":true,"href":"https:\/\/www.fh-joanneum.at\/industrial-design\/master\/wp-json\/wp\/v2\/media\/10000553"}],"wp:attachment":[{"href":"https:\/\/www.fh-joanneum.at\/industrial-design\/master\/wp-json\/wp\/v2\/media?parent=10000556"}],"curies":[{"name":"wp","href":"https:\/\/api.w.org\/{rel}","templated":true}]}}