{"id":10000034,"date":"2020-11-03T12:59:50","date_gmt":"2020-11-03T11:59:50","guid":{"rendered":"https:\/\/www.fh-joanneum.at\/industrielle-mechatronik\/bachelor\/?page_id=34"},"modified":"2024-09-05T13:53:31","modified_gmt":"2024-09-05T11:53:31","slug":"studienabschluss","status":"publish","type":"page","link":"https:\/\/www.fh-joanneum.at\/industrielle-mechatronik\/bachelor\/im-studium\/studienabschluss\/","title":{"rendered":"Studienabschluss"},"content":{"rendered":"<div id=\"\" class=\"wp-block-text-content margin-bottom-none\">\n    <div class=\"container-lg\">\n        <div class=\"row\">\n            <div class=\"col\">\n                <div class=\"module-migration-headline\">\n<h3>Voraussetzungen f&uuml;r den Studienabschluss<\/h3>\n<\/div>\n\n            <\/div>\n        <\/div>\n            <\/div>\n<\/div>\n\n\n<div id=\"\" class=\"wp-block-text-content margin-bottom-normal\">\n    <div class=\"container-lg\">\n        <div class=\"row\">\n            <div class=\"col\">\n                <p>Um das Studium erfolgreich abzuschlie&szlig;en, m&uuml;ssen Sie:<\/p>\n<ul>\n<li>alle Lehrveranstaltungen positiv absolvieren<\/li>\n<li>die vorgegebene Praxis positiv abschlie&szlig;en<\/li>\n<li>eine Bachelorarbeit verfassen, die positiv bewertet werden muss<\/li>\n<li>die kommissionelle Bachelorpr&uuml;fung positiv ablegen<\/li>\n<\/ul>\n<p>Ihr akademischer Titel nach dem Studienabschluss lautet &bdquo;Bachelor of Science in Engineering (BSc)&ldquo;.<\/p>\n\n            <\/div>\n        <\/div>\n            <\/div>\n<\/div>\n\n\n<div id=\"\" class=\"wp-block-text-content margin-bottom-none\">\n    <div class=\"container-lg\">\n        <div class=\"row\">\n            <div class=\"col\">\n                <div class=\"module-migration-headline\">\n<h4>Bachelorarbeit<\/h4>\n<\/div>\n\n            <\/div>\n        <\/div>\n            <\/div>\n<\/div>\n\n\n<div id=\"\" class=\"wp-block-text-content margin-bottom-normal\">\n    <div class=\"container-lg\">\n        <div class=\"row\">\n            <div class=\"col\">\n                <p>Mit der Bachelorarbeit machen Sie erste Erfahrungen in Forschung und Entwicklung (F&amp;E) und holen sich den letzten Schliff f&uuml;r die Arbeitswelt. Gemeinsam mit dem Ausbildungsunternehmen und einer beziehungsweise einem Lehrenden werden im f&uuml;nften Semester eine betriebliche Aufgabenstellung und damit das Thema der Bachelorarbeit definiert. Die Arbeit verfassen Sie im sechsten Semester w&auml;hrend der Praxis im Unternehmen. Dabei setzen Sie Ihre im Studium erworbenen F&auml;higkeiten durch die L&ouml;sung einer f&uuml;r das Ausbildungsunternehmen wesentlichen Fragestellung um und beweisen Ihre beruflichen und akademischen Kompetenzen.<\/p>\n\n            <\/div>\n        <\/div>\n            <\/div>\n<\/div>\n\n\n<div id=\"\" class=\"wp-block-text-content margin-bottom-none\">\n    <div class=\"container-lg\">\n        <div class=\"row\">\n            <div class=\"col\">\n                <div class=\"module-migration-headline\">\n<h4>Bachelorpr&uuml;fung<\/h4>\n<\/div>\n\n            <\/div>\n        <\/div>\n            <\/div>\n<\/div>\n\n\n<div id=\"\" class=\"wp-block-text-content margin-bottom-normal\">\n    <div class=\"container-lg\">\n        <div class=\"row\">\n            <div class=\"col\">\n                <p>Die Bachelorpr&uuml;fung wird nach dem positiven Abschluss s&auml;mtlicher Lehrveranstaltungen und der positiven Beurteilung des Berufspraktikums im sechsten Semester absolviert. Durch die Pr&uuml;fung soll festgestellt werden, ob Sie die grundlegenden F&auml;higkeiten und Fertigkeiten des berufsfeldbezogenen Arbeitens sowie die Kenntnisse der Methodik, Systematik und Begrifflichkeit in den Sachgebieten erworben haben. <\/p>\n<p>Die Bachelorpr&uuml;fung besteht aus einer &ouml;ffentlichen, kommissionellen Pr&uuml;fung vor einem facheinschl&auml;gigen Pr&uuml;fungssenat. Dem Pr&uuml;fungssenat geh&ouml;ren zumindest drei, maximal vier Personen an. Die kommissionelle Pr&uuml;fung setzt sich aus der Pr&auml;sentation der Bachelorarbeit in englischer Sprache und einem Pr&uuml;fungsgespr&auml;ch &uuml;ber die durchgef&uuml;hrten Bachelorarbeit sowie deren Querverbindungen zu Lehrveranstaltungen des Studiums zusammen. <\/p>\n<p>Mit dem Studium sind Sie exzellent auf die Pr&uuml;fung vorbereitet und k&ouml;nnen nochmals zeigen, was Sie gelernt haben. <\/p>\n\n            <\/div>\n        <\/div>\n            <\/div>\n<\/div>\n\n\n<div id=\"\" class=\"wp-block-text-content margin-bottom-none\">\n    <div class=\"container-lg\">\n        <div class=\"row\">\n            <div class=\"col\">\n                <div class=\"module-migration-headline\">\n<h3>Nach dem Bachelorabschluss<\/h3>\n<\/div>\n\n            <\/div>\n        <\/div>\n            <\/div>\n<\/div>\n\n\n<div id=\"\" class=\"wp-block-text-content margin-bottom-normal\">\n    <div class=\"container-lg\">\n        <div class=\"row\">\n            <div class=\"col\">\n                <p>Mit Abschluss des Bachelorstudiums haben Sie eine fundierte, praktische und umfassende Ausbildung mit der Sie direkt in den Beruf einsteigen k&ouml;nnen. Weiterbildung zahlt sich langfristig jedoch immer aus. Deshalb empfehlen wir Ihnen die Masterstudieng&auml;nge <a href=\"https:\/\/www.fh-joanneum.at\/electronics-and-computer-engineering\/master\/\">&bdquo;Electronics and Computer Engineering&ldquo;<\/a> und <a href=\"https:\/\/www.fh-joanneum.at\/system-test-engineering\/master\/\">&bdquo;System Test Engineering&ldquo;<\/a> an der FH JOANNEUM, bei dem Sie Ihr Wissen weiter vertiefen und spezialisieren k&ouml;nnen. <\/p>\n\n            <\/div>\n        <\/div>\n            <\/div>\n<\/div>\n\n\n<div\n    id=\"\"\n    class=\"wp-block-blockquote margin-bottom-normal\"\n>\n    <div class=\"container-lg\">\n        <div class=\"row\">\n            <div class=\"col\">\n                <div class=\"d-block mb-2 fs-5 major-text-color\">Hauptgr\u00fcnde f\u00fcr mein Studium waren neben der praxisnahen Ausbildung die modern ausgestatteten Labore. Die Kombination aus Studium und Praxis f\u00fchrt zu interessanten Projekten an der <br \/>\r\nFH JOANNEUM. <\/div>\n                <span class=\"d-flex justify-content-end\">Bertram Winter, BSc, MSc absolvierte sein Bachelor- und Masterstudium am Institut Electronic Engineering<\/span>\n            <\/div>\n        <\/div>\n    <\/div>\n<\/div>\n","protected":false},"excerpt":{"rendered":"<p>Mit Ihrem Abschluss legen Sie den Grundstein f\u00fcr Ihre berufliche Zukunft. Welche Voraussetzungen Sie f\u00fcr den erfolgreichen Abschluss Ihres Studiums ben\u00f6tigen und alles, was Sie sonst noch wissen sollten, verraten wir Ihnen hier.<\/p>\n","protected":false},"author":11,"featured_media":0,"parent":10000026,"menu_order":40,"comment_status":"closed","ping_status":"closed","template":"","meta":{"_acf_changed":false,"footnotes":""},"acf":[],"aioseo_notices":[],"_links":{"self":[{"href":"https:\/\/www.fh-joanneum.at\/industrielle-mechatronik\/bachelor\/wp-json\/wp\/v2\/pages\/10000034"}],"collection":[{"href":"https:\/\/www.fh-joanneum.at\/industrielle-mechatronik\/bachelor\/wp-json\/wp\/v2\/pages"}],"about":[{"href":"https:\/\/www.fh-joanneum.at\/industrielle-mechatronik\/bachelor\/wp-json\/wp\/v2\/types\/page"}],"author":[{"embeddable":true,"href":"https:\/\/www.fh-joanneum.at\/industrielle-mechatronik\/bachelor\/wp-json\/wp\/v2\/users\/11"}],"replies":[{"embeddable":true,"href":"https:\/\/www.fh-joanneum.at\/industrielle-mechatronik\/bachelor\/wp-json\/wp\/v2\/comments?post=10000034"}],"version-history":[{"count":1,"href":"https:\/\/www.fh-joanneum.at\/industrielle-mechatronik\/bachelor\/wp-json\/wp\/v2\/pages\/10000034\/revisions"}],"predecessor-version":[{"id":10000247,"href":"https:\/\/www.fh-joanneum.at\/industrielle-mechatronik\/bachelor\/wp-json\/wp\/v2\/pages\/10000034\/revisions\/10000247"}],"up":[{"embeddable":true,"href":"https:\/\/www.fh-joanneum.at\/industrielle-mechatronik\/bachelor\/wp-json\/wp\/v2\/pages\/10000026"}],"wp:attachment":[{"href":"https:\/\/www.fh-joanneum.at\/industrielle-mechatronik\/bachelor\/wp-json\/wp\/v2\/media?parent=10000034"}],"curies":[{"name":"wp","href":"https:\/\/api.w.org\/{rel}","templated":true}]}}