{"id":10000270,"date":"2015-08-03T00:08:06","date_gmt":"2015-08-02T22:08:06","guid":{"rendered":"https:\/\/www.fh-joanneum.at\/industriewirtschaft\/berufsbegleitend\/?page_id=270"},"modified":"2026-01-14T09:51:02","modified_gmt":"2026-01-14T08:51:02","slug":"voraussetzungen","status":"publish","type":"page","link":"https:\/\/www.fh-joanneum.at\/industriewirtschaft\/berufsbegleitend\/vor-dem-studium\/voraussetzungen\/","title":{"rendered":"Voraussetzungen"},"content":{"rendered":"<div id=\"\" class=\"wp-block-text-content margin-bottom-none\">\n    <div class=\"container-lg\">\n        <div class=\"row\">\n            <div class=\"col\">\n                <div class=\"module-migration-headline\">\n<h3>Erf&uuml;lle ich die Voraussetzungen f&uuml;r das Studium?<\/h3>\n<\/div>\n\n            <\/div>\n        <\/div>\n            <\/div>\n<\/div>\n\n\n<div id=\"\" class=\"wp-block-text-content margin-bottom-normal\">\n    <div class=\"container-lg\">\n        <div class=\"row\">\n            <div class=\"col\">\n                <p>Deutsch ist Unterrichtssprache und deren Kenntnis (zumindest auf dem Level B2) wird als erforderlich vorausgesetzt.<\/p>\n<h4>Studieren mit Matura<\/h4>\n<p>Sie k&ouml;nnen sich f&uuml;r das Studium bewerben, wenn Sie<\/p>\n<ul>\n<li>die Matura einer Allgemeinbildenden oder Berufsbildenden h&ouml;heren Schule,<\/li>\n<li>eine Berufsreifepr&uuml;fung oder<\/li>\n<li>eine Lehre mit Matura<\/li>\n<\/ul>\n<p>haben.<\/p>\n\n            <\/div>\n        <\/div>\n            <\/div>\n<\/div>\n\n\n<div\n    id=\"\"\n    class=\"wp-block-tipp-box margin-bottom-normal\"\n>\n    <div class=\"container-lg\">\n        <div class=\"row\">\n            <div class=\"col\">\n                <div class=\"tipp-box border border-info\">\n                    <div class=\"tipp-box-inner p-2 p-md-3\">\n                        <h4 class=\"\">Hinweis<\/h4>\n                        <p>Als Absolvent:in einer facheinschl\u00e4gigen BHS k\u00f6nnen Sie sich einzelne Lehrveranstaltungen im ersten oder zweiten Semester anrechnen lassen.<br \/>\nWenn Sie Fragen dazu haben, hilft Ihnen die Studiengangsleitung weiter: <br \/>\nE: <a href=\"mailto:iwi@fh-joanneum.at\" title=\"Studiengang per E-Mail kontaktieren\">iwi@fh-joanneum.at<\/a>   <\/p>\n\n                    <\/div>\n                <\/div>\n            <\/div>\n        <\/div>\n    <\/div>\n<\/div>\n\n\n<div\n    id=\"\"\n    class=\"wp-block-tipp-box margin-bottom-normal\"\n>\n    <div class=\"container-lg\">\n        <div class=\"row\">\n            <div class=\"col\">\n                <div class=\"tipp-box border border-warning\">\n                    <div class=\"tipp-box-inner p-2 p-md-3\">\n                        <h4 class=\"\">Tipp<\/h4>\n                        <p>Zivil- und Pr\u00e4senzdiener:innen haben die M\u00f6glichkeit, ohne Zeitverlust mit dem berufsbegleitenden Studium \u201eIndustriewirtschaft \/ Industrial Management\u201c zu beginnen und nach Abschluss des Zivil- oder Pr\u00e4senzdienstes das <a href=\"https:\/\/www.fh-joanneum.at\/industriewirtschaft\/bachelor\/\">Vollzeitstudium<\/a> aufzunehmen.<\/p>\n\n                    <\/div>\n                <\/div>\n            <\/div>\n        <\/div>\n    <\/div>\n<\/div>\n\n\n<div id=\"\" class=\"wp-block-text-content margin-bottom-normal\">\n    <div class=\"container-lg\">\n        <div class=\"row\">\n            <div class=\"col\">\n                <h4>Studieren ohne Matura<\/h4>\n<p>Haben Sie keine Matura oder Berufsreifepr&uuml;fung, brauchen Sie<\/p>\n<ul>\n<li>eine Studienberechtigungspr&uuml;fung oder<\/li>\n<li>eine einschl&auml;gige berufliche Qualifikation mit Zusatzpr&uuml;fungen.<\/li>\n<\/ul>\n\n            <\/div>\n        <\/div>\n            <\/div>\n<\/div>\n\n\n\n\n<div id=\"\" class=\"wp-block-text-content margin-bottom-normal\">\n    <div class=\"container-lg\">\n        <div class=\"row\">\n            <div class=\"col\">\n                <h5>Studienberechtigungspr&uuml;fung<\/h5>\n<p>Eine Studienberechtigungspr&uuml;fung besteht immer aus f&uuml;nf Teilpr&uuml;fungen. F&uuml;r das Studium &bdquo;Industrial Management&ldquo; wird eine Studienberechtigungspr&uuml;fung der Studienrichtungsgruppen <strong>Ingenieurwissenschaftliche Studien<\/strong>, <strong>Naturwissenschaftliche Studien<\/strong> oder <strong>Sozial- und wirtschaftswissenschaftliche Studien<\/strong> zur G&auml;nze anerkannt.<\/p>\n\n            <\/div>\n        <\/div>\n            <\/div>\n<\/div>\n\n\n\n\n<div id=\"\" class=\"wp-block-text-content margin-bottom-normal\">\n    <div class=\"container-lg\">\n        <div class=\"row\">\n            <div class=\"col\">\n                <h5>Einschl&auml;gige berufliche Qualifikation mit Zusatzpr&uuml;fungen<\/h5>\n<p>Eine einschl&auml;gige berufliche Qualifikation ist<\/p>\n<ul>\n<li>ein Lehrberuf mit Lehrabschluss (z. B. Bau, B&uuml;ro, Chemie, Elektronik \/ Elektrotechnik\/ Mechatronik, Holz, IT \/ Informationstechnologie, Maschinenbau \/ Metallbearbeitung u. a.), <\/li>\n<li>eine abgeschlossene Ausbildung an einer Berufsbildenden Mittleren Schule (z. B. im Bereich Technik und Gewerbe oder kaufm&auml;nnische und wirtschaftliche Berufe u. a.). <\/li>\n<\/ul>\n<p>Sie m&uuml;ssen die F&auml;cher<\/p>\n<ul>\n<li>Deutsch (Aufsatz &uuml;ber ein allgemeines Thema),<\/li>\n<li>Mathematik 2 und   <\/li>\n<li>Lebende Fremdsprache<\/li>\n<\/ul>\n<p>absolvieren.<\/p>\n\n            <\/div>\n        <\/div>\n            <\/div>\n<\/div>\n\n\n<div\n    id=\"\"\n    class=\"wp-block-tipp-box margin-bottom-normal\"\n>\n    <div class=\"container-lg\">\n        <div class=\"row\">\n            <div class=\"col\">\n                <div class=\"tipp-box border border-warning\">\n                    <div class=\"tipp-box-inner p-2 p-md-3\">\n                        <h4 class=\"\">Tipp<\/h4>\n                        <p>Die Pr\u00fcfungen k\u00f6nnen Sie zum Beispiel im Rahmen des <a href=\"https:\/\/www.fh-joanneum.at\/weiterbildung\/studieren-ohne-matura\/\">Studienbef\u00e4higungslehrgang<\/a> an der FH JOANNEUM machen. Der Lehrgang dauert zwei Semester und ist berufsbegleitend. Sie haben die M\u00f6glichkeit, auch einzelne Zusatzpr\u00fcfungen an der FH JOANNEUM abzulegen.<\/p>\n\n                    <\/div>\n                <\/div>\n            <\/div>\n        <\/div>\n    <\/div>\n<\/div>\n\n\n<div id=\"\" class=\"wp-block-text-content margin-bottom-normal\">\n    <div class=\"container-lg\">\n        <div class=\"row\">\n            <div class=\"col\">\n                <h4>Sie sind keine &ouml;sterreichische Staatsb&uuml;rgerin oder kein &ouml;sterreichischer Staatsb&uuml;rger?<\/h4>\n<p>F&uuml;r Sie gibt es einige Besonderheiten zu beachten. Mehr Informationen dazu finden Sie in unter dem Men&uuml;punkt <a href=\"https:\/\/fh-joanneum.at\/industriewirtschaft\/berufsbegleitend\/\"><strong>Internationale Bewerber:innen.<\/strong><\/a><\/p>\n\n            <\/div>\n        <\/div>\n            <\/div>\n<\/div>\n","protected":false},"excerpt":{"rendered":"<p>Welche Voraussetzungen m\u00fcssen Sie f\u00fcr das Studium erf\u00fcllen? Welche Nachweise m\u00fcssen Sie f\u00fcr Ihre Studienberechtigung erbringen? K\u00f6nnen Sie auch ohne Matura studieren? Die Antworten auf diese Fragen geben wir Ihnen hier.<\/p>\n","protected":false},"author":3,"featured_media":0,"parent":10000265,"menu_order":14,"comment_status":"closed","ping_status":"closed","template":"","meta":{"_acf_changed":false,"footnotes":""},"acf":[],"aioseo_notices":[],"_links":{"self":[{"href":"https:\/\/www.fh-joanneum.at\/industriewirtschaft\/berufsbegleitend\/wp-json\/wp\/v2\/pages\/10000270"}],"collection":[{"href":"https:\/\/www.fh-joanneum.at\/industriewirtschaft\/berufsbegleitend\/wp-json\/wp\/v2\/pages"}],"about":[{"href":"https:\/\/www.fh-joanneum.at\/industriewirtschaft\/berufsbegleitend\/wp-json\/wp\/v2\/types\/page"}],"author":[{"embeddable":true,"href":"https:\/\/www.fh-joanneum.at\/industriewirtschaft\/berufsbegleitend\/wp-json\/wp\/v2\/users\/3"}],"replies":[{"embeddable":true,"href":"https:\/\/www.fh-joanneum.at\/industriewirtschaft\/berufsbegleitend\/wp-json\/wp\/v2\/comments?post=10000270"}],"version-history":[{"count":3,"href":"https:\/\/www.fh-joanneum.at\/industriewirtschaft\/berufsbegleitend\/wp-json\/wp\/v2\/pages\/10000270\/revisions"}],"predecessor-version":[{"id":10000757,"href":"https:\/\/www.fh-joanneum.at\/industriewirtschaft\/berufsbegleitend\/wp-json\/wp\/v2\/pages\/10000270\/revisions\/10000757"}],"up":[{"embeddable":true,"href":"https:\/\/www.fh-joanneum.at\/industriewirtschaft\/berufsbegleitend\/wp-json\/wp\/v2\/pages\/10000265"}],"wp:attachment":[{"href":"https:\/\/www.fh-joanneum.at\/industriewirtschaft\/berufsbegleitend\/wp-json\/wp\/v2\/media?parent=10000270"}],"curies":[{"name":"wp","href":"https:\/\/api.w.org\/{rel}","templated":true}]}}