{"id":10000311,"date":"2015-08-06T11:26:25","date_gmt":"2015-08-06T09:26:25","guid":{"rendered":"https:\/\/www.fh-joanneum.at\/industriewirtschaft\/berufsbegleitend\/?page_id=311"},"modified":"2023-01-18T17:40:52","modified_gmt":"2023-01-18T15:40:52","slug":"studienabschluss","status":"publish","type":"page","link":"https:\/\/www.fh-joanneum.at\/industriewirtschaft\/berufsbegleitend\/im-studium\/studienabschluss\/","title":{"rendered":"Studienabschluss"},"content":{"rendered":"<div id=\"\" class=\"wp-block-text-content margin-bottom-none\">\n    <div class=\"container-lg\">\n        <div class=\"row\">\n            <div class=\"col\">\n                <div class=\"module-migration-headline\">\n<h3>Voraussetzungen f&uuml;r den Studienabschluss<\/h3>\n<\/div>\n\n            <\/div>\n        <\/div>\n            <\/div>\n<\/div>\n\n<div id=\"\" class=\"wp-block-text-content margin-bottom-normal\">\n    <div class=\"container-lg\">\n        <div class=\"row\">\n            <div class=\"col\">\n                <p>Um das Studium &bdquo;Industrial Management&ldquo; positiv abzuschlie&szlig;en, m&uuml;ssen Sie:<\/p>\n<ul>\n<li>alle Lehrveranstaltungen positiv absolvieren<\/li>\n<li>eine Bachelorarbeit verfassen, die positiv bewertet werden muss<\/li>\n<li>die Bachelorpr&uuml;fung positiv ablegen<\/li>\n<\/ul>\n<p>Sie schlie&szlig;en mit dem Titel &bdquo;Bachelor of Science in Engineering (BSc)&ldquo; ab. <\/p>\n\n            <\/div>\n        <\/div>\n            <\/div>\n<\/div>\n\n<div id=\"\" class=\"wp-block-text-content margin-bottom-none\">\n    <div class=\"container-lg\">\n        <div class=\"row\">\n            <div class=\"col\">\n                <div class=\"module-migration-headline\">\n<h4>Bachelorarbeit<\/h4>\n<\/div>\n\n            <\/div>\n        <\/div>\n            <\/div>\n<\/div>\n\n<div id=\"\" class=\"wp-block-text-content margin-bottom-normal\">\n    <div class=\"container-lg\">\n        <div class=\"row\">\n            <div class=\"col\">\n                <p>Unsere Studierenden verfassen als kr&ouml;nenden Abschluss ihres Bachelorstudiums eine Bachelorarbeit. Als Themengebiete sind grunds&auml;tzlich alle Inhalte aus dem Studium m&ouml;glich. Einen Auszug der letzten Bachelor- und auch Masterarbeiten gibt es auf unserer <a href=\"https:\/\/www.fh-joanneum.at\/institut\/industrial-management\/\">Institutsseite<\/a>. <\/p>\n<p>In der Lehrveranstaltung &bdquo;Wissenschaftliches Arbeiten&ldquo; machen sich unsere Studierenden mit den Rahmenbedingungen und Regeln von Bachelorarbeiten vertraut. W&auml;hrend der gesamten Zeit des Schreibens der Arbeiten werden die Studierenden von einer:einem Betreuer:in begleitet und gecoacht. Zus&auml;tzlich treffen sich die Studierenden immer wieder in Seminaren, um ihre Arbeiten gemeinsam zu diskutieren und zu verbessern.<\/p>\n\n            <\/div>\n        <\/div>\n            <\/div>\n<\/div>\n\n<div id=\"\" class=\"wp-block-text-content margin-bottom-none\">\n    <div class=\"container-lg\">\n        <div class=\"row\">\n            <div class=\"col\">\n                <div class=\"module-migration-headline\">\n<h4>Bachelorpr&uuml;fung<\/h4>\n<\/div>\n\n            <\/div>\n        <\/div>\n            <\/div>\n<\/div>\n\n<div id=\"\" class=\"wp-block-text-content margin-bottom-normal\">\n    <div class=\"container-lg\">\n        <div class=\"row\">\n            <div class=\"col\">\n                <p>Nachdem alle Lehrveranstaltung positiv absolviert und die Bachelorarbeit positiv bewertet wurde, k&ouml;nnen die Studierenden zur Bachelorpr&uuml;fung antreten. Diese finden jedes Jahr im Juli beziehungsweise im September statt. Dabei stellen die Studierenden ihre Bachelorarbeit einer Kommission vor. Danach beantworten sie Fragen zu ihrer Arbeit, bei der Sie als Autor:in jetzt &uuml;ber Spezialwissen verf&uuml;gen. Zudem werden Fragen zu den Inhalten des Studiums gestellt. <\/p>\n<p>Die Pr&uuml;fungskommission besteht aus drei Personen: dem:der Betreuer:in der Arbeit, einer:einem Lehrenden und dem Pr&uuml;fungsvorsitz. So ist sichergestellt, dass die Studierenden gleich evaluiert werden. Zu moralischen Unterst&uuml;tzung k&ouml;nnen auch Freunde und Familie im Publikum sein, da die Pr&uuml;fung &ouml;ffentlich ist. Die &Uuml;berreichung der Bachelorurkunden geschieht feierlich bei der akademischen Graduierung, welche meist im November stattfindet. Die Familien, Freunde und ein Gl&auml;schen Sekt sind meist mit dabei.<\/p>\n\n            <\/div>\n        <\/div>\n            <\/div>\n<\/div>\n\n<div id=\"\" class=\"wp-block-text-content margin-bottom-none\">\n    <div class=\"container-lg\">\n        <div class=\"row\">\n            <div class=\"col\">\n                <div class=\"module-migration-headline\">\n<h3>Nach dem Bachelorabschluss<\/h3>\n<\/div>\n\n            <\/div>\n        <\/div>\n            <\/div>\n<\/div>\n\n<div id=\"\" class=\"wp-block-text-content margin-bottom-normal\">\n    <div class=\"container-lg\">\n        <div class=\"row\">\n            <div class=\"col\">\n                <p>Das internationale Wirtschaftsingenieurstudium <a href=\"https:\/\/fh-joanneum.at\/international-industrial-management\/master\/\">&bdquo;International Industrial Management&ldquo;<\/a> verbindet Managementkompetenz mit technisch-wirtschaftlichem Fachwissen und r&uuml;ckt die Wertsch&ouml;pfungskette sowie die Produktion der Zukunft in den Fokus. Bei uns k&ouml;nnen Sie sich zudem auf Ihrem Fachgebiet spezialisieren: Industrie 4.0 oder Supply Chain Engineering. Mit diesem Know-how sind Sie als F&uuml;hrungskraft in der Industrie gefragt. <\/p>\n\n            <\/div>\n        <\/div>\n            <\/div>\n<\/div>\n\n","protected":false},"excerpt":{"rendered":"<p>Mit Ihrem Abschluss legen Sie den Grundstein f\u00fcr Ihre berufliche Zukunft. Welche Voraussetzungen Sie f\u00fcr den erfolgreichen Abschluss Ihres Studiums ben\u00f6tigen und alles, was Sie sonst noch wissen sollten, verraten wir Ihnen hier.<\/p>\n","protected":false},"author":3,"featured_media":0,"parent":10000297,"menu_order":45,"comment_status":"closed","ping_status":"closed","template":"","meta":{"_acf_changed":false,"footnotes":""},"acf":[],"aioseo_notices":[],"_links":{"self":[{"href":"https:\/\/www.fh-joanneum.at\/industriewirtschaft\/berufsbegleitend\/wp-json\/wp\/v2\/pages\/10000311"}],"collection":[{"href":"https:\/\/www.fh-joanneum.at\/industriewirtschaft\/berufsbegleitend\/wp-json\/wp\/v2\/pages"}],"about":[{"href":"https:\/\/www.fh-joanneum.at\/industriewirtschaft\/berufsbegleitend\/wp-json\/wp\/v2\/types\/page"}],"author":[{"embeddable":true,"href":"https:\/\/www.fh-joanneum.at\/industriewirtschaft\/berufsbegleitend\/wp-json\/wp\/v2\/users\/3"}],"replies":[{"embeddable":true,"href":"https:\/\/www.fh-joanneum.at\/industriewirtschaft\/berufsbegleitend\/wp-json\/wp\/v2\/comments?post=10000311"}],"version-history":[{"count":0,"href":"https:\/\/www.fh-joanneum.at\/industriewirtschaft\/berufsbegleitend\/wp-json\/wp\/v2\/pages\/10000311\/revisions"}],"up":[{"embeddable":true,"href":"https:\/\/www.fh-joanneum.at\/industriewirtschaft\/berufsbegleitend\/wp-json\/wp\/v2\/pages\/10000297"}],"wp:attachment":[{"href":"https:\/\/www.fh-joanneum.at\/industriewirtschaft\/berufsbegleitend\/wp-json\/wp\/v2\/media?parent=10000311"}],"curies":[{"name":"wp","href":"https:\/\/api.w.org\/{rel}","templated":true}]}}