{"id":10000299,"date":"2015-08-10T17:00:24","date_gmt":"2015-08-10T15:00:24","guid":{"rendered":"https:\/\/www.fh-joanneum.at\/informationsdesign\/bachelor\/?page_id=299"},"modified":"2018-06-26T14:48:34","modified_gmt":"2018-06-26T12:48:34","slug":"studienabschluss","status":"publish","type":"page","link":"https:\/\/www.fh-joanneum.at\/informationsdesign\/bachelor\/im-studium\/studienabschluss\/","title":{"rendered":"Studienabschluss"},"content":{"rendered":"<div id=\"\" class=\"wp-block-text-content margin-bottom-none\">\n    <div class=\"container-lg\">\n        <div class=\"row\">\n            <div class=\"col\">\n                <div class=\"module-migration-headline\">\n<h3>Voraussetzungen f&uuml;r den Studienabschluss<\/h3>\n<\/div>\n\n            <\/div>\n        <\/div>\n            <\/div>\n<\/div>\n\n<div id=\"\" class=\"wp-block-text-content margin-bottom-normal\">\n    <div class=\"container-lg\">\n        <div class=\"row\">\n            <div class=\"col\">\n                <p>Um das Bachelorstudium erfolgreich abzuschlie&szlig;en, m&uuml;ssen Sie:<\/p>\n<ul>\n<li>alle Lehrveranstaltungen positiv absolvieren<\/li>\n<li>zwei Bachelorarbeiten verfassen, die beide positiv bewertet werden m&uuml;ssen<\/li>\n<li>die Bachelorpr&uuml;fung positiv ablegen<\/li>\n<\/ul>\n<p>Sie schlie&szlig;en das Studium mit dem akademischen Titel &bdquo;Bachelor of Arts in Arts and Design (BA)&ldquo; ab.<\/p>\n\n            <\/div>\n        <\/div>\n            <\/div>\n<\/div>\n\n<div id=\"\" class=\"wp-block-text-content margin-bottom-none\">\n    <div class=\"container-lg\">\n        <div class=\"row\">\n            <div class=\"col\">\n                <div class=\"module-migration-headline\">\n<h4>Bachelorarbeiten<\/h4>\n<\/div>\n\n            <\/div>\n        <\/div>\n            <\/div>\n<\/div>\n\n<div id=\"\" class=\"wp-block-text-content margin-bottom-normal\">\n    <div class=\"container-lg\">\n        <div class=\"row\">\n            <div class=\"col\">\n                <p>Im Laufe des Bachelorstudiums verfassen unsere Studierenden mindestens zwei schriftliche Arbeiten zu unterschiedlichen Modulen. Im Zuge dieser Bachelorarbeiten ist innerhalb einer vorgegebenen Frist ein Problem aus einem Fachbereich unter Anleitung einer Betreuerin oder eines Betreuers zu bearbeiten. Umfang und Schwierigkeitsgrad entsprechen der zur Verf&uuml;gung stehenden Bearbeitungszeit.<\/p>\n<p>Das Thema der ersten Bachelorarbeit orientiert sich an den Lehrveranstaltungen der jeweiligen Vertiefungsrichtung im f&uuml;nften Semester &ndash; Communication Design, Interaction Design oder Media Design &ndash; und kann in diesem Rahmen frei in Absprache mit der Betreuerin beziehungsweise dem Betreuer gew&auml;hlt werden. Die fachliche Betreuung erfolgt in einem Seminar.<\/p>\n<p>Das Thema der zweiten Bachelorarbeit orientiert sich dann an dem Berufspraktikum, das unsere Studierenden im sechsten Semester absolvieren. Dabei kann es sich beispielsweise um einen wissenschaftlich fundierten Praktikumsbericht handeln. Sie haben aber auch die M&ouml;glichkeit, ein eigenes, nicht mit dem Praktikum verbundenes Thema vorzuschlagen. Auch hier erfolgt die Betreuung in einem Seminar zur Bachelorarbeit. <\/p>\n<p>Beide Bachelorarbeiten sind grunds&auml;tzlich eigenst&auml;ndige Einzelarbeiten. Sollten in Ausnahmef&auml;llen Themen gemeinsam bearbeitet werden, m&uuml;ssen die Leistungen der beteiligten Studierenden gesondert beurteilbar bleiben.<\/p>\n\n            <\/div>\n        <\/div>\n            <\/div>\n<\/div>\n\n<div id=\"\" class=\"wp-block-text-content margin-bottom-none\">\n    <div class=\"container-lg\">\n        <div class=\"row\">\n            <div class=\"col\">\n                <div class=\"module-migration-headline\">\n<h4>Bachelorpr&uuml;fung<\/h4>\n<\/div>\n\n            <\/div>\n        <\/div>\n            <\/div>\n<\/div>\n\n<div id=\"\" class=\"wp-block-text-content margin-bottom-normal\">\n    <div class=\"container-lg\">\n        <div class=\"row\">\n            <div class=\"col\">\n                <p>Nach dem positiven Abschluss aller sechs Semester findet die Bachelorpr&uuml;fung statt. Den Pr&uuml;fungsvorsitz hat die Studiengangsleitung inne. In der Kommission sitzt &uuml;berdies eine Lehrende beziehungsweise ein Lehrender sowie die Betreuerin oder der Betreuer der Bachelorarbeit. Die kommissionelle Pr&uuml;fung setzt sich aus einem Pr&uuml;fungsgespr&auml;ch &uuml;ber die durchgef&uuml;hrten Bachelorarbeiten sowie deren Querverbindungen zu relevanten F&auml;chern des Studienplans zusammen.<\/p>\n\n            <\/div>\n        <\/div>\n            <\/div>\n<\/div>\n\n<div id=\"\" class=\"wp-block-text-content margin-bottom-none\">\n    <div class=\"container-lg\">\n        <div class=\"row\">\n            <div class=\"col\">\n                <div class=\"module-migration-headline\">\n<h3>Nach dem Bachelorabschluss<\/h3>\n<\/div>\n\n            <\/div>\n        <\/div>\n            <\/div>\n<\/div>\n\n<div id=\"\" class=\"wp-block-text-content margin-bottom-normal\">\n    <div class=\"container-lg\">\n        <div class=\"row\">\n            <div class=\"col\">\n                <p>Mit ihrem Bachelorabschluss steht es unseren Absolventinnen und Absolventen offenen, gleich in der Berufswelt t&auml;tig zu werden oder sich in einem Masterstudium weiter zu vertiefen: Zur Auswahl stehen zum Beispiel <a href=\"https:\/\/fh-joanneum.at\/ausstellungsdesign\/master\/\">&bdquo;Ausstellungsdesign&ldquo;<\/a>, <a href=\"https:\/\/fh-joanneum.at\/communication-design\/master\/\">&bdquo;Communication Design&ldquo;<\/a>, <a href=\"https:\/\/fh-joanneum.at\/interaction-design\/master\/\">&bdquo;Interaction Design&ldquo;<\/a>, <a href=\"https:\/\/fh-joanneum.at\/media-design\/master\/\">&bdquo;Media Design&ldquo;<\/a> und <a href=\"https:\/\/fh-joanneum.at\/sound-design\/master\/\">&bdquo;Sound Design&ldquo;<\/a> an der FH JOANNEUM oder auch passende Studienrichtungen an einer Hochschule Ihrer Wahl.<\/p>\n\n            <\/div>\n        <\/div>\n            <\/div>\n<\/div>\n\n","protected":false},"excerpt":{"rendered":"<p>Mit Ihrem Abschluss legen Sie den Grundstein f\u00fcr Ihre berufliche Zukunft. Welche Voraussetzungen Sie f\u00fcr den erfolgreichen Abschluss Ihres Studiums ben\u00f6tigen und alles, was Sie sonst noch wissen sollten, verraten wir Ihnen hier.<\/p>\n","protected":false},"author":12,"featured_media":0,"parent":10000278,"menu_order":66,"comment_status":"closed","ping_status":"closed","template":"","meta":{"_acf_changed":false,"footnotes":""},"acf":[],"aioseo_notices":[],"_links":{"self":[{"href":"https:\/\/www.fh-joanneum.at\/informationsdesign\/bachelor\/wp-json\/wp\/v2\/pages\/10000299"}],"collection":[{"href":"https:\/\/www.fh-joanneum.at\/informationsdesign\/bachelor\/wp-json\/wp\/v2\/pages"}],"about":[{"href":"https:\/\/www.fh-joanneum.at\/informationsdesign\/bachelor\/wp-json\/wp\/v2\/types\/page"}],"author":[{"embeddable":true,"href":"https:\/\/www.fh-joanneum.at\/informationsdesign\/bachelor\/wp-json\/wp\/v2\/users\/12"}],"replies":[{"embeddable":true,"href":"https:\/\/www.fh-joanneum.at\/informationsdesign\/bachelor\/wp-json\/wp\/v2\/comments?post=10000299"}],"version-history":[{"count":0,"href":"https:\/\/www.fh-joanneum.at\/informationsdesign\/bachelor\/wp-json\/wp\/v2\/pages\/10000299\/revisions"}],"up":[{"embeddable":true,"href":"https:\/\/www.fh-joanneum.at\/informationsdesign\/bachelor\/wp-json\/wp\/v2\/pages\/10000278"}],"wp:attachment":[{"href":"https:\/\/www.fh-joanneum.at\/informationsdesign\/bachelor\/wp-json\/wp\/v2\/media?parent=10000299"}],"curies":[{"name":"wp","href":"https:\/\/api.w.org\/{rel}","templated":true}]}}