{"id":10000008,"date":"2020-12-01T10:17:04","date_gmt":"2020-12-01T09:17:04","guid":{"rendered":"https:\/\/www.fh-joanneum.at\/inklusive-kinder-jugend-und-gemeinwesenarbeit\/academic_certificate_programme\/?page_id=8"},"modified":"2020-12-02T09:27:17","modified_gmt":"2020-12-02T08:27:17","slug":"voraussetzungen","status":"publish","type":"page","link":"https:\/\/www.fh-joanneum.at\/inklusive-kinder-jugend-und-gemeinwesenarbeit\/academic_certificate_programme\/vor-dem-lehrgang\/voraussetzungen\/","title":{"rendered":"Voraussetzungen"},"content":{"rendered":"<div id=\"\" class=\"wp-block-text-content margin-bottom-none\">\n    <div class=\"container-lg\">\n        <div class=\"row\">\n            <div class=\"col\">\n                <div class=\"module-migration-headline\">\n<h3>Zugangsvoraussetzungen<\/h3>\n<\/div>\n\n            <\/div>\n        <\/div>\n            <\/div>\n<\/div>\n\n<div id=\"\" class=\"wp-block-text-content margin-bottom-normal\">\n    <div class=\"container-lg\">\n        <div class=\"row\">\n            <div class=\"col\">\n                <p>Der akademische Lehrgang &bdquo;Inklusive Kinder-, Jugend- und Gemeinwesenarbeit&ldquo; richtet sich vorrangig an Personen, die in der Jugendarbeit oder in der Kinder- und Jugendhilfe t&auml;tig sind beziehungsweise nur mit entsprechender Qualifikation t&auml;tig sein k&ouml;nnen.<\/p>\n<p>Zugang zum Lehrgang :<\/p>\n<ul>\n<li>Allgemeine Hochschulreife<\/li>\n<\/ul>\n<p>oder<\/p>\n<ul>\n<li>facheinschl&auml;gige Qualifikation, zum Beispiel 2-j&auml;hriges Kolleg f&uuml;r Sozialp&auml;dagogik <\/li>\n<\/ul>\n<p>oder<\/p>\n<ul>\n<li>Berufsausbildung (Fachschule) und drei Jahre facheinschl&auml;gige Berufserfahrung und T&auml;tigkeit im Feld der Offenen Jugendarbeit beziehungsweise Kinder- und Jugendhilfe. <\/li>\n<\/ul>\n<p>Die Pr&uuml;fung der Zugangsvoraussetzungen erfolgt nach der schriftlichen Bewerbung durch die Lehrgangsleitung. <\/p>\n\n            <\/div>\n        <\/div>\n            <\/div>\n<\/div>\n\n","protected":false},"excerpt":{"rendered":"<p>Welche Voraussetzungen m\u00fcssen Sie f\u00fcr den Lehrgang erf\u00fcllen? Die Antworten auf diese Frage geben wir Ihnen hier.<\/p>\n","protected":false},"author":11,"featured_media":0,"parent":10000006,"menu_order":9,"comment_status":"closed","ping_status":"closed","template":"","meta":{"_acf_changed":false,"footnotes":""},"acf":[],"aioseo_notices":[],"_links":{"self":[{"href":"https:\/\/www.fh-joanneum.at\/inklusive-kinder-jugend-und-gemeinwesenarbeit\/academic_certificate_programme\/wp-json\/wp\/v2\/pages\/10000008"}],"collection":[{"href":"https:\/\/www.fh-joanneum.at\/inklusive-kinder-jugend-und-gemeinwesenarbeit\/academic_certificate_programme\/wp-json\/wp\/v2\/pages"}],"about":[{"href":"https:\/\/www.fh-joanneum.at\/inklusive-kinder-jugend-und-gemeinwesenarbeit\/academic_certificate_programme\/wp-json\/wp\/v2\/types\/page"}],"author":[{"embeddable":true,"href":"https:\/\/www.fh-joanneum.at\/inklusive-kinder-jugend-und-gemeinwesenarbeit\/academic_certificate_programme\/wp-json\/wp\/v2\/users\/11"}],"replies":[{"embeddable":true,"href":"https:\/\/www.fh-joanneum.at\/inklusive-kinder-jugend-und-gemeinwesenarbeit\/academic_certificate_programme\/wp-json\/wp\/v2\/comments?post=10000008"}],"version-history":[{"count":0,"href":"https:\/\/www.fh-joanneum.at\/inklusive-kinder-jugend-und-gemeinwesenarbeit\/academic_certificate_programme\/wp-json\/wp\/v2\/pages\/10000008\/revisions"}],"up":[{"embeddable":true,"href":"https:\/\/www.fh-joanneum.at\/inklusive-kinder-jugend-und-gemeinwesenarbeit\/academic_certificate_programme\/wp-json\/wp\/v2\/pages\/10000006"}],"wp:attachment":[{"href":"https:\/\/www.fh-joanneum.at\/inklusive-kinder-jugend-und-gemeinwesenarbeit\/academic_certificate_programme\/wp-json\/wp\/v2\/media?parent=10000008"}],"curies":[{"name":"wp","href":"https:\/\/api.w.org\/{rel}","templated":true}]}}