{"id":10000019,"date":"2019-06-05T14:30:14","date_gmt":"2019-06-05T12:30:14","guid":{"rendered":"https:\/\/www.fh-joanneum.at\/inklusive-kinder-jugend-und-gemeinwesenarbeit\/postgraduate\/?page_id=19"},"modified":"2020-02-14T15:14:30","modified_gmt":"2020-02-14T14:14:30","slug":"voraussetzungen","status":"publish","type":"page","link":"https:\/\/www.fh-joanneum.at\/inklusive-kinder-jugend-und-gemeinwesenarbeit\/postgraduate\/vor-dem-studium\/voraussetzungen\/","title":{"rendered":"Voraussetzungen"},"content":{"rendered":"<div id=\"\" class=\"wp-block-text-content margin-bottom-none\">\n    <div class=\"container-lg\">\n        <div class=\"row\">\n            <div class=\"col\">\n                <div class=\"module-migration-headline\">\n<h3>Voraussetzungen<\/h3>\n<\/div>\n\n            <\/div>\n        <\/div>\n            <\/div>\n<\/div>\n\n<div id=\"\" class=\"wp-block-text-content margin-bottom-normal\">\n    <div class=\"container-lg\">\n        <div class=\"row\">\n            <div class=\"col\">\n                <p>Der Masterlehrgang richtet sich vorrangig an Personen, die in der Leitung von Einrichtungen und Projekten in der Offenen Jugendarbeit t&auml;tig sein oder komplexe Aufgaben in der Kinder- und Jugendhilfe &uuml;bernehmen wollen. <\/p>\n<p>Absolventinnen und Absolventen folgender Bachelorstudieng&auml;nge und gleichwertiger sekund&auml;rer Ausbildungen erf&uuml;llen die Zugangsvoraussetzungen f&uuml;r den Masterlehrgang &bdquo;Inklusive Kinder-, Jugend- und Gemeinwesenarbeit&ldquo;:<\/p>\n<ul>\n<li>\n<p>Abschluss eines facheinschl&auml;gigen Bachelor-, Diplom-, und Masterstudiengangs in sozialer Arbeit und benachbarten Disziplinen, beispielsweise Abschluss des Bachelorstudiums &bdquo;Soziale Arbeit&ldquo; an der FH JOANNEUM<\/p>\n<\/li>\n<li>\n<p>Abschluss eines Kollegs f&uuml;r Sozialp&auml;dagogik und Nachweis einer zumindest dreij&auml;hrigen facheinschl&auml;gigen Berufst&auml;tigkeit <\/p>\n<\/li>\n<li>\n<p>Abschluss des akademischen Lehrgangs <a href=\"https:\/\/www.fh-joanneum.at\/weiterbildung\/akademische-jugend-und-gemeinwesenarbeiterin-akademischer-jugend-und-gemeinwesenarbeiter\/\">&bdquo;Inklusive Kinder-, Jugend- und Gemeinwesenarbeit INJUG&ldquo;<\/a> der FH JOANNEUM und Nachweis der allgemeinen Hochschulreife oder Studienberechtigungspr&uuml;fung<\/p>\n<\/li>\n<\/ul>\n\n            <\/div>\n        <\/div>\n            <\/div>\n<\/div>\n\n<div\n    id=\"\"\n    class=\"wp-block-tipp-box margin-bottom-normal\"\n>\n    <div class=\"container-lg\">\n        <div class=\"row\">\n            <div class=\"col\">\n                <div class=\"tipp-box border border-warning\">\n                    <div class=\"tipp-box-inner p-2 p-md-3\">\n                        <h4 class=\"\">Tipp<\/h4>\n                        <p>Das Ablegen einer Studienberechtigungspr\u00fcfung f\u00fcr die Teilnahme am Masterlehrgang sieht folgende Teile vor: Mathematik 1, Englisch 2 und Aufsatz \u00fcber ein allgemeines Thema (Deutsch<\/p>\n\n                    <\/div>\n                <\/div>\n            <\/div>\n        <\/div>\n    <\/div>\n<\/div>\n\n<div id=\"\" class=\"wp-block-text-content margin-bottom-normal\">\n    <div class=\"container-lg\">\n        <div class=\"row\">\n            <div class=\"col\">\n                <h4>Sprachkenntnisse<\/h4>\n<p>Deutsch ist Unterrichtssprache am Lehrgang. Mit Sprachkenntnissen auf Level B2 k&ouml;nnen Sie den Studieninhalten ohne Probleme folgen. Best&auml;tigen Sie uns Ihre Sprachkenntnisse bitte mit einem Zertifikat sofern Sie nicht in Maturazeugnissen oder &auml;hnlichen Diplomen genannt sind.<\/p>\n<p>Die Pr&uuml;fung der Zugangsvoraussetzungen erfolgt nach der schriftlichen Bewerbung durch die Lehrgangsleitung. <\/p>\n\n            <\/div>\n        <\/div>\n            <\/div>\n<\/div>\n\n","protected":false},"excerpt":{"rendered":"<p>Diese Voraussetzungen m\u00fcssen Sie f\u00fcr die Teilnahme am Lehrgang erf\u00fcllen.<\/p>\n","protected":false},"author":11,"featured_media":0,"parent":10000014,"menu_order":9,"comment_status":"closed","ping_status":"closed","template":"","meta":{"_acf_changed":false,"footnotes":""},"acf":[],"aioseo_notices":[],"_links":{"self":[{"href":"https:\/\/www.fh-joanneum.at\/inklusive-kinder-jugend-und-gemeinwesenarbeit\/postgraduate\/wp-json\/wp\/v2\/pages\/10000019"}],"collection":[{"href":"https:\/\/www.fh-joanneum.at\/inklusive-kinder-jugend-und-gemeinwesenarbeit\/postgraduate\/wp-json\/wp\/v2\/pages"}],"about":[{"href":"https:\/\/www.fh-joanneum.at\/inklusive-kinder-jugend-und-gemeinwesenarbeit\/postgraduate\/wp-json\/wp\/v2\/types\/page"}],"author":[{"embeddable":true,"href":"https:\/\/www.fh-joanneum.at\/inklusive-kinder-jugend-und-gemeinwesenarbeit\/postgraduate\/wp-json\/wp\/v2\/users\/11"}],"replies":[{"embeddable":true,"href":"https:\/\/www.fh-joanneum.at\/inklusive-kinder-jugend-und-gemeinwesenarbeit\/postgraduate\/wp-json\/wp\/v2\/comments?post=10000019"}],"version-history":[{"count":0,"href":"https:\/\/www.fh-joanneum.at\/inklusive-kinder-jugend-und-gemeinwesenarbeit\/postgraduate\/wp-json\/wp\/v2\/pages\/10000019\/revisions"}],"up":[{"embeddable":true,"href":"https:\/\/www.fh-joanneum.at\/inklusive-kinder-jugend-und-gemeinwesenarbeit\/postgraduate\/wp-json\/wp\/v2\/pages\/10000014"}],"wp:attachment":[{"href":"https:\/\/www.fh-joanneum.at\/inklusive-kinder-jugend-und-gemeinwesenarbeit\/postgraduate\/wp-json\/wp\/v2\/media?parent=10000019"}],"curies":[{"name":"wp","href":"https:\/\/api.w.org\/{rel}","templated":true}]}}