{"id":10000022,"date":"2019-06-05T14:35:07","date_gmt":"2019-06-05T12:35:07","guid":{"rendered":"https:\/\/www.fh-joanneum.at\/inklusive-kinder-jugend-und-gemeinwesenarbeit\/postgraduate\/?page_id=22"},"modified":"2022-02-04T11:09:34","modified_gmt":"2022-02-04T10:09:34","slug":"bewerbung","status":"publish","type":"page","link":"https:\/\/www.fh-joanneum.at\/inklusive-kinder-jugend-und-gemeinwesenarbeit\/postgraduate\/vor-dem-studium\/bewerbung\/","title":{"rendered":"Bewerbung"},"content":{"rendered":"<div id=\"\" class=\"wp-block-text-content margin-bottom-none\">\n    <div class=\"container-lg\">\n        <div class=\"row\">\n            <div class=\"col\">\n                <div class=\"module-migration-headline\">\n<h3>Bewerbung<\/h3>\n<\/div>\n\n            <\/div>\n        <\/div>\n            <\/div>\n<\/div>\n\n<div id=\"\" class=\"wp-block-text-content margin-bottom-normal\">\n    <div class=\"container-lg\">\n        <div class=\"row\">\n            <div class=\"col\">\n                <p>Wenn Sie die Voraussetzungen erf&uuml;llen, k&ouml;nnen Sie sich f&uuml;r den Masterlehrgang bewerben.<\/p>\n<h5>Die n&ouml;tigen Unterlagen:<\/h5>\n<ul>\n<li>unterzeichnetes Bewerbungsschreiben \/ Motivationsschreiben<\/li>\n<li>unterzeichneter Lebenslauf <\/li>\n<li>Kopie des Nachweises der allgemeinen Hochschulreife oder Studienberechtigungspr&uuml;fung   <\/li>\n<li>Kopie des Staatsb&uuml;rgerschaftsnachweises oder des Reisepasses   <\/li>\n<li>Kopie des Nachweises &uuml;ber den Abschluss eines facheinschl&auml;gigen Bachelorstudiums oder einer gleichwertigen Ausbildung    <\/li>\n<\/ul>\n<p><strong>oder<\/strong>    <\/p>\n<ul>\n<li>Kopie des Nachweises &uuml;ber den Abschluss eines Kollegs f&uuml;r Sozialp&auml;dagogik und Nachweis einer zumindest dreij&auml;hrigen facheinschl&auml;gigen Berufst&auml;tigkeit<\/li>\n<\/ul>\n<p>Die Bewerbungsunterlagen werden vertraulich behandelt.<\/p>\n\n            <\/div>\n        <\/div>\n            <\/div>\n<\/div>\n\n<div\n    id=\"\"\n    class=\"wp-block-tipp-box margin-bottom-normal\"\n>\n    <div class=\"container-lg\">\n        <div class=\"row\">\n            <div class=\"col\">\n                <div class=\"tipp-box border border-info\">\n                    <div class=\"tipp-box-inner p-2 p-md-3\">\n                        <h4 class=\"\">Hinweis<\/h4>\n                        <p><strong>Welche Regeln gelten f\u00fcr internationalen Dokumente?<\/strong><\/p>\n<p>F\u00fcr nicht-\u00f6sterreichische Dokumente gibt es Sonderregeln. Diese m\u00fcssen Sie einhalten, damit Ihre Bewerbung akzeptiert werden kann. Welche Richtlinien einzuhalten sind, h\u00e4ngt davon ab, in welchem Land die Dokumente ausgestellt wurden: <a href=\"https:\/\/www.fh-joanneum.at\/beglaubigungs-und-uebersetzungsrichtlinien\/\">Beglaubigungs- und \u00dcbersetzungsrichtlinien nach L\u00e4ndern<\/a>. <\/p>\n\n                    <\/div>\n                <\/div>\n            <\/div>\n        <\/div>\n    <\/div>\n<\/div>\n\n<div\n    id=\"\"\n    class=\"wp-block-tipp-box margin-bottom-normal\"\n>\n    <div class=\"container-lg\">\n        <div class=\"row\">\n            <div class=\"col\">\n                <div class=\"tipp-box border border-warning\">\n                    <div class=\"tipp-box-inner p-2 p-md-3\">\n                        <h4 class=\"\">Tipp<\/h4>\n                        <p>Falls Sie die Dokumente (Bachelor- oder Diplomurkunde) zum Zeitpunkt der Bewerbung noch nicht haben, k\u00f6nnen Sie diese bis zum Studienbeginn nachreichen.<\/p>\n\n                    <\/div>\n                <\/div>\n            <\/div>\n        <\/div>\n    <\/div>\n<\/div>\n\n<div id=\"\" class=\"wp-block-text-content margin-bottom-normal\">\n    <div class=\"container-lg\">\n        <div class=\"row\">\n            <div class=\"col\">\n                <p><strong><a href=\"https:\/\/www.fh-joanneum.at\/studium\/online-bewerbung\/\">Hier geht es zur Onlinebewerbung.<\/a><\/strong><\/p>\n\n            <\/div>\n        <\/div>\n            <\/div>\n<\/div>\n\n<div id=\"\" class=\"wp-block-text-content margin-bottom-normal\">\n    <div class=\"container-lg\">\n        <div class=\"row\">\n            <div class=\"col\">\n                <h4>Einladung zum pers&ouml;nlichen Gespr&auml;ch<\/h4>\n<p>Ihre Bewerbung wird von der Lehrgangsleitung &uuml;berpr&uuml;ft. Alle Bewerber:innen, die die formalen Voraussetzungen erf&uuml;llen, werden zu einem pers&ouml;nlichen Gespr&auml;ch eingeladen. <\/p>\n\n            <\/div>\n        <\/div>\n            <\/div>\n<\/div>\n\n","protected":false},"excerpt":{"rendered":"<p>Hier erfahren Sie, welche Unterlagen Sie f\u00fcr die Bewerbung ben\u00f6tigen.<\/p>\n","protected":false},"author":11,"featured_media":0,"parent":10000014,"menu_order":12,"comment_status":"closed","ping_status":"closed","template":"","meta":{"_acf_changed":false,"footnotes":""},"acf":[],"aioseo_notices":[],"_links":{"self":[{"href":"https:\/\/www.fh-joanneum.at\/inklusive-kinder-jugend-und-gemeinwesenarbeit\/postgraduate\/wp-json\/wp\/v2\/pages\/10000022"}],"collection":[{"href":"https:\/\/www.fh-joanneum.at\/inklusive-kinder-jugend-und-gemeinwesenarbeit\/postgraduate\/wp-json\/wp\/v2\/pages"}],"about":[{"href":"https:\/\/www.fh-joanneum.at\/inklusive-kinder-jugend-und-gemeinwesenarbeit\/postgraduate\/wp-json\/wp\/v2\/types\/page"}],"author":[{"embeddable":true,"href":"https:\/\/www.fh-joanneum.at\/inklusive-kinder-jugend-und-gemeinwesenarbeit\/postgraduate\/wp-json\/wp\/v2\/users\/11"}],"replies":[{"embeddable":true,"href":"https:\/\/www.fh-joanneum.at\/inklusive-kinder-jugend-und-gemeinwesenarbeit\/postgraduate\/wp-json\/wp\/v2\/comments?post=10000022"}],"version-history":[{"count":0,"href":"https:\/\/www.fh-joanneum.at\/inklusive-kinder-jugend-und-gemeinwesenarbeit\/postgraduate\/wp-json\/wp\/v2\/pages\/10000022\/revisions"}],"up":[{"embeddable":true,"href":"https:\/\/www.fh-joanneum.at\/inklusive-kinder-jugend-und-gemeinwesenarbeit\/postgraduate\/wp-json\/wp\/v2\/pages\/10000014"}],"wp:attachment":[{"href":"https:\/\/www.fh-joanneum.at\/inklusive-kinder-jugend-und-gemeinwesenarbeit\/postgraduate\/wp-json\/wp\/v2\/media?parent=10000022"}],"curies":[{"name":"wp","href":"https:\/\/api.w.org\/{rel}","templated":true}]}}