{"id":30,"date":"2025-05-13T10:04:00","date_gmt":"2025-05-13T08:04:00","guid":{"rendered":"https:\/\/www.fh-joanneum.at\/innovativer-holzbau-und-hochbaukonstruktionen\/master\/?page_id=30"},"modified":"2025-05-15T14:23:25","modified_gmt":"2025-05-15T12:23:25","slug":"voraussetzungen","status":"publish","type":"page","link":"https:\/\/www.fh-joanneum.at\/innovativer-holzbau-und-hochbaukonstruktionen\/master\/vor-dem-studium\/voraussetzungen\/","title":{"rendered":"Voraussetzungen"},"content":{"rendered":"<div id=\"\" class=\"wp-block-text-content margin-bottom-normal\">\n    <div class=\"container-lg\">\n        <div class=\"row\">\n            <div class=\"col\">\n                <h3>Voraussetzungen f&uuml;r das Studium<\/h3>\n<p>Wenn Sie einen qualifizierten Studienabschluss<\/p>\n<ul>\n<li>eines facheinschl&auml;gigen Bachelorstudiums oder<\/li>\n<li>einer gleichwertigen Ausbildung<\/li>\n<\/ul>\n<p>im Bereich des Bauingenieurwesens nachweisen k&ouml;nnen, erf&uuml;llen Sie die Voraussetzungen f&uuml;r die Studienrichtung Innovativer Holzbau und Hochbaukonstruktionen des Masterstudiums Baumanagement und Ingenieurbau.<\/p>\n<p>Mit folgenden Studienabschl&uuml;ssen sind die Zugangsvoraussetzungen erf&uuml;llt:<\/p>\n<ul>\n<li>Bauplanung und Bauwirtschaft &ndash; Studienzweig Ingenieurbau (FH JOANNEUM)<\/li>\n<li>Bauingenieurwesen (FH K&auml;rnten, Spittal\/Drau)<\/li>\n<li>Bauingenieurwesen &ndash; Baumanagement (FH Campus Wien)<\/li>\n<li>Bauingenieurwesen und Infrastrukturmanagement (TU Wien)<\/li>\n<li>Bauingenieurwissenschaften und Wirtschaftsingenieurwesen (TU Graz)<\/li>\n<li>Bau- und Umweltingenieurwissenschaften (TU Innsbruck)<\/li>\n<\/ul>\n<p>Auch bei Abschluss eines inhaltlich &auml;quivalenten Studiums von anderen Hochschulen oder aus anderen L&auml;ndern freuen wir uns &uuml;ber Ihre Bewerbung. Alle Ausbildungen m&uuml;ssen an einer anerkannten in- oder ausl&auml;ndischen postsekund&auml;ren Bildungseinrichtung abgelegt worden sein.<\/p>\n<p>Bei einem vergleichbaren und gleichwertigen Studium werden ECTS-Punkte in folgenden Kernkompetenzen und Mindestumf&auml;ngen vorausgesetzt:<\/p>\n<ul>\n<li>Bereich Konstruktiver Ingenieurbaus: 40 ECTS<\/li>\n<li>Bereich Bauwirtschaft \/ Baumanagement: 25 ECTS<\/li>\n<\/ul>\n<p>F&uuml;r den Fall, dass eine Gleichwertigkeit Ihres Studienabschlusses gegeben ist und nur einzelne Erg&auml;nzungen fehlen, wird eine Teilnahme am Studiengang mit der Auflage von Pr&uuml;fungen verbunden, die Sie im Zuge des ersten Studienjahres ablegen k&ouml;nnen.<\/p>\n<p>In nicht eindeutigen F&auml;llen obliegt es der Studiengangsleitung zu entscheiden, ob die Zugangsvoraussetzungen erf&uuml;llt sind. Eine verbindliche Auskunft dar&uuml;ber erhalten Sie nach Einlangen Ihrer vollst&auml;ndigen Bewerbungsunterlagen.<\/p>\n\n            <\/div>\n        <\/div>\n            <\/div>\n<\/div>\n\n\n<div id=\"\" class=\"wp-block-text-content margin-bottom-normal\">\n    <div class=\"container-lg\">\n        <div class=\"row\">\n            <div class=\"col\">\n                <h4>Sprachkenntnisse<\/h4>\n<p>Deutsch ist die Unterrichtssprache am Studiengang. Mit Sprachkenntnissen auf Level B2 k&ouml;nnen Sie den Studieninhalten ohne Probleme folgen. Best&auml;tigen Sie uns Ihre Sprachkenntnisse bitte mit einem Zertifikat sofern Sie nicht in Maturazeugnissen oder &auml;hnlichen Diplomen genannt sind.<\/p>\n\n            <\/div>\n        <\/div>\n            <\/div>\n<\/div>\n\n\n<div id=\"\" class=\"wp-block-text-content margin-bottom-normal\">\n    <div class=\"container-lg\">\n        <div class=\"row\">\n            <div class=\"col\">\n                <h4>Sie sind keine &ouml;sterreichische Staatsb&uuml;rgerin oder kein &ouml;sterreichischer Staatsb&uuml;rger?<\/h4>\n<p>F&uuml;r Sie gibt es einige Besonderheiten zu beachten. Mehr Informationen dazu finden Sie in unter dem Men&uuml;punkt <strong>Internationale Bewerber:innen<\/strong>.<\/p>\n\n            <\/div>\n        <\/div>\n            <\/div>\n<\/div>\n","protected":false},"excerpt":{"rendered":"<p>Diese Voraussetzungen m\u00fcssen Sie f\u00fcr das Studium erf\u00fcllen.<\/p>\n","protected":false},"author":143,"featured_media":0,"parent":7,"menu_order":20,"comment_status":"closed","ping_status":"closed","template":"","meta":{"_acf_changed":false,"footnotes":""},"acf":[],"aioseo_notices":[],"_links":{"self":[{"href":"https:\/\/www.fh-joanneum.at\/innovativer-holzbau-und-hochbaukonstruktionen\/master\/wp-json\/wp\/v2\/pages\/30"}],"collection":[{"href":"https:\/\/www.fh-joanneum.at\/innovativer-holzbau-und-hochbaukonstruktionen\/master\/wp-json\/wp\/v2\/pages"}],"about":[{"href":"https:\/\/www.fh-joanneum.at\/innovativer-holzbau-und-hochbaukonstruktionen\/master\/wp-json\/wp\/v2\/types\/page"}],"author":[{"embeddable":true,"href":"https:\/\/www.fh-joanneum.at\/innovativer-holzbau-und-hochbaukonstruktionen\/master\/wp-json\/wp\/v2\/users\/143"}],"replies":[{"embeddable":true,"href":"https:\/\/www.fh-joanneum.at\/innovativer-holzbau-und-hochbaukonstruktionen\/master\/wp-json\/wp\/v2\/comments?post=30"}],"version-history":[{"count":2,"href":"https:\/\/www.fh-joanneum.at\/innovativer-holzbau-und-hochbaukonstruktionen\/master\/wp-json\/wp\/v2\/pages\/30\/revisions"}],"predecessor-version":[{"id":165,"href":"https:\/\/www.fh-joanneum.at\/innovativer-holzbau-und-hochbaukonstruktionen\/master\/wp-json\/wp\/v2\/pages\/30\/revisions\/165"}],"up":[{"embeddable":true,"href":"https:\/\/www.fh-joanneum.at\/innovativer-holzbau-und-hochbaukonstruktionen\/master\/wp-json\/wp\/v2\/pages\/7"}],"wp:attachment":[{"href":"https:\/\/www.fh-joanneum.at\/innovativer-holzbau-und-hochbaukonstruktionen\/master\/wp-json\/wp\/v2\/media?parent=30"}],"curies":[{"name":"wp","href":"https:\/\/api.w.org\/{rel}","templated":true}]}}