{"id":10000048,"date":"2015-08-13T16:57:52","date_gmt":"2015-08-13T14:57:52","guid":{"rendered":"https:\/\/www.fh-joanneum.at\/interaction-design\/master\/?page_id=48"},"modified":"2023-11-02T15:10:49","modified_gmt":"2023-11-02T14:10:49","slug":"absolventinnen-absolventen","status":"publish","type":"page","link":"https:\/\/www.fh-joanneum.at\/interaction-design\/master\/nach-dem-studium\/absolventinnen-absolventen\/","title":{"rendered":"Absolvent:innen"},"content":{"rendered":"<div id=\"\" class=\"wp-block-text-content margin-bottom-none\">\n    <div class=\"container-lg\">\n        <div class=\"row\">\n            <div class=\"col\">\n                <div class=\"module-migration-headline\">\n<h3>Das machen unsere Absolvent:innen.<\/h3>\n<\/div>\n\n            <\/div>\n        <\/div>\n            <\/div>\n<\/div>\n\n<div id=\"\" class=\"wp-block-list-of-graduates margin-bottom-normal\">\n  <div class=\"container-lg\">\n    <div class=\"row\">\n                        <div class=\"col-6 col-sm-4 col-md-6 col-lg-4 col-xl-4 mb-4\">\n            <a\n    href=\"https:\/\/www.fh-joanneum.at\/interaction-design\/master\/nach-dem-studium\/absolventinnen-absolventen\/mac-krebernik\/\"\n    class=\"graduate-card bg-light\"\n>\n    <div class=\"border border-light h-100\">\n        <div class=\"image-wrapper\">\n            <picture>\n                        <source\n                media=\"(max-width: 576px)\"\n                srcset=\"https:\/\/cdn3.fh-joanneum.at\/media\/sites\/59\/2016\/03\/martin-krebernik-7.jpg, https:\/\/cdn3.fh-joanneum.at\/media\/sites\/59\/2016\/03\/martin-krebernik-7-768x576.jpg 2x\"\n            \/>\n                    <source\n                media=\"(max-width: 768px)\"\n                srcset=\"https:\/\/cdn3.fh-joanneum.at\/media\/sites\/59\/2016\/03\/martin-krebernik-7-768x576.jpg, https:\/\/cdn3.fh-joanneum.at\/media\/sites\/59\/2016\/03\/martin-krebernik-7.jpg 2x\"\n            \/>\n                    <source\n                media=\"(max-width: 1000px)\"\n                srcset=\"https:\/\/cdn3.fh-joanneum.at\/media\/sites\/59\/2016\/03\/martin-krebernik-7.jpg, https:\/\/cdn3.fh-joanneum.at\/media\/sites\/59\/2016\/03\/martin-krebernik-7.jpg 2x\"\n            \/>\n                    <source\n                media=\"(max-width: 1000px)\"\n                srcset=\"https:\/\/cdn3.fh-joanneum.at\/media\/sites\/59\/2016\/03\/martin-krebernik-7.jpg, https:\/\/cdn3.fh-joanneum.at\/media\/sites\/59\/2016\/03\/martin-krebernik-7.jpg 2x\"\n            \/>\n                    <source\n                media=\"(max-width: 1000px)\"\n                srcset=\"https:\/\/cdn3.fh-joanneum.at\/media\/sites\/59\/2016\/03\/martin-krebernik-7.jpg, https:\/\/cdn3.fh-joanneum.at\/media\/sites\/59\/2016\/03\/martin-krebernik-7.jpg 2x\"\n            \/>\n                <img decoding=\"async\"\n        class=\"img-fluid\"\n        src=\"https:\/\/cdn3.fh-joanneum.at\/media\/sites\/59\/2016\/03\/martin-krebernik-7.jpg\"\n        alt=\"Martin Krebernik 5\"\n        title=\"\"\n         loading=\"lazy\"             >\n<\/picture>\n\n        <\/div>\n        <div class=\"p-2 p-xl-3\">\n            <h6>Martin Krebernik, MA<\/h6>\n            <p class=\"mb-0 hyphens\">\n                Martin Krebernik hat die Anlaufphase der Selbstst\u00e4ndigkeit bereits hinter sich und mittlerweile ein ausgewogenes Verh\u00e4ltnis zwischen Kundenprojekten, Eigenprojekten und Freizeit gefunden. \n            <\/p>\n        <\/div>\n    <\/div>\n<\/a>\n          <\/div>\n                  <div class=\"col-6 col-sm-4 col-md-6 col-lg-4 col-xl-4 mb-4\">\n            <a\n    href=\"https:\/\/www.fh-joanneum.at\/interaction-design\/master\/nach-dem-studium\/absolventinnen-absolventen\/beatrice-bunjaku-ma\/\"\n    class=\"graduate-card bg-light\"\n>\n    <div class=\"border border-light h-100\">\n        <div class=\"image-wrapper\">\n            <picture>\n                        <source\n                media=\"(max-width: 445px)\"\n                srcset=\"https:\/\/cdn3.fh-joanneum.at\/media\/sites\/59\/2020\/04\/beatrice-bunjaku-ma-2.jpg, https:\/\/cdn3.fh-joanneum.at\/media\/sites\/59\/2020\/04\/beatrice-bunjaku-ma-2-768x993.jpg 2x\"\n            \/>\n                    <source\n                media=\"(max-width: 768px)\"\n                srcset=\"https:\/\/cdn3.fh-joanneum.at\/media\/sites\/59\/2020\/04\/beatrice-bunjaku-ma-2-768x993.jpg, https:\/\/cdn3.fh-joanneum.at\/media\/sites\/59\/2020\/04\/beatrice-bunjaku-ma-2-792x1024.jpg 2x\"\n            \/>\n                    <source\n                media=\"(max-width: 792px)\"\n                srcset=\"https:\/\/cdn3.fh-joanneum.at\/media\/sites\/59\/2020\/04\/beatrice-bunjaku-ma-2-792x1024.jpg, https:\/\/cdn3.fh-joanneum.at\/media\/sites\/59\/2020\/04\/beatrice-bunjaku-ma-2.jpg 2x\"\n            \/>\n                    <source\n                media=\"(max-width: 1188px)\"\n                srcset=\"https:\/\/cdn3.fh-joanneum.at\/media\/sites\/59\/2020\/04\/beatrice-bunjaku-ma-2.jpg, https:\/\/cdn3.fh-joanneum.at\/media\/sites\/59\/2020\/04\/beatrice-bunjaku-ma-2.jpg 2x\"\n            \/>\n                    <source\n                media=\"(max-width: 1200px)\"\n                srcset=\"https:\/\/cdn3.fh-joanneum.at\/media\/sites\/59\/2020\/04\/beatrice-bunjaku-ma-2.jpg, https:\/\/cdn3.fh-joanneum.at\/media\/sites\/59\/2020\/04\/beatrice-bunjaku-ma-2.jpg 2x\"\n            \/>\n                <img decoding=\"async\"\n        class=\"img-fluid\"\n        src=\"https:\/\/cdn3.fh-joanneum.at\/media\/sites\/59\/2020\/04\/beatrice-bunjaku-ma-2.jpg\"\n        alt=\"Beatrice Bunjaku, MA 1\"\n        title=\"\"\n         loading=\"lazy\"             >\n<\/picture>\n\n        <\/div>\n        <div class=\"p-2 p-xl-3\">\n            <h6>Beatrice Bunjaku, MA<\/h6>\n            <p class=\"mb-0 hyphens\">\n                IoT, K\u00fcnstliche Intelligenz, Machine Learning und User Experience sind Themen, die Beatrice Bunjaku faszinieren. Hier hei\u00dft es als UI\/UX-Designerin am Ball zu bleiben, um an der nachhaltigen Gestaltung der digitalen Zukunft mitzuwirken. \n            <\/p>\n        <\/div>\n    <\/div>\n<\/a>\n          <\/div>\n                  <div class=\"col-6 col-sm-4 col-md-6 col-lg-4 col-xl-4 mb-4\">\n            <a\n    href=\"https:\/\/www.fh-joanneum.at\/interaction-design\/master\/nach-dem-studium\/absolventinnen-absolventen\/anja-petri\/\"\n    class=\"graduate-card bg-light\"\n>\n    <div class=\"border border-light h-100\">\n        <div class=\"image-wrapper\">\n            <picture>\n                        <source\n                media=\"(max-width: 354px)\"\n                srcset=\"https:\/\/cdn3.fh-joanneum.at\/media\/sites\/59\/2016\/04\/anja-petri-2.jpg, https:\/\/cdn3.fh-joanneum.at\/media\/sites\/59\/2016\/04\/anja-petri-2.jpg 2x\"\n            \/>\n                    <source\n                media=\"(max-width: 354px)\"\n                srcset=\"https:\/\/cdn3.fh-joanneum.at\/media\/sites\/59\/2016\/04\/anja-petri-2.jpg, https:\/\/cdn3.fh-joanneum.at\/media\/sites\/59\/2016\/04\/anja-petri-2.jpg 2x\"\n            \/>\n                    <source\n                media=\"(max-width: 354px)\"\n                srcset=\"https:\/\/cdn3.fh-joanneum.at\/media\/sites\/59\/2016\/04\/anja-petri-2.jpg, https:\/\/cdn3.fh-joanneum.at\/media\/sites\/59\/2016\/04\/anja-petri-2.jpg 2x\"\n            \/>\n                    <source\n                media=\"(max-width: 354px)\"\n                srcset=\"https:\/\/cdn3.fh-joanneum.at\/media\/sites\/59\/2016\/04\/anja-petri-2.jpg, https:\/\/cdn3.fh-joanneum.at\/media\/sites\/59\/2016\/04\/anja-petri-2.jpg 2x\"\n            \/>\n                    <source\n                media=\"(max-width: 354px)\"\n                srcset=\"https:\/\/cdn3.fh-joanneum.at\/media\/sites\/59\/2016\/04\/anja-petri-2.jpg, https:\/\/cdn3.fh-joanneum.at\/media\/sites\/59\/2016\/04\/anja-petri-2.jpg 2x\"\n            \/>\n                <img decoding=\"async\"\n        class=\"img-fluid\"\n        src=\"https:\/\/cdn3.fh-joanneum.at\/media\/sites\/59\/2016\/04\/anja-petri-2.jpg\"\n        alt=\"Anja Petri\"\n        title=\"\"\n         loading=\"lazy\"             >\n<\/picture>\n\n        <\/div>\n        <div class=\"p-2 p-xl-3\">\n            <h6>Anja Petri, MA<\/h6>\n            <p class=\"mb-0 hyphens\">\n                Flie\u00dfendes Englisch, Einf\u00fchlungsverm\u00f6gen und Teamf\u00e4higkeit sind wichtige F\u00e4higkeiten in Anja Petris Job an der Technischen Universit\u00e4t Graz.\n            <\/p>\n        <\/div>\n    <\/div>\n<\/a>\n          <\/div>\n                  <div class=\"col-6 col-sm-4 col-md-6 col-lg-4 col-xl-4 mb-4\">\n            <a\n    href=\"https:\/\/www.fh-joanneum.at\/interaction-design\/master\/nach-dem-studium\/absolventinnen-absolventen\/daniela-hauswirth-ma\/\"\n    class=\"graduate-card bg-light\"\n>\n    <div class=\"border border-light h-100\">\n        <div class=\"image-wrapper\">\n            <picture>\n                        <source\n                media=\"(max-width: 461px)\"\n                srcset=\"https:\/\/cdn3.fh-joanneum.at\/media\/sites\/59\/2020\/04\/daniela-hauswirth-ma.jpg, https:\/\/cdn3.fh-joanneum.at\/media\/sites\/59\/2020\/04\/daniela-hauswirth-ma-768x960.jpg 2x\"\n            \/>\n                    <source\n                media=\"(max-width: 768px)\"\n                srcset=\"https:\/\/cdn3.fh-joanneum.at\/media\/sites\/59\/2020\/04\/daniela-hauswirth-ma-768x960.jpg, https:\/\/cdn3.fh-joanneum.at\/media\/sites\/59\/2020\/04\/daniela-hauswirth-ma-819x1024.jpg 2x\"\n            \/>\n                    <source\n                media=\"(max-width: 819px)\"\n                srcset=\"https:\/\/cdn3.fh-joanneum.at\/media\/sites\/59\/2020\/04\/daniela-hauswirth-ma-819x1024.jpg, https:\/\/cdn3.fh-joanneum.at\/media\/sites\/59\/2020\/04\/daniela-hauswirth-ma.jpg 2x\"\n            \/>\n                    <source\n                media=\"(max-width: 1229px)\"\n                srcset=\"https:\/\/cdn3.fh-joanneum.at\/media\/sites\/59\/2020\/04\/daniela-hauswirth-ma.jpg, https:\/\/cdn3.fh-joanneum.at\/media\/sites\/59\/2020\/04\/daniela-hauswirth-ma.jpg 2x\"\n            \/>\n                    <source\n                media=\"(max-width: 1638px)\"\n                srcset=\"https:\/\/cdn3.fh-joanneum.at\/media\/sites\/59\/2020\/04\/daniela-hauswirth-ma.jpg, https:\/\/cdn3.fh-joanneum.at\/media\/sites\/59\/2020\/04\/daniela-hauswirth-ma.jpg 2x\"\n            \/>\n                <img decoding=\"async\"\n        class=\"img-fluid\"\n        src=\"https:\/\/cdn3.fh-joanneum.at\/media\/sites\/59\/2020\/04\/daniela-hauswirth-ma.jpg\"\n        alt=\"Daniela Hauswirth, MA\"\n        title=\"\"\n         loading=\"lazy\"             >\n<\/picture>\n\n        <\/div>\n        <div class=\"p-2 p-xl-3\">\n            <h6>Daniela Hauswirth, MA<\/h6>\n            <p class=\"mb-0 hyphens\">\n                Schon im Studium hat Daniela Hauswirth gelernt, sich immer neuen Herausforderungen zu stellen, kreativ zu arbeiten und im Team gemeinsam zu L\u00f6sungen zu kommen. Heute ist sie f\u00fcr den Bereich Mobile Games bei Bongfish verantwortlich.\n            <\/p>\n        <\/div>\n    <\/div>\n<\/a>\n          <\/div>\n                  <\/div>\n  <\/div>\n<\/div>\n\n","protected":false},"excerpt":{"rendered":"<p>Wir haben einige unserer ehemaligen Studierenden portraitiert. So k\u00f6nnen Sie sich selbst ein Bild \u00fcber die Berufs- und Karrierem\u00f6glichkeiten machen.<\/p>\n","protected":false},"author":12,"featured_media":0,"parent":10000027,"menu_order":32,"comment_status":"closed","ping_status":"closed","template":"","meta":{"_acf_changed":false,"footnotes":""},"acf":[],"aioseo_notices":[],"_links":{"self":[{"href":"https:\/\/www.fh-joanneum.at\/interaction-design\/master\/wp-json\/wp\/v2\/pages\/10000048"}],"collection":[{"href":"https:\/\/www.fh-joanneum.at\/interaction-design\/master\/wp-json\/wp\/v2\/pages"}],"about":[{"href":"https:\/\/www.fh-joanneum.at\/interaction-design\/master\/wp-json\/wp\/v2\/types\/page"}],"author":[{"embeddable":true,"href":"https:\/\/www.fh-joanneum.at\/interaction-design\/master\/wp-json\/wp\/v2\/users\/12"}],"replies":[{"embeddable":true,"href":"https:\/\/www.fh-joanneum.at\/interaction-design\/master\/wp-json\/wp\/v2\/comments?post=10000048"}],"version-history":[{"count":0,"href":"https:\/\/www.fh-joanneum.at\/interaction-design\/master\/wp-json\/wp\/v2\/pages\/10000048\/revisions"}],"up":[{"embeddable":true,"href":"https:\/\/www.fh-joanneum.at\/interaction-design\/master\/wp-json\/wp\/v2\/pages\/10000027"}],"wp:attachment":[{"href":"https:\/\/www.fh-joanneum.at\/interaction-design\/master\/wp-json\/wp\/v2\/media?parent=10000048"}],"curies":[{"name":"wp","href":"https:\/\/api.w.org\/{rel}","templated":true}]}}