{"id":10000212,"date":"2016-04-14T14:25:33","date_gmt":"2016-04-14T12:25:33","guid":{"rendered":"https:\/\/www.fh-joanneum.at\/interaction-design\/master\/?page_id=212"},"modified":"2020-04-20T11:33:03","modified_gmt":"2020-04-20T09:33:03","slug":"anja-petri","status":"publish","type":"page","link":"https:\/\/www.fh-joanneum.at\/interaction-design\/master\/nach-dem-studium\/absolventinnen-absolventen\/anja-petri\/","title":{"rendered":"Anja Petri, MA"},"content":{"rendered":"<div id=\"\" class=\"wp-block-text-content margin-bottom-normal\">\n    <div class=\"container-lg\">\n        <div class=\"row\">\n            <div class=\"col\">\n                <h4>Eckdaten<\/h4>\n<p><strong>Jobbezeichnung:<\/strong> Projektassistentin<br>\n<strong>Unternehmen:<\/strong> <a href=\"https:\/\/www.tugraz.at\/home\/\" target=\"_blank\" rel=\"noopener noreferrer\">Technische Universit&auml;t Graz<\/a> <br>\n<strong>Ich arbeite in:<\/strong> Graz, &Ouml;sterreich<br>\n<strong>Ich arbeite hier seit:<\/strong> Januar 2015  <br>\n<a href=\"mailto:anja.petri@ist.tugraz.at\" title=\"E-Mail an Anja Petri senden\">Mein Kontakt<\/a><br>\nIch auf Twitter: <a href=\"https:\/\/twitter.com\/anjapetri\" target=\"_blank\" rel=\"noopener noreferrer\">Anja Petri<\/a>  <\/p>\n<h4>Was ich mache:<\/h4>\n<p>Ich arbeite als Projektassistentin im Rahmen eines EU-Projektes an der TU Graz. Wir entwickeln eine App, mit der Jugendliche spielerisch Programmieren lernen &ndash; diese App nennt sich Pocket Code. Dabei k&uuml;mmere ich mich haupts&auml;chlich um die Planung der Studien, arbeite eng mit unseren internationalen Partnerinstitutionen und den beteiligten Schulen in Graz zusammen. <\/p>\n<h4>Warum ich meinen Beruf liebe:<\/h4>\n<p>Ich liebe die Arbeit mit den Jugendlichen an den Schulen, die Internationalit&auml;t unseres Projektes und die M&ouml;glichkeit, reisen zu d&uuml;rfen &ndash; entweder f&uuml;r Meetings oder um auf Konferenzen zu fahren. <\/p>\n<h4>Wichtige F&auml;higkeiten in meinem Job:<\/h4>\n<p>Flie&szlig;endes Englisch, da wir eng mit unseren Partnern in England und Spanien zusammenarbeiten und auch gemeinsam wissenschaftliche Beitr&auml;ge und Papers f&uuml;r Konferenzen schreiben.  <\/p>\n<p>Als zweites w&uuml;rde ich sagen, dass ein gewisses Ma&szlig; an Einf&uuml;hlungsverm&ouml;gen wichtig ist. Wir arbeiten eng mit Teenagern zusammen und manchmal muss man sich in diese hineinversetzen, was aber ehrlich gesagt gar nicht so leicht ist &#128578;  <\/p>\n<p>Und dann ist auch Teamf&auml;higkeit wichtig. Ich bin froh so nette Kollegen um mich herum zu haben, mit denen das Arbeiten Spa&szlig; macht und auf die man sich verlassen kann.  <\/p>\n<h4>Mein bisher gr&ouml;&szlig;ter Erfolg in meiner Karriere:<\/h4>\n<p>Ich durfte letztes Jahr auf die Human-Computer Interaction International 2015 in Los Angeles &ndash; eine der gr&ouml;&szlig;ten Konferenzen in meinem Bereich &ndash; und dort unser Paper in einem Panel zum Thema Design, User Experience und Usability pr&auml;sentieren. Das war schon ein ganz besonderes Erlebnis.<\/p>\n<h4>So bin ich zu meinem Job gekommen:<\/h4>\n<p>Ich bin schon seit Oktober 2012 Teil von Projekten an der TU. Ich habe dort als Designerin f&uuml;r die Pocket Code App gearbeitet und dann auch im Rahmen des Projektes meine Master-Arbeit geschrieben, bei der ich diverse partizipative Designmethoden evaluiert und daraus dann Designvorschl&auml;ge abgeleitet habe. Nachdem es die Bewilligung f&uuml;r das Forschungsprojekt <a href=\"http:\/\/no1leftbehind.eu\" target=\"_blank\" rel=\"noopener noreferrer\">No One Left Behind<\/a> gab, wurde ich von unserem Institutsleiter Wolfgang Slany gefragt, ob ich mir vorstellen k&ouml;nnte, als Projektmitarbeiterin anzufangen.<\/p>\n<h4>Das habe ich im Studium f&uuml;rs Berufsleben gelernt:<\/h4>\n<p>An der FH JOANNEUM haben wir durch die zahlreichen Projekte viel Praxiserfahrung sammeln k&ouml;nnen, das fand ich sehr gut. Wir haben auch viel Prototyping betrieben und dabei mit Arduino gearbeitet. Ich h&auml;tte damals nie gedacht, dass ich das nochmal brauchen werde, aber dann habe ich im Dezember 2015 selbst einen kleinen Arduino\/Pocket Code Workshop hier an der FH JOANNEUM leiten d&uuml;rfen. Das war dann schon sehr witzig.<\/p>\n<h4>Die Jobchancen in meinem Bereich:<\/h4>\n<p>Ich denke, die Chancen sind recht gut, es gibt immer wieder Ausschreibungen. Gerade wenn man nach einem FH-Abschluss anstrebt eventuell einen Doktoratsstudium an der Uni zu machen. Vielleicht gibt es ja ein passendes Themengebiet, das einen interessiert &ndash; dazu kann man sicherlich auch einmal an den schwarzen Brettern oder auf den Seiten der TU, KF oder Kunstuni schauen. Allerdings ist es etwas anderes, an einer Uni zu arbeiten als bei einer Firma, dessen sollte man sich bewusst sein. Ich denke, beides hat so seine Vor- und Nachteile.  <\/p>\n<h4>Ich bin:<\/h4>\n<p>Sehr kommunikativ, neugierig und zielstrebig.<\/p>\n<h4>Ich &uuml;ber meinen Job:<\/h4>\n<p>Wenn man mich vor zwei Jahren gefragt h&auml;tte, wo ich mich beruflich sehe, w&auml;re ich nie auf die Idee gekommen zu sagen: &ldquo;Technische Universit&auml;t&rdquo;. Aber manchmal kommt einfach eins zum anderen und ich bin wirklich froh diese Chance ergriffen zu haben und nun im Rahmen dieses spannenden Projektes mitarbeiten zu d&uuml;rfen. Anders h&auml;tte ich kaum die Chance so eng mit der Zielgruppe zusammenzuarbeiten, Workshops an Schulen zu halten, Studien durchzuf&uuml;hren und diese wissenschaftlich aufzubereiten.<\/p>\n<p>Vielleicht sieht das Ganze in zwei bis drei Jahren anders aus. Vielleicht arbeite ich dann in einem Unternehmen als User Experience oder Interaction Designer, aber ich glaube, dass all die Erfahrungen, die ich hier sammle, meinen pers&ouml;nlichen Werdegang bereichern.<\/p>\n<p>Den Studieninteressierten w&uuml;rde ich auf den Weg geben, die Chancen zu ergreifen, die sich ihnen bieten, und das zu tun, was ihnen Spa&szlig; bereitet. Der Job sollte nicht nur ein Mittel zum Zweck sein, sondern vor allem auch Freude bereiten.<\/p>\n\n            <\/div>\n        <\/div>\n            <\/div>\n<\/div>\n\n<div\n    id=\"\"\n    class=\"wp-block-image-slider margin-bottom-normal\"\n>\n    <div class=\"container-lg\">\n        <div class=\"row\">\n            <div class=\"col-12\">\n                <div class=\"swiper-outer-wrapper\">\n                    <div class=\"image-header\">\n                        <div class=\"swiper-navigation\">\n                            <div class=\"swiper-button-prev-custom\">\n                                <svg xmlns=\"http:\/\/www.w3.org\/2000\/svg\" width=\"9\" height=\"14\" viewBox=\"0 0 9 14\" fill=\"none\">\n  <path d=\"M8 13L2 7L8 1\" stroke=\"\" stroke-width=\"1.5\" stroke-linecap=\"round\"\/>\n<\/svg>                            <\/div>\n                            <div class=\"swiper-button-next-custom\">\n                                <svg xmlns=\"http:\/\/www.w3.org\/2000\/svg\" width=\"9\" height=\"14\" viewBox=\"0 0 9 14\" fill=\"none\">\n  <path d=\"M1 1L7 7L1 13\" stroke=\"\" stroke-width=\"1.5\" stroke-linecap=\"round\"\/>\n<\/svg>                            <\/div>\n                        <\/div>\n                    <\/div>\n                    <div class=\"swiper image-slider-swiper\">\n                        <div class=\"swiper-wrapper\">\n                                                                                                <div class=\"swiper-slide item\">\n                                        <picture>\n                        <source\n                media=\"(max-width: 576px)\"\n                srcset=\"https:\/\/cdn3.fh-joanneum.at\/media\/sites\/59\/2016\/04\/anja-petri-3.jpg, https:\/\/cdn3.fh-joanneum.at\/media\/sites\/59\/2016\/04\/anja-petri-3-768x384.jpg 2x\"\n            \/>\n                    <source\n                media=\"(max-width: 768px)\"\n                srcset=\"https:\/\/cdn3.fh-joanneum.at\/media\/sites\/59\/2016\/04\/anja-petri-3-768x384.jpg, https:\/\/cdn3.fh-joanneum.at\/media\/sites\/59\/2016\/04\/anja-petri-3-1024x512.jpg 2x\"\n            \/>\n                    <source\n                media=\"(max-width: 1024px)\"\n                srcset=\"https:\/\/cdn3.fh-joanneum.at\/media\/sites\/59\/2016\/04\/anja-petri-3-1024x512.jpg, https:\/\/cdn3.fh-joanneum.at\/media\/sites\/59\/2016\/04\/anja-petri-3.jpg 2x\"\n            \/>\n                    <source\n                media=\"(max-width: 1536px)\"\n                srcset=\"https:\/\/cdn3.fh-joanneum.at\/media\/sites\/59\/2016\/04\/anja-petri-3.jpg, https:\/\/cdn3.fh-joanneum.at\/media\/sites\/59\/2016\/04\/anja-petri-3.jpg 2x\"\n            \/>\n                    <source\n                media=\"(max-width: 2048px)\"\n                srcset=\"https:\/\/cdn3.fh-joanneum.at\/media\/sites\/59\/2016\/04\/anja-petri-3.jpg, https:\/\/cdn3.fh-joanneum.at\/media\/sites\/59\/2016\/04\/anja-petri-3.jpg 2x\"\n            \/>\n                <img decoding=\"async\"\n        class=\"img-fluid\"\n        src=\"https:\/\/cdn3.fh-joanneum.at\/media\/sites\/59\/2016\/04\/anja-petri-3.jpg\"\n        alt=\"Anja Petri 1\"\n        title=\"\"\n         loading=\"lazy\"             >\n<\/picture>\n\n                                                                            <\/div>\n                                                                    <div class=\"swiper-slide item\">\n                                        <picture>\n                        <source\n                media=\"(max-width: 576px)\"\n                srcset=\"https:\/\/cdn3.fh-joanneum.at\/media\/sites\/59\/2016\/04\/anja-petri-4.jpg, https:\/\/cdn3.fh-joanneum.at\/media\/sites\/59\/2016\/04\/anja-petri-4-768x384.jpg 2x\"\n            \/>\n                    <source\n                media=\"(max-width: 768px)\"\n                srcset=\"https:\/\/cdn3.fh-joanneum.at\/media\/sites\/59\/2016\/04\/anja-petri-4-768x384.jpg, https:\/\/cdn3.fh-joanneum.at\/media\/sites\/59\/2016\/04\/anja-petri-4-1024x512.jpg 2x\"\n            \/>\n                    <source\n                media=\"(max-width: 1024px)\"\n                srcset=\"https:\/\/cdn3.fh-joanneum.at\/media\/sites\/59\/2016\/04\/anja-petri-4-1024x512.jpg, https:\/\/cdn3.fh-joanneum.at\/media\/sites\/59\/2016\/04\/anja-petri-4.jpg 2x\"\n            \/>\n                    <source\n                media=\"(max-width: 1536px)\"\n                srcset=\"https:\/\/cdn3.fh-joanneum.at\/media\/sites\/59\/2016\/04\/anja-petri-4.jpg, https:\/\/cdn3.fh-joanneum.at\/media\/sites\/59\/2016\/04\/anja-petri-4.jpg 2x\"\n            \/>\n                    <source\n                media=\"(max-width: 2048px)\"\n                srcset=\"https:\/\/cdn3.fh-joanneum.at\/media\/sites\/59\/2016\/04\/anja-petri-4.jpg, https:\/\/cdn3.fh-joanneum.at\/media\/sites\/59\/2016\/04\/anja-petri-4.jpg 2x\"\n            \/>\n                <img decoding=\"async\"\n        class=\"img-fluid\"\n        src=\"https:\/\/cdn3.fh-joanneum.at\/media\/sites\/59\/2016\/04\/anja-petri-4.jpg\"\n        alt=\"Anja Petri 2\"\n        title=\"\"\n         loading=\"lazy\"             >\n<\/picture>\n\n                                                                            <\/div>\n                                                                    <div class=\"swiper-slide item\">\n                                        <picture>\n                        <source\n                media=\"(max-width: 576px)\"\n                srcset=\"https:\/\/cdn3.fh-joanneum.at\/media\/sites\/59\/2016\/04\/anja-petri-5.jpg, https:\/\/cdn3.fh-joanneum.at\/media\/sites\/59\/2016\/04\/anja-petri-5-768x384.jpg 2x\"\n            \/>\n                    <source\n                media=\"(max-width: 768px)\"\n                srcset=\"https:\/\/cdn3.fh-joanneum.at\/media\/sites\/59\/2016\/04\/anja-petri-5-768x384.jpg, https:\/\/cdn3.fh-joanneum.at\/media\/sites\/59\/2016\/04\/anja-petri-5-1024x512.jpg 2x\"\n            \/>\n                    <source\n                media=\"(max-width: 1024px)\"\n                srcset=\"https:\/\/cdn3.fh-joanneum.at\/media\/sites\/59\/2016\/04\/anja-petri-5-1024x512.jpg, https:\/\/cdn3.fh-joanneum.at\/media\/sites\/59\/2016\/04\/anja-petri-5.jpg 2x\"\n            \/>\n                    <source\n                media=\"(max-width: 1536px)\"\n                srcset=\"https:\/\/cdn3.fh-joanneum.at\/media\/sites\/59\/2016\/04\/anja-petri-5.jpg, https:\/\/cdn3.fh-joanneum.at\/media\/sites\/59\/2016\/04\/anja-petri-5.jpg 2x\"\n            \/>\n                    <source\n                media=\"(max-width: 2048px)\"\n                srcset=\"https:\/\/cdn3.fh-joanneum.at\/media\/sites\/59\/2016\/04\/anja-petri-5.jpg, https:\/\/cdn3.fh-joanneum.at\/media\/sites\/59\/2016\/04\/anja-petri-5.jpg 2x\"\n            \/>\n                <img decoding=\"async\"\n        class=\"img-fluid\"\n        src=\"https:\/\/cdn3.fh-joanneum.at\/media\/sites\/59\/2016\/04\/anja-petri-5.jpg\"\n        alt=\"Anja Petri 3\"\n        title=\"\"\n         loading=\"lazy\"             >\n<\/picture>\n\n                                                                            <\/div>\n                                                                    <div class=\"swiper-slide item\">\n                                        <picture>\n                        <source\n                media=\"(max-width: 576px)\"\n                srcset=\"https:\/\/cdn3.fh-joanneum.at\/media\/sites\/59\/2016\/04\/anja-petri-6.jpg, https:\/\/cdn3.fh-joanneum.at\/media\/sites\/59\/2016\/04\/anja-petri-6-768x384.jpg 2x\"\n            \/>\n                    <source\n                media=\"(max-width: 768px)\"\n                srcset=\"https:\/\/cdn3.fh-joanneum.at\/media\/sites\/59\/2016\/04\/anja-petri-6-768x384.jpg, https:\/\/cdn3.fh-joanneum.at\/media\/sites\/59\/2016\/04\/anja-petri-6-1024x512.jpg 2x\"\n            \/>\n                    <source\n                media=\"(max-width: 1024px)\"\n                srcset=\"https:\/\/cdn3.fh-joanneum.at\/media\/sites\/59\/2016\/04\/anja-petri-6-1024x512.jpg, https:\/\/cdn3.fh-joanneum.at\/media\/sites\/59\/2016\/04\/anja-petri-6.jpg 2x\"\n            \/>\n                    <source\n                media=\"(max-width: 1536px)\"\n                srcset=\"https:\/\/cdn3.fh-joanneum.at\/media\/sites\/59\/2016\/04\/anja-petri-6.jpg, https:\/\/cdn3.fh-joanneum.at\/media\/sites\/59\/2016\/04\/anja-petri-6.jpg 2x\"\n            \/>\n                    <source\n                media=\"(max-width: 2048px)\"\n                srcset=\"https:\/\/cdn3.fh-joanneum.at\/media\/sites\/59\/2016\/04\/anja-petri-6.jpg, https:\/\/cdn3.fh-joanneum.at\/media\/sites\/59\/2016\/04\/anja-petri-6.jpg 2x\"\n            \/>\n                <img decoding=\"async\"\n        class=\"img-fluid\"\n        src=\"https:\/\/cdn3.fh-joanneum.at\/media\/sites\/59\/2016\/04\/anja-petri-6.jpg\"\n        alt=\"Anja Petri 4\"\n        title=\"\"\n         loading=\"lazy\"             >\n<\/picture>\n\n                                                                            <\/div>\n                                                                    <div class=\"swiper-slide item\">\n                                        <picture>\n                        <source\n                media=\"(max-width: 576px)\"\n                srcset=\"https:\/\/cdn3.fh-joanneum.at\/media\/sites\/59\/2016\/04\/anja-petri-7.jpg, https:\/\/cdn3.fh-joanneum.at\/media\/sites\/59\/2016\/04\/anja-petri-7-768x384.jpg 2x\"\n            \/>\n                    <source\n                media=\"(max-width: 768px)\"\n                srcset=\"https:\/\/cdn3.fh-joanneum.at\/media\/sites\/59\/2016\/04\/anja-petri-7-768x384.jpg, https:\/\/cdn3.fh-joanneum.at\/media\/sites\/59\/2016\/04\/anja-petri-7-1024x512.jpg 2x\"\n            \/>\n                    <source\n                media=\"(max-width: 1024px)\"\n                srcset=\"https:\/\/cdn3.fh-joanneum.at\/media\/sites\/59\/2016\/04\/anja-petri-7-1024x512.jpg, https:\/\/cdn3.fh-joanneum.at\/media\/sites\/59\/2016\/04\/anja-petri-7.jpg 2x\"\n            \/>\n                    <source\n                media=\"(max-width: 1536px)\"\n                srcset=\"https:\/\/cdn3.fh-joanneum.at\/media\/sites\/59\/2016\/04\/anja-petri-7.jpg, https:\/\/cdn3.fh-joanneum.at\/media\/sites\/59\/2016\/04\/anja-petri-7.jpg 2x\"\n            \/>\n                    <source\n                media=\"(max-width: 2048px)\"\n                srcset=\"https:\/\/cdn3.fh-joanneum.at\/media\/sites\/59\/2016\/04\/anja-petri-7.jpg, https:\/\/cdn3.fh-joanneum.at\/media\/sites\/59\/2016\/04\/anja-petri-7.jpg 2x\"\n            \/>\n                <img decoding=\"async\"\n        class=\"img-fluid\"\n        src=\"https:\/\/cdn3.fh-joanneum.at\/media\/sites\/59\/2016\/04\/anja-petri-7.jpg\"\n        alt=\"Anja Petri 5\"\n        title=\"\"\n         loading=\"lazy\"             >\n<\/picture>\n\n                                                                            <\/div>\n                                                                    <div class=\"swiper-slide item\">\n                                        <picture>\n                        <source\n                media=\"(max-width: 576px)\"\n                srcset=\"https:\/\/cdn3.fh-joanneum.at\/media\/sites\/59\/2016\/04\/anja-petri-8.jpg, https:\/\/cdn3.fh-joanneum.at\/media\/sites\/59\/2016\/04\/anja-petri-8-768x384.jpg 2x\"\n            \/>\n                    <source\n                media=\"(max-width: 768px)\"\n                srcset=\"https:\/\/cdn3.fh-joanneum.at\/media\/sites\/59\/2016\/04\/anja-petri-8-768x384.jpg, https:\/\/cdn3.fh-joanneum.at\/media\/sites\/59\/2016\/04\/anja-petri-8-1024x512.jpg 2x\"\n            \/>\n                    <source\n                media=\"(max-width: 1024px)\"\n                srcset=\"https:\/\/cdn3.fh-joanneum.at\/media\/sites\/59\/2016\/04\/anja-petri-8-1024x512.jpg, https:\/\/cdn3.fh-joanneum.at\/media\/sites\/59\/2016\/04\/anja-petri-8.jpg 2x\"\n            \/>\n                    <source\n                media=\"(max-width: 1536px)\"\n                srcset=\"https:\/\/cdn3.fh-joanneum.at\/media\/sites\/59\/2016\/04\/anja-petri-8.jpg, https:\/\/cdn3.fh-joanneum.at\/media\/sites\/59\/2016\/04\/anja-petri-8.jpg 2x\"\n            \/>\n                    <source\n                media=\"(max-width: 2048px)\"\n                srcset=\"https:\/\/cdn3.fh-joanneum.at\/media\/sites\/59\/2016\/04\/anja-petri-8.jpg, https:\/\/cdn3.fh-joanneum.at\/media\/sites\/59\/2016\/04\/anja-petri-8.jpg 2x\"\n            \/>\n                <img decoding=\"async\"\n        class=\"img-fluid\"\n        src=\"https:\/\/cdn3.fh-joanneum.at\/media\/sites\/59\/2016\/04\/anja-petri-8.jpg\"\n        alt=\"Anja Petri 6\"\n        title=\"\"\n         loading=\"lazy\"             >\n<\/picture>\n\n                                                                            <\/div>\n                                                                                    <\/div>\n                    <\/div>\n\n                    <div class=\"swiper-navigation-pagination\">\n                        <div class=\"swiper-button-prev-custom\">\n                            <svg xmlns=\"http:\/\/www.w3.org\/2000\/svg\" width=\"9\" height=\"14\" viewBox=\"0 0 9 14\" fill=\"none\">\n  <path d=\"M8 13L2 7L8 1\" stroke=\"\" stroke-width=\"1.5\" stroke-linecap=\"round\"\/>\n<\/svg>                        <\/div>\n                        <div class=\"swiper-pagination\"><\/div>\n                        <div class=\"swiper-button-next-custom\">\n                            <svg xmlns=\"http:\/\/www.w3.org\/2000\/svg\" width=\"9\" height=\"14\" viewBox=\"0 0 9 14\" fill=\"none\">\n  <path d=\"M1 1L7 7L1 13\" stroke=\"\" stroke-width=\"1.5\" stroke-linecap=\"round\"\/>\n<\/svg>                        <\/div>\n                    <\/div>\n                <\/div>\n            <\/div>\n        <\/div>\n    <\/div>\n<\/div>\n\n","protected":false},"excerpt":{"rendered":"<p>Flie\u00dfendes Englisch, Einf\u00fchlungsverm\u00f6gen und Teamf\u00e4higkeit sind wichtige F\u00e4higkeiten in Anja Petris Job an der Technischen Universit\u00e4t Graz.<\/p>\n","protected":false},"author":23,"featured_media":10000214,"parent":10000048,"menu_order":0,"comment_status":"closed","ping_status":"closed","template":"template-absolvent.blade.php","meta":{"_acf_changed":false,"footnotes":""},"acf":[],"aioseo_notices":[],"_links":{"self":[{"href":"https:\/\/www.fh-joanneum.at\/interaction-design\/master\/wp-json\/wp\/v2\/pages\/10000212"}],"collection":[{"href":"https:\/\/www.fh-joanneum.at\/interaction-design\/master\/wp-json\/wp\/v2\/pages"}],"about":[{"href":"https:\/\/www.fh-joanneum.at\/interaction-design\/master\/wp-json\/wp\/v2\/types\/page"}],"author":[{"embeddable":true,"href":"https:\/\/www.fh-joanneum.at\/interaction-design\/master\/wp-json\/wp\/v2\/users\/23"}],"replies":[{"embeddable":true,"href":"https:\/\/www.fh-joanneum.at\/interaction-design\/master\/wp-json\/wp\/v2\/comments?post=10000212"}],"version-history":[{"count":0,"href":"https:\/\/www.fh-joanneum.at\/interaction-design\/master\/wp-json\/wp\/v2\/pages\/10000212\/revisions"}],"up":[{"embeddable":true,"href":"https:\/\/www.fh-joanneum.at\/interaction-design\/master\/wp-json\/wp\/v2\/pages\/10000048"}],"wp:featuredmedia":[{"embeddable":true,"href":"https:\/\/www.fh-joanneum.at\/interaction-design\/master\/wp-json\/wp\/v2\/media\/10000214"}],"wp:attachment":[{"href":"https:\/\/www.fh-joanneum.at\/interaction-design\/master\/wp-json\/wp\/v2\/media?parent=10000212"}],"curies":[{"name":"wp","href":"https:\/\/api.w.org\/{rel}","templated":true}]}}