{"id":22,"date":"2025-08-12T10:30:34","date_gmt":"2025-08-12T08:30:34","guid":{"rendered":"https:\/\/www.fh-joanneum.at\/international-industrial-management\/berufsbegleitend\/?page_id=22"},"modified":"2026-02-17T10:22:03","modified_gmt":"2026-02-17T09:22:03","slug":"voraussetzungen","status":"publish","type":"page","link":"https:\/\/www.fh-joanneum.at\/international-industrial-management\/berufsbegleitend\/vor-dem-studium\/voraussetzungen\/","title":{"rendered":"Voraussetzungen"},"content":{"rendered":"<div id=\"\" class=\"wp-block-text-content margin-bottom-normal\">\n    <div class=\"container-lg\">\n        <div class=\"row\">\n            <div class=\"col\">\n                <h3>Voraussetzungen f&uuml;r das Studium<\/h3>\n<p>Wenn Sie einen Studienabschluss<\/p>\n<ul>\n<li>eines facheinschl&auml;gigen Bachelorstudiums oder<\/li>\n<li>einer gleichwertigen Ausbildung<\/li>\n<\/ul>\n<p>nachweisen k&ouml;nnen, erf&uuml;llen Sie die Voraussetzungen f&uuml;r das Masterstudium. Als facheinschl&auml;gige Bachelor- oder Diplomstudien gelten Wirtschaftsingenieur- oder technikorientierte Studien &ouml;sterreichischer oder vergleichbarer ausl&auml;ndischer Universit&auml;ten und Fachhochschulen.<\/p>\n<p>Auch mit einem qualifizierten Studienabschluss eines anderen Studiums (z. B. BWL) freuen wir uns &uuml;ber Ihre Bewerbung. In diesem Fall besteht M&ouml;glichkeit, fehlende definierte Inhalte aus dem Bachelorstudium <strong>Industrial Management<\/strong>&nbsp;im Rahmen eines vorgelagerten Studienjahres nachzuholen und damit die Zugangsvoraussetzungen zu erf&uuml;llen.<\/p>\n<p>In Einzelf&auml;llen entscheidet die Studiengangsleitung &uuml;ber die Erf&uuml;llung der Zugangsvoraussetzungen. Nach Einlangen Ihrer vollst&auml;ndigen&nbsp;Bewerbungsunterlagen informieren wir Sie gerne pers&ouml;nlich &uuml;ber die f&uuml;r Sie ma&szlig;geblichen Rahmenbedingungen.<\/p>\n<h4><strong>Beispielhafte Vorstudien<\/strong><\/h4>\n<p>Der Zugang zum Masterstudium International Industrial Management kann aus einem breiten Spektrum von Studieng&auml;ngen an unterschiedlichen Universit&auml;ten und Hochschulen erfolgen. Einige Beispiele finden Sie in Folge.<\/p>\n<h5>Bachelor- und Masterstudieng&auml;nge der FH JOANNEUM:<\/h5>\n<ul>\n<li>Industriewirtschaft \/ Industrial Management<\/li>\n<li>Advanced Electronic Engineering<\/li>\n<li>Advanced Security Engineering<\/li>\n<li>Bauplanung und Bauwirtschaft<\/li>\n<li>E-Health<\/li>\n<li>Elektronik und Technologiemanagement<\/li>\n<li>Energie-, Mobilit&auml;ts- und Umweltmanagement<\/li>\n<li>Energy and Transport Management<\/li>\n<li>Fahrzeugtechnik \/ Automotive Engineering<\/li>\n<li>Industrial Design<\/li>\n<li>Informationsmanagement<\/li>\n<li>Internettechnik<\/li>\n<li>Luftfahrt \/ Aviation<\/li>\n<li>Nachhaltiges Lebensmittelmanagement<\/li>\n<li>Produktionstechnik und Organisation<\/li>\n<li>Software Design<\/li>\n<\/ul>\n<p>&nbsp;<\/p>\n<h5>Bachelor- und Masterstudieng&auml;nge anderer Universit&auml;ten und Hochschulen (Auszug):<\/h5>\n<ul>\n<li>Anlagenbau<\/li>\n<li>Architektur<\/li>\n<li>Automatisierungstechnik<\/li>\n<li>Bauingenieurwesen bzw. Baumanagement<\/li>\n<li>Bio- und Umwelttechnik (Bioengineering)<\/li>\n<li>Biomedizinische Informatik bzw. Ingenieurswissenschaften<\/li>\n<li>Bionik \/ Biotechnologie \/ Biomimetics in Energy Systems<\/li>\n<li>Business Process Engineering and Management<\/li>\n<li>Communication Engineering<\/li>\n<li>Digitale Medientechnologien<\/li>\n<li>Eisenbahn-Infrastrukturtechnik<\/li>\n<li>Elektronik mit unterschiedlichen Schwerpunkten<\/li>\n<li>Embedded Systems<\/li>\n<li>Energie- und Umweltmanagement<\/li>\n<li>EntwicklungsingenieurIn mit unterschiedlichen Schwerpunkten<\/li>\n<li>Erneuerbare Urbane Energiesysteme<\/li>\n<li>Game Engineering und Simulation<\/li>\n<li>Geb&auml;udetechnik und Geb&auml;udemanagement<\/li>\n<li>Geoinformation<\/li>\n<li>Gesundheits- und Rehabilitationstechnik<\/li>\n<li>Hardware-Software-Design<\/li>\n<li>Health Care mit unterschiedlichen Schwerpunkten<\/li>\n<li>High Tech Manufacturing<\/li>\n<li>Holztechnologie und Holzbau<\/li>\n<li>Industrial Simulation<\/li>\n<li>Informationsmanagement und Computersicherheit \/ Information Security<\/li>\n<li>Informationstechnologien mit unterschiedlichen Schwerpunkten<\/li>\n<li>Innovations- und\/oder Produkt-Management<\/li>\n<li>Integriertes Sicherheitsmanagement<\/li>\n<li>Intelligent Transport Systems<\/li>\n<li>Interactive Media<\/li>\n<li>IT Infrastruktur-Management<\/li>\n<li>Lebensmittel- und Rohstofftechnologie<\/li>\n<li>Maschinenbau mit unterschiedlichen Schwerpunkten<\/li>\n<li>Mathematik<\/li>\n<li>Mechatronik mit unterschiedlichen Schwerpunkten<\/li>\n<li>Medical and Pharmaceutical Biotechnology<\/li>\n<li>Medientechnik und -design<\/li>\n<li>Medizintechnik \/ medizinische Informationstechnik<\/li>\n<li>Mobile Computing<\/li>\n<li>Multimedia und Softwareentwicklung<\/li>\n<li>Nachhaltige Energiesysteme bzw. Nachhaltigkeit in der Bautechnik<\/li>\n<li>Netzwerktechnik und Kommunikation<\/li>\n<li>Operations Management<\/li>\n<li>Produktdesign und Technische Kommunikation<\/li>\n<li>Produktion und Management<\/li>\n<li>Qualit&auml;tsmanagement<\/li>\n<li>Sportger&auml;tetechnik \/ Sports-Equipment Technology<\/li>\n<li>Systems Design<\/li>\n<li>Technisches Umweltmanagement und &Ouml;kotoxikologie<\/li>\n<li>Technisches Vertriebsmanagement<\/li>\n<li>Telekommunikation und Internettechnologie<\/li>\n<li>Umwelt-, Verfahrens- und Energietechnik<\/li>\n<li>Verfahrenstechnik mit unterschiedlichen Schwerpunkten<\/li>\n<li>Wirtschaftsinformatik<\/li>\n<li>Wirtschaftsingenieurwesen mit unterschiedlichen Schwerpunkten<\/li>\n<\/ul>\n<p>&nbsp;<\/p>\n<h4><strong>Sprachkenntnisse<\/strong><\/h4>\n<p><strong>Deutsch&nbsp;<\/strong>und&nbsp;<strong>Englisch&nbsp;<\/strong>sind die Unterrichtssprachen des Studiengangs. Sprachkenntnisse auf dem&nbsp;<strong>Niveau B2&nbsp;<\/strong>erm&ouml;glichen es Ihnen, den Inhalten problemlos zu folgen. Best&auml;tigen Sie uns Ihre Sprachkenntnisse bitte mit einem Zertifikat sofern Sie nicht in Maturazeugnissen oder &auml;hnlichen Diplomen genannt sind.<\/p>\n<p>&nbsp;<\/p>\n<h4><strong>Sie besitzen keine &ouml;sterreichische Staatsb&uuml;rgerschaft?<\/strong><\/h4>\n<p>Weitere Informationen zu den zu beachtenden Voraussetzungen finden Sie unter dem Men&uuml;punkt&nbsp;<strong>Internationale Bewerber:innen<\/strong>.<\/p>\n\n            <\/div>\n        <\/div>\n            <\/div>\n<\/div>\n","protected":false},"excerpt":{"rendered":"<p>Diese Voraussetzungen m\u00fcssen Sie f\u00fcr das Studium erf\u00fcllen.<\/p>\n","protected":false},"author":143,"featured_media":0,"parent":5,"menu_order":20,"comment_status":"closed","ping_status":"closed","template":"","meta":{"_acf_changed":false,"footnotes":""},"acf":[],"aioseo_notices":[],"_links":{"self":[{"href":"https:\/\/www.fh-joanneum.at\/international-industrial-management\/berufsbegleitend\/wp-json\/wp\/v2\/pages\/22"}],"collection":[{"href":"https:\/\/www.fh-joanneum.at\/international-industrial-management\/berufsbegleitend\/wp-json\/wp\/v2\/pages"}],"about":[{"href":"https:\/\/www.fh-joanneum.at\/international-industrial-management\/berufsbegleitend\/wp-json\/wp\/v2\/types\/page"}],"author":[{"embeddable":true,"href":"https:\/\/www.fh-joanneum.at\/international-industrial-management\/berufsbegleitend\/wp-json\/wp\/v2\/users\/143"}],"replies":[{"embeddable":true,"href":"https:\/\/www.fh-joanneum.at\/international-industrial-management\/berufsbegleitend\/wp-json\/wp\/v2\/comments?post=22"}],"version-history":[{"count":4,"href":"https:\/\/www.fh-joanneum.at\/international-industrial-management\/berufsbegleitend\/wp-json\/wp\/v2\/pages\/22\/revisions"}],"predecessor-version":[{"id":154,"href":"https:\/\/www.fh-joanneum.at\/international-industrial-management\/berufsbegleitend\/wp-json\/wp\/v2\/pages\/22\/revisions\/154"}],"up":[{"embeddable":true,"href":"https:\/\/www.fh-joanneum.at\/international-industrial-management\/berufsbegleitend\/wp-json\/wp\/v2\/pages\/5"}],"wp:attachment":[{"href":"https:\/\/www.fh-joanneum.at\/international-industrial-management\/berufsbegleitend\/wp-json\/wp\/v2\/media?parent=22"}],"curies":[{"name":"wp","href":"https:\/\/api.w.org\/{rel}","templated":true}]}}