{"id":42,"date":"2025-08-12T11:20:06","date_gmt":"2025-08-12T09:20:06","guid":{"rendered":"https:\/\/www.fh-joanneum.at\/international-industrial-management\/berufsbegleitend\/?page_id=42"},"modified":"2025-08-13T13:41:11","modified_gmt":"2025-08-13T11:41:11","slug":"das-studium","status":"publish","type":"page","link":"https:\/\/www.fh-joanneum.at\/international-industrial-management\/berufsbegleitend\/im-studium\/das-studium\/","title":{"rendered":"Das Studium"},"content":{"rendered":"<div id=\"\" class=\"wp-block-text-content margin-bottom-normal\">\n    <div class=\"container-lg\">\n        <div class=\"row\">\n            <div class=\"col\">\n                <h3>Die Schwerpunkte des internationalen Wirtschaftsingenieur-Studiums<\/h3>\n<ul>\n<li>Industrial Management (f&uuml;r Studierende mit technischen Vorstudium)<\/li>\n<li>Process Technology (f&uuml;r Studierende mit einem Wirtschaftsingenieurs-Vorstudium)<\/li>\n<li>Strategic Management<\/li>\n<li>International Management<\/li>\n<li>Leadership Competences<\/li>\n<li>Supply Chain Engineering &ndash; Technical Sales \/ Marketing and Technical Procurement<\/li>\n<li>Smart Production and Services &ndash; Industrie 4.0<\/li>\n<li>Business Transformation<\/li>\n<li>Research Project in Kooperation mit Industrieunternehmen<\/li>\n<\/ul>\n<p>Im ersten Semester werden neben F&uuml;hrungsf&auml;higkeiten auch Themen wie &bdquo;Tools for Data Analytics&ldquo;, &bdquo;Operations Management&ldquo;, &bdquo;Industrial Management&ldquo; und &bdquo;Process Technology&ldquo; gelehrt. Im Rahmen eines Industrial-Research-Projekts im zweiten Semester &uuml;bernehmen die Studierenden die Leitung eines Projektteams und bearbeiten eine Aufgabenstellung in einem nationalen oder internationalen Unternehmen. Ab dem dritten Semester beginnt die Spezialisierung auf eine der drei Mastervertiefungen.<\/p>\n\n            <\/div>\n        <\/div>\n            <\/div>\n<\/div>\n\n\n<div\n    id=\"\"\n    class=\"wp-block-akkordeon margin-bottom-normal\"\n>\n    <div class=\"container-lg\">\n        <div class=\"row\">\n                                                <div class=\"col-12\">\n                        <h3 class=\"mb-0\">Darauf k\u00f6nnen Sie sich im Studium spezialisieren<\/h3>\n\n                                                                                                                    <div class=\"accordion-element-accordion\">\n                                    <a\n                                        data-bs-toggle=\"collapse\"\n                                        class=\"arrow-link large-arrow py-3 pe-1 d-block border-bottom collapsed\"\n                                        href=\"#accordion-343114667\"\n                                    >\n                                        <h4\n                                            class=\"accordion-title mb-0 d-flex align-items-center justify-content-between\">\n                                            <span>Smart Production and Services<\/span>\n                                            <svg width=\"12\" height=\"24\" viewBox=\"0 0 9 15\" fill=\"none\" xmlns=\"http:\/\/www.w3.org\/2000\/svg\">\n<path id=\"accordion_chevron\" d=\"M1.5 1.5L7.5 7.5L1.5 13.5\" stroke=\"currentColor\" stroke-width=\"1.5\" stroke-linecap=\"round\"\/>\n<\/svg>                                            <\/h5>\n                                    <\/a>\n                                    <div\n                                        class=\"collapse content-wrapper mt-4\"\n                                        id=\"accordion-343114667\"\n                                    >\n                                        <p>Innerhalb des Spezialisierungsfelds Smart Production and Services erlangen Sie zus\u00e4tzliche Kompetenzen im hochrelevanten Schnittpunkt von Produktion und Informationstechnologie. Dabei liegt der Fokus einerseits auf den technologischen Grundlagen wie cyber-physische Systeme und betriebliche Informationssysteme. Andererseits vertiefen Sie Ihr Verst\u00e4ndnis f\u00fcr die digitale Transformation von Unternehmen und die daraus resultierenden neuen Prozesse und Gesch\u00e4ftsmodelle, insbesondere im Bereich Service Engineering. Das \u00fcbergeordnete Ziel besteht darin, die Wettbewerbsf\u00e4higkeit heimischer Produktionsunternehmen durch gesteigerte Effizienz, erh\u00f6hte Flexibilit\u00e4t und die Implementierung innovativer Gesch\u00e4ftsmodelle zu verbessern. Bereits w\u00e4hrend Ihres Studiums nehmen Sie aktiv an der Konzeption und Umsetzung von Industrie 4.0 teil. Hierf\u00fcr steht Ihnen das <a href=\"https:\/\/www.fh-joanneum.at\/forschung\/forschungszentren\/smart-production-lab\/\" target=\"_blank\" rel=\"noopener\">Smart Production Lab<\/a> zur Verf\u00fcgung, eine der bedeutendsten Lehr- und Forschungseinrichtungen f\u00fcr Industrie 4.0 \u00d6sterreichs, am Campus Kapfenberg.<\/p>\n\n                                    <\/div>\n                                <\/div>\n                                                                                            <div class=\"accordion-element-accordion\">\n                                    <a\n                                        data-bs-toggle=\"collapse\"\n                                        class=\"arrow-link large-arrow py-3 pe-1 d-block border-bottom collapsed\"\n                                        href=\"#accordion-350469418\"\n                                    >\n                                        <h4\n                                            class=\"accordion-title mb-0 d-flex align-items-center justify-content-between\">\n                                            <span>Supply Chain Engineering<\/span>\n                                            <svg width=\"12\" height=\"24\" viewBox=\"0 0 9 15\" fill=\"none\" xmlns=\"http:\/\/www.w3.org\/2000\/svg\">\n<path id=\"accordion_chevron\" d=\"M1.5 1.5L7.5 7.5L1.5 13.5\" stroke=\"currentColor\" stroke-width=\"1.5\" stroke-linecap=\"round\"\/>\n<\/svg>                                            <\/h5>\n                                    <\/a>\n                                    <div\n                                        class=\"collapse content-wrapper mt-4\"\n                                        id=\"accordion-350469418\"\n                                    >\n                                        <p>Unser Studiengang bereitet Sie optimal auf F\u00fchrungspositionen in der Logistik und im technischen Einkauf mit internationaler Ausrichtung vor und bef\u00e4higt Sie, die Supply Chain eines Unternehmens zu optimieren. W\u00e4hrend Ihres Masterstudiengangs lernen Sie unter anderem Logistikmanagement, strategischen Einkauf, Lieferantenmanagement und die Entwicklung moderner Informations- und Steuerungssysteme f\u00fcr die Materialwirtschaft kennen. Aber das ist nur die eine Seite des Spektrums. Auf der anderen Seite des &#8220;Verhandlungstisches&#8221; steht der technische Vertrieb als Teil der Vertiefungsrichtung Supply Chain Engineering. Hier erwerben Sie im Rahmen des Masterstudiums das notwendige Know-how und die Methodenkompetenz, um als wirtschaftsorientierte Ingenieur:innen im beruflichen Alltag erfolgreich zu sein. Von der Erstellung von Absatz- und Umsatzplanungen bis hin zur Feinabstimmung von Distributionskan\u00e4len decken Sie ein breites Spektrum ab. Zus\u00e4tzlich werden Sie in die Erarbeitung von (technischen) Marketingkonzepten eingebunden, die als Ausgangsbasis f\u00fcr nationale und internationale Marketing- und Vertriebsstrategien dienen.<\/p>\n\n                                    <\/div>\n                                <\/div>\n                                                                                            <div class=\"accordion-element-accordion\">\n                                    <a\n                                        data-bs-toggle=\"collapse\"\n                                        class=\"arrow-link large-arrow py-3 pe-1 d-block border-bottom collapsed\"\n                                        href=\"#accordion-1664047626\"\n                                    >\n                                        <h4\n                                            class=\"accordion-title mb-0 d-flex align-items-center justify-content-between\">\n                                            <span>Business Transformation<\/span>\n                                            <svg width=\"12\" height=\"24\" viewBox=\"0 0 9 15\" fill=\"none\" xmlns=\"http:\/\/www.w3.org\/2000\/svg\">\n<path id=\"accordion_chevron\" d=\"M1.5 1.5L7.5 7.5L1.5 13.5\" stroke=\"currentColor\" stroke-width=\"1.5\" stroke-linecap=\"round\"\/>\n<\/svg>                                            <\/h5>\n                                    <\/a>\n                                    <div\n                                        class=\"collapse content-wrapper mt-4\"\n                                        id=\"accordion-1664047626\"\n                                    >\n                                        <p>Die Studienrichtung \u201eBusiness Transformation&#8221; ist eine Zusammenf\u00fchrung der beiden anderen Vertiefungen \u201eSmart Production and Services&#8221; und \u201eSupply Chain Engineering&#8221;. Jede dieser Vertiefungen besteht aus zwei Teilen: einem methodisch-technologischen Teil und einem Teil, der die Transformation des jeweiligen Themas in Unternehmen und Prozessen betrachtet. \u201eBusiness Transformation&#8221; kombiniert diese beiden Aspekte der Transformation. Dabei geht es um nachhaltige und digitale Produktion sowie innovative Produktionsmethoden aus der Vertiefung \u201eSmart Production and Services&#8221; und um digitales Supply Chain Management und Transformationsmanagement aus der Vertiefung \u201eSupply Chain Engineering&#8221;. Die Studierenden lernen, wie sie nicht nur die technologischen und methodischen Aspekte der Produktion und der Supply Chain optimieren, sondern auch, wie sie diese Ver\u00e4nderungen in Unternehmen erfolgreich umsetzen und Prozesse transformieren k\u00f6nnen. Themen wie Nachhaltigkeit, Digitalisierung, Innovationsmanagement und Simulation sind zentral.<\/p>\n\n                                    <\/div>\n                                <\/div>\n                                                                        <\/div>\n                                    <\/div>\n    <\/div>\n<\/div>\n\n\n<div id=\"\" class=\"wp-block-text-content margin-bottom-normal\">\n    <div class=\"container-lg\">\n        <div class=\"row\">\n            <div class=\"col\">\n                <h3>Nicht nur national, sondern auch international akkreditiert<\/h3>\n<p>Der Masterstudiengang International Industrial Management erhielt das FIBAA-Premium-Siegel. Die FIBAA (Foundation for International Business Administration Accreditation) ist eine europ&auml;ische, internationale Agentur zur Qualit&auml;tssicherung und Akkreditierung von Bildungsprogrammen im Hochschulbereich. Die Akkreditierung durch die FIBAA stellt sicher, dass Studieng&auml;nge bestimmte Qualit&auml;tsstandards erf&uuml;llen und kontinuierlich verbessert werden. Hauptkriterien der FIBAA-Akkreditierung: Qualit&auml;t der Studieninhalte, Lehr- und Lernprozesse, Qualifikation der Lehrenden, Ressourcen, Internationalit&auml;t und Berufsrelevanz. Die FIBAA-Akkreditierung ist ein Qualit&auml;tsnachweis, der sowohl Studierenden als auch Arbeitgebern zeigt, dass der Studiengang hohe Standards in der Hochschulausbildung erf&uuml;llt.<\/p>\n\n            <\/div>\n        <\/div>\n            <\/div>\n<\/div>\n\n\n<div\n    id=\"\"\n    class=\"wp-block-content-image margin-bottom-normal\"\n>\n    <div class=\"container-lg\">\n        <div class=\"row\">\n            <div class=\"col-12\">\n                <div >\n\n                    <div class=\"image-wrapper\">\n                        <picture>\n                        <source\n                media=\"(max-width: 200px)\"\n                srcset=\"https:\/\/cdn3.fh-joanneum.at\/media\/sites\/153\/2025\/08\/FIBAA_Siegel.png, https:\/\/cdn3.fh-joanneum.at\/media\/sites\/153\/2025\/08\/FIBAA_Siegel.png 2x\"\n            \/>\n                    <source\n                media=\"(max-width: 200px)\"\n                srcset=\"https:\/\/cdn3.fh-joanneum.at\/media\/sites\/153\/2025\/08\/FIBAA_Siegel.png, https:\/\/cdn3.fh-joanneum.at\/media\/sites\/153\/2025\/08\/FIBAA_Siegel.png 2x\"\n            \/>\n                    <source\n                media=\"(max-width: 200px)\"\n                srcset=\"https:\/\/cdn3.fh-joanneum.at\/media\/sites\/153\/2025\/08\/FIBAA_Siegel.png, https:\/\/cdn3.fh-joanneum.at\/media\/sites\/153\/2025\/08\/FIBAA_Siegel.png 2x\"\n            \/>\n                    <source\n                media=\"(max-width: 200px)\"\n                srcset=\"https:\/\/cdn3.fh-joanneum.at\/media\/sites\/153\/2025\/08\/FIBAA_Siegel.png, https:\/\/cdn3.fh-joanneum.at\/media\/sites\/153\/2025\/08\/FIBAA_Siegel.png 2x\"\n            \/>\n                    <source\n                media=\"(max-width: 200px)\"\n                srcset=\"https:\/\/cdn3.fh-joanneum.at\/media\/sites\/153\/2025\/08\/FIBAA_Siegel.png, https:\/\/cdn3.fh-joanneum.at\/media\/sites\/153\/2025\/08\/FIBAA_Siegel.png 2x\"\n            \/>\n                <img decoding=\"async\"\n        class=\"img-fluid @if ($image_credit || $media_subtitle) mb-2 @endif @if ($lightbox) modal-trigger @endif\" @click=\"modal = !modal\" aria-expanded=\"false\"\n        src=\"https:\/\/cdn3.fh-joanneum.at\/media\/sites\/153\/2025\/08\/FIBAA_Siegel.png\"\n        alt=\"Der Studiengang International Industrial Management geh\u00f6rt zu den Top 2% von mehr als 2.600 attestierten Studieng\u00e4ngen in Europa.\"\n        title=\"\"\n         loading=\"lazy\"             >\n<\/picture>\n\n                                                                            <p class=\"text-muted\">Der Studiengang International Industrial Management geh\u00f6rt zu den Top 2% von mehr als 2.600 attestierten Studieng\u00e4ngen in Europa. <\/p>\n                                            <\/div>\n\n                                    <\/div>\n\n            <\/div>\n        <\/div>\n    <\/div>\n<\/div>\n","protected":false},"excerpt":{"rendered":"<p>Durch eine inhaltlich umfangreiche und fachlich fundierte Ausbildung schaffen wir die Basis f\u00fcr Ihre berufliche Zukunft. Welche allgemeinen Inhalte, fachlichen Themen und spezifischen Schwerpunkte Sie im Studium erwarten, erfahren Sie hier.<\/p>\n","protected":false},"author":143,"featured_media":65,"parent":12,"menu_order":10,"comment_status":"closed","ping_status":"closed","template":"","meta":{"_acf_changed":false,"footnotes":""},"acf":[],"aioseo_notices":[],"_links":{"self":[{"href":"https:\/\/www.fh-joanneum.at\/international-industrial-management\/berufsbegleitend\/wp-json\/wp\/v2\/pages\/42"}],"collection":[{"href":"https:\/\/www.fh-joanneum.at\/international-industrial-management\/berufsbegleitend\/wp-json\/wp\/v2\/pages"}],"about":[{"href":"https:\/\/www.fh-joanneum.at\/international-industrial-management\/berufsbegleitend\/wp-json\/wp\/v2\/types\/page"}],"author":[{"embeddable":true,"href":"https:\/\/www.fh-joanneum.at\/international-industrial-management\/berufsbegleitend\/wp-json\/wp\/v2\/users\/143"}],"replies":[{"embeddable":true,"href":"https:\/\/www.fh-joanneum.at\/international-industrial-management\/berufsbegleitend\/wp-json\/wp\/v2\/comments?post=42"}],"version-history":[{"count":3,"href":"https:\/\/www.fh-joanneum.at\/international-industrial-management\/berufsbegleitend\/wp-json\/wp\/v2\/pages\/42\/revisions"}],"predecessor-version":[{"id":127,"href":"https:\/\/www.fh-joanneum.at\/international-industrial-management\/berufsbegleitend\/wp-json\/wp\/v2\/pages\/42\/revisions\/127"}],"up":[{"embeddable":true,"href":"https:\/\/www.fh-joanneum.at\/international-industrial-management\/berufsbegleitend\/wp-json\/wp\/v2\/pages\/12"}],"wp:featuredmedia":[{"embeddable":true,"href":"https:\/\/www.fh-joanneum.at\/international-industrial-management\/berufsbegleitend\/wp-json\/wp\/v2\/media\/65"}],"wp:attachment":[{"href":"https:\/\/www.fh-joanneum.at\/international-industrial-management\/berufsbegleitend\/wp-json\/wp\/v2\/media?parent=42"}],"curies":[{"name":"wp","href":"https:\/\/api.w.org\/{rel}","templated":true}]}}