{"id":25,"date":"2025-08-12T10:37:53","date_gmt":"2025-08-12T08:37:53","guid":{"rendered":"https:\/\/www.fh-joanneum.at\/international-industrial-management\/master\/?page_id=25"},"modified":"2025-08-12T10:37:55","modified_gmt":"2025-08-12T08:37:55","slug":"aufnahmeverfahren","status":"publish","type":"page","link":"https:\/\/www.fh-joanneum.at\/international-industrial-management\/master\/vor-dem-studium\/aufnahmeverfahren\/","title":{"rendered":"Aufnahmeverfahren"},"content":{"rendered":"<div id=\"\" class=\"wp-block-text-content margin-bottom-normal\">\n    <div class=\"container-lg\">\n        <div class=\"row\">\n            <div class=\"col\">\n                <h3>Aufnahmeverfahren<\/h3>\n<p>Das Aufnahmeverfahren setzt sich zusammen aus:<\/p>\n<ul>\n<li>einer vollst&auml;ndigen Bewerbung,<\/li>\n<li>einem Gespr&auml;ch mit der Aufnahmekommission sowie<\/li>\n<li>der Bewertung der vorangegangenen Ausbildung und T&auml;tigkeiten.<\/li>\n<\/ul>\n<p>Die Form der Bewerbung flie&szlig;t in die Beurteilung ein.<\/p>\n<h4>Das pers&ouml;nliche Gespr&auml;ch<\/h4>\n<p>Alle Teilnehmerinnen und Teilnehmer werden zu einem pers&ouml;nlichen Gespr&auml;ch eingeladen. F&uuml;r das Auswahlverfahren ist die Diplomarbeit beziehungsweise die wissenschaftliche Bachelorarbeit zum Gespr&auml;ch mitzubringen.<\/p>\n<p>Das pers&ouml;nliche Gespr&auml;ch wird in deutscher Sprache durchgef&uuml;hrt, einzelne Fragen k&ouml;nnen jedoch auch in Englisch gestellt werden.<\/p>\n<p>Es werden keine detaillierten Fragen zu Studieninhalten gestellt. Erwartet wird die F&auml;higkeit, die wesentlichen Inhalte der eigenen Bachelorarbeit in wenigen Minuten der Aufnahmekommission des Studiengangs zu vermitteln, aber auch in englischer Sprache zu kommunizieren.<\/p>\n<p>Das Gespr&auml;ch dauert in der Regel etwa 20 Minuten.<\/p>\n\n            <\/div>\n        <\/div>\n            <\/div>\n<\/div>\n\n\n<div\n    id=\"\"\n    class=\"wp-block-tipp-box margin-bottom-normal\"\n>\n    <div class=\"container-lg\">\n        <div class=\"row\">\n            <div class=\"col\">\n                <div class=\"tipp-box border border-warning\">\n                    <div class=\"tipp-box-inner p-2 p-md-3\">\n                        <h4 class=\"\">Tipp<\/h4>\n                        <p>Im Gespr\u00e4ch haben Sie die M\u00f6glichkeit, Ihr Fachwissen sowie Ihre Motivation, Eignung und Begabung f\u00fcr das Studium und den Beruf darzulegen. \u00dcberzeugen Sie sie durch Ihren Lebenslauf, Ihr Interesse an den Studieninhalten und Ihre Pers\u00f6nlichkeit.<\/p>\n\n                    <\/div>\n                <\/div>\n            <\/div>\n        <\/div>\n    <\/div>\n<\/div>\n\n\n<div id=\"\" class=\"wp-block-text-content margin-bottom-normal\">\n    <div class=\"container-lg\">\n        <div class=\"row\">\n            <div class=\"col\">\n                <h4>Bewertung der vorangegangenen Ausbildung und der beruflichen Erfahrung<\/h4>\n<p>Als zus&auml;tzliche Kriterien f&uuml;r die Aufnahmeentscheidung werden berufliche Erfahrungen sowie die berufsqualifizierende Aus- und Weiterbildung ber&uuml;cksichtigt.<\/p>\n\n            <\/div>\n        <\/div>\n            <\/div>\n<\/div>\n","protected":false},"excerpt":{"rendered":"<p>Im Zuge des Aufnahmeverfahrens ermitteln wir Ihre pers\u00f6nlichen F\u00e4higkeiten und Potenziale f\u00fcr das Studium. Was Sie genau erwartet, und wie Sie sich darauf vorbereiten k\u00f6nnen.<\/p>\n","protected":false},"author":143,"featured_media":0,"parent":5,"menu_order":40,"comment_status":"closed","ping_status":"closed","template":"","meta":{"_acf_changed":false,"footnotes":""},"acf":[],"aioseo_notices":[],"_links":{"self":[{"href":"https:\/\/www.fh-joanneum.at\/international-industrial-management\/master\/wp-json\/wp\/v2\/pages\/25"}],"collection":[{"href":"https:\/\/www.fh-joanneum.at\/international-industrial-management\/master\/wp-json\/wp\/v2\/pages"}],"about":[{"href":"https:\/\/www.fh-joanneum.at\/international-industrial-management\/master\/wp-json\/wp\/v2\/types\/page"}],"author":[{"embeddable":true,"href":"https:\/\/www.fh-joanneum.at\/international-industrial-management\/master\/wp-json\/wp\/v2\/users\/143"}],"replies":[{"embeddable":true,"href":"https:\/\/www.fh-joanneum.at\/international-industrial-management\/master\/wp-json\/wp\/v2\/comments?post=25"}],"version-history":[{"count":1,"href":"https:\/\/www.fh-joanneum.at\/international-industrial-management\/master\/wp-json\/wp\/v2\/pages\/25\/revisions"}],"predecessor-version":[{"id":26,"href":"https:\/\/www.fh-joanneum.at\/international-industrial-management\/master\/wp-json\/wp\/v2\/pages\/25\/revisions\/26"}],"up":[{"embeddable":true,"href":"https:\/\/www.fh-joanneum.at\/international-industrial-management\/master\/wp-json\/wp\/v2\/pages\/5"}],"wp:attachment":[{"href":"https:\/\/www.fh-joanneum.at\/international-industrial-management\/master\/wp-json\/wp\/v2\/media?parent=25"}],"curies":[{"name":"wp","href":"https:\/\/api.w.org\/{rel}","templated":true}]}}