{"id":41,"date":"2025-08-12T11:19:53","date_gmt":"2025-08-12T09:19:53","guid":{"rendered":"https:\/\/www.fh-joanneum.at\/international-industrial-management\/master\/?page_id=41"},"modified":"2025-08-13T13:37:27","modified_gmt":"2025-08-13T11:37:27","slug":"das-studium","status":"publish","type":"page","link":"https:\/\/www.fh-joanneum.at\/international-industrial-management\/master\/im-studium\/das-studium\/","title":{"rendered":"Das Studium"},"content":{"rendered":"<div id=\"\" class=\"wp-block-text-content margin-bottom-normal\">\n    <div class=\"container-lg\">\n        <div class=\"row\">\n            <div class=\"col\">\n                <h3>Die Schwerpunkte des internationalen Wirtschaftsingenieur-Studiums:<\/h3>\n<ul>\n<li>Industrial Management (f&uuml;r Studierende mit technischem Vorstudium)<\/li>\n<li>Process Technology (f&uuml;r Studierende mit einem Wirtschaftsingenieursvorstudium)<\/li>\n<li>Strategic Management<\/li>\n<li>International Management<\/li>\n<li>Leadership Competences<\/li>\n<li>Supply Chain Engineering &ndash; Technischer Vertrieb \/ Marketing und Technischer Einkauf<\/li>\n<li>Smart Production and Services &ndash; Industrie 4.0<\/li>\n<li>Business Transformation<\/li>\n<li>Industrial Research Project mit Industrieunternehmen<\/li>\n<\/ul>\n<p>Im ersten Semester werden neben F&uuml;hrungskompetenzen die Inhalte wie &bdquo;Tools for Data Analytics&ldquo;, &bdquo;Operations Management&ldquo; sowie &bdquo;Industrial Management&ldquo; oder &bdquo;Process Technology&ldquo; gelehrt. Im zweiten Semester wird von Studierenden im Rahmen eines Industrial Research Projects die Leitung eines Projektteams &uuml;bernommen und ein Kundenauftrag in einem nationalen oder internationalen Unternehmen bearbeitet. Ab dem dritten Semester erfolgt der Einstieg in eine der drei Mastervertiefungen.<\/p>\n\n            <\/div>\n        <\/div>\n            <\/div>\n<\/div>\n\n\n<div\n    id=\"\"\n    class=\"wp-block-akkordeon margin-bottom-normal\"\n>\n    <div class=\"container-lg\">\n        <div class=\"row\">\n                                                <div class=\"col-12\">\n                        <h3 class=\"mb-0\">Darauf k\u00f6nnen Sie sich im Studium spezialisieren<\/h3>\n\n                                                                                                                    <div class=\"accordion-element-accordion\">\n                                    <a\n                                        data-bs-toggle=\"collapse\"\n                                        class=\"arrow-link large-arrow py-3 pe-1 d-block border-bottom collapsed\"\n                                        href=\"#accordion-1399267500\"\n                                    >\n                                        <h4\n                                            class=\"accordion-title mb-0 d-flex align-items-center justify-content-between\">\n                                            <span>Smart Production and Services<\/span>\n                                            <svg width=\"12\" height=\"24\" viewBox=\"0 0 9 15\" fill=\"none\" xmlns=\"http:\/\/www.w3.org\/2000\/svg\">\n<path id=\"accordion_chevron\" d=\"M1.5 1.5L7.5 7.5L1.5 13.5\" stroke=\"currentColor\" stroke-width=\"1.5\" stroke-linecap=\"round\"\/>\n<\/svg>                                            <\/h5>\n                                    <\/a>\n                                    <div\n                                        class=\"collapse content-wrapper mt-4\"\n                                        id=\"accordion-1399267500\"\n                                    >\n                                        <p>In der Vertiefungsrichtung \u201eSmart Production and Services\u201c erwerben Sie zus\u00e4tzliche Kompetenzen im viel diskutierten Schnittbereich zwischen Produktion und IT. Der Schwerpunkt liegt einerseits auf den technologischen Grundlagen wie cyber-physische Systeme und betriebliche Informationssysteme. Andererseits besch\u00e4ftigen Sie sich mit der digitalen Transformation von Unternehmen und den daraus entstehenden neuen Prozessen und Gesch\u00e4ftsmodellen, insbesondere im Bereich Service Engineering. Dadurch soll die Wettbewerbsf\u00e4higkeit heimischer Produktionsunternehmen durch gesteigerte Effizienz, erh\u00f6hte Flexibilit\u00e4t und innovative Gesch\u00e4ftsmodelle verbessert werden. Schon w\u00e4hrend des Studiums gestalten Sie aktiv die Konzeption und Transformation von Industrie 4.0. Hierf\u00fcr steht Ihnen das <a href=\"https:\/\/www.fh-joanneum.at\/forschung\/forschungszentren\/smart-production-lab\/\" target=\"_blank\" rel=\"noopener\">Smart Production Lab<\/a>, eine der gr\u00f6\u00dften Lehr- und Forschungsfabriken \u00d6sterreichs, am Campus Kapfenberg zur Verf\u00fcgung.<\/p>\n\n                                    <\/div>\n                                <\/div>\n                                                                                            <div class=\"accordion-element-accordion\">\n                                    <a\n                                        data-bs-toggle=\"collapse\"\n                                        class=\"arrow-link large-arrow py-3 pe-1 d-block border-bottom collapsed\"\n                                        href=\"#accordion-1489981263\"\n                                    >\n                                        <h4\n                                            class=\"accordion-title mb-0 d-flex align-items-center justify-content-between\">\n                                            <span>Supply Chain Engineering<\/span>\n                                            <svg width=\"12\" height=\"24\" viewBox=\"0 0 9 15\" fill=\"none\" xmlns=\"http:\/\/www.w3.org\/2000\/svg\">\n<path id=\"accordion_chevron\" d=\"M1.5 1.5L7.5 7.5L1.5 13.5\" stroke=\"currentColor\" stroke-width=\"1.5\" stroke-linecap=\"round\"\/>\n<\/svg>                                            <\/h5>\n                                    <\/a>\n                                    <div\n                                        class=\"collapse content-wrapper mt-4\"\n                                        id=\"accordion-1489981263\"\n                                    >\n                                        <p>Auf F\u00fchrungsaufgaben in der Logistik und im technischen Einkauf mit internationaler Ausrichtung und auf die Optimierung der Supply Chain eines Unternehmens bereitet Sie unser Studienprogramm optimal vor. Im Masterstudiengang tauchen Sie tief ein in Bereiche wie Logistikmanagement, strategischer Einkauf, Lieferantenmanagement sowie in die Entwicklung moderner Informations- und Steuerungssysteme der Materialwirtschaft. Auf der anderen Seite des &#8220;Verhandlungstisches&#8221; liegt der Schwerpunkt Technical Sales, der Teil der Vertiefungsrichtung Supply Chain Engineering ist. Hier erlangen Sie im Masterstudium das Know-how und die Methodenkompetenz, die im beruflichen Alltag als wirtschaftsorientierte Ingenieur:innen erforderlich sind. Von der Erstellung von Absatz- und Umsatzplanungen bis hin zur Feinabstimmung von Distributionskan\u00e4len decken Sie ein breites Spektrum ab. Dar\u00fcber hinaus entwickeln Sie im Bereich (technisches) Marketingkonzepte, die als Grundlage f\u00fcr nationale und internationale Marketing- und Vertriebsstrategien dienen.<\/p>\n\n                                    <\/div>\n                                <\/div>\n                                                                                            <div class=\"accordion-element-accordion\">\n                                    <a\n                                        data-bs-toggle=\"collapse\"\n                                        class=\"arrow-link large-arrow py-3 pe-1 d-block border-bottom collapsed\"\n                                        href=\"#accordion-1053860224\"\n                                    >\n                                        <h4\n                                            class=\"accordion-title mb-0 d-flex align-items-center justify-content-between\">\n                                            <span>Business Transformation<\/span>\n                                            <svg width=\"12\" height=\"24\" viewBox=\"0 0 9 15\" fill=\"none\" xmlns=\"http:\/\/www.w3.org\/2000\/svg\">\n<path id=\"accordion_chevron\" d=\"M1.5 1.5L7.5 7.5L1.5 13.5\" stroke=\"currentColor\" stroke-width=\"1.5\" stroke-linecap=\"round\"\/>\n<\/svg>                                            <\/h5>\n                                    <\/a>\n                                    <div\n                                        class=\"collapse content-wrapper mt-4\"\n                                        id=\"accordion-1053860224\"\n                                    >\n                                        <p>Im Studium haben Sie die M\u00f6glichkeit, sich auf Business Transformation zu spezialisieren, eine Verkn\u00fcpfung der Konzepte aus den Studienrichtungen &#8220;Smart Production and Services&#8221; und &#8220;Supply Chain Engineering&#8221;. Diese Spezialisierung umfasst zwei wesentliche Teilbereiche: einerseits die methodischen und technologischen Aspekte von nachhaltiger und digitaler Produktion aus &#8220;Smart Production and Services&#8221;, andererseits das Supply Chain Management und digitale Transformationsprozesse aus &#8220;Supply Chain Engineering&#8221;. In Business Transformation lernen Studierende, diese beiden Transformationselemente zu vereinen und erfolgreich in Unternehmensprozesse zu integrieren. Besonderes Augenmerk liegt dabei auf Nachhaltigkeit, Innovationsmanagement, Digitalisierung und Simulation, um optimierte Gesch\u00e4ftsprozesse zu gestalten.<\/p>\n\n                                    <\/div>\n                                <\/div>\n                                                                        <\/div>\n                                    <\/div>\n    <\/div>\n<\/div>\n\n\n<div id=\"\" class=\"wp-block-text-content margin-bottom-normal\">\n    <div class=\"container-lg\">\n        <div class=\"row\">\n            <div class=\"col\">\n                <h3>Nicht nur national, sondern auch international akkreditiert<\/h3>\n<p>Der Masterstudiengang International Industrial Management erhielt das FIBAA-Premium-Siegel. Die FIBAA (Foundation for International Business Administration Accreditation) ist eine europ&auml;ische, internationale Agentur zur Qualit&auml;tssicherung und Akkreditierung von Bildungsprogrammen im Hochschulbereich. Die Akkreditierung durch die FIBAA stellt sicher, dass Studieng&auml;nge bestimmte Qualit&auml;tsstandards erf&uuml;llen und kontinuierlich verbessert werden. Hauptkriterien der FIBAA-Akkreditierung: Qualit&auml;t der Studieninhalte, Lehr- und Lernprozesse, Qualifikation der Lehrenden, Ressourcen, Internationalit&auml;t und Berufsrelevanz. Die FIBAA-Akkreditierung ist ein Qualit&auml;tsnachweis, der sowohl Studierenden als auch Arbeitgebern zeigt, dass der Studiengang hohe Standards in der Hochschulausbildung erf&uuml;llt.<\/p>\n\n            <\/div>\n        <\/div>\n            <\/div>\n<\/div>\n\n\n<div\n    id=\"\"\n    class=\"wp-block-content-image margin-bottom-normal\"\n>\n    <div class=\"container-lg\">\n        <div class=\"row\">\n            <div class=\"col-12\">\n                <div >\n\n                    <div class=\"image-wrapper\">\n                        <picture>\n                        <source\n                media=\"(max-width: 200px)\"\n                srcset=\"https:\/\/cdn3.fh-joanneum.at\/media\/sites\/152\/2025\/08\/FIBAA_Siegel.png, https:\/\/cdn3.fh-joanneum.at\/media\/sites\/152\/2025\/08\/FIBAA_Siegel.png 2x\"\n            \/>\n                    <source\n                media=\"(max-width: 200px)\"\n                srcset=\"https:\/\/cdn3.fh-joanneum.at\/media\/sites\/152\/2025\/08\/FIBAA_Siegel.png, https:\/\/cdn3.fh-joanneum.at\/media\/sites\/152\/2025\/08\/FIBAA_Siegel.png 2x\"\n            \/>\n                    <source\n                media=\"(max-width: 200px)\"\n                srcset=\"https:\/\/cdn3.fh-joanneum.at\/media\/sites\/152\/2025\/08\/FIBAA_Siegel.png, https:\/\/cdn3.fh-joanneum.at\/media\/sites\/152\/2025\/08\/FIBAA_Siegel.png 2x\"\n            \/>\n                    <source\n                media=\"(max-width: 200px)\"\n                srcset=\"https:\/\/cdn3.fh-joanneum.at\/media\/sites\/152\/2025\/08\/FIBAA_Siegel.png, https:\/\/cdn3.fh-joanneum.at\/media\/sites\/152\/2025\/08\/FIBAA_Siegel.png 2x\"\n            \/>\n                    <source\n                media=\"(max-width: 200px)\"\n                srcset=\"https:\/\/cdn3.fh-joanneum.at\/media\/sites\/152\/2025\/08\/FIBAA_Siegel.png, https:\/\/cdn3.fh-joanneum.at\/media\/sites\/152\/2025\/08\/FIBAA_Siegel.png 2x\"\n            \/>\n                <img decoding=\"async\"\n        class=\"img-fluid @if ($image_credit || $media_subtitle) mb-2 @endif @if ($lightbox) modal-trigger @endif\" @click=\"modal = !modal\" aria-expanded=\"false\"\n        src=\"https:\/\/cdn3.fh-joanneum.at\/media\/sites\/152\/2025\/08\/FIBAA_Siegel.png\"\n        alt=\"Der Studiengang \u201eInternational Industrial Management\u201c geh\u00f6rt zu den Top 2% von mehr als 2.600 attestierten Studieng\u00e4ngen in Europa.\"\n        title=\"\"\n         loading=\"lazy\"             >\n<\/picture>\n\n                                                                            <p class=\"text-muted\">Der Studiengang International Industrial Management geh\u00f6rt zu den Top 2% von mehr als 2.600 attestierten Studieng\u00e4ngen in Europa. <\/p>\n                                            <\/div>\n\n                                    <\/div>\n\n            <\/div>\n        <\/div>\n    <\/div>\n<\/div>\n\n\n<div id=\"\" class=\"wp-block-text-content margin-bottom-normal\">\n    <div class=\"container-lg\">\n        <div class=\"row\">\n            <div class=\"col\">\n                <h3>Studienzeiten, Selbststudium und Anwesenheit<\/h3>\n<p>Die Lehrveranstaltungen finden w&auml;hrend des Semesters von Montag bis Freitag statt. In den ersten beiden Semestern wird ein vorlesungsfreier Tag angestrebt. Die E-Learning-Einheiten werden von den Lehrenden individuell geplant. Im vierten Semester stehen zu Beginn nur wenige Vorlesungen auf dem Stundenplan, da die Studierenden haupts&auml;chlich mit der Masterarbeit besch&auml;ftigt sind.<\/p>\n<p>Das Selbststudium h&auml;ngt immer von dem Engagement und den Ambitionen unserer Studierenden ab.<\/p>\n<p>Insgesamt gilt eine 80-prozentige Anwesenheitspflicht bei allen Masterlehrveranstaltungen. Bei Unterschreitung der 80 Prozent ist eine Kompensationsleistung zu erbringen. Die Form dieser Leistung wird von Lehrveranstaltungsleitung vorgegeben. Bei Unklarheiten entscheidet die Institutsleitung &uuml;ber Ausnahmen von der Anwesenheitspflicht. Zudem ist es Studierenden m&ouml;glich, sich im Krankheitsfall nach Vorlage einer &auml;rztlichen Best&auml;tigung von der 80-prozentigen Anwesenheitspflicht befreien zu lassen.<\/p>\n\n            <\/div>\n        <\/div>\n            <\/div>\n<\/div>\n","protected":false},"excerpt":{"rendered":"<p>Durch eine inhaltlich umfangreiche und fachlich fundierte Ausbildung schaffen wir die Basis f\u00fcr Ihre berufliche Zukunft. Welche allgemeinen Inhalte, fachlichen Themen und spezifischen Schwerpunkte Sie im Studium erwarten, erfahren Sie hier.<\/p>\n","protected":false},"author":143,"featured_media":127,"parent":12,"menu_order":10,"comment_status":"closed","ping_status":"closed","template":"","meta":{"_acf_changed":false,"footnotes":""},"acf":[],"aioseo_notices":[],"_links":{"self":[{"href":"https:\/\/www.fh-joanneum.at\/international-industrial-management\/master\/wp-json\/wp\/v2\/pages\/41"}],"collection":[{"href":"https:\/\/www.fh-joanneum.at\/international-industrial-management\/master\/wp-json\/wp\/v2\/pages"}],"about":[{"href":"https:\/\/www.fh-joanneum.at\/international-industrial-management\/master\/wp-json\/wp\/v2\/types\/page"}],"author":[{"embeddable":true,"href":"https:\/\/www.fh-joanneum.at\/international-industrial-management\/master\/wp-json\/wp\/v2\/users\/143"}],"replies":[{"embeddable":true,"href":"https:\/\/www.fh-joanneum.at\/international-industrial-management\/master\/wp-json\/wp\/v2\/comments?post=41"}],"version-history":[{"count":3,"href":"https:\/\/www.fh-joanneum.at\/international-industrial-management\/master\/wp-json\/wp\/v2\/pages\/41\/revisions"}],"predecessor-version":[{"id":122,"href":"https:\/\/www.fh-joanneum.at\/international-industrial-management\/master\/wp-json\/wp\/v2\/pages\/41\/revisions\/122"}],"up":[{"embeddable":true,"href":"https:\/\/www.fh-joanneum.at\/international-industrial-management\/master\/wp-json\/wp\/v2\/pages\/12"}],"wp:featuredmedia":[{"embeddable":true,"href":"https:\/\/www.fh-joanneum.at\/international-industrial-management\/master\/wp-json\/wp\/v2\/media\/127"}],"wp:attachment":[{"href":"https:\/\/www.fh-joanneum.at\/international-industrial-management\/master\/wp-json\/wp\/v2\/media?parent=41"}],"curies":[{"name":"wp","href":"https:\/\/api.w.org\/{rel}","templated":true}]}}