{"id":10000031,"date":"2020-03-11T14:55:54","date_gmt":"2020-03-11T13:55:54","guid":{"rendered":"https:\/\/www.fh-joanneum.at\/it-architecture\/master\/?page_id=31"},"modified":"2024-09-05T08:55:22","modified_gmt":"2024-09-05T06:55:22","slug":"voraussetzungen","status":"publish","type":"page","link":"https:\/\/www.fh-joanneum.at\/it-architecture\/master\/vor-dem-studium\/voraussetzungen\/","title":{"rendered":"Voraussetzungen"},"content":{"rendered":"<div id=\"\" class=\"wp-block-text-content margin-bottom-none\">\n    <div class=\"container-lg\">\n        <div class=\"row\">\n            <div class=\"col\">\n                <div class=\"module-migration-headline\">\n<h3>Voraussetzungen f&uuml;r das Studium<\/h3>\n<\/div>\n\n            <\/div>\n        <\/div>\n            <\/div>\n<\/div>\n\n\n<div id=\"\" class=\"wp-block-text-content margin-bottom-normal\">\n    <div class=\"container-lg\">\n        <div class=\"row\">\n            <div class=\"col\">\n                <p>Wenn Sie einen Studienabschluss<\/p>\n<ul>\n<li>eines facheinschl&auml;gigen Bachelorstudiums oder<\/li>\n<li>einer gleichwertigen Ausbildung<\/li>\n<\/ul>\n<p>nachweisen k&ouml;nnen, erf&uuml;llen Sie die Voraussetzungen f&uuml;r das Masterstudium. Als facheinschl&auml;giger Bachelor- oder Diplomabschluss mit <strong>informations- und\/oder kommunikationstechnischer Ausbildung<\/strong> gelten beispielsweise Informationsmanagement, Informatik, Wirtschaftsinformatik oder Technische Informatik.<\/p>\n\n            <\/div>\n        <\/div>\n            <\/div>\n<\/div>\n\n\n<div id=\"\" class=\"wp-block-text-content margin-bottom-normal\">\n    <div class=\"container-lg\">\n        <div class=\"row\">\n            <div class=\"col\">\n                <p>Der Zugang zum Masterstudium kann aus einem breiten Spektrum von Bachelorstudieng&auml;ngen an unterschiedlichen Universit&auml;ten und Hochschulen erfolgen. Wie zum Beispiel:<\/p>\n<ul>\n<li>Bachelor-Studieng&auml;nge an der FH JOANNEUM<\/li>\n<li>Gesundheitsinformatik \/ eHealth<\/li>\n<li>Informationsmanagement<\/li>\n<li>Internettechnik<\/li>\n<li>Mobile Software Development<\/li>\n<li>Software Design<\/li>\n<li>Elektronik und Computer Engineering<\/li>\n<li>Industriewirtschaft \/ Industrial Management<\/li>\n<li>Informationsdesign<\/li>\n<li>&ouml;sterreichische Fachhochschulstudieng&auml;nge und Universit&auml;tsstudien beispielweise<\/li>\n<li>Informatik<\/li>\n<li>Informatikmanagement<\/li>\n<li>Softwareentwicklung-Wirtschaft<\/li>\n<li>Information and Computer Engineering (Telematik)<\/li>\n<li>Technische Informatik<\/li>\n<li>Wirtschaftsinformatik<\/li>\n<li>Technische Mathematik<\/li>\n<li>Business Software Development<\/li>\n<li>Informations- und Kommunikationssysteme<\/li>\n<li>Informationstechnik und System-Management<\/li>\n<li>Informationstechnologien, Netzwerk- und Kommunikationstechnik<\/li>\n<li>IT Infrastruktur-Management<\/li>\n<li>Medizin- und Bioinformatik<\/li>\n<li>Mobile Computing<\/li>\n<li>Multimedia Technology<\/li>\n<li>Sichere Informationssysteme<\/li>\n<li>Software Engineering<\/li>\n<li>sowie vergleichbare in- und ausl&auml;ndische Studien<\/li>\n<\/ul>\n<p>Auch bei Abschluss eines inhaltlich &auml;quivalenten Studiums von anderen Hochschulen oder aus anderen L&auml;ndern freuen wir uns &uuml;ber Ihre Bewerbung.<\/p>\n<p>F&uuml;r den Fall, dass eine Gleichwertigkeit Ihres Studienabschlusses gegeben ist und nur einzelne Erg&auml;nzungen fehlen, wird eine Teilnahme am Studiengang mit der Auflage von Pr&uuml;fungen verbunden, die Sie im Zuge des ersten Studienjahres ablegen k&ouml;nnen.<\/p>\n<p>In fraglichen F&auml;llen obliegt es der Studiengangsleitung zu entscheiden, ob die Zugangsvoraussetzungen erf&uuml;llt sind. Eine verbindliche Auskunft dar&uuml;ber erhalten Sie nach Einlangen Ihrer vollst&auml;ndigen Bewerbungsunterlagen.<\/p>\n\n            <\/div>\n        <\/div>\n            <\/div>\n<\/div>\n\n\n<div id=\"\" class=\"wp-block-text-content margin-bottom-none\">\n    <div class=\"container-lg\">\n        <div class=\"row\">\n            <div class=\"col\">\n                <div class=\"module-migration-headline\">\n<h4>Sprachkenntnisse<\/h4>\n<\/div>\n\n            <\/div>\n        <\/div>\n            <\/div>\n<\/div>\n\n\n<div id=\"\" class=\"wp-block-text-content margin-bottom-normal\">\n    <div class=\"container-lg\">\n        <div class=\"row\">\n            <div class=\"col\">\n                <p>Deutsch und Englisch sind die Unterrichtssprachen am Studiengang. Mit Sprachkenntnissen auf Level B2 k&ouml;nnen Sie den Studieninhalten ohne Probleme folgen. Best&auml;tigen Sie uns Ihre Sprachkenntnisse bitte mit einem Zertifikat sofern Sie nicht in Maturazeugnissen oder &auml;hnlichen Diplomen genannt sind.<\/p>\n\n            <\/div>\n        <\/div>\n            <\/div>\n<\/div>\n\n\n\n\n<div id=\"\" class=\"wp-block-text-content margin-bottom-normal\">\n    <div class=\"container-lg\">\n        <div class=\"row\">\n            <div class=\"col\">\n                <h4>Sie sind keine &ouml;sterreichische Staatsb&uuml;rgerin oder kein &ouml;sterreichischer Staatsb&uuml;rger?<\/h4>\n<p>F&uuml;r Sie gibt es einige Besonderheiten zu beachten. Mehr Informationen dazu finden Sie in unter dem Men&uuml;punkt <a href=\"https:\/\/www.fh-joanneum.at\/it-architecture\/master\/vor-dem-studium\/internationale-bewerberinnen-bewerber\/\"><strong>Internationale Bewerberinnen und Bewerber<\/strong>.<\/a><\/p>\n\n            <\/div>\n        <\/div>\n            <\/div>\n<\/div>\n","protected":false},"excerpt":{"rendered":"<p>Diese Voraussetzungen m\u00fcssen Sie f\u00fcr das Studium erf\u00fcllen.<\/p>\n","protected":false},"author":11,"featured_media":0,"parent":10000029,"menu_order":15,"comment_status":"closed","ping_status":"closed","template":"","meta":{"_acf_changed":false,"footnotes":""},"acf":[],"aioseo_notices":[],"_links":{"self":[{"href":"https:\/\/www.fh-joanneum.at\/it-architecture\/master\/wp-json\/wp\/v2\/pages\/10000031"}],"collection":[{"href":"https:\/\/www.fh-joanneum.at\/it-architecture\/master\/wp-json\/wp\/v2\/pages"}],"about":[{"href":"https:\/\/www.fh-joanneum.at\/it-architecture\/master\/wp-json\/wp\/v2\/types\/page"}],"author":[{"embeddable":true,"href":"https:\/\/www.fh-joanneum.at\/it-architecture\/master\/wp-json\/wp\/v2\/users\/11"}],"replies":[{"embeddable":true,"href":"https:\/\/www.fh-joanneum.at\/it-architecture\/master\/wp-json\/wp\/v2\/comments?post=10000031"}],"version-history":[{"count":1,"href":"https:\/\/www.fh-joanneum.at\/it-architecture\/master\/wp-json\/wp\/v2\/pages\/10000031\/revisions"}],"predecessor-version":[{"id":10000216,"href":"https:\/\/www.fh-joanneum.at\/it-architecture\/master\/wp-json\/wp\/v2\/pages\/10000031\/revisions\/10000216"}],"up":[{"embeddable":true,"href":"https:\/\/www.fh-joanneum.at\/it-architecture\/master\/wp-json\/wp\/v2\/pages\/10000029"}],"wp:attachment":[{"href":"https:\/\/www.fh-joanneum.at\/it-architecture\/master\/wp-json\/wp\/v2\/media?parent=10000031"}],"curies":[{"name":"wp","href":"https:\/\/api.w.org\/{rel}","templated":true}]}}