{"id":10000097,"date":"2020-03-18T16:18:57","date_gmt":"2020-03-18T15:18:57","guid":{"rendered":"https:\/\/www.fh-joanneum.at\/it-architecture\/master\/?page_id=97"},"modified":"2024-07-17T08:59:15","modified_gmt":"2024-07-17T06:59:15","slug":"absolventinnen-absolventen","status":"publish","type":"page","link":"https:\/\/www.fh-joanneum.at\/it-architecture\/master\/nach-dem-studium\/absolventinnen-absolventen\/","title":{"rendered":"Absolvent:innen"},"content":{"rendered":"<div id=\"\" class=\"wp-block-text-content margin-bottom-none\">\n    <div class=\"container-lg\">\n        <div class=\"row\">\n            <div class=\"col\">\n                <div class=\"module-migration-headline\">\n<h3>Das machen unsere Absolvent:innen.<\/h3>\n<\/div>\n\n            <\/div>\n        <\/div>\n            <\/div>\n<\/div>\n\n\n<div id=\"\" class=\"wp-block-list-of-graduates margin-bottom-normal\">\n  <div class=\"container-lg\">\n    <div class=\"row\">\n                        <div class=\"col-6 col-sm-4 col-md-6 col-lg-4 col-xl-4 mb-4\">\n            <a\n    href=\"https:\/\/www.fh-joanneum.at\/it-architecture\/master\/nach-dem-studium\/absolventinnen-absolventen\/di-markus-temmel\/\"\n    class=\"graduate-card bg-light\"\n>\n    <div class=\"border border-light h-100\">\n        <div class=\"image-wrapper\">\n            <picture>\n                        <source\n                media=\"(max-width: 532px)\"\n                srcset=\"https:\/\/cdn3.fh-joanneum.at\/media\/sites\/79\/2022\/03\/di-markus-temmel-4.jpg, https:\/\/cdn3.fh-joanneum.at\/media\/sites\/79\/2022\/03\/di-markus-temmel-4-768x832.jpg 2x\"\n            \/>\n                    <source\n                media=\"(max-width: 768px)\"\n                srcset=\"https:\/\/cdn3.fh-joanneum.at\/media\/sites\/79\/2022\/03\/di-markus-temmel-4-768x832.jpg, https:\/\/cdn3.fh-joanneum.at\/media\/sites\/79\/2022\/03\/di-markus-temmel-4-945x1024.jpg 2x\"\n            \/>\n                    <source\n                media=\"(max-width: 945px)\"\n                srcset=\"https:\/\/cdn3.fh-joanneum.at\/media\/sites\/79\/2022\/03\/di-markus-temmel-4-945x1024.jpg, https:\/\/cdn3.fh-joanneum.at\/media\/sites\/79\/2022\/03\/di-markus-temmel-4-1418x1536.jpg 2x\"\n            \/>\n                    <source\n                media=\"(max-width: 1418px)\"\n                srcset=\"https:\/\/cdn3.fh-joanneum.at\/media\/sites\/79\/2022\/03\/di-markus-temmel-4-1418x1536.jpg, https:\/\/cdn3.fh-joanneum.at\/media\/sites\/79\/2022\/03\/di-markus-temmel-4.jpg 2x\"\n            \/>\n                    <source\n                media=\"(max-width: 1535px)\"\n                srcset=\"https:\/\/cdn3.fh-joanneum.at\/media\/sites\/79\/2022\/03\/di-markus-temmel-4.jpg, https:\/\/cdn3.fh-joanneum.at\/media\/sites\/79\/2022\/03\/di-markus-temmel-4.jpg 2x\"\n            \/>\n                <img decoding=\"async\"\n        class=\"img-fluid\"\n        src=\"https:\/\/cdn3.fh-joanneum.at\/media\/sites\/79\/2022\/03\/di-markus-temmel-4.jpg\"\n        alt=\"DI Markus Temmel 2\"\n        title=\"\"\n         loading=\"lazy\"             >\n<\/picture>\n\n        <\/div>\n        <div class=\"p-2 p-xl-3\">\n            <h6>DI (FH) Markus Temmel<\/h6>\n            <p class=\"mb-0 hyphens\">\n                Seit Anfang 2022 ist Markus Temmel Gesch\u00e4ftsf\u00fchrer bei TCM International \u2212 Tool Consulting &amp; Management. Er war schon w\u00e4hrend seines Studiums bei TCM t\u00e4tig und hat seine gesamte Berufslaufbahn im Unternehmen absolviert. \n            <\/p>\n        <\/div>\n    <\/div>\n<\/a>\n          <\/div>\n                  <div class=\"col-6 col-sm-4 col-md-6 col-lg-4 col-xl-4 mb-4\">\n            <a\n    href=\"https:\/\/www.fh-joanneum.at\/it-architecture\/master\/nach-dem-studium\/absolventinnen-absolventen\/di-fh-astrid-schober\/\"\n    class=\"graduate-card bg-light\"\n>\n    <div class=\"border border-light h-100\">\n        <div class=\"image-wrapper\">\n            <picture>\n                        <source\n                media=\"(max-width: 576px)\"\n                srcset=\"https:\/\/cdn3.fh-joanneum.at\/media\/sites\/79\/2020\/03\/di-fh-astrid-schober-3.jpg, https:\/\/cdn3.fh-joanneum.at\/media\/sites\/79\/2020\/03\/di-fh-astrid-schober-3-768x768.jpg 2x\"\n            \/>\n                    <source\n                media=\"(max-width: 768px)\"\n                srcset=\"https:\/\/cdn3.fh-joanneum.at\/media\/sites\/79\/2020\/03\/di-fh-astrid-schober-3-768x768.jpg, https:\/\/cdn3.fh-joanneum.at\/media\/sites\/79\/2020\/03\/di-fh-astrid-schober-3-1024x1024.jpg 2x\"\n            \/>\n                    <source\n                media=\"(max-width: 1024px)\"\n                srcset=\"https:\/\/cdn3.fh-joanneum.at\/media\/sites\/79\/2020\/03\/di-fh-astrid-schober-3-1024x1024.jpg, https:\/\/cdn3.fh-joanneum.at\/media\/sites\/79\/2020\/03\/di-fh-astrid-schober-3.jpg 2x\"\n            \/>\n                    <source\n                media=\"(max-width: 1536px)\"\n                srcset=\"https:\/\/cdn3.fh-joanneum.at\/media\/sites\/79\/2020\/03\/di-fh-astrid-schober-3.jpg, https:\/\/cdn3.fh-joanneum.at\/media\/sites\/79\/2020\/03\/di-fh-astrid-schober-3.jpg 2x\"\n            \/>\n                    <source\n                media=\"(max-width: 2048px)\"\n                srcset=\"https:\/\/cdn3.fh-joanneum.at\/media\/sites\/79\/2020\/03\/di-fh-astrid-schober-3.jpg, https:\/\/cdn3.fh-joanneum.at\/media\/sites\/79\/2020\/03\/di-fh-astrid-schober-3.jpg 2x\"\n            \/>\n                <img decoding=\"async\"\n        class=\"img-fluid\"\n        src=\"https:\/\/cdn3.fh-joanneum.at\/media\/sites\/79\/2020\/03\/di-fh-astrid-schober-3.jpg\"\n        alt=\"DI (FH) Astrid Schober 1\"\n        title=\"\"\n         loading=\"lazy\"             >\n<\/picture>\n\n        <\/div>\n        <div class=\"p-2 p-xl-3\">\n            <h6>DI (FH) Astrid Schober<\/h6>\n            <p class=\"mb-0 hyphens\">\n                Astrid Schober verst\u00e4rkt seit 2017 als CIO das Team der Wien Energie und gestaltet die zuk\u00fcnftige IT-Landschaft des Unternehmens.\n            <\/p>\n        <\/div>\n    <\/div>\n<\/a>\n          <\/div>\n                  <div class=\"col-6 col-sm-4 col-md-6 col-lg-4 col-xl-4 mb-4\">\n            <a\n    href=\"https:\/\/www.fh-joanneum.at\/it-architecture\/master\/nach-dem-studium\/absolventinnen-absolventen\/di-fh-gerwald-tschinkel-und-di-fh-gabriel-leeb\/\"\n    class=\"graduate-card bg-light\"\n>\n    <div class=\"border border-light h-100\">\n        <div class=\"image-wrapper\">\n            <picture>\n                        <source\n                media=\"(max-width: 576px)\"\n                srcset=\"https:\/\/cdn3.fh-joanneum.at\/media\/sites\/79\/2020\/03\/di-fh-gerwald-tschinkel-und-di-fh-gabriel-leeb-2.jpg, https:\/\/cdn3.fh-joanneum.at\/media\/sites\/79\/2020\/03\/di-fh-gerwald-tschinkel-und-di-fh-gabriel-leeb-2-768x768.jpg 2x\"\n            \/>\n                    <source\n                media=\"(max-width: 768px)\"\n                srcset=\"https:\/\/cdn3.fh-joanneum.at\/media\/sites\/79\/2020\/03\/di-fh-gerwald-tschinkel-und-di-fh-gabriel-leeb-2-768x768.jpg, https:\/\/cdn3.fh-joanneum.at\/media\/sites\/79\/2020\/03\/di-fh-gerwald-tschinkel-und-di-fh-gabriel-leeb-2-1024x1024.jpg 2x\"\n            \/>\n                    <source\n                media=\"(max-width: 1024px)\"\n                srcset=\"https:\/\/cdn3.fh-joanneum.at\/media\/sites\/79\/2020\/03\/di-fh-gerwald-tschinkel-und-di-fh-gabriel-leeb-2-1024x1024.jpg, https:\/\/cdn3.fh-joanneum.at\/media\/sites\/79\/2020\/03\/di-fh-gerwald-tschinkel-und-di-fh-gabriel-leeb-2.jpg 2x\"\n            \/>\n                    <source\n                media=\"(max-width: 1536px)\"\n                srcset=\"https:\/\/cdn3.fh-joanneum.at\/media\/sites\/79\/2020\/03\/di-fh-gerwald-tschinkel-und-di-fh-gabriel-leeb-2.jpg, https:\/\/cdn3.fh-joanneum.at\/media\/sites\/79\/2020\/03\/di-fh-gerwald-tschinkel-und-di-fh-gabriel-leeb-2.jpg 2x\"\n            \/>\n                    <source\n                media=\"(max-width: 2048px)\"\n                srcset=\"https:\/\/cdn3.fh-joanneum.at\/media\/sites\/79\/2020\/03\/di-fh-gerwald-tschinkel-und-di-fh-gabriel-leeb-2.jpg, https:\/\/cdn3.fh-joanneum.at\/media\/sites\/79\/2020\/03\/di-fh-gerwald-tschinkel-und-di-fh-gabriel-leeb-2.jpg 2x\"\n            \/>\n                <img decoding=\"async\"\n        class=\"img-fluid\"\n        src=\"https:\/\/cdn3.fh-joanneum.at\/media\/sites\/79\/2020\/03\/di-fh-gerwald-tschinkel-und-di-fh-gabriel-leeb-2.jpg\"\n        alt=\"DI (FH) Gerwald Tschinkel und DI (FH) Gabriel Leeb\"\n        title=\"\"\n         loading=\"lazy\"             >\n<\/picture>\n\n        <\/div>\n        <div class=\"p-2 p-xl-3\">\n            <h6>DI (FH) Gerwald Tschinkel und DI (FH) Gabriel Leeb<\/h6>\n            <p class=\"mb-0 hyphens\">\n                Gerwald Tschinkel und Gabriel Leeb gr\u00fcndeten ihre Firma Interad direkt nach dem Studium.\n            <\/p>\n        <\/div>\n    <\/div>\n<\/a>\n          <\/div>\n                  <div class=\"col-6 col-sm-4 col-md-6 col-lg-4 col-xl-4 mb-4\">\n            <a\n    href=\"https:\/\/www.fh-joanneum.at\/it-architecture\/master\/nach-dem-studium\/absolventinnen-absolventen\/di-mariella-pucher-ba\/\"\n    class=\"graduate-card bg-light\"\n>\n    <div class=\"border border-light h-100\">\n        <div class=\"image-wrapper\">\n            <picture>\n                        <source\n                media=\"(max-width: 576px)\"\n                srcset=\"https:\/\/cdn3.fh-joanneum.at\/media\/sites\/79\/2020\/03\/di-mariella-pucher-ba-4.jpg, https:\/\/cdn3.fh-joanneum.at\/media\/sites\/79\/2020\/03\/di-mariella-pucher-ba-4-768x768.jpg 2x\"\n            \/>\n                    <source\n                media=\"(max-width: 768px)\"\n                srcset=\"https:\/\/cdn3.fh-joanneum.at\/media\/sites\/79\/2020\/03\/di-mariella-pucher-ba-4-768x768.jpg, https:\/\/cdn3.fh-joanneum.at\/media\/sites\/79\/2020\/03\/di-mariella-pucher-ba-4-1024x1024.jpg 2x\"\n            \/>\n                    <source\n                media=\"(max-width: 1024px)\"\n                srcset=\"https:\/\/cdn3.fh-joanneum.at\/media\/sites\/79\/2020\/03\/di-mariella-pucher-ba-4-1024x1024.jpg, https:\/\/cdn3.fh-joanneum.at\/media\/sites\/79\/2020\/03\/di-mariella-pucher-ba-4.jpg 2x\"\n            \/>\n                    <source\n                media=\"(max-width: 1536px)\"\n                srcset=\"https:\/\/cdn3.fh-joanneum.at\/media\/sites\/79\/2020\/03\/di-mariella-pucher-ba-4.jpg, https:\/\/cdn3.fh-joanneum.at\/media\/sites\/79\/2020\/03\/di-mariella-pucher-ba-4.jpg 2x\"\n            \/>\n                    <source\n                media=\"(max-width: 2000px)\"\n                srcset=\"https:\/\/cdn3.fh-joanneum.at\/media\/sites\/79\/2020\/03\/di-mariella-pucher-ba-4.jpg, https:\/\/cdn3.fh-joanneum.at\/media\/sites\/79\/2020\/03\/di-mariella-pucher-ba-4.jpg 2x\"\n            \/>\n                <img decoding=\"async\"\n        class=\"img-fluid\"\n        src=\"https:\/\/cdn3.fh-joanneum.at\/media\/sites\/79\/2020\/03\/di-mariella-pucher-ba-4.jpg\"\n        alt=\"DI Mariella Pucher, BA 2\"\n        title=\"\"\n         loading=\"lazy\"             >\n<\/picture>\n\n        <\/div>\n        <div class=\"p-2 p-xl-3\">\n            <h6>DI Mariella Pucher, BA<\/h6>\n            <p class=\"mb-0 hyphens\">\n                Mariella Pucher besch\u00e4ftigt sich mit Security &amp; Risk Management bei der KNAPP AG.\n            <\/p>\n        <\/div>\n    <\/div>\n<\/a>\n          <\/div>\n                  <\/div>\n  <\/div>\n<\/div>\n\n\n<div id=\"\" class=\"wp-block-text-content margin-bottom-normal\">\n    <div class=\"container-lg\">\n        <div class=\"row\">\n            <div class=\"col\">\n                <h3>Unsere Absolvent:innen im Videoportrait<\/h3>\n<p>Wir haben unsere Absolvent:innen gefragt, warum es sich in jedem Fall auszahlt, einen der Studieng&auml;nge unseres Instituts &bdquo;Wirtschaftsinformatik&rdquo; zu studieren. Verschaffen Sie sich einen lebendigen Einblick &uuml;ber die vielf&auml;ltigen M&ouml;glichkeiten, die Ihnen unsere Studieng&auml;nge f&uuml;r Ihre Karriere er&ouml;ffnen.<\/p>\n\n            <\/div>\n        <\/div>\n            <\/div>\n<\/div>\n\n\n<div id=\"\" class=\"wp-block-links-block margin-bottom-normal\">\n    <div class=\"container-lg\">\n        <div class=\"row\">\n            <div class=\"col-12\">\n                <div>\n                    <h4><\/h4>\n                    \n                <\/div>\n            <\/div>\n                            <div class=\"col-12\">\n                    <div class=\" border-top py-3\">\n                                                    <a href=\"https:\/\/www.youtube.com\/playlist?list=PLukgyEIYDTccGfZujeAdB4oEHSgLM1s84\" target=\"_blank\" class=\"link arrow-link large-arrow major-text-color-hover text-decoration-none\" data-analytics=\"\" rel=\"noopener noreferrer\">\n                                <div class=\"link-content w-100\">\n                                    <div class=\"d-flex align-items-center\">\n                                        <h5 class=\"w-100  mb-0 me-2 \">\n                                            Wirtschaftsinformatik auf YouTube<\/h5>\n                                        <svg width=\"9\" height=\"15\" viewbox=\"0 0 9 15\" fill=\"none\" xmlns=\"http:\/\/www.w3.org\/2000\/svg\">\n    <path id=\"chevron_right\" d=\"M1.5 1.5L7.5 7.5L1.5 13.5\" stroke=\"\" stroke-width=\"1.5\" stroke-linecap=\"round\"><\/path>\n<\/svg>                                    <\/div>\n                                    \n                                <\/div>\n                            <\/a>\n                                            <\/div>\n                <\/div>\n                            <div class=\"col-12\">\n                    <div class=\" border-bottom  border-top py-3\">\n                                                    <a href=\"https:\/\/www.linkedin.com\/authwall?trk=bf&amp;amp;trkInfo=AQEKUEG9KpprpAAAAZC_fEnAdU_fp30J5thO1Fqmqt-YAQsPfCv2eSZmPCPHOMpl-X2x6WpXWomWEDKhytPP6YNAkngF_OeP_iWuALOECcNKz4PRXUV875A7Lzo1PthAsrzG9EQ=&amp;amp;original_referer=&amp;amp;sessionRedirect=https%3A%2F%2Fwww.linkedin.com%2Fcompany%2Ffh-joanneum-institut-wirtschaftsinformatik-und-data-science%2F\" target=\"_blank\" class=\"link arrow-link large-arrow major-text-color-hover text-decoration-none\" data-analytics=\"\" rel=\"noopener noreferrer\">\n                                <div class=\"link-content w-100\">\n                                    <div class=\"d-flex align-items-center\">\n                                        <h5 class=\"w-100  mb-0 me-2 \">\n                                            Wirtschaftsinformatik auf LinkedIn<\/h5>\n                                        <svg width=\"9\" height=\"15\" viewbox=\"0 0 9 15\" fill=\"none\" xmlns=\"http:\/\/www.w3.org\/2000\/svg\">\n    <path id=\"chevron_right\" d=\"M1.5 1.5L7.5 7.5L1.5 13.5\" stroke=\"\" stroke-width=\"1.5\" stroke-linecap=\"round\"><\/path>\n<\/svg>                                    <\/div>\n                                    \n                                <\/div>\n                            <\/a>\n                                            <\/div>\n                <\/div>\n                    <\/div>\n    <\/div>\n<\/div>\n","protected":false},"excerpt":{"rendered":"<p>Wir haben einige unserer ehemaligen Studierenden portraitiert. So k\u00f6nnen Sie sich selbst ein Bild \u00fcber die Berufs- und Karrierem\u00f6glichkeiten machen.<\/p>\n","protected":false},"author":11,"featured_media":0,"parent":10000063,"menu_order":50,"comment_status":"closed","ping_status":"closed","template":"","meta":{"_acf_changed":false,"footnotes":""},"acf":[],"aioseo_notices":[],"_links":{"self":[{"href":"https:\/\/www.fh-joanneum.at\/it-architecture\/master\/wp-json\/wp\/v2\/pages\/10000097"}],"collection":[{"href":"https:\/\/www.fh-joanneum.at\/it-architecture\/master\/wp-json\/wp\/v2\/pages"}],"about":[{"href":"https:\/\/www.fh-joanneum.at\/it-architecture\/master\/wp-json\/wp\/v2\/types\/page"}],"author":[{"embeddable":true,"href":"https:\/\/www.fh-joanneum.at\/it-architecture\/master\/wp-json\/wp\/v2\/users\/11"}],"replies":[{"embeddable":true,"href":"https:\/\/www.fh-joanneum.at\/it-architecture\/master\/wp-json\/wp\/v2\/comments?post=10000097"}],"version-history":[{"count":1,"href":"https:\/\/www.fh-joanneum.at\/it-architecture\/master\/wp-json\/wp\/v2\/pages\/10000097\/revisions"}],"predecessor-version":[{"id":10000204,"href":"https:\/\/www.fh-joanneum.at\/it-architecture\/master\/wp-json\/wp\/v2\/pages\/10000097\/revisions\/10000204"}],"up":[{"embeddable":true,"href":"https:\/\/www.fh-joanneum.at\/it-architecture\/master\/wp-json\/wp\/v2\/pages\/10000063"}],"wp:attachment":[{"href":"https:\/\/www.fh-joanneum.at\/it-architecture\/master\/wp-json\/wp\/v2\/media?parent=10000097"}],"curies":[{"name":"wp","href":"https:\/\/api.w.org\/{rel}","templated":true}]}}