{"id":10000282,"date":"2015-08-11T11:26:04","date_gmt":"2015-08-11T09:26:04","guid":{"rendered":"https:\/\/www.fh-joanneum.at\/it-und-mobile-security\/master\/?page_id=282"},"modified":"2018-07-10T10:52:12","modified_gmt":"2018-07-10T08:52:12","slug":"voraussetzungen","status":"publish","type":"page","link":"https:\/\/www.fh-joanneum.at\/it-und-mobile-security\/master\/vor-dem-studium\/voraussetzungen\/","title":{"rendered":"Voraussetzungen"},"content":{"rendered":"<div id=\"\" class=\"wp-block-text-content margin-bottom-none\">\n    <div class=\"container-lg\">\n        <div class=\"row\">\n            <div class=\"col\">\n                <div class=\"module-migration-headline\">\n<h3>Voraussetzungen f&uuml;r das Studium<\/h3>\n<\/div>\n\n            <\/div>\n        <\/div>\n            <\/div>\n<\/div>\n\n<div id=\"\" class=\"wp-block-text-content margin-bottom-normal\">\n    <div class=\"container-lg\">\n        <div class=\"row\">\n            <div class=\"col\">\n                <p>Als fachliche Zugangsvoraussetzung f&uuml;r das Masterstudium m&uuml;ssen Sie einen qualifizierten Studienabschluss<\/p>\n<ul>\n<li>eines facheinschl&auml;gigen Bachelorstudiums oder<\/li>\n<li>einer gleichwertigen Ausbildung<\/li>\n<\/ul>\n<p>nachweisen.<\/p>\n<p>Als sprachliche Voraussetzungen m&uuml;ssen die Bewerberinnen und Bewerber Deutsch und Englisch auf der Stufe B2 gem&auml;&szlig; den Kriterien des gemeinsamen europ&auml;ischen Referenzrahmens beherrschen.<\/p>\n\n            <\/div>\n        <\/div>\n            <\/div>\n<\/div>\n\n<div id=\"\" class=\"wp-block-text-content margin-bottom-none\">\n    <div class=\"container-lg\">\n        <div class=\"row\">\n            <div class=\"col\">\n                <div class=\"module-migration-headline\">\n<h3>Details zu den Zugangsvoraussetzungen<\/h3>\n<\/div>\n\n            <\/div>\n        <\/div>\n            <\/div>\n<\/div>\n\n<div id=\"\" class=\"wp-block-text-content margin-bottom-normal\">\n    <div class=\"container-lg\">\n        <div class=\"row\">\n            <div class=\"col\">\n                <p>Der Abschluss der von der FH JOANNEUM angebotenen technischen und technisch-wirtschaftlichen Bachelorstudieng&auml;nge sowie vergleichbare in- und ausl&auml;ndische Studienabschl&uuml;sse erf&uuml;llen die Zulassungsvoraussetzung. <\/p>\n<p>F&uuml;r eine Zulassung m&uuml;ssen aus folgenden Fachbereichen insgesamt mindestens 120 ECTS-Punkte nachgewiesen werden: <\/p>\n<ul>\n<li>Grundlagen der Informations- und Kommunikationstechnologien <\/li>\n<li>Grundlagen der Netzwerktechnik<\/li>\n<li>Grundlagen des Software Engineerings<\/li>\n<li>Grundlagen der Programmierung<\/li>\n<li>Grundlagen des Projektmanagements<\/li>\n<li>Grundlagen der Datenbanken<\/li>\n<li>Wirtschaft und (IT-)Recht<\/li>\n<li>Projekt-, Bachelor- und Abschlussarbeiten<\/li>\n<\/ul>\n<p>In nicht eindeutigen F&auml;llen obliegt es der Studiengangsleitung zu entscheiden, ob die Zugangsvoraussetzungen erf&uuml;llt sind. Eine verbindliche Auskunft dar&uuml;ber erhalten Sie nach Einlangen Ihrer vollst&auml;ndigen Bewerbungsunterlagen. <\/p>\n\n            <\/div>\n        <\/div>\n            <\/div>\n<\/div>\n\n\n\n<div id=\"\" class=\"wp-block-text-content margin-bottom-normal\">\n    <div class=\"container-lg\">\n        <div class=\"row\">\n            <div class=\"col\">\n                <h4>Sie sind keine &ouml;sterreichische Staatsb&uuml;rgerin oder kein &ouml;sterreichischer Staatsb&uuml;rger?<\/h4>\n<p>F&uuml;r Sie gibt es einige Besonderheiten zu beachten. Mehr Informationen dazu finden Sie in unter dem Men&uuml;punkt <a href=\"https:\/\/fh-joanneum.at\/it-und-mobile-security\/master\/vor-dem-studium\/internationale-bewerberinnen\/\"><strong>Internationale BewerberInnen<\/strong>.<\/a><\/p>\n\n            <\/div>\n        <\/div>\n            <\/div>\n<\/div>\n\n","protected":false},"excerpt":{"rendered":"<p>Diese Voraussetzungen m\u00fcssen Sie f\u00fcr das Studium erf\u00fcllen.<\/p>\n","protected":false},"author":12,"featured_media":0,"parent":10000278,"menu_order":15,"comment_status":"closed","ping_status":"closed","template":"","meta":{"_acf_changed":false,"footnotes":""},"acf":[],"aioseo_notices":[],"_links":{"self":[{"href":"https:\/\/www.fh-joanneum.at\/it-und-mobile-security\/master\/wp-json\/wp\/v2\/pages\/10000282"}],"collection":[{"href":"https:\/\/www.fh-joanneum.at\/it-und-mobile-security\/master\/wp-json\/wp\/v2\/pages"}],"about":[{"href":"https:\/\/www.fh-joanneum.at\/it-und-mobile-security\/master\/wp-json\/wp\/v2\/types\/page"}],"author":[{"embeddable":true,"href":"https:\/\/www.fh-joanneum.at\/it-und-mobile-security\/master\/wp-json\/wp\/v2\/users\/12"}],"replies":[{"embeddable":true,"href":"https:\/\/www.fh-joanneum.at\/it-und-mobile-security\/master\/wp-json\/wp\/v2\/comments?post=10000282"}],"version-history":[{"count":0,"href":"https:\/\/www.fh-joanneum.at\/it-und-mobile-security\/master\/wp-json\/wp\/v2\/pages\/10000282\/revisions"}],"up":[{"embeddable":true,"href":"https:\/\/www.fh-joanneum.at\/it-und-mobile-security\/master\/wp-json\/wp\/v2\/pages\/10000278"}],"wp:attachment":[{"href":"https:\/\/www.fh-joanneum.at\/it-und-mobile-security\/master\/wp-json\/wp\/v2\/media?parent=10000282"}],"curies":[{"name":"wp","href":"https:\/\/api.w.org\/{rel}","templated":true}]}}