{"id":10000321,"date":"2015-08-11T11:28:39","date_gmt":"2015-08-11T09:28:39","guid":{"rendered":"https:\/\/www.fh-joanneum.at\/it-und-mobile-security\/master\/?page_id=321"},"modified":"2023-10-25T13:55:59","modified_gmt":"2023-10-25T11:55:59","slug":"absolventinnen-absolventen","status":"publish","type":"page","link":"https:\/\/www.fh-joanneum.at\/it-und-mobile-security\/master\/nach-dem-studium\/absolventinnen-absolventen\/","title":{"rendered":"Absolvent:innen"},"content":{"rendered":"<div id=\"\" class=\"wp-block-text-content margin-bottom-none\">\n    <div class=\"container-lg\">\n        <div class=\"row\">\n            <div class=\"col\">\n                <div class=\"module-migration-headline\">\n<h3>Das machen unsere Absolvent:innen.<\/h3>\n<\/div>\n\n            <\/div>\n        <\/div>\n            <\/div>\n<\/div>\n\n<div id=\"\" class=\"wp-block-list-of-graduates margin-bottom-normal\">\n  <div class=\"container-lg\">\n    <div class=\"row\">\n                        <div class=\"col-6 col-sm-4 col-md-6 col-lg-4 col-xl-4 mb-4\">\n            <a\n    href=\"https:\/\/www.fh-joanneum.at\/it-und-mobile-security\/master\/nach-dem-studium\/absolventinnen-absolventen\/di-fh-georg-knabl-msc\/\"\n    class=\"graduate-card bg-light\"\n>\n    <div class=\"border border-light h-100\">\n        <div class=\"image-wrapper\">\n            <picture>\n                        <source\n                media=\"(max-width: 350px)\"\n                srcset=\"https:\/\/cdn3.fh-joanneum.at\/media\/sites\/7\/2021\/01\/di-fh-georg-knabl-msc.jpg, https:\/\/cdn3.fh-joanneum.at\/media\/sites\/7\/2021\/01\/di-fh-georg-knabl-msc.jpg 2x\"\n            \/>\n                    <source\n                media=\"(max-width: 350px)\"\n                srcset=\"https:\/\/cdn3.fh-joanneum.at\/media\/sites\/7\/2021\/01\/di-fh-georg-knabl-msc.jpg, https:\/\/cdn3.fh-joanneum.at\/media\/sites\/7\/2021\/01\/di-fh-georg-knabl-msc.jpg 2x\"\n            \/>\n                    <source\n                media=\"(max-width: 350px)\"\n                srcset=\"https:\/\/cdn3.fh-joanneum.at\/media\/sites\/7\/2021\/01\/di-fh-georg-knabl-msc.jpg, https:\/\/cdn3.fh-joanneum.at\/media\/sites\/7\/2021\/01\/di-fh-georg-knabl-msc.jpg 2x\"\n            \/>\n                    <source\n                media=\"(max-width: 350px)\"\n                srcset=\"https:\/\/cdn3.fh-joanneum.at\/media\/sites\/7\/2021\/01\/di-fh-georg-knabl-msc.jpg, https:\/\/cdn3.fh-joanneum.at\/media\/sites\/7\/2021\/01\/di-fh-georg-knabl-msc.jpg 2x\"\n            \/>\n                    <source\n                media=\"(max-width: 350px)\"\n                srcset=\"https:\/\/cdn3.fh-joanneum.at\/media\/sites\/7\/2021\/01\/di-fh-georg-knabl-msc.jpg, https:\/\/cdn3.fh-joanneum.at\/media\/sites\/7\/2021\/01\/di-fh-georg-knabl-msc.jpg 2x\"\n            \/>\n                <img decoding=\"async\"\n        class=\"img-fluid\"\n        src=\"https:\/\/cdn3.fh-joanneum.at\/media\/sites\/7\/2021\/01\/di-fh-georg-knabl-msc.jpg\"\n        alt=\"DI (FH) Georg Knabl, MSc\"\n        title=\"\"\n         loading=\"lazy\"             >\n<\/picture>\n\n        <\/div>\n        <div class=\"p-2 p-xl-3\">\n            <h6>DI (FH) Georg Knabl, MSc<\/h6>\n            <p class=\"mb-0 hyphens\">\n                Als Gesch\u00e4ftsf\u00fchrer von Page On Stage konzipiert und setzt Georg Knabl innovative Software-Projekte um, die dabei helfen, technologische Herausforderungen von Unternehmen zu l\u00f6sen.\r\n\n            <\/p>\n        <\/div>\n    <\/div>\n<\/a>\n          <\/div>\n                  <div class=\"col-6 col-sm-4 col-md-6 col-lg-4 col-xl-4 mb-4\">\n            <a\n    href=\"https:\/\/www.fh-joanneum.at\/it-und-mobile-security\/master\/nach-dem-studium\/absolventinnen-absolventen\/franz-platzer-msc\/\"\n    class=\"graduate-card bg-light\"\n>\n    <div class=\"border border-light h-100\">\n        <div class=\"image-wrapper\">\n            <picture>\n                        <source\n                media=\"(max-width: 576px)\"\n                srcset=\"https:\/\/cdn3.fh-joanneum.at\/media\/sites\/7\/2021\/03\/franz-platzer-msc.jpg, https:\/\/cdn3.fh-joanneum.at\/media\/sites\/7\/2021\/03\/franz-platzer-msc-768x512.jpg 2x\"\n            \/>\n                    <source\n                media=\"(max-width: 768px)\"\n                srcset=\"https:\/\/cdn3.fh-joanneum.at\/media\/sites\/7\/2021\/03\/franz-platzer-msc-768x512.jpg, https:\/\/cdn3.fh-joanneum.at\/media\/sites\/7\/2021\/03\/franz-platzer-msc-1024x683.jpg 2x\"\n            \/>\n                    <source\n                media=\"(max-width: 1024px)\"\n                srcset=\"https:\/\/cdn3.fh-joanneum.at\/media\/sites\/7\/2021\/03\/franz-platzer-msc-1024x683.jpg, https:\/\/cdn3.fh-joanneum.at\/media\/sites\/7\/2021\/03\/franz-platzer-msc.jpg 2x\"\n            \/>\n                    <source\n                media=\"(max-width: 1536px)\"\n                srcset=\"https:\/\/cdn3.fh-joanneum.at\/media\/sites\/7\/2021\/03\/franz-platzer-msc.jpg, https:\/\/cdn3.fh-joanneum.at\/media\/sites\/7\/2021\/03\/franz-platzer-msc.jpg 2x\"\n            \/>\n                    <source\n                media=\"(max-width: 1680px)\"\n                srcset=\"https:\/\/cdn3.fh-joanneum.at\/media\/sites\/7\/2021\/03\/franz-platzer-msc.jpg, https:\/\/cdn3.fh-joanneum.at\/media\/sites\/7\/2021\/03\/franz-platzer-msc.jpg 2x\"\n            \/>\n                <img decoding=\"async\"\n        class=\"img-fluid\"\n        src=\"https:\/\/cdn3.fh-joanneum.at\/media\/sites\/7\/2021\/03\/franz-platzer-msc.jpg\"\n        alt=\"Franz Platzer, MSc\"\n        title=\"\"\n         loading=\"lazy\"             >\n<\/picture>\n\n        <\/div>\n        <div class=\"p-2 p-xl-3\">\n            <h6>Franz Platzer, MSc<\/h6>\n            <p class=\"mb-0 hyphens\">\n                Franz Platzer ist Teamlead und Senior Software Engineer bei Dynatrace, eines der modernsten IT-Unternehmen in \u00d6sterreich. Neben der F\u00fchrung eines Entwicklungsteams arbeitet er an neuen technologischen Herausforderungen in der Softwareentwicklung.\n            <\/p>\n        <\/div>\n    <\/div>\n<\/a>\n          <\/div>\n                  <div class=\"col-6 col-sm-4 col-md-6 col-lg-4 col-xl-4 mb-4\">\n            <a\n    href=\"https:\/\/www.fh-joanneum.at\/it-und-mobile-security\/master\/nach-dem-studium\/absolventinnen-absolventen\/michael-stifter-bsc-msc\/\"\n    class=\"graduate-card bg-light\"\n>\n    <div class=\"border border-light h-100\">\n        <div class=\"image-wrapper\">\n            <picture>\n                        <source\n                media=\"(max-width: 520px)\"\n                srcset=\"https:\/\/cdn3.fh-joanneum.at\/media\/sites\/7\/2020\/05\/michael-stifter-bsc-msc-2.jpg, https:\/\/cdn3.fh-joanneum.at\/media\/sites\/7\/2020\/05\/michael-stifter-bsc-msc-2-768x851.jpg 2x\"\n            \/>\n                    <source\n                media=\"(max-width: 768px)\"\n                srcset=\"https:\/\/cdn3.fh-joanneum.at\/media\/sites\/7\/2020\/05\/michael-stifter-bsc-msc-2-768x851.jpg, https:\/\/cdn3.fh-joanneum.at\/media\/sites\/7\/2020\/05\/michael-stifter-bsc-msc-2-924x1024.jpg 2x\"\n            \/>\n                    <source\n                media=\"(max-width: 924px)\"\n                srcset=\"https:\/\/cdn3.fh-joanneum.at\/media\/sites\/7\/2020\/05\/michael-stifter-bsc-msc-2-924x1024.jpg, https:\/\/cdn3.fh-joanneum.at\/media\/sites\/7\/2020\/05\/michael-stifter-bsc-msc-2.jpg 2x\"\n            \/>\n                    <source\n                media=\"(max-width: 1386px)\"\n                srcset=\"https:\/\/cdn3.fh-joanneum.at\/media\/sites\/7\/2020\/05\/michael-stifter-bsc-msc-2.jpg, https:\/\/cdn3.fh-joanneum.at\/media\/sites\/7\/2020\/05\/michael-stifter-bsc-msc-2.jpg 2x\"\n            \/>\n                    <source\n                media=\"(max-width: 1848px)\"\n                srcset=\"https:\/\/cdn3.fh-joanneum.at\/media\/sites\/7\/2020\/05\/michael-stifter-bsc-msc-2.jpg, https:\/\/cdn3.fh-joanneum.at\/media\/sites\/7\/2020\/05\/michael-stifter-bsc-msc-2.jpg 2x\"\n            \/>\n                <img decoding=\"async\"\n        class=\"img-fluid\"\n        src=\"https:\/\/cdn3.fh-joanneum.at\/media\/sites\/7\/2020\/05\/michael-stifter-bsc-msc-2.jpg\"\n        alt=\"Michael Stifter, BSc MSc 1\"\n        title=\"\"\n         loading=\"lazy\"             >\n<\/picture>\n\n        <\/div>\n        <div class=\"p-2 p-xl-3\">\n            <h6>Michael Stifter, BSc MSc<\/h6>\n            <p class=\"mb-0 hyphens\">\n                Aus dem Studium hat Michael Stifter die wichtige Erkenntnis mitgenommen, dass zur Softwareentwicklung viel mehr geh\u00f6rt als blo\u00df das Programmieren selbst. Heute entwickelt er bei Parkside digitale Anwendungen von morgen.\n            <\/p>\n        <\/div>\n    <\/div>\n<\/a>\n          <\/div>\n                  <div class=\"col-6 col-sm-4 col-md-6 col-lg-4 col-xl-4 mb-4\">\n            <a\n    href=\"https:\/\/www.fh-joanneum.at\/it-und-mobile-security\/master\/nach-dem-studium\/absolventinnen-absolventen\/christoph-kubesch-bsc-msc\/\"\n    class=\"graduate-card bg-light\"\n>\n    <div class=\"border border-light h-100\">\n        <div class=\"image-wrapper\">\n            <picture>\n                        <source\n                media=\"(max-width: 384px)\"\n                srcset=\"https:\/\/cdn3.fh-joanneum.at\/media\/sites\/7\/2019\/11\/christoph-kubesch.jpg, https:\/\/cdn3.fh-joanneum.at\/media\/sites\/7\/2019\/11\/christoph-kubesch-768x1152.jpg 2x\"\n            \/>\n                    <source\n                media=\"(max-width: 768px)\"\n                srcset=\"https:\/\/cdn3.fh-joanneum.at\/media\/sites\/7\/2019\/11\/christoph-kubesch-768x1152.jpg, https:\/\/cdn3.fh-joanneum.at\/media\/sites\/7\/2019\/11\/christoph-kubesch-683x1024.jpg 2x\"\n            \/>\n                    <source\n                media=\"(max-width: 683px)\"\n                srcset=\"https:\/\/cdn3.fh-joanneum.at\/media\/sites\/7\/2019\/11\/christoph-kubesch-683x1024.jpg, https:\/\/cdn3.fh-joanneum.at\/media\/sites\/7\/2019\/11\/christoph-kubesch.jpg 2x\"\n            \/>\n                    <source\n                media=\"(max-width: 1024px)\"\n                srcset=\"https:\/\/cdn3.fh-joanneum.at\/media\/sites\/7\/2019\/11\/christoph-kubesch.jpg, https:\/\/cdn3.fh-joanneum.at\/media\/sites\/7\/2019\/11\/christoph-kubesch.jpg 2x\"\n            \/>\n                    <source\n                media=\"(max-width: 1280px)\"\n                srcset=\"https:\/\/cdn3.fh-joanneum.at\/media\/sites\/7\/2019\/11\/christoph-kubesch.jpg, https:\/\/cdn3.fh-joanneum.at\/media\/sites\/7\/2019\/11\/christoph-kubesch.jpg 2x\"\n            \/>\n                <img decoding=\"async\"\n        class=\"img-fluid\"\n        src=\"https:\/\/cdn3.fh-joanneum.at\/media\/sites\/7\/2019\/11\/christoph-kubesch.jpg\"\n        alt=\"Christoph Kubesch\"\n        title=\"\"\n         loading=\"lazy\"             >\n<\/picture>\n\n        <\/div>\n        <div class=\"p-2 p-xl-3\">\n            <h6>Christoph Kubesch, BSc MSc<\/h6>\n            <p class=\"mb-0 hyphens\">\n                Christoph Kubesch, digitaler Optimist, ist seit 2009 bei der SOLVION GmbH als Technical Lead t\u00e4tig. Sein Ziel: nie die Leidenschaft und Begeisterung zu verlieren sowie weiterhin die Zukunft von SOLVION mitzugestalten.\n            <\/p>\n        <\/div>\n    <\/div>\n<\/a>\n          <\/div>\n                  <div class=\"col-6 col-sm-4 col-md-6 col-lg-4 col-xl-4 mb-4\">\n            <a\n    href=\"https:\/\/www.fh-joanneum.at\/it-und-mobile-security\/master\/nach-dem-studium\/absolventinnen-absolventen\/markus-wolf-bsc-msc\/\"\n    class=\"graduate-card bg-light\"\n>\n    <div class=\"border border-light h-100\">\n        <div class=\"image-wrapper\">\n            <picture>\n                        <source\n                media=\"(max-width: 432px)\"\n                srcset=\"https:\/\/cdn3.fh-joanneum.at\/media\/sites\/7\/2021\/02\/markus-wolf-bsc-msc.png, https:\/\/cdn3.fh-joanneum.at\/media\/sites\/7\/2021\/02\/markus-wolf-bsc-msc.png 2x\"\n            \/>\n                    <source\n                media=\"(max-width: 700px)\"\n                srcset=\"https:\/\/cdn3.fh-joanneum.at\/media\/sites\/7\/2021\/02\/markus-wolf-bsc-msc.png, https:\/\/cdn3.fh-joanneum.at\/media\/sites\/7\/2021\/02\/markus-wolf-bsc-msc.png 2x\"\n            \/>\n                    <source\n                media=\"(max-width: 700px)\"\n                srcset=\"https:\/\/cdn3.fh-joanneum.at\/media\/sites\/7\/2021\/02\/markus-wolf-bsc-msc.png, https:\/\/cdn3.fh-joanneum.at\/media\/sites\/7\/2021\/02\/markus-wolf-bsc-msc.png 2x\"\n            \/>\n                    <source\n                media=\"(max-width: 700px)\"\n                srcset=\"https:\/\/cdn3.fh-joanneum.at\/media\/sites\/7\/2021\/02\/markus-wolf-bsc-msc.png, https:\/\/cdn3.fh-joanneum.at\/media\/sites\/7\/2021\/02\/markus-wolf-bsc-msc.png 2x\"\n            \/>\n                    <source\n                media=\"(max-width: 700px)\"\n                srcset=\"https:\/\/cdn3.fh-joanneum.at\/media\/sites\/7\/2021\/02\/markus-wolf-bsc-msc.png, https:\/\/cdn3.fh-joanneum.at\/media\/sites\/7\/2021\/02\/markus-wolf-bsc-msc.png 2x\"\n            \/>\n                <img decoding=\"async\"\n        class=\"img-fluid\"\n        src=\"https:\/\/cdn3.fh-joanneum.at\/media\/sites\/7\/2021\/02\/markus-wolf-bsc-msc.png\"\n        alt=\"Markus Wolf, BSc MSc\"\n        title=\"\"\n         loading=\"lazy\"             >\n<\/picture>\n\n        <\/div>\n        <div class=\"p-2 p-xl-3\">\n            <h6>Markus Wolf, BSc MSc<\/h6>\n            <p class=\"mb-0 hyphens\">\n                Als Research Engineer f\u00fcr Cyber Security bei der AVL List GmbH forscht Markus Wolf an spannenden internationalen Projekten im Bereich Automotive Security.\n            <\/p>\n        <\/div>\n    <\/div>\n<\/a>\n          <\/div>\n                  <\/div>\n  <\/div>\n<\/div>\n\n","protected":false},"excerpt":{"rendered":"<p>Wir haben einige unserer ehemaligen Studierenden portraitiert. So k\u00f6nnen Sie sich selbst ein Bild \u00fcber die Berufs- und Karrierem\u00f6glichkeiten machen.<\/p>\n","protected":false},"author":12,"featured_media":0,"parent":10000316,"menu_order":49,"comment_status":"closed","ping_status":"closed","template":"","meta":{"_acf_changed":false,"footnotes":""},"acf":[],"aioseo_notices":[],"_links":{"self":[{"href":"https:\/\/www.fh-joanneum.at\/it-und-mobile-security\/master\/wp-json\/wp\/v2\/pages\/10000321"}],"collection":[{"href":"https:\/\/www.fh-joanneum.at\/it-und-mobile-security\/master\/wp-json\/wp\/v2\/pages"}],"about":[{"href":"https:\/\/www.fh-joanneum.at\/it-und-mobile-security\/master\/wp-json\/wp\/v2\/types\/page"}],"author":[{"embeddable":true,"href":"https:\/\/www.fh-joanneum.at\/it-und-mobile-security\/master\/wp-json\/wp\/v2\/users\/12"}],"replies":[{"embeddable":true,"href":"https:\/\/www.fh-joanneum.at\/it-und-mobile-security\/master\/wp-json\/wp\/v2\/comments?post=10000321"}],"version-history":[{"count":0,"href":"https:\/\/www.fh-joanneum.at\/it-und-mobile-security\/master\/wp-json\/wp\/v2\/pages\/10000321\/revisions"}],"up":[{"embeddable":true,"href":"https:\/\/www.fh-joanneum.at\/it-und-mobile-security\/master\/wp-json\/wp\/v2\/pages\/10000316"}],"wp:attachment":[{"href":"https:\/\/www.fh-joanneum.at\/it-und-mobile-security\/master\/wp-json\/wp\/v2\/media?parent=10000321"}],"curies":[{"name":"wp","href":"https:\/\/api.w.org\/{rel}","templated":true}]}}