{"id":10000008,"date":"2014-08-18T15:44:24","date_gmt":"2014-08-18T13:44:24","guid":{"rendered":"https:\/\/www.fh-joanneum.at\/journalismus-und-public-relations\/bachelor\/vor-dem-studium\/bewerbung\/"},"modified":"2026-03-10T16:27:09","modified_gmt":"2026-03-10T15:27:09","slug":"bewerbung","status":"publish","type":"page","link":"https:\/\/www.fh-joanneum.at\/journalismus-und-public-relations\/bachelor\/vor-dem-studium\/bewerbung\/","title":{"rendered":"Bewerbung"},"content":{"rendered":"<div id=\"\" class=\"wp-block-text-content margin-bottom-none\">\n    <div class=\"container-lg\">\n        <div class=\"row\">\n            <div class=\"col\">\n                <div class=\"module-migration-headline\">\n<h3>Wie bewerbe ich mich f&uuml;r das Studium?<\/h3>\n<\/div>\n\n            <\/div>\n        <\/div>\n            <\/div>\n<\/div>\n\n\n<div id=\"\" class=\"wp-block-text-content margin-bottom-normal\">\n    <div class=\"container-lg\">\n        <div class=\"row\">\n            <div class=\"col\">\n                <p>Wenn Sie die Voraussetzungen erf&uuml;llen, k&ouml;nnen Sie sich f&uuml;r das Studium bewerben. <\/p>\n<h4>Step 1: Registrierung und Bewerbung<\/h4>\n<p>Neue Bewerber:innen m&uuml;ssen sich zuerst im JOANNEUM I online registrieren. Melden Sie sich dann bei Ihrem Account an, w&auml;hlen Sie Ihren Studiengang und laden Sie fristgerecht Ihre Unterlagen hoch.<\/p>\n<h5><a href=\"https:\/\/www.fh-joanneum.at\/studium\/online-bewerbung\/\">Hier geht es zur Onlinebewerbung.<\/a><\/h5>\n\n            <\/div>\n        <\/div>\n            <\/div>\n<\/div>\n\n\n<div\n    id=\"\"\n    class=\"wp-block-tipp-box margin-bottom-normal\"\n>\n    <div class=\"container-lg\">\n        <div class=\"row\">\n            <div class=\"col\">\n                <div class=\"tipp-box border border-info\">\n                    <div class=\"tipp-box-inner p-2 p-md-3\">\n                        <h4 class=\"\">Hinweis<\/h4>\n                        <p>Achten Sie darauf, dass Ihre Unterlagen vollst\u00e4ndig sind, bevor Sie diese hochladen und absenden. <strong>Motivationsschreiben, Lebenslauf und Staatsb\u00fcrgerschaftsnachweis oder Kopie des Reisepasses<\/strong> m\u00fcssen bis zum jeweiligen <strong>Ende der Bewerbungsfrist<\/strong> eingereicht werden. Nur so kann Ihre Bewerbung f\u00fcr das Aufnahmeverfahren ber\u00fccksichtigt werden. Alle anderen Dokumente k\u00f6nnen nachgereicht werden. Die genauen Fristen daf\u00fcr sind in Ihrem Account sichtbar. <\/p>\n\n                    <\/div>\n                <\/div>\n            <\/div>\n        <\/div>\n    <\/div>\n<\/div>\n\n\n<div\n    id=\"\"\n    class=\"wp-block-tipp-box margin-bottom-normal\"\n>\n    <div class=\"container-lg\">\n        <div class=\"row\">\n            <div class=\"col\">\n                <div class=\"tipp-box border border-success\">\n                    <div class=\"tipp-box-inner p-2 p-md-3\">\n                        <h4 class=\"\">Alternativbewerbung<\/h4>\n                        <p>An den Bewerbungsterminen im April und Mai k\u00f6nnen Sie zus\u00e4tzlich eine Alternativbewerbung f\u00fcr einen zweiten Studiengang einreichen. Als Alternativbewerbung kommen alle Studieng\u00e4nge in Frage, die einen Junitermin anbieten. Eine \u00dcbersicht \u00fcber diese <a href=\"https:\/\/www.fh-joanneum.at\/topics\/unsere-bewerbungstermine-2\/#bewerbungstermine-ba\">finden Sie hier<\/a>.<\/p>\n\n                    <\/div>\n                <\/div>\n            <\/div>\n        <\/div>\n    <\/div>\n<\/div>\n\n\n<div id=\"\" class=\"wp-block-text-content margin-bottom-normal\">\n    <div class=\"container-lg\">\n        <div class=\"row\">\n            <div class=\"col\">\n                <h4>Step 2: N&ouml;tige Unterlagen.<\/h4>\n<h5>Motivationsschreiben<\/h5>\n<p>Das Motivationsschreiben soll im Idealfall ein Bild von Ihnen selbst darstellen. Erkl&auml;ren Sie darin also, warum Sie sich f&uuml;r das Studium interessieren und eignen. Gehen Sie darauf ein, was Sie sich f&uuml;r Ihre berufliche Zukunft w&uuml;nschen. Beschreiben Sie die Erfahrungen, die Sie mit den Themen des Studiums und dem Berufsfeld vielleicht schon gemacht haben. Erz&auml;hlen Sie auch etwas &uuml;ber sich selbst, &uuml;ber Ihre St&auml;rken, Schw&auml;chen und Ihre Pers&ouml;nlichkeit.<\/p>\n\n            <\/div>\n        <\/div>\n            <\/div>\n<\/div>\n\n\n<div id=\"\" class=\"wp-block-text-content margin-bottom-normal\">\n    <div class=\"container-lg\">\n        <div class=\"row\">\n            <div class=\"col\">\n                <h5>Lebenslauf<\/h5>\n<p>Der Lebenslauf ist die faktische Unterlage Ihres Bewerbungsscheibens, strukturieren Sie ihn also &uuml;bersichtlich, chronologisch und vollst&auml;ndig. Sie haben bereits berufliche Erfahrung, Praktika absolviert, Ferialjobs gehabt oder sich sozial engagiert? Z&auml;hlen Sie alle diese Dinge auf. Der Lebenslauf vermittelt uns ein Bild von Ihrem bisherigen Bildungs- und Berufsweg.<\/p>\n\n            <\/div>\n        <\/div>\n            <\/div>\n<\/div>\n\n\n<div\n    id=\"\"\n    class=\"wp-block-tipp-box margin-bottom-normal\"\n>\n    <div class=\"container-lg\">\n        <div class=\"row\">\n            <div class=\"col\">\n                <div class=\"tipp-box border border-warning\">\n                    <div class=\"tipp-box-inner p-2 p-md-3\">\n                        <h4 class=\"\">Tipp<\/h4>\n                        <p>Wenn Sie sich \u00fcber den genauen Aufbau Ihres Lebenslaufes nicht sicher sind, k\u00f6nnen Sie zum Beispiel den <a href=\"http:\/\/europass.cedefop.europa.eu\/de\/documents\/curriculum-vitae\" title=\"Europass-Lebenslauf\">Europass-Lebenslauf<\/a> zu Rate ziehen.<\/p>\n\n                    <\/div>\n                <\/div>\n            <\/div>\n        <\/div>\n    <\/div>\n<\/div>\n\n\n<div id=\"\" class=\"wp-block-text-content margin-bottom-normal\">\n    <div class=\"container-lg\">\n        <div class=\"row\">\n            <div class=\"col\">\n                <h5>Nachweis der Allgemeinen Universit&auml;tsreife oder Studienberechtigung<\/h5>\n<p>Weisen Sie anhand eines Dokuments nach, dass Sie die formalen Voraussetzungen f&uuml;r das Studium erf&uuml;llen: <\/p>\n<ul>\n<li>Reifepr&uuml;fungszeugnis und Abschlussklassenzeugnis<\/li>\n<\/ul>\n<p>oder <\/p>\n<ul>\n<li>einen Nachweis der Studienberechtigung bzw. der Zusatzpr&uuml;fungen <\/li>\n<\/ul>\n\n            <\/div>\n        <\/div>\n            <\/div>\n<\/div>\n\n\n<div\n    id=\"\"\n    class=\"wp-block-tipp-box margin-bottom-normal\"\n>\n    <div class=\"container-lg\">\n        <div class=\"row\">\n            <div class=\"col\">\n                <div class=\"tipp-box border border-warning\">\n                    <div class=\"tipp-box-inner p-2 p-md-3\">\n                        <h4 class=\"\">Tipp<\/h4>\n                        <p>Falls Sie inl\u00e4ndische Dokumente zur allgemeinen Universit\u00e4tsreife oder Studienberechtigung zum Zeitpunkt der Bewerbung noch nicht haben, k\u00f6nnen Sie diese bis zum Studienbeginn nachreichen. F\u00fcr die \u00dcberpr\u00fcfung der Zugangsvoraussetzungen bitten wir Sie, uns Ihr letztes Semester- beziehungsweise Jahreszeugnis zukommen zu lassen!<\/p>\n<p>F\u00fcr Dokumente von internationalen Bewerber:innen gelten eigene Richtlinien. Bei Fragen dazu senden Sie diese per Mail an <a href=\"&#109;&#97;&#105;&#108;&#116;&#111;&#58;&#98;&#101;&#119;&#101;&#114;&#98;&#117;&#110;&#103;&#64;&#102;&#104;&#45;&#106;&#111;&#97;&#110;&#110;&#101;&#117;&#109;&#46;&#97;&#116;\">&#98;&#101;&#119;&#101;&#114;&#98;&#117;&#110;&#103;&#64;&#102;&#104;&#45;&#106;&#111;&#97;&#110;&#110;&#101;&#117;&#109;&#46;&#97;&#116;<\/a>. <\/p>\n\n                    <\/div>\n                <\/div>\n            <\/div>\n        <\/div>\n    <\/div>\n<\/div>\n\n\n<div id=\"\" class=\"wp-block-text-content margin-bottom-normal\">\n    <div class=\"container-lg\">\n        <div class=\"row\">\n            <div class=\"col\">\n                <h5>Staatsb&uuml;rgerschaftsnachweis oder eine Kopie des Reisepasses<\/h5>\n\n            <\/div>\n        <\/div>\n            <\/div>\n<\/div>\n\n\n<div id=\"\" class=\"wp-block-text-content margin-bottom-normal\">\n    <div class=\"container-lg\">\n        <div class=\"row\">\n            <div class=\"col\">\n                <h5>Sie haben internationale Dokumente?<\/h5>\n<p>Falls Sie internationale Dokumente, die den Nachweis der allgemeinen Hochschulreife belegen, besitzen und\/oder kein:e &ouml;sterreichische:r Staatsb&uuml;rger:in sind, gelten besondere Regeln. <\/p>\n<p>F&uuml;r Sie gibt es einige Besonderheiten zu beachten. Mehr Informationen dazu finden Sie unter dem Men&uuml;punkt <a href=\"https:\/\/www.fh-joanneum.at\/journalismus-und-public-relations\/bachelor\/vor-dem-studium\/internationale-bewerberinnen\/\"><strong>Internationale Bewerber:innen.<\/strong><\/a><\/p>\n\n            <\/div>\n        <\/div>\n            <\/div>\n<\/div>\n\n\n<div id=\"\" class=\"wp-block-text-content margin-bottom-normal\">\n    <div class=\"container-lg\">\n        <div class=\"row\">\n            <div class=\"col\">\n                <h4>Step 3: Einladung zum Online-Test<\/h4>\n<p>Ihre Bewerbung wird von der Studienadministration &uuml;berpr&uuml;ft. Innerhalb kurzer Zeit bekommen Sie eine E-Mail mit der Best&auml;tigung, ob Ihre Unterlagen vollst&auml;ndig sind und Sie die Voraussetzungen f&uuml;r die Zulassung erf&uuml;llen. Alle Informationen zum Aufnahmeverfahren bekommen Sie ebenfalls per E-Mail. Der aktuelle Status Ihrer Bewerbung ist auch in Ihrem FH-Account einsehbar.<\/p>\n\n            <\/div>\n        <\/div>\n            <\/div>\n<\/div>\n\n\n\n\n<div id=\"\" class=\"wp-block-links-block margin-bottom-normal\">\n    <div class=\"container-lg\">\n        <div class=\"row\">\n            <div class=\"col-12\">\n                <div>\n                    <h4><\/h4>\n                    \n                <\/div>\n            <\/div>\n                            <div class=\"col-12\">\n                    <div class=\" border-bottom  border-top py-3\">\n                                                    <a href=\"https:\/\/cdn3.fh-joanneum.at\/media\/2026\/03\/jpresse18_2026_final_web.pdf\" target=\"_blank\" class=\"link arrow-link large-arrow major-text-color-hover text-decoration-none\" data-analytics=\"\" rel=\"noopener noreferrer\">\n                                <div class=\"link-content w-100\">\n                                    <div class=\"d-flex align-items-center\">\n                                        <h5 class=\"w-100 \">\n                                            JPResse<\/h5>\n                                        <svg width=\"9\" height=\"15\" viewbox=\"0 0 9 15\" fill=\"none\" xmlns=\"http:\/\/www.w3.org\/2000\/svg\">\n    <path id=\"chevron_right\" d=\"M1.5 1.5L7.5 7.5L1.5 13.5\" stroke=\"\" stroke-width=\"1.5\" stroke-linecap=\"round\"><\/path>\n<\/svg>                                    <\/div>\n                                    <p>Was die Studierenden im ersten Studienjahr &uuml;ber das Aufnahmeverfahren und ihr Studium berichten, k&ouml;nnen Interessierte in der j&auml;hrlich erscheinenden JPResse nachlesen.<\/p>\n\n                                <\/div>\n                            <\/a>\n                                            <\/div>\n                <\/div>\n                    <\/div>\n    <\/div>\n<\/div>\n","protected":false},"excerpt":{"rendered":"<p>Hier erhalten Sie nicht nur wertvolle Tipps zu Ihrer Bewerbung, sondern Sie erfahren auch, welche Dokumente und Unterlagen Sie daf\u00fcr ben\u00f6tigen.<\/p>\n","protected":false},"author":1,"featured_media":10001129,"parent":10000005,"menu_order":29,"comment_status":"closed","ping_status":"closed","template":"","meta":{"_acf_changed":false,"footnotes":""},"acf":[],"aioseo_notices":[],"_links":{"self":[{"href":"https:\/\/www.fh-joanneum.at\/journalismus-und-public-relations\/bachelor\/wp-json\/wp\/v2\/pages\/10000008"}],"collection":[{"href":"https:\/\/www.fh-joanneum.at\/journalismus-und-public-relations\/bachelor\/wp-json\/wp\/v2\/pages"}],"about":[{"href":"https:\/\/www.fh-joanneum.at\/journalismus-und-public-relations\/bachelor\/wp-json\/wp\/v2\/types\/page"}],"author":[{"embeddable":true,"href":"https:\/\/www.fh-joanneum.at\/journalismus-und-public-relations\/bachelor\/wp-json\/wp\/v2\/users\/1"}],"replies":[{"embeddable":true,"href":"https:\/\/www.fh-joanneum.at\/journalismus-und-public-relations\/bachelor\/wp-json\/wp\/v2\/comments?post=10000008"}],"version-history":[{"count":4,"href":"https:\/\/www.fh-joanneum.at\/journalismus-und-public-relations\/bachelor\/wp-json\/wp\/v2\/pages\/10000008\/revisions"}],"predecessor-version":[{"id":10001375,"href":"https:\/\/www.fh-joanneum.at\/journalismus-und-public-relations\/bachelor\/wp-json\/wp\/v2\/pages\/10000008\/revisions\/10001375"}],"up":[{"embeddable":true,"href":"https:\/\/www.fh-joanneum.at\/journalismus-und-public-relations\/bachelor\/wp-json\/wp\/v2\/pages\/10000005"}],"wp:featuredmedia":[{"embeddable":true,"href":"https:\/\/www.fh-joanneum.at\/journalismus-und-public-relations\/bachelor\/wp-json\/wp\/v2\/media\/10001129"}],"wp:attachment":[{"href":"https:\/\/www.fh-joanneum.at\/journalismus-und-public-relations\/bachelor\/wp-json\/wp\/v2\/media?parent=10000008"}],"curies":[{"name":"wp","href":"https:\/\/api.w.org\/{rel}","templated":true}]}}