{"id":10000009,"date":"2014-08-18T15:44:24","date_gmt":"2014-08-18T13:44:24","guid":{"rendered":"https:\/\/www.fh-joanneum.at\/journalismus-und-public-relations\/bachelor\/vor-dem-studium\/aufnahmeverfahren\/"},"modified":"2025-09-24T08:55:33","modified_gmt":"2025-09-24T06:55:33","slug":"aufnahmeverfahren","status":"publish","type":"page","link":"https:\/\/www.fh-joanneum.at\/journalismus-und-public-relations\/bachelor\/vor-dem-studium\/aufnahmeverfahren\/","title":{"rendered":"Aufnahmeverfahren"},"content":{"rendered":"<div id=\"\" class=\"wp-block-text-content margin-bottom-none\">\n    <div class=\"container-lg\">\n        <div class=\"row\">\n            <div class=\"col\">\n                <div class=\"module-migration-headline\">\n<h3>Wie absolviere ich das Online-Aufnahmeverfahren?<\/h3>\n<\/div>\n\n            <\/div>\n        <\/div>\n            <\/div>\n<\/div>\n\n\n\n\n\n\n\n\n\n\n\n\n\n\n\n\n\n\n\n\n\n\n\n\n\n\n\n\n\n\n<div id=\"\" class=\"wp-block-text-content margin-bottom-normal\">\n    <div class=\"container-lg\">\n        <div class=\"row\">\n            <div class=\"col\">\n                <p>Das Aufnahmeverfahren besteht aus drei online durchgef&uuml;hrten Teilen:<\/p>\n<ul>\n<li>Bewerbung<\/li>\n<li>Online-Test<\/li>\n<li>erweitertes Gespr&auml;ch<\/li>\n<\/ul>\n<h4>Der Online-Test<\/h4>\n<p>Sie werden zum Online-Test eingeladen, wenn Sie die Voraussetzungen f&uuml;r die Zulassung erf&uuml;llen und Ihre Bewerbung vollst&auml;ndig und fristgerecht eingereicht haben. Der Test findet an einem festgesetzten Termin statt, der Ihnen rechtzeitig mitgeteilt wird.<\/p>\n<h6>Wie lange dauert der Test und wie ist er aufgebaut?<\/h6>\n<p>Der Test dauert circa 30 Minuten und pr&uuml;ft die allgemeine intellektuelle Leistungsf&auml;higkeit, die gro&szlig;en Einfluss auf den Studienerfolg hat. Alle Details &uuml;ber die konkrete Durchf&uuml;hrung des Tests erhalten Sie zeitgerecht vor dem Termin.<\/p>\n<h6>Wie bereite ich mich auf den Test vor? (optional)<\/h6>\n<p>Den Demotest <strong>&bdquo;ITB-ICOS Intellectual Competence Screening&ldquo;<\/strong> finden Sie unter folgendem Link <a href=\"https:\/\/www.itb-consulting.de\/iona-demoportal\/\" target=\"_blank\" rel=\"noopener noreferrer\">www.itb-consulting.de\/iona-demoportal\/<\/a><\/p>\n<p>Lesen Sie sich den Demotest aufmerksam durch und l&ouml;sen Sie die Beispielaufgaben. So k&ouml;nnen Sie sich auf die Aufgaben und Fragen einstellen und wissen, was auf Sie zukommt.<\/p>\n<p>Die bestgereihten Kandidatinnen und Kandidaten des schriftlichen Tests werden zum <strong>Gespr&auml;ch<\/strong> eingeladen.<\/p>\n<h4>Das Gespr&auml;ch &ndash; Wir wollen Sie kennenlernen<\/h4>\n<p>Im pers&ouml;nlichen Gespr&auml;ch werden Fragen zu Ihrer Pers&ouml;nlichkeit, besonderen Kompetenzen, Allgemeinwissen, Medien- und Kommunikationsverst&auml;ndnis, Mediennutzung und Zukunftsperspektiven gestellt. Sie f&uuml;hren das Gespr&auml;ch mit der Studiengangsleitung oder Lehrenden des Studiengangs. Es dauert in etwa 25 Minuten. Im Gespr&auml;ch geht es darum, herauszufinden, ob das Studium zu Ihnen passt und Sie die notwendigen Voraussetzungen mitbringen.<\/p>\n<p>Alle Details &uuml;ber die konkrete Durchf&uuml;hrung des Gespr&auml;chs erhalten Sie zeitgerecht vor dem Termin.<\/p>\n\n            <\/div>\n        <\/div>\n            <\/div>\n<\/div>\n\n\n<div\n    id=\"\"\n    class=\"wp-block-tipp-box margin-bottom-normal\"\n>\n    <div class=\"container-lg\">\n        <div class=\"row\">\n            <div class=\"col\">\n                <div class=\"tipp-box border border-warning\">\n                    <div class=\"tipp-box-inner p-2 p-md-3\">\n                        <h4 class=\"\">Tipp<\/h4>\n                        <p>Das Aufnahmegespr\u00e4ch ist Ihre Chance, sich zu pr\u00e4sentieren. Nutzen Sie diese M\u00f6glichkeit und zeigen Sie, warum genau Sie einen Studienplatz bekommen sollten. Die Lehrenden des Instituts wollen erfahren, wer Sie sind und ob das Studium zu Ihnen passt. \u00dcberzeugen Sie sie durch Ihren Lebenslauf, Ihr Interesse an den Studieninhalten und Ihre Pers\u00f6nlichkeit. Dass Sie aufgeregt sind, ist klar. Aber das Gespr\u00e4ch ist keine Pr\u00fcfung! Seien Sie ehrlich und verstellen Sie sich nicht.<\/p>\n\n                    <\/div>\n                <\/div>\n            <\/div>\n        <\/div>\n    <\/div>\n<\/div>\n\n\n\n\n\n\n\n\n\n\n<div\n    id=\"\"\n    class=\"wp-block-tipp-box margin-bottom-normal\"\n>\n    <div class=\"container-lg\">\n        <div class=\"row\">\n            <div class=\"col\">\n                <div class=\"tipp-box border border-info\">\n                    <div class=\"tipp-box-inner p-2 p-md-3\">\n                        <h4 class=\"\">Hinweis<\/h4>\n                        <p>Tipps f\u00fcr die Vorbereitung auf das Online-Aufnahmeverfahren von der technischen Ausr\u00fcsting \u00fcber Setting und Recherche bis hin zum Ablauf finden Sie <a href=\"https:\/\/www.fh-joanneum.at\/blog\/tipps-fuer-das-online-aufnahmegespraech\/\">hier<\/a>.<\/p>\n\n                    <\/div>\n                <\/div>\n            <\/div>\n        <\/div>\n    <\/div>\n<\/div>\n","protected":false},"excerpt":{"rendered":"<p>Im Zuge des Aufnahmeverfahrens ermitteln wir Ihre pers\u00f6nlichen F\u00e4higkeiten und Potenziale f\u00fcr das Studium. Was Sie genau erwartet, und wie Sie sich darauf vorbereiten k\u00f6nnen, erfahren Sie hier.<\/p>\n","protected":false},"author":1,"featured_media":0,"parent":10000005,"menu_order":32,"comment_status":"closed","ping_status":"closed","template":"","meta":{"_acf_changed":false,"footnotes":""},"acf":[],"aioseo_notices":[],"_links":{"self":[{"href":"https:\/\/www.fh-joanneum.at\/journalismus-und-public-relations\/bachelor\/wp-json\/wp\/v2\/pages\/10000009"}],"collection":[{"href":"https:\/\/www.fh-joanneum.at\/journalismus-und-public-relations\/bachelor\/wp-json\/wp\/v2\/pages"}],"about":[{"href":"https:\/\/www.fh-joanneum.at\/journalismus-und-public-relations\/bachelor\/wp-json\/wp\/v2\/types\/page"}],"author":[{"embeddable":true,"href":"https:\/\/www.fh-joanneum.at\/journalismus-und-public-relations\/bachelor\/wp-json\/wp\/v2\/users\/1"}],"replies":[{"embeddable":true,"href":"https:\/\/www.fh-joanneum.at\/journalismus-und-public-relations\/bachelor\/wp-json\/wp\/v2\/comments?post=10000009"}],"version-history":[{"count":2,"href":"https:\/\/www.fh-joanneum.at\/journalismus-und-public-relations\/bachelor\/wp-json\/wp\/v2\/pages\/10000009\/revisions"}],"predecessor-version":[{"id":10001362,"href":"https:\/\/www.fh-joanneum.at\/journalismus-und-public-relations\/bachelor\/wp-json\/wp\/v2\/pages\/10000009\/revisions\/10001362"}],"up":[{"embeddable":true,"href":"https:\/\/www.fh-joanneum.at\/journalismus-und-public-relations\/bachelor\/wp-json\/wp\/v2\/pages\/10000005"}],"wp:attachment":[{"href":"https:\/\/www.fh-joanneum.at\/journalismus-und-public-relations\/bachelor\/wp-json\/wp\/v2\/media?parent=10000009"}],"curies":[{"name":"wp","href":"https:\/\/api.w.org\/{rel}","templated":true}]}}